{"id":4410,"date":"2024-12-29T19:25:34","date_gmt":"2024-12-29T19:25:34","guid":{"rendered":"https:\/\/nordicteacher.no\/?post_type=product&#038;p=4410"},"modified":"2024-12-29T19:25:35","modified_gmt":"2024-12-29T19:25:35","slug":"fullfor-sangteksten-finish-the-song-lyrics-1","status":"publish","type":"product","link":"https:\/\/nordicteacher.no\/en\/product\/fullfor-sangteksten-finish-the-song-lyrics-1\/","title":{"rendered":"Fullf\u00f8r sangteksten \/ Finish the song lyrics 1"},"content":{"rendered":"<p class=\"cvGsUA direction-ltr align-start para-style-body\"><strong><span class=\"OYPEnA font-feature-liga-off font-feature-clig-off font-feature-calt-off text-decoration-none text-strikethrough-none\">Hva handler aktiviteten om?<\/span><\/strong><\/p>\n<ul>\n<li><span class=\"OYPEnA font-feature-liga-off font-feature-clig-off font-feature-calt-off text-decoration-none text-strikethrough-none\">&laquo;Fullf\u00f8r sangteksten&raquo; er en kreativ og morsom aktivitet der elevene f\u00e5r utdrag fra kjente norske sanger. Oppgaven deres er \u00e5 fullf\u00f8re teksten enten ved \u00e5 skrive hva de tror teksten fortsetter med, eller ved \u00e5 bruke fantasien og finne p\u00e5 noe helt annet. Dette gir rom for b\u00e5de humor, kreative l\u00f8sninger og refleksjon rundt sangtekster og spr\u00e5kbruk.<\/span><\/li>\n<\/ul>\n<p class=\"cvGsUA direction-ltr align-start para-style-body\"><strong><span class=\"OYPEnA font-feature-liga-off font-feature-clig-off font-feature-calt-off text-decoration-none text-strikethrough-none\">Hva i<\/span><span class=\"OYPEnA font-feature-liga-off font-feature-clig-off font-feature-calt-off text-decoration-none text-strikethrough-none\">nneholder filen?<\/span><\/strong><\/p>\n<ul>\n<li><span class=\"OYPEnA font-feature-liga-off font-feature-clig-off font-feature-calt-off text-decoration-none text-strikethrough-none\">15 oppgaver basert p\u00e5 norske sanger.<\/span><\/li>\n<li><span class=\"OYPEnA font-feature-liga-off font-feature-clig-off font-feature-calt-off text-decoration-none text-strikethrough-none\">Hvert ark inneholder:<\/span>\n<ul>\n<li><span class=\"OYPEnA font-feature-liga-off font-feature-clig-off font-feature-calt-off text-decoration-none text-strikethrough-none\">Navnet p\u00e5 sangen og artisten.<\/span><\/li>\n<li><span class=\"OYPEnA font-feature-liga-off font-feature-clig-off font-feature-calt-off text-decoration-none text-strikethrough-none\">Et tekstutdrag som elevene skal fullf\u00f8re.<\/span><\/li>\n<li><span class=\"OYPEnA font-feature-liga-off font-feature-clig-off font-feature-calt-off text-decoration-none text-strikethrough-none\">En tom linje for \u00e5 skrive sitt eget forslag.<\/span><\/li>\n<li><span class=\"OYPEnA font-feature-liga-off font-feature-clig-off font-feature-calt-off text-decoration-none text-strikethrough-none\">En boks for \u00e5 tegne i.<\/span><\/li>\n<\/ul>\n<\/li>\n<li>Sanger:\n<ul>\n<li>La den g\u00e5<\/li>\n<li>Spis din syvende sans<\/li>\n<li>La det swinge<\/li>\n<li>Ikke som de andre<\/li>\n<li>Gabriellas s\u00e5ng<\/li>\n<li>N\u00e5r himmelen faller ned<\/li>\n<li>Alt for Norge<\/li>\n<li>Jeg vil ha en bl\u00e5 ballong<\/li>\n<li>Rett opp og ned<\/li>\n<li>Idyll<\/li>\n<li>Dr\u00f8mmedame<\/li>\n<li>Se ilden lyse<\/li>\n<li>Badebussen<\/li>\n<li>Nordnorsk julesalme<\/li>\n<li>Tenke sj\u00e6l<\/li>\n<\/ul>\n<\/li>\n<\/ul>\n<p class=\"cvGsUA direction-ltr align-start para-style-body\"><strong><span class=\"OYPEnA font-feature-liga-off font-feature-clig-off font-feature-calt-off text-decoration-none text-strikethrough-none\">What is the activity about?<\/span><\/strong><\/p>\n<ul>\n<li><span class=\"OYPEnA font-feature-liga-off font-feature-clig-off font-feature-calt-off text-decoration-none text-strikethrough-none\">&laquo;Complete the Lyrics&raquo; is a creative and fun activity where students are given excerpts from famous Norwegian songs. Their task is to complete the text either by writing what they think the text continues with, or by using their imagination and coming up with something completely different. This allows for both humor, creative solutions and reflection on song lyrics and language use.<\/span><\/li>\n<\/ul>\n<p class=\"cvGsUA direction-ltr align-start para-style-body\"><strong><span class=\"OYPEnA font-feature-liga-off font-feature-clig-off font-feature-calt-off text-decoration-none text-strikethrough-none\">What does the file contain?<\/span><\/strong><\/p>\n<ul>\n<li><span class=\"OYPEnA font-feature-liga-off font-feature-clig-off font-feature-calt-off text-decoration-none text-strikethrough-none\">15 tasks based on Norwegian songs.<\/span><\/li>\n<li><span class=\"OYPEnA font-feature-liga-off font-feature-clig-off font-feature-calt-off text-decoration-none text-strikethrough-none\">Each sheet contains:<\/span>\n<ul>\n<li><span class=\"OYPEnA font-feature-liga-off font-feature-clig-off font-feature-calt-off text-decoration-none text-strikethrough-none\">The name of the song and the artist.<\/span><\/li>\n<li><span class=\"OYPEnA font-feature-liga-off font-feature-clig-off font-feature-calt-off text-decoration-none text-strikethrough-none\">A text excerpt that students must complete.<\/span><\/li>\n<li><span class=\"OYPEnA font-feature-liga-off font-feature-clig-off font-feature-calt-off text-decoration-none text-strikethrough-none\">A blank line to write your own suggestion.<\/span><\/li>\n<li><span class=\"OYPEnA font-feature-liga-off font-feature-clig-off font-feature-calt-off text-decoration-none text-strikethrough-none\">A box to draw in.<\/span><\/li>\n<\/ul>\n<\/li>\n<li>Songs:\n<ul>\n<li>Let it go<\/li>\n<li>Shape of you<\/li>\n<li>Someone like you<\/li>\n<li>Bohemian Rhapsody<\/li>\n<li>Yesterday<\/li>\n<li>My heart will go on<\/li>\n<li>Bad romance<\/li>\n<li>Shallow<\/li>\n<li>Imagine<\/li>\n<li>Dancing queen<\/li>\n<li>I want it that way<\/li>\n<li>Rolling in the deep<\/li>\n<li>Umbrella<\/li>\n<li>Anti-hero<\/li>\n<li>Popular<\/li>\n<\/ul>\n<\/li>\n<\/ul>","protected":false},"excerpt":{"rendered":"<p>Hva handler aktiviteten om? &laquo;Fullf\u00f8r sangteksten&raquo; er en kreativ og morsom aktivitet der elevene f\u00e5r utdrag fra kjente norske sanger. Oppgaven deres er \u00e5 fullf\u00f8re teksten enten ved \u00e5 skrive hva de tror teksten fortsetter med, eller ved \u00e5 bruke fantasien og finne p\u00e5 noe helt annet. Dette gir rom for b\u00e5de humor, kreative l\u00f8sninger [&hellip;]<\/p>","protected":false},"featured_media":4411,"comment_status":"open","ping_status":"closed","template":"","meta":{"_uag_custom_page_level_css":"","site-sidebar-layout":"default","site-content-layout":"","ast-site-content-layout":"default","site-content-style":"default","site-sidebar-style":"default","ast-global-header-display":"","ast-banner-title-visibility":"","ast-main-header-display":"","ast-hfb-above-header-display":"","ast-hfb-below-header-display":"","ast-hfb-mobile-header-display":"","site-post-title":"","ast-breadcrumbs-content":"","ast-featured-img":"","footer-sml-layout":"","theme-transparent-header-meta":"default","adv-header-id-meta":"","stick-header-meta":"","header-above-stick-meta":"","header-main-stick-meta":"","header-below-stick-meta":"","astra-migrate-meta-layouts":"set","ast-page-background-enabled":"default","ast-page-background-meta":{"desktop":{"background-color":"var(--ast-global-color-4)","background-image":"","background-repeat":"repeat","background-position":"center center","background-size":"auto","background-attachment":"scroll","background-type":"","background-media":"","overlay-type":"","overlay-color":"","overlay-opacity":"","overlay-gradient":""},"tablet":{"background-color":"","background-image":"","background-repeat":"repeat","background-position":"center center","background-size":"auto","background-attachment":"scroll","background-type":"","background-media":"","overlay-type":"","overlay-color":"","overlay-opacity":"","overlay-gradient":""},"mobile":{"background-color":"","background-image":"","background-repeat":"repeat","background-position":"center center","background-size":"auto","background-attachment":"scroll","background-type":"","background-media":"","overlay-type":"","overlay-color":"","overlay-opacity":"","overlay-gradient":""}},"ast-content-background-meta":{"desktop":{"background-color":"var(--ast-global-color-5)","background-image":"","background-repeat":"repeat","background-position":"center center","background-size":"auto","background-attachment":"scroll","background-type":"","background-media":"","overlay-type":"","overlay-color":"","overlay-opacity":"","overlay-gradient":""},"tablet":{"background-color":"var(--ast-global-color-5)","background-image":"","background-repeat":"repeat","background-position":"center center","background-size":"auto","background-attachment":"scroll","background-type":"","background-media":"","overlay-type":"","overlay-color":"","overlay-opacity":"","overlay-gradient":""},"mobile":{"background-color":"var(--ast-global-color-5)","background-image":"","background-repeat":"repeat","background-position":"center center","background-size":"auto","background-attachment":"scroll","background-type":"","background-media":"","overlay-type":"","overlay-color":"","overlay-opacity":"","overlay-gradient":""}},"_kadence_starter_templates_imported_post":false},"product_brand":[],"product_cat":[127,156,154,164,163,162],"product_tag":[334,333,331,175,332,174],"class_list":{"0":"post-4410","1":"product","2":"type-product","3":"status-publish","4":"has-post-thumbnail","6":"product_cat-1-4-trinn","7":"product_cat-musikk-1-4-trinn-produkter","8":"product_cat-norsk-1-4-trinn-produkter","9":"product_cat-selvstendig-arbeid","10":"product_cat-stasjonsundervisning","11":"product_cat-undervisningstype","12":"product_tag-creative","13":"product_tag-kreativ","14":"product_tag-sangtekst","15":"product_tag-skriving","16":"product_tag-song-lyric","17":"product_tag-writing","18":"desktop-align-center","19":"tablet-align-left","20":"mobile-align-left","22":"first","23":"instock","24":"downloadable","25":"taxable","26":"shipping-taxable","27":"purchasable","28":"product-type-simple","29":"add-to-wishlist-after_add_to_cart"},"uagb_featured_image_src":{"full":["https:\/\/nordicteacher.no\/wp-content\/uploads\/2024\/12\/Fullfor-sangteksten-1.png",1414,2000,false],"thumbnail":["https:\/\/nordicteacher.no\/wp-content\/uploads\/2024\/12\/Fullfor-sangteksten-1-150x150.png",150,150,true],"medium":["https:\/\/nordicteacher.no\/wp-content\/uploads\/2024\/12\/Fullfor-sangteksten-1-212x300.png",212,300,true],"medium_large":["https:\/\/nordicteacher.no\/wp-content\/uploads\/2024\/12\/Fullfor-sangteksten-1-768x1086.png",768,1086,true],"large":["https:\/\/nordicteacher.no\/wp-content\/uploads\/2024\/12\/Fullfor-sangteksten-1-724x1024.png",724,1024,true],"1536x1536":["https:\/\/nordicteacher.no\/wp-content\/uploads\/2024\/12\/Fullfor-sangteksten-1-1086x1536.png",1086,1536,true],"2048x2048":["https:\/\/nordicteacher.no\/wp-content\/uploads\/2024\/12\/Fullfor-sangteksten-1.png",1414,2000,false],"trp-custom-language-flag":["https:\/\/nordicteacher.no\/wp-content\/uploads\/2024\/12\/Fullfor-sangteksten-1-8x12.png",8,12,true],"woocommerce_thumbnail":["https:\/\/nordicteacher.no\/wp-content\/uploads\/2024\/12\/Fullfor-sangteksten-1-300x424.png",300,424,true],"woocommerce_single":["https:\/\/nordicteacher.no\/wp-content\/uploads\/2024\/12\/Fullfor-sangteksten-1-600x849.png",600,849,true],"woocommerce_gallery_thumbnail":["https:\/\/nordicteacher.no\/wp-content\/uploads\/2024\/12\/Fullfor-sangteksten-1-100x100.png",100,100,true]},"uagb_author_info":{"display_name":"Nordic Teacher","author_link":"https:\/\/nordicteacher.no\/en\/author\/"},"uagb_comment_info":0,"uagb_excerpt":"Hva handler aktiviteten om? &laquo;Fullf\u00f8r sangteksten&raquo; er en kreativ og morsom aktivitet der elevene f\u00e5r utdrag fra kjente norske sanger. Oppgaven deres er \u00e5 fullf\u00f8re teksten enten ved \u00e5 skrive hva de tror teksten fortsetter med, eller ved \u00e5 bruke fantasien og finne p\u00e5 noe helt annet. Dette gir rom for b\u00e5de humor, kreative l\u00f8sninger&hellip;","jetpack_sharing_enabled":true,"_links":{"self":[{"href":"https:\/\/nordicteacher.no\/en\/wp-json\/wp\/v2\/product\/4410","targetHints":{"allow":["GET"]}}],"collection":[{"href":"https:\/\/nordicteacher.no\/en\/wp-json\/wp\/v2\/product"}],"about":[{"href":"https:\/\/nordicteacher.no\/en\/wp-json\/wp\/v2\/types\/product"}],"replies":[{"embeddable":true,"href":"https:\/\/nordicteacher.no\/en\/wp-json\/wp\/v2\/comments?post=4410"}],"wp:featuredmedia":[{"embeddable":true,"href":"https:\/\/nordicteacher.no\/en\/wp-json\/wp\/v2\/media\/4411"}],"wp:attachment":[{"href":"https:\/\/nordicteacher.no\/en\/wp-json\/wp\/v2\/media?parent=4410"}],"wp:term":[{"taxonomy":"product_brand","embeddable":true,"href":"https:\/\/nordicteacher.no\/en\/wp-json\/wp\/v2\/product_brand?post=4410"},{"taxonomy":"product_cat","embeddable":true,"href":"https:\/\/nordicteacher.no\/en\/wp-json\/wp\/v2\/product_cat?post=4410"},{"taxonomy":"product_tag","embeddable":true,"href":"https:\/\/nordicteacher.no\/en\/wp-json\/wp\/v2\/product_tag?post=4410"}],"curies":[{"name":"wp","href":"https:\/\/api.w.org\/{rel}","templated":true}]}}