{"id":4276,"date":"2024-11-08T12:23:05","date_gmt":"2024-11-08T12:23:05","guid":{"rendered":"https:\/\/nordicteacher.no\/?post_type=product&#038;p=4276"},"modified":"2024-11-08T12:23:07","modified_gmt":"2024-11-08T12:23:07","slug":"skriveoppgave-fortelling-write-a-story","status":"publish","type":"product","link":"https:\/\/nordicteacher.no\/en\/product\/skriveoppgave-fortelling-write-a-story\/","title":{"rendered":"Skriveoppgave (fortelling) \/ Write a story"},"content":{"rendered":"<p class=\"cvGsUA direction-ltr align-start para-style-body\"><strong><span class=\"OYPEnA font-feature-liga-off font-feature-clig-off font-feature-calt-off text-decoration-none text-strikethrough-none\">Hva handler aktiviteten om?<\/span><\/strong><\/p>\n<ul>\n<li><span class=\"OYPEnA font-feature-liga-off font-feature-clig-off font-feature-calt-off text-decoration-none text-strikethrough-none\">Aktiviteten &laquo;Fortelling&raquo; gir elevene muligheten til \u00e5 utforske fantasien ved \u00e5 skrive en kreativ historie. Elevene kan velge mellom to spennende scenarier: \u00e5 v\u00e5kne opp og oppdage at de har blitt enten mange ganger st\u00f8rre eller mange ganger mindre enn vanlig. Gjennom denne fortellingen kan de beskrive hvordan verden ser ut fra deres nye perspektiv og hvordan deres dag utvikler seg i m\u00f8te med kjente eller ukjente personer.<\/span><\/li>\n<\/ul>\n<p class=\"cvGsUA direction-ltr align-start para-style-body\"><strong><span class=\"OYPEnA font-feature-liga-off font-feature-clig-off font-feature-calt-off text-decoration-none text-strikethrough-none\">Inneholder<\/span><\/strong><\/p>\n<ul>\n<li><span class=\"OYPEnA font-feature-liga-off font-feature-clig-off font-feature-calt-off text-decoration-none text-strikethrough-none\">Filen inneholder instruksjoner for skriveprosessen, et eksempel p\u00e5 en fortelling med tittelen &laquo;Gutten som ble s\u00e5 liten som en blyant,&raquo; samt en stegvis veiledning til hvordan elevene kan strukturere sin egen fortelling.<\/span><\/li>\n<\/ul>\n<p>&nbsp;<\/p>\n<p class=\"cvGsUA direction-ltr align-start para-style-body\"><strong><span class=\"OYPEnA font-feature-liga-off font-feature-clig-off font-feature-calt-off text-decoration-none text-strikethrough-none\">What is the activity about?<\/span><\/strong><\/p>\n<ul>\n<li><span class=\"OYPEnA font-feature-liga-off font-feature-clig-off font-feature-calt-off text-decoration-none text-strikethrough-none\">The activity &laquo;Write a story&raquo; gives students the opportunity to explore their imagination by writing a creative story. The students can choose between two exciting scenarios: waking up to find that they have become either many times larger or many times smaller than usual. Through this narrative, they can describe how the world looks from their new perspective and how their day develops when meeting known or unknown people.<\/span><\/li>\n<\/ul>\n<p class=\"cvGsUA direction-ltr align-start para-style-body\"><strong><span class=\"OYPEnA font-feature-liga-off font-feature-clig-off font-feature-calt-off text-decoration-none text-strikethrough-none\">Contains<\/span><\/strong><\/p>\n<ul>\n<li><span class=\"OYPEnA font-feature-liga-off font-feature-clig-off font-feature-calt-off text-decoration-none text-strikethrough-none\">The file contains instructions for the writing process, an example of a story titled &laquo;The Boy Who Was As Small as a Pencil,&raquo; as well as a step-by-step guide to how students can structure their own story.<\/span><\/li>\n<\/ul>","protected":false},"excerpt":{"rendered":"<p>Hva handler aktiviteten om? Aktiviteten &laquo;Fortelling&raquo; gir elevene muligheten til \u00e5 utforske fantasien ved \u00e5 skrive en kreativ historie. Elevene kan velge mellom to spennende scenarier: \u00e5 v\u00e5kne opp og oppdage at de har blitt enten mange ganger st\u00f8rre eller mange ganger mindre enn vanlig. Gjennom denne fortellingen kan de beskrive hvordan verden ser ut [&hellip;]<\/p>","protected":false},"featured_media":4280,"comment_status":"open","ping_status":"closed","template":"","meta":{"_uag_custom_page_level_css":"","site-sidebar-layout":"default","site-content-layout":"","ast-site-content-layout":"default","site-content-style":"default","site-sidebar-style":"default","ast-global-header-display":"","ast-banner-title-visibility":"","ast-main-header-display":"","ast-hfb-above-header-display":"","ast-hfb-below-header-display":"","ast-hfb-mobile-header-display":"","site-post-title":"","ast-breadcrumbs-content":"","ast-featured-img":"","footer-sml-layout":"","theme-transparent-header-meta":"default","adv-header-id-meta":"","stick-header-meta":"","header-above-stick-meta":"","header-main-stick-meta":"","header-below-stick-meta":"","astra-migrate-meta-layouts":"set","ast-page-background-enabled":"default","ast-page-background-meta":{"desktop":{"background-color":"var(--ast-global-color-4)","background-image":"","background-repeat":"repeat","background-position":"center center","background-size":"auto","background-attachment":"scroll","background-type":"","background-media":"","overlay-type":"","overlay-color":"","overlay-opacity":"","overlay-gradient":""},"tablet":{"background-color":"","background-image":"","background-repeat":"repeat","background-position":"center center","background-size":"auto","background-attachment":"scroll","background-type":"","background-media":"","overlay-type":"","overlay-color":"","overlay-opacity":"","overlay-gradient":""},"mobile":{"background-color":"","background-image":"","background-repeat":"repeat","background-position":"center center","background-size":"auto","background-attachment":"scroll","background-type":"","background-media":"","overlay-type":"","overlay-color":"","overlay-opacity":"","overlay-gradient":""}},"ast-content-background-meta":{"desktop":{"background-color":"var(--ast-global-color-5)","background-image":"","background-repeat":"repeat","background-position":"center center","background-size":"auto","background-attachment":"scroll","background-type":"","background-media":"","overlay-type":"","overlay-color":"","overlay-opacity":"","overlay-gradient":""},"tablet":{"background-color":"var(--ast-global-color-5)","background-image":"","background-repeat":"repeat","background-position":"center center","background-size":"auto","background-attachment":"scroll","background-type":"","background-media":"","overlay-type":"","overlay-color":"","overlay-opacity":"","overlay-gradient":""},"mobile":{"background-color":"var(--ast-global-color-5)","background-image":"","background-repeat":"repeat","background-position":"center center","background-size":"auto","background-attachment":"scroll","background-type":"","background-media":"","overlay-type":"","overlay-color":"","overlay-opacity":"","overlay-gradient":""}},"_kadence_starter_templates_imported_post":false},"product_brand":[],"product_cat":[127,126,154,144,164,166],"product_tag":[307,175,308,174],"class_list":{"0":"post-4276","1":"product","2":"type-product","3":"status-publish","4":"has-post-thumbnail","6":"product_cat-1-4-trinn","7":"product_cat-5-7-trinn","8":"product_cat-norsk-1-4-trinn-produkter","9":"product_cat-norsk","10":"product_cat-selvstendig-arbeid","11":"product_cat-tavleundervisning","12":"product_tag-fortelling","13":"product_tag-skriving","14":"product_tag-story","15":"product_tag-writing","16":"desktop-align-center","17":"tablet-align-left","18":"mobile-align-left","20":"first","21":"instock","22":"downloadable","23":"taxable","24":"shipping-taxable","25":"purchasable","26":"product-type-simple","27":"add-to-wishlist-after_add_to_cart"},"uagb_featured_image_src":{"full":["https:\/\/nordicteacher.no\/wp-content\/uploads\/2024\/11\/Skriveoppgave-Fortelling-Mange-ganger-storre-eller-mindre-enn-vanlig.png",1414,2000,false],"thumbnail":["https:\/\/nordicteacher.no\/wp-content\/uploads\/2024\/11\/Skriveoppgave-Fortelling-Mange-ganger-storre-eller-mindre-enn-vanlig-150x150.png",150,150,true],"medium":["https:\/\/nordicteacher.no\/wp-content\/uploads\/2024\/11\/Skriveoppgave-Fortelling-Mange-ganger-storre-eller-mindre-enn-vanlig-212x300.png",212,300,true],"medium_large":["https:\/\/nordicteacher.no\/wp-content\/uploads\/2024\/11\/Skriveoppgave-Fortelling-Mange-ganger-storre-eller-mindre-enn-vanlig-768x1086.png",768,1086,true],"large":["https:\/\/nordicteacher.no\/wp-content\/uploads\/2024\/11\/Skriveoppgave-Fortelling-Mange-ganger-storre-eller-mindre-enn-vanlig-724x1024.png",724,1024,true],"1536x1536":["https:\/\/nordicteacher.no\/wp-content\/uploads\/2024\/11\/Skriveoppgave-Fortelling-Mange-ganger-storre-eller-mindre-enn-vanlig-1086x1536.png",1086,1536,true],"2048x2048":["https:\/\/nordicteacher.no\/wp-content\/uploads\/2024\/11\/Skriveoppgave-Fortelling-Mange-ganger-storre-eller-mindre-enn-vanlig.png",1414,2000,false],"trp-custom-language-flag":["https:\/\/nordicteacher.no\/wp-content\/uploads\/2024\/11\/Skriveoppgave-Fortelling-Mange-ganger-storre-eller-mindre-enn-vanlig-8x12.png",8,12,true],"woocommerce_thumbnail":["https:\/\/nordicteacher.no\/wp-content\/uploads\/2024\/11\/Skriveoppgave-Fortelling-Mange-ganger-storre-eller-mindre-enn-vanlig-300x424.png",300,424,true],"woocommerce_single":["https:\/\/nordicteacher.no\/wp-content\/uploads\/2024\/11\/Skriveoppgave-Fortelling-Mange-ganger-storre-eller-mindre-enn-vanlig-600x849.png",600,849,true],"woocommerce_gallery_thumbnail":["https:\/\/nordicteacher.no\/wp-content\/uploads\/2024\/11\/Skriveoppgave-Fortelling-Mange-ganger-storre-eller-mindre-enn-vanlig-100x100.png",100,100,true]},"uagb_author_info":{"display_name":"Nordic Teacher","author_link":"https:\/\/nordicteacher.no\/en\/author\/"},"uagb_comment_info":0,"uagb_excerpt":"Hva handler aktiviteten om? Aktiviteten &laquo;Fortelling&raquo; gir elevene muligheten til \u00e5 utforske fantasien ved \u00e5 skrive en kreativ historie. Elevene kan velge mellom to spennende scenarier: \u00e5 v\u00e5kne opp og oppdage at de har blitt enten mange ganger st\u00f8rre eller mange ganger mindre enn vanlig. Gjennom denne fortellingen kan de beskrive hvordan verden ser ut&hellip;","jetpack_sharing_enabled":true,"_links":{"self":[{"href":"https:\/\/nordicteacher.no\/en\/wp-json\/wp\/v2\/product\/4276","targetHints":{"allow":["GET"]}}],"collection":[{"href":"https:\/\/nordicteacher.no\/en\/wp-json\/wp\/v2\/product"}],"about":[{"href":"https:\/\/nordicteacher.no\/en\/wp-json\/wp\/v2\/types\/product"}],"replies":[{"embeddable":true,"href":"https:\/\/nordicteacher.no\/en\/wp-json\/wp\/v2\/comments?post=4276"}],"wp:featuredmedia":[{"embeddable":true,"href":"https:\/\/nordicteacher.no\/en\/wp-json\/wp\/v2\/media\/4280"}],"wp:attachment":[{"href":"https:\/\/nordicteacher.no\/en\/wp-json\/wp\/v2\/media?parent=4276"}],"wp:term":[{"taxonomy":"product_brand","embeddable":true,"href":"https:\/\/nordicteacher.no\/en\/wp-json\/wp\/v2\/product_brand?post=4276"},{"taxonomy":"product_cat","embeddable":true,"href":"https:\/\/nordicteacher.no\/en\/wp-json\/wp\/v2\/product_cat?post=4276"},{"taxonomy":"product_tag","embeddable":true,"href":"https:\/\/nordicteacher.no\/en\/wp-json\/wp\/v2\/product_tag?post=4276"}],"curies":[{"name":"wp","href":"https:\/\/api.w.org\/{rel}","templated":true}]}}