{"id":4267,"date":"2024-11-08T12:13:36","date_gmt":"2024-11-08T12:13:36","guid":{"rendered":"https:\/\/nordicteacher.no\/?post_type=product&#038;p=4267"},"modified":"2024-11-08T12:13:37","modified_gmt":"2024-11-08T12:13:37","slug":"los-det-hemmelige-ordet-1","status":"publish","type":"product","link":"https:\/\/nordicteacher.no\/en\/product\/los-det-hemmelige-ordet-1\/","title":{"rendered":"L\u00f8s det hemmelige ordet 1"},"content":{"rendered":"<p class=\"cvGsUA direction-ltr align-start para-style-body\"><strong><span class=\"OYPEnA font-feature-liga-off font-feature-clig-off font-feature-calt-off text-decoration-none text-strikethrough-none\">Hva handler aktiviteten om?<\/span><\/strong><\/p>\n<ul>\n<li><span class=\"OYPEnA font-feature-liga-off font-feature-clig-off font-feature-calt-off text-decoration-none text-strikethrough-none\">&laquo;L\u00f8s det hemmelige ordet&raquo; er en morsom og engasjerende aktivitet hvor elevene bruker bokstavkunnskap og logisk tenkning for \u00e5 avdekke hemmelige ord. Gjennom \u00e5 identifisere f\u00f8rste bokstav i hvert bilde p\u00e5 arket, kan elevene sette sammen bokstavene til et skjult ord.<\/span><\/li>\n<\/ul>\n<p class=\"cvGsUA direction-ltr align-start para-style-body\"><strong><span class=\"OYPEnA font-feature-liga-off font-feature-clig-off font-feature-calt-off text-decoration-none text-strikethrough-none\">Inneholder spillbrett for<\/span><\/strong><\/p>\n<ul>\n<li><span class=\"OYPEnA font-feature-liga-off font-feature-clig-off font-feature-calt-off text-decoration-none text-strikethrough-none\">Filen inneholder 3 forskjellige oppgaveark, hvor hvert ark har 8 hemmelige ord som best\u00e5r av 3 bokstaver. P\u00e5 hvert ark vises tre bilder for hvert ord, og ved \u00e5 skrive f\u00f8rste bokstav i hvert bilde, finner elevene frem til det hemmelige ordet.<\/span><\/li>\n<\/ul>\n<p class=\"cvGsUA direction-ltr align-start para-style-body\"><strong><span class=\"OYPEnA font-feature-liga-off font-feature-clig-off font-feature-calt-off text-decoration-none text-strikethrough-none\">Hensikten med aktiviteten \/ l\u00e6ringsm\u00e5l<\/span><\/strong><\/p>\n<ul>\n<li><span class=\"OYPEnA font-feature-liga-off font-feature-clig-off font-feature-calt-off text-decoration-none text-strikethrough-none\">Denne aktiviteten er laget for \u00e5 styrke bokstavgjenkjenning og ordforst\u00e5else p\u00e5 en morsom og interaktiv m\u00e5te. Den utfordrer elevene til \u00e5 bruke spr\u00e5kkunnskaper og stimulerer b\u00e5de l\u00e6ring og nysgjerrighet. Perfekt for \u00e5 gj\u00f8re spr\u00e5kinnl\u00e6ring g\u00f8y og engasjerende!<\/span><\/li>\n<\/ul>","protected":false},"excerpt":{"rendered":"<p>Hva handler aktiviteten om? &laquo;L\u00f8s det hemmelige ordet&raquo; er en morsom og engasjerende aktivitet hvor elevene bruker bokstavkunnskap og logisk tenkning for \u00e5 avdekke hemmelige ord. Gjennom \u00e5 identifisere f\u00f8rste bokstav i hvert bilde p\u00e5 arket, kan elevene sette sammen bokstavene til et skjult ord. Inneholder spillbrett for Filen inneholder 3 forskjellige oppgaveark, hvor hvert [&hellip;]<\/p>","protected":false},"featured_media":4268,"comment_status":"open","ping_status":"closed","template":"","meta":{"_uag_custom_page_level_css":"","site-sidebar-layout":"default","site-content-layout":"","ast-site-content-layout":"default","site-content-style":"default","site-sidebar-style":"default","ast-global-header-display":"","ast-banner-title-visibility":"","ast-main-header-display":"","ast-hfb-above-header-display":"","ast-hfb-below-header-display":"","ast-hfb-mobile-header-display":"","site-post-title":"","ast-breadcrumbs-content":"","ast-featured-img":"","footer-sml-layout":"","theme-transparent-header-meta":"default","adv-header-id-meta":"","stick-header-meta":"","header-above-stick-meta":"","header-main-stick-meta":"","header-below-stick-meta":"","astra-migrate-meta-layouts":"set","ast-page-background-enabled":"default","ast-page-background-meta":{"desktop":{"background-color":"var(--ast-global-color-4)","background-image":"","background-repeat":"repeat","background-position":"center center","background-size":"auto","background-attachment":"scroll","background-type":"","background-media":"","overlay-type":"","overlay-color":"","overlay-opacity":"","overlay-gradient":""},"tablet":{"background-color":"","background-image":"","background-repeat":"repeat","background-position":"center center","background-size":"auto","background-attachment":"scroll","background-type":"","background-media":"","overlay-type":"","overlay-color":"","overlay-opacity":"","overlay-gradient":""},"mobile":{"background-color":"","background-image":"","background-repeat":"repeat","background-position":"center center","background-size":"auto","background-attachment":"scroll","background-type":"","background-media":"","overlay-type":"","overlay-color":"","overlay-opacity":"","overlay-gradient":""}},"ast-content-background-meta":{"desktop":{"background-color":"var(--ast-global-color-5)","background-image":"","background-repeat":"repeat","background-position":"center center","background-size":"auto","background-attachment":"scroll","background-type":"","background-media":"","overlay-type":"","overlay-color":"","overlay-opacity":"","overlay-gradient":""},"tablet":{"background-color":"var(--ast-global-color-5)","background-image":"","background-repeat":"repeat","background-position":"center center","background-size":"auto","background-attachment":"scroll","background-type":"","background-media":"","overlay-type":"","overlay-color":"","overlay-opacity":"","overlay-gradient":""},"mobile":{"background-color":"var(--ast-global-color-5)","background-image":"","background-repeat":"repeat","background-position":"center center","background-size":"auto","background-attachment":"scroll","background-type":"","background-media":"","overlay-type":"","overlay-color":"","overlay-opacity":"","overlay-gradient":""}},"_kadence_starter_templates_imported_post":false},"product_brand":[],"product_cat":[127,154,164,163],"product_tag":[192,301,303,302,175],"class_list":{"0":"post-4267","1":"product","2":"type-product","3":"status-publish","4":"has-post-thumbnail","6":"product_cat-1-4-trinn","7":"product_cat-norsk-1-4-trinn-produkter","8":"product_cat-selvstendig-arbeid","9":"product_cat-stasjonsundervisning","10":"product_tag-begynneropplaering","11":"product_tag-fonemiskbevissthet","12":"product_tag-lydere","13":"product_tag-lytte-ut-forste-bokstav","14":"product_tag-skriving","15":"desktop-align-center","16":"tablet-align-left","17":"mobile-align-left","19":"first","20":"instock","21":"downloadable","22":"taxable","23":"shipping-taxable","24":"purchasable","25":"product-type-simple","26":"add-to-wishlist-after_add_to_cart"},"uagb_featured_image_src":{"full":["https:\/\/nordicteacher.no\/wp-content\/uploads\/2024\/11\/Los-det-hemmelige-ordet-1.png",1414,2000,false],"thumbnail":["https:\/\/nordicteacher.no\/wp-content\/uploads\/2024\/11\/Los-det-hemmelige-ordet-1-150x150.png",150,150,true],"medium":["https:\/\/nordicteacher.no\/wp-content\/uploads\/2024\/11\/Los-det-hemmelige-ordet-1-212x300.png",212,300,true],"medium_large":["https:\/\/nordicteacher.no\/wp-content\/uploads\/2024\/11\/Los-det-hemmelige-ordet-1-768x1086.png",768,1086,true],"large":["https:\/\/nordicteacher.no\/wp-content\/uploads\/2024\/11\/Los-det-hemmelige-ordet-1-724x1024.png",724,1024,true],"1536x1536":["https:\/\/nordicteacher.no\/wp-content\/uploads\/2024\/11\/Los-det-hemmelige-ordet-1-1086x1536.png",1086,1536,true],"2048x2048":["https:\/\/nordicteacher.no\/wp-content\/uploads\/2024\/11\/Los-det-hemmelige-ordet-1.png",1414,2000,false],"trp-custom-language-flag":["https:\/\/nordicteacher.no\/wp-content\/uploads\/2024\/11\/Los-det-hemmelige-ordet-1-8x12.png",8,12,true],"woocommerce_thumbnail":["https:\/\/nordicteacher.no\/wp-content\/uploads\/2024\/11\/Los-det-hemmelige-ordet-1-300x424.png",300,424,true],"woocommerce_single":["https:\/\/nordicteacher.no\/wp-content\/uploads\/2024\/11\/Los-det-hemmelige-ordet-1-600x849.png",600,849,true],"woocommerce_gallery_thumbnail":["https:\/\/nordicteacher.no\/wp-content\/uploads\/2024\/11\/Los-det-hemmelige-ordet-1-100x100.png",100,100,true]},"uagb_author_info":{"display_name":"Nordic Teacher","author_link":"https:\/\/nordicteacher.no\/en\/author\/"},"uagb_comment_info":0,"uagb_excerpt":"Hva handler aktiviteten om? &laquo;L\u00f8s det hemmelige ordet&raquo; er en morsom og engasjerende aktivitet hvor elevene bruker bokstavkunnskap og logisk tenkning for \u00e5 avdekke hemmelige ord. Gjennom \u00e5 identifisere f\u00f8rste bokstav i hvert bilde p\u00e5 arket, kan elevene sette sammen bokstavene til et skjult ord. Inneholder spillbrett for Filen inneholder 3 forskjellige oppgaveark, hvor hvert&hellip;","jetpack_sharing_enabled":true,"_links":{"self":[{"href":"https:\/\/nordicteacher.no\/en\/wp-json\/wp\/v2\/product\/4267","targetHints":{"allow":["GET"]}}],"collection":[{"href":"https:\/\/nordicteacher.no\/en\/wp-json\/wp\/v2\/product"}],"about":[{"href":"https:\/\/nordicteacher.no\/en\/wp-json\/wp\/v2\/types\/product"}],"replies":[{"embeddable":true,"href":"https:\/\/nordicteacher.no\/en\/wp-json\/wp\/v2\/comments?post=4267"}],"wp:featuredmedia":[{"embeddable":true,"href":"https:\/\/nordicteacher.no\/en\/wp-json\/wp\/v2\/media\/4268"}],"wp:attachment":[{"href":"https:\/\/nordicteacher.no\/en\/wp-json\/wp\/v2\/media?parent=4267"}],"wp:term":[{"taxonomy":"product_brand","embeddable":true,"href":"https:\/\/nordicteacher.no\/en\/wp-json\/wp\/v2\/product_brand?post=4267"},{"taxonomy":"product_cat","embeddable":true,"href":"https:\/\/nordicteacher.no\/en\/wp-json\/wp\/v2\/product_cat?post=4267"},{"taxonomy":"product_tag","embeddable":true,"href":"https:\/\/nordicteacher.no\/en\/wp-json\/wp\/v2\/product_tag?post=4267"}],"curies":[{"name":"wp","href":"https:\/\/api.w.org\/{rel}","templated":true}]}}