{"id":4248,"date":"2024-10-27T17:05:03","date_gmt":"2024-10-27T17:05:03","guid":{"rendered":"https:\/\/nordicteacher.no\/?post_type=product&#038;p=4248"},"modified":"2024-10-27T17:05:05","modified_gmt":"2024-10-27T17:05:05","slug":"coloring-fargelegging-halloween","status":"publish","type":"product","link":"https:\/\/nordicteacher.no\/en\/product\/coloring-fargelegging-halloween\/","title":{"rendered":"Coloring \/ Fargelegging (HALLOWEEN)"},"content":{"rendered":"<div>\n<div>\n<p><strong>Hva handler aktiviteten om?<\/strong><\/p>\n<p>&laquo;Fargelegging Halloween&raquo; er en kreativ og hyggelig aktivitet der elevene f\u00e5r muligheten til \u00e5 utforske farger og slippe fantasien l\u00f8s mens de fargelegger halloween-inspirerte tegninger. Aktiviteten gir en morsom start p\u00e5 h\u00f8stsesongen og passer perfekt til \u00e5 skape h\u00f8ytidsstemning i klasserommet.<\/p>\n<p><strong>Hva inneholder filen?<\/strong><\/p>\n<p>Filen inneholder 12 ulike fargeleggingsark med varierte halloween-motiver, som kan v\u00e6re alt fra gresskar og flaggermus til hekser og sp\u00f8kelser. Hvert ark har unike detaljer som lar elevene eksperimentere med farger og m\u00f8nstre.<\/p>\n<\/div>\n<p>&nbsp;<\/p>\n<p><strong>What is the activity about?<\/strong><\/p>\n<p>&laquo;Coloring Halloween&raquo; is a creative and enjoyable activity where students have the opportunity to explore colors and let their imaginations run wild while coloring Halloween-inspired drawings. The activity provides a fun start to the autumn season and is perfect for creating a festive atmosphere in the classroom.<\/p>\n<p><strong>What does the file contain?<\/strong><\/p>\n<p>The file contains 12 different coloring sheets with varied Halloween motifs, which can be anything from pumpkins and bats to witches and ghosts. Each sheet has unique details that allow students to experiment with colors and patterns.<\/p>\n<\/div>","protected":false},"excerpt":{"rendered":"<p>Hva handler aktiviteten om? &laquo;Fargelegging Halloween&raquo; er en kreativ og hyggelig aktivitet der elevene f\u00e5r muligheten til \u00e5 utforske farger og slippe fantasien l\u00f8s mens de fargelegger halloween-inspirerte tegninger. Aktiviteten gir en morsom start p\u00e5 h\u00f8stsesongen og passer perfekt til \u00e5 skape h\u00f8ytidsstemning i klasserommet. Hva inneholder filen? Filen inneholder 12 ulike fargeleggingsark med varierte [&hellip;]<\/p>","protected":false},"featured_media":4246,"comment_status":"open","ping_status":"closed","template":"","meta":{"_uag_custom_page_level_css":"","site-sidebar-layout":"default","site-content-layout":"","ast-site-content-layout":"default","site-content-style":"default","site-sidebar-style":"default","ast-global-header-display":"","ast-banner-title-visibility":"","ast-main-header-display":"","ast-hfb-above-header-display":"","ast-hfb-below-header-display":"","ast-hfb-mobile-header-display":"","site-post-title":"","ast-breadcrumbs-content":"","ast-featured-img":"","footer-sml-layout":"","theme-transparent-header-meta":"default","adv-header-id-meta":"","stick-header-meta":"","header-above-stick-meta":"","header-main-stick-meta":"","header-below-stick-meta":"","astra-migrate-meta-layouts":"set","ast-page-background-enabled":"default","ast-page-background-meta":{"desktop":{"background-color":"var(--ast-global-color-4)","background-image":"","background-repeat":"repeat","background-position":"center center","background-size":"auto","background-attachment":"scroll","background-type":"","background-media":"","overlay-type":"","overlay-color":"","overlay-opacity":"","overlay-gradient":""},"tablet":{"background-color":"","background-image":"","background-repeat":"repeat","background-position":"center center","background-size":"auto","background-attachment":"scroll","background-type":"","background-media":"","overlay-type":"","overlay-color":"","overlay-opacity":"","overlay-gradient":""},"mobile":{"background-color":"","background-image":"","background-repeat":"repeat","background-position":"center center","background-size":"auto","background-attachment":"scroll","background-type":"","background-media":"","overlay-type":"","overlay-color":"","overlay-opacity":"","overlay-gradient":""}},"ast-content-background-meta":{"desktop":{"background-color":"var(--ast-global-color-5)","background-image":"","background-repeat":"repeat","background-position":"center center","background-size":"auto","background-attachment":"scroll","background-type":"","background-media":"","overlay-type":"","overlay-color":"","overlay-opacity":"","overlay-gradient":""},"tablet":{"background-color":"var(--ast-global-color-5)","background-image":"","background-repeat":"repeat","background-position":"center center","background-size":"auto","background-attachment":"scroll","background-type":"","background-media":"","overlay-type":"","overlay-color":"","overlay-opacity":"","overlay-gradient":""},"mobile":{"background-color":"var(--ast-global-color-5)","background-image":"","background-repeat":"repeat","background-position":"center center","background-size":"auto","background-attachment":"scroll","background-type":"","background-media":"","overlay-type":"","overlay-color":"","overlay-opacity":"","overlay-gradient":""}},"_kadence_starter_templates_imported_post":false},"product_brand":[],"product_cat":[127,126,131,133,138,158,164,163],"product_tag":[296,216,256],"class_list":{"0":"post-4248","1":"product","2":"type-product","3":"status-publish","4":"has-post-thumbnail","6":"product_cat-1-4-trinn","7":"product_cat-5-7-trinn","8":"product_cat-arstider","9":"product_cat-halloween","10":"product_cat-host","11":"product_cat-kunst-handverk-1-4-trinn-produkter","12":"product_cat-selvstendig-arbeid","13":"product_cat-stasjonsundervisning","14":"product_tag-coloring","15":"product_tag-fargelegging","16":"product_tag-halloween","17":"desktop-align-center","18":"tablet-align-left","19":"mobile-align-left","21":"first","22":"instock","23":"downloadable","24":"taxable","25":"shipping-taxable","26":"purchasable","27":"product-type-simple","28":"add-to-wishlist-after_add_to_cart"},"uagb_featured_image_src":{"full":["https:\/\/nordicteacher.no\/wp-content\/uploads\/2024\/10\/Coloring-Halloween.png",1414,2000,false],"thumbnail":["https:\/\/nordicteacher.no\/wp-content\/uploads\/2024\/10\/Coloring-Halloween-150x150.png",150,150,true],"medium":["https:\/\/nordicteacher.no\/wp-content\/uploads\/2024\/10\/Coloring-Halloween-212x300.png",212,300,true],"medium_large":["https:\/\/nordicteacher.no\/wp-content\/uploads\/2024\/10\/Coloring-Halloween-768x1086.png",768,1086,true],"large":["https:\/\/nordicteacher.no\/wp-content\/uploads\/2024\/10\/Coloring-Halloween-724x1024.png",724,1024,true],"1536x1536":["https:\/\/nordicteacher.no\/wp-content\/uploads\/2024\/10\/Coloring-Halloween-1086x1536.png",1086,1536,true],"2048x2048":["https:\/\/nordicteacher.no\/wp-content\/uploads\/2024\/10\/Coloring-Halloween.png",1414,2000,false],"trp-custom-language-flag":["https:\/\/nordicteacher.no\/wp-content\/uploads\/2024\/10\/Coloring-Halloween-8x12.png",8,12,true],"woocommerce_thumbnail":["https:\/\/nordicteacher.no\/wp-content\/uploads\/2024\/10\/Coloring-Halloween-300x424.png",300,424,true],"woocommerce_single":["https:\/\/nordicteacher.no\/wp-content\/uploads\/2024\/10\/Coloring-Halloween-600x849.png",600,849,true],"woocommerce_gallery_thumbnail":["https:\/\/nordicteacher.no\/wp-content\/uploads\/2024\/10\/Coloring-Halloween-100x100.png",100,100,true]},"uagb_author_info":{"display_name":"Nordic Teacher","author_link":"https:\/\/nordicteacher.no\/en\/author\/"},"uagb_comment_info":0,"uagb_excerpt":"Hva handler aktiviteten om? &laquo;Fargelegging Halloween&raquo; er en kreativ og hyggelig aktivitet der elevene f\u00e5r muligheten til \u00e5 utforske farger og slippe fantasien l\u00f8s mens de fargelegger halloween-inspirerte tegninger. Aktiviteten gir en morsom start p\u00e5 h\u00f8stsesongen og passer perfekt til \u00e5 skape h\u00f8ytidsstemning i klasserommet. Hva inneholder filen? Filen inneholder 12 ulike fargeleggingsark med varierte&hellip;","jetpack_sharing_enabled":true,"_links":{"self":[{"href":"https:\/\/nordicteacher.no\/en\/wp-json\/wp\/v2\/product\/4248","targetHints":{"allow":["GET"]}}],"collection":[{"href":"https:\/\/nordicteacher.no\/en\/wp-json\/wp\/v2\/product"}],"about":[{"href":"https:\/\/nordicteacher.no\/en\/wp-json\/wp\/v2\/types\/product"}],"replies":[{"embeddable":true,"href":"https:\/\/nordicteacher.no\/en\/wp-json\/wp\/v2\/comments?post=4248"}],"wp:featuredmedia":[{"embeddable":true,"href":"https:\/\/nordicteacher.no\/en\/wp-json\/wp\/v2\/media\/4246"}],"wp:attachment":[{"href":"https:\/\/nordicteacher.no\/en\/wp-json\/wp\/v2\/media?parent=4248"}],"wp:term":[{"taxonomy":"product_brand","embeddable":true,"href":"https:\/\/nordicteacher.no\/en\/wp-json\/wp\/v2\/product_brand?post=4248"},{"taxonomy":"product_cat","embeddable":true,"href":"https:\/\/nordicteacher.no\/en\/wp-json\/wp\/v2\/product_cat?post=4248"},{"taxonomy":"product_tag","embeddable":true,"href":"https:\/\/nordicteacher.no\/en\/wp-json\/wp\/v2\/product_tag?post=4248"}],"curies":[{"name":"wp","href":"https:\/\/api.w.org\/{rel}","templated":true}]}}