{"id":4215,"date":"2024-10-06T16:09:34","date_gmt":"2024-10-06T16:09:34","guid":{"rendered":"https:\/\/nordicteacher.no\/?post_type=product&#038;p=4215"},"modified":"2026-04-22T22:21:18","modified_gmt":"2026-04-22T22:21:18","slug":"1-mer-1-mindre-10-mer-10-mindre-1-more-1-less-10-more-10-less","status":"publish","type":"product","link":"https:\/\/nordicteacher.no\/en\/product\/1-mer-1-mindre-10-mer-10-mindre-1-more-1-less-10-more-10-less\/","title":{"rendered":"1 mer, 1 mindre, 10 mer, 10 mindre \/ 1 more, 1 less, 10 more, 10 less"},"content":{"rendered":"<p class=\"cvGsUA direction-ltr align-start para-style-body\"><strong><span class=\"OYPEnA font-feature-liga-off font-feature-clig-off font-feature-calt-off text-decoration-none text-strikethrough-none\">Hva handler aktiviteten om?<\/span><\/strong><\/p>\n<ul>\n<li><span class=\"OYPEnA font-feature-liga-off font-feature-clig-off font-feature-calt-off text-decoration-none text-strikethrough-none\">Aktiviteten &laquo;En mer, en mindre, 10 mer, 10 mindre&raquo; er designet for \u00e5 hjelpe elevene med \u00e5 forst\u00e5 tallm\u00f8nstre, spesielt i forhold til hvordan tall \u00f8ker eller reduseres med 1 eller 10. Ved \u00e5 bruke ulike rutenett og oppgaver f\u00e5r elevene \u00f8velse i \u00e5 gjenkjenne og fylle inn manglende tall ved \u00e5 bruke begrepene &laquo;en mer&raquo;, &laquo;en mindre&raquo;, &laquo;ti mer&raquo;, og &laquo;ti mindre&raquo; i forhold til tallenes plassering i et rutenett.<\/span><\/li>\n<\/ul>\n<p class=\"cvGsUA direction-ltr align-start para-style-body\"><strong><span class=\"OYPEnA font-feature-liga-off font-feature-clig-off font-feature-calt-off text-decoration-none text-strikethrough-none\">Innhold i filen<\/span><\/strong><\/p>\n<ul>\n<li><span class=\"OYPEnA font-feature-liga-off font-feature-clig-off font-feature-calt-off text-decoration-none text-strikethrough-none\">9&#215;9 rutenett med hull:<\/span><span class=\"OYPEnA font-feature-liga-off font-feature-clig-off font-feature-calt-off text-decoration-none text-strikethrough-none\"> Dette er et rutenett med noen manglende tall, der elevene skal fylle inn de manglende tallene. Det finnes totalt 3 oppgaver, og hver oppgave har 3 vanskelighetsgrader. For hver vanskelighetsgrad \u00f8ker antall manglende tall, slik at elevene m\u00e5 fylle inn flere tall selv. Totalt inneholder dette 9 oppgaveark (3 oppgaver x 3 vanskelighetsgrader).<\/span><\/li>\n<li><span class=\"OYPEnA font-feature-liga-off font-feature-clig-off font-feature-calt-off text-decoration-none text-strikethrough-none\">5-ruters nett som et plusstegn<\/span><span class=\"OYPEnA font-feature-liga-off font-feature-clig-off font-feature-calt-off text-decoration-none text-strikethrough-none\">: Her st\u00e5r det et tall i midten, og elevene skal fylle inn tallene i rutene p\u00e5 sidene, over og under. Dette hjelper elevene med \u00e5 \u00f8ve p\u00e5 tall som er &laquo;en mer&raquo;, &laquo;en mindre&raquo;, &laquo;ti mer&raquo; og &laquo;ti mindre&raquo;. Til slutt finnes det ogs\u00e5 et oppgaveark der elevene selv skriver inn tallene i alle rutene. Det er totalt 4 oppgaveark av denne typen.<\/span><\/li>\n<\/ul>\n<p>&nbsp;<\/p>\n<p class=\"cvGsUA direction-ltr align-start para-style-body\"><strong><span class=\"OYPEnA font-feature-liga-off font-feature-clig-off font-feature-calt-off text-decoration-none text-strikethrough-none\">What is the activity about?<\/span><\/strong><\/p>\n<ul>\n<li><span class=\"OYPEnA font-feature-liga-off font-feature-clig-off font-feature-calt-off text-decoration-none text-strikethrough-none\">The activity &laquo;One more, one less, 10 more, 10 less&raquo; is designed to help students understand number patterns, especially in relation to how numbers increase or decrease by 1 or 10. By using different grids and tasks, students get practice in to recognize and fill in missing numbers by using the terms &laquo;one more&raquo;, &laquo;one less&raquo;, &laquo;ten more&raquo; and &laquo;ten less&raquo; in relation to the numbers&#8217; position in a grid.<\/span><\/li>\n<\/ul>\n<p class=\"cvGsUA direction-ltr align-start para-style-body\"><strong><span class=\"OYPEnA font-feature-liga-off font-feature-clig-off font-feature-calt-off text-decoration-none text-strikethrough-none\">Contents of the file<\/span><\/strong><\/p>\n<ul>\n<li><span class=\"OYPEnA font-feature-liga-off font-feature-clig-off font-feature-calt-off text-decoration-none text-strikethrough-none\">9&#215;9 grid with holes: This is a grid with some missing numbers, where students have to fill in the missing numbers. There are a total of 3 tasks, and each task has 3 levels of difficulty. For each level of difficulty, the number of missing numbers increases, so students have to fill in more numbers themselves. In total, this contains 9 worksheets (3 tasks x 3 levels of difficulty).<\/span><\/li>\n<li><span class=\"OYPEnA font-feature-liga-off font-feature-clig-off font-feature-calt-off text-decoration-none text-strikethrough-none\">5-square net as a plus sign: Here there is a number in the middle, and the students must fill in the numbers in the squares on the sides, above and below. This helps students practice numbers that are &laquo;one more&raquo;, &laquo;one less&raquo;, &laquo;ten more&raquo; and &laquo;ten less&raquo;. Finally, there is also a task sheet where the students themselves enter the numbers in all the boxes. There are a total of 4 worksheets of this type.<\/span><\/li>\n<\/ul>","protected":false},"excerpt":{"rendered":"<p>Hva handler aktiviteten om? Aktiviteten &laquo;En mer, en mindre, 10 mer, 10 mindre&raquo; er designet for \u00e5 hjelpe elevene med \u00e5 forst\u00e5 tallm\u00f8nstre, spesielt i forhold til hvordan tall \u00f8ker eller reduseres med 1 eller 10. Ved \u00e5 bruke ulike rutenett og oppgaver f\u00e5r elevene \u00f8velse i \u00e5 gjenkjenne og fylle inn manglende tall ved [&hellip;]<\/p>","protected":false},"featured_media":4216,"comment_status":"open","ping_status":"closed","template":"","meta":{"_uag_custom_page_level_css":"","site-sidebar-layout":"default","site-content-layout":"","ast-site-content-layout":"default","site-content-style":"default","site-sidebar-style":"default","ast-global-header-display":"","ast-banner-title-visibility":"","ast-main-header-display":"","ast-hfb-above-header-display":"","ast-hfb-below-header-display":"","ast-hfb-mobile-header-display":"","site-post-title":"","ast-breadcrumbs-content":"","ast-featured-img":"","footer-sml-layout":"","theme-transparent-header-meta":"default","adv-header-id-meta":"","stick-header-meta":"","header-above-stick-meta":"","header-main-stick-meta":"","header-below-stick-meta":"","astra-migrate-meta-layouts":"set","ast-page-background-enabled":"default","ast-page-background-meta":{"desktop":{"background-color":"var(--ast-global-color-4)","background-image":"","background-repeat":"repeat","background-position":"center center","background-size":"auto","background-attachment":"scroll","background-type":"","background-media":"","overlay-type":"","overlay-color":"","overlay-opacity":"","overlay-gradient":""},"tablet":{"background-color":"","background-image":"","background-repeat":"repeat","background-position":"center center","background-size":"auto","background-attachment":"scroll","background-type":"","background-media":"","overlay-type":"","overlay-color":"","overlay-opacity":"","overlay-gradient":""},"mobile":{"background-color":"","background-image":"","background-repeat":"repeat","background-position":"center center","background-size":"auto","background-attachment":"scroll","background-type":"","background-media":"","overlay-type":"","overlay-color":"","overlay-opacity":"","overlay-gradient":""}},"ast-content-background-meta":{"desktop":{"background-color":"var(--ast-global-color-5)","background-image":"","background-repeat":"repeat","background-position":"center center","background-size":"auto","background-attachment":"scroll","background-type":"","background-media":"","overlay-type":"","overlay-color":"","overlay-opacity":"","overlay-gradient":""},"tablet":{"background-color":"var(--ast-global-color-5)","background-image":"","background-repeat":"repeat","background-position":"center center","background-size":"auto","background-attachment":"scroll","background-type":"","background-media":"","overlay-type":"","overlay-color":"","overlay-opacity":"","overlay-gradient":""},"mobile":{"background-color":"var(--ast-global-color-5)","background-image":"","background-repeat":"repeat","background-position":"center center","background-size":"auto","background-attachment":"scroll","background-type":"","background-media":"","overlay-type":"","overlay-color":"","overlay-opacity":"","overlay-gradient":""}},"_kadence_starter_templates_imported_post":false},"product_brand":[],"product_cat":[127,157,164,163],"product_tag":[274,272,273,275,280,278,279,281,282,283],"class_list":{"0":"post-4215","1":"product","2":"type-product","3":"status-publish","4":"has-post-thumbnail","6":"product_cat-1-4-trinn","7":"product_cat-matematikk-1-4-trinn-produkter","8":"product_cat-selvstendig-arbeid","9":"product_cat-stasjonsundervisning","10":"product_tag-1-less","11":"product_tag-1-mer","12":"product_tag-1-mindre","13":"product_tag-1-more","14":"product_tag-10-less","15":"product_tag-10-mer","16":"product_tag-10-minre","17":"product_tag-10-more","18":"product_tag-100-grid","19":"product_tag-100-rutenett","20":"desktop-align-center","21":"tablet-align-left","22":"mobile-align-left","24":"first","25":"instock","26":"downloadable","27":"taxable","28":"shipping-taxable","29":"purchasable","30":"product-type-simple","31":"add-to-wishlist-after_add_to_cart"},"uagb_featured_image_src":{"full":["https:\/\/nordicteacher.no\/wp-content\/uploads\/2024\/10\/Engelsk-1.png",1414,2000,false],"thumbnail":["https:\/\/nordicteacher.no\/wp-content\/uploads\/2024\/10\/Engelsk-1-150x150.png",150,150,true],"medium":["https:\/\/nordicteacher.no\/wp-content\/uploads\/2024\/10\/Engelsk-1-212x300.png",212,300,true],"medium_large":["https:\/\/nordicteacher.no\/wp-content\/uploads\/2024\/10\/Engelsk-1-768x1086.png",768,1086,true],"large":["https:\/\/nordicteacher.no\/wp-content\/uploads\/2024\/10\/Engelsk-1-724x1024.png",724,1024,true],"1536x1536":["https:\/\/nordicteacher.no\/wp-content\/uploads\/2024\/10\/Engelsk-1-1086x1536.png",1086,1536,true],"2048x2048":["https:\/\/nordicteacher.no\/wp-content\/uploads\/2024\/10\/Engelsk-1.png",1414,2000,false],"trp-custom-language-flag":["https:\/\/nordicteacher.no\/wp-content\/uploads\/2024\/10\/Engelsk-1-8x12.png",8,12,true],"woocommerce_thumbnail":["https:\/\/nordicteacher.no\/wp-content\/uploads\/2024\/10\/Engelsk-1-300x424.png",300,424,true],"woocommerce_single":["https:\/\/nordicteacher.no\/wp-content\/uploads\/2024\/10\/Engelsk-1-600x849.png",600,849,true],"woocommerce_gallery_thumbnail":["https:\/\/nordicteacher.no\/wp-content\/uploads\/2024\/10\/Engelsk-1-100x100.png",100,100,true]},"uagb_author_info":{"display_name":"Nordic Teacher","author_link":"https:\/\/nordicteacher.no\/en\/author\/"},"uagb_comment_info":13,"uagb_excerpt":"Hva handler aktiviteten om? Aktiviteten &laquo;En mer, en mindre, 10 mer, 10 mindre&raquo; er designet for \u00e5 hjelpe elevene med \u00e5 forst\u00e5 tallm\u00f8nstre, spesielt i forhold til hvordan tall \u00f8ker eller reduseres med 1 eller 10. Ved \u00e5 bruke ulike rutenett og oppgaver f\u00e5r elevene \u00f8velse i \u00e5 gjenkjenne og fylle inn manglende tall ved&hellip;","jetpack_sharing_enabled":true,"_links":{"self":[{"href":"https:\/\/nordicteacher.no\/en\/wp-json\/wp\/v2\/product\/4215","targetHints":{"allow":["GET"]}}],"collection":[{"href":"https:\/\/nordicteacher.no\/en\/wp-json\/wp\/v2\/product"}],"about":[{"href":"https:\/\/nordicteacher.no\/en\/wp-json\/wp\/v2\/types\/product"}],"replies":[{"embeddable":true,"href":"https:\/\/nordicteacher.no\/en\/wp-json\/wp\/v2\/comments?post=4215"}],"wp:featuredmedia":[{"embeddable":true,"href":"https:\/\/nordicteacher.no\/en\/wp-json\/wp\/v2\/media\/4216"}],"wp:attachment":[{"href":"https:\/\/nordicteacher.no\/en\/wp-json\/wp\/v2\/media?parent=4215"}],"wp:term":[{"taxonomy":"product_brand","embeddable":true,"href":"https:\/\/nordicteacher.no\/en\/wp-json\/wp\/v2\/product_brand?post=4215"},{"taxonomy":"product_cat","embeddable":true,"href":"https:\/\/nordicteacher.no\/en\/wp-json\/wp\/v2\/product_cat?post=4215"},{"taxonomy":"product_tag","embeddable":true,"href":"https:\/\/nordicteacher.no\/en\/wp-json\/wp\/v2\/product_tag?post=4215"}],"curies":[{"name":"wp","href":"https:\/\/api.w.org\/{rel}","templated":true}]}}