{"id":4201,"date":"2024-10-06T15:59:31","date_gmt":"2024-10-06T15:59:31","guid":{"rendered":"https:\/\/nordicteacher.no\/?post_type=product&#038;p=4201"},"modified":"2026-02-06T15:44:56","modified_gmt":"2026-02-06T15:44:56","slug":"1-mindre-og-1-mer-51-100-1-less-and-1-more-51-100","status":"publish","type":"product","link":"https:\/\/nordicteacher.no\/en\/product\/1-mindre-og-1-mer-51-100-1-less-and-1-more-51-100\/","title":{"rendered":"1 mindre og 1 mer (51-100) \/ 1 less and 1 more (51-100)"},"content":{"rendered":"<p class=\"cvGsUA direction-ltr align-start para-style-body\"><strong><span class=\"OYPEnA font-feature-liga-off font-feature-clig-off font-feature-calt-off text-decoration-none text-strikethrough-none\">Hva handler aktiviteten om?<\/span><\/strong><\/p>\n<ul>\n<li><span class=\"OYPEnA font-feature-liga-off font-feature-clig-off font-feature-calt-off text-decoration-none text-strikethrough-none\">Aktiviteten &laquo;1 mindre enn og 1 mer enn&raquo; er laget for \u00e5 hjelpe elevene med \u00e5 utvikle forst\u00e5elsen for tallrekka, spesielt hvordan tallene relaterer seg til hverandre n\u00e5r de \u00f8ker eller minker med \u00e9n. Elevene f\u00e5r muligheten til \u00e5 praktisere ferdigheter innen tallforst\u00e5else, som er grunnleggende for \u00e5 jobbe med tall i st\u00f8rre sammenhenger som addisjon, subtraksjon, og probleml\u00f8sning.<\/span><\/li>\n<\/ul>\n<p class=\"cvGsUA direction-ltr align-start para-style-body\"><strong><span class=\"OYPEnA font-feature-liga-off font-feature-clig-off font-feature-calt-off text-decoration-none text-strikethrough-none\">Inneholder<\/span><\/strong><\/p>\n<ul>\n<li><span class=\"OYPEnA font-feature-liga-off font-feature-clig-off font-feature-calt-off text-decoration-none text-strikethrough-none\">Filen inneholder 10 oppgaveark.<\/span>\n<ul>\n<li><span class=\"OYPEnA font-feature-liga-off font-feature-clig-off font-feature-calt-off text-decoration-none text-strikethrough-none\">P\u00e5 hvert ark er det 12 tall som elevene skal jobbe med. Oppgaven g\u00e5r ut p\u00e5 at eleven til venstre for tallet skal skrive tallet som er 1 mindre enn det oppgitte tallet, og til h\u00f8yre for tallet skal de skrive det som er 1 mer enn. Dette vil skape en tallrekke best\u00e5ende av 3 tall.<\/span><\/li>\n<\/ul>\n<\/li>\n<li><span class=\"OYPEnA font-feature-liga-off font-feature-clig-off font-feature-calt-off text-decoration-none text-strikethrough-none\">I tillegg er det et ekstra ark som er tomt. Her skal elevene selv velge 12 tall, og deretter fylle inn ett tall som er 1 mindre og ett som er 1 mer enn for hvert av de valgte tallene.<\/span><\/li>\n<\/ul>\n<p>&nbsp;<\/p>\n<p class=\"cvGsUA direction-ltr align-start para-style-body\"><strong><span class=\"OYPEnA font-feature-liga-off font-feature-clig-off font-feature-calt-off text-decoration-none text-strikethrough-none\">What is the activity about?<\/span><\/strong><\/p>\n<ul>\n<li><span class=\"OYPEnA font-feature-liga-off font-feature-clig-off font-feature-calt-off text-decoration-none text-strikethrough-none\">The activity &laquo;1 less than and 1 more than&raquo; is designed to help students develop their understanding of the number series, especially how the numbers relate to each other when they increase or decrease by one. The students get the opportunity to practice skills in understanding numbers, which are fundamental for working with numbers in larger contexts such as addition, subtraction and problem solving.<\/span><\/li>\n<\/ul>\n<p class=\"cvGsUA direction-ltr align-start para-style-body\"><strong><span class=\"OYPEnA font-feature-liga-off font-feature-clig-off font-feature-calt-off text-decoration-none text-strikethrough-none\">Contains<\/span><\/strong><\/p>\n<ul>\n<li><span class=\"OYPEnA font-feature-liga-off font-feature-clig-off font-feature-calt-off text-decoration-none text-strikethrough-none\">The file contains 10 worksheets.<\/span>\n<ul>\n<li><span class=\"OYPEnA font-feature-liga-off font-feature-clig-off font-feature-calt-off text-decoration-none text-strikethrough-none\">On each sheet there are 12 numbers that the students have to work with. The task is for the student to write the number to the left of the number that is 1 less than the given number, and to the right of the number they must write the number that is 1 more than. This will create a number sequence consisting of 3 numbers.<\/span><\/li>\n<\/ul>\n<\/li>\n<li><span class=\"OYPEnA font-feature-liga-off font-feature-clig-off font-feature-calt-off text-decoration-none text-strikethrough-none\">In addition, there is an extra sheet that is empty. Here the students must choose 12 numbers themselves, and then fill in one number that is 1 less and one that is 1 more than for each of the chosen numbers.<\/span><\/li>\n<\/ul>","protected":false},"excerpt":{"rendered":"<p>Hva handler aktiviteten om? Aktiviteten &laquo;1 mindre enn og 1 mer enn&raquo; er laget for \u00e5 hjelpe elevene med \u00e5 utvikle forst\u00e5elsen for tallrekka, spesielt hvordan tallene relaterer seg til hverandre n\u00e5r de \u00f8ker eller minker med \u00e9n. Elevene f\u00e5r muligheten til \u00e5 praktisere ferdigheter innen tallforst\u00e5else, som er grunnleggende for \u00e5 jobbe med tall [&hellip;]<\/p>","protected":false},"featured_media":4202,"comment_status":"open","ping_status":"closed","template":"","meta":{"_uag_custom_page_level_css":"","site-sidebar-layout":"default","site-content-layout":"","ast-site-content-layout":"default","site-content-style":"default","site-sidebar-style":"default","ast-global-header-display":"","ast-banner-title-visibility":"","ast-main-header-display":"","ast-hfb-above-header-display":"","ast-hfb-below-header-display":"","ast-hfb-mobile-header-display":"","site-post-title":"","ast-breadcrumbs-content":"","ast-featured-img":"","footer-sml-layout":"","theme-transparent-header-meta":"default","adv-header-id-meta":"","stick-header-meta":"","header-above-stick-meta":"","header-main-stick-meta":"","header-below-stick-meta":"","astra-migrate-meta-layouts":"set","ast-page-background-enabled":"default","ast-page-background-meta":{"desktop":{"background-color":"var(--ast-global-color-4)","background-image":"","background-repeat":"repeat","background-position":"center center","background-size":"auto","background-attachment":"scroll","background-type":"","background-media":"","overlay-type":"","overlay-color":"","overlay-opacity":"","overlay-gradient":""},"tablet":{"background-color":"","background-image":"","background-repeat":"repeat","background-position":"center center","background-size":"auto","background-attachment":"scroll","background-type":"","background-media":"","overlay-type":"","overlay-color":"","overlay-opacity":"","overlay-gradient":""},"mobile":{"background-color":"","background-image":"","background-repeat":"repeat","background-position":"center center","background-size":"auto","background-attachment":"scroll","background-type":"","background-media":"","overlay-type":"","overlay-color":"","overlay-opacity":"","overlay-gradient":""}},"ast-content-background-meta":{"desktop":{"background-color":"var(--ast-global-color-5)","background-image":"","background-repeat":"repeat","background-position":"center center","background-size":"auto","background-attachment":"scroll","background-type":"","background-media":"","overlay-type":"","overlay-color":"","overlay-opacity":"","overlay-gradient":""},"tablet":{"background-color":"var(--ast-global-color-5)","background-image":"","background-repeat":"repeat","background-position":"center center","background-size":"auto","background-attachment":"scroll","background-type":"","background-media":"","overlay-type":"","overlay-color":"","overlay-opacity":"","overlay-gradient":""},"mobile":{"background-color":"var(--ast-global-color-5)","background-image":"","background-repeat":"repeat","background-position":"center center","background-size":"auto","background-attachment":"scroll","background-type":"","background-media":"","overlay-type":"","overlay-color":"","overlay-opacity":"","overlay-gradient":""}},"_kadence_starter_templates_imported_post":false},"product_brand":[],"product_cat":[127,157,164,163,162],"product_tag":[274,272,273,275,77,70,276],"class_list":{"0":"post-4201","1":"product","2":"type-product","3":"status-publish","4":"has-post-thumbnail","6":"product_cat-1-4-trinn","7":"product_cat-matematikk-1-4-trinn-produkter","8":"product_cat-selvstendig-arbeid","9":"product_cat-stasjonsundervisning","10":"product_cat-undervisningstype","11":"product_tag-1-less","12":"product_tag-1-mer","13":"product_tag-1-mindre","14":"product_tag-1-more","15":"product_tag-math","16":"product_tag-matte","17":"product_tag-tallrekkefolge","18":"desktop-align-center","19":"tablet-align-left","20":"mobile-align-left","22":"first","23":"instock","24":"downloadable","25":"taxable","26":"shipping-taxable","27":"purchasable","28":"product-type-simple","29":"add-to-wishlist-after_add_to_cart"},"uagb_featured_image_src":{"full":["https:\/\/nordicteacher.no\/wp-content\/uploads\/2024\/10\/1-less-than-and-1-more-than-51-100-1.png",1414,2000,false],"thumbnail":["https:\/\/nordicteacher.no\/wp-content\/uploads\/2024\/10\/1-less-than-and-1-more-than-51-100-1-150x150.png",150,150,true],"medium":["https:\/\/nordicteacher.no\/wp-content\/uploads\/2024\/10\/1-less-than-and-1-more-than-51-100-1-212x300.png",212,300,true],"medium_large":["https:\/\/nordicteacher.no\/wp-content\/uploads\/2024\/10\/1-less-than-and-1-more-than-51-100-1-768x1086.png",768,1086,true],"large":["https:\/\/nordicteacher.no\/wp-content\/uploads\/2024\/10\/1-less-than-and-1-more-than-51-100-1-724x1024.png",724,1024,true],"1536x1536":["https:\/\/nordicteacher.no\/wp-content\/uploads\/2024\/10\/1-less-than-and-1-more-than-51-100-1-1086x1536.png",1086,1536,true],"2048x2048":["https:\/\/nordicteacher.no\/wp-content\/uploads\/2024\/10\/1-less-than-and-1-more-than-51-100-1.png",1414,2000,false],"trp-custom-language-flag":["https:\/\/nordicteacher.no\/wp-content\/uploads\/2024\/10\/1-less-than-and-1-more-than-51-100-1-8x12.png",8,12,true],"woocommerce_thumbnail":["https:\/\/nordicteacher.no\/wp-content\/uploads\/2024\/10\/1-less-than-and-1-more-than-51-100-1-300x424.png",300,424,true],"woocommerce_single":["https:\/\/nordicteacher.no\/wp-content\/uploads\/2024\/10\/1-less-than-and-1-more-than-51-100-1-600x849.png",600,849,true],"woocommerce_gallery_thumbnail":["https:\/\/nordicteacher.no\/wp-content\/uploads\/2024\/10\/1-less-than-and-1-more-than-51-100-1-100x100.png",100,100,true]},"uagb_author_info":{"display_name":"Nordic Teacher","author_link":"https:\/\/nordicteacher.no\/en\/author\/"},"uagb_comment_info":11,"uagb_excerpt":"Hva handler aktiviteten om? Aktiviteten &laquo;1 mindre enn og 1 mer enn&raquo; er laget for \u00e5 hjelpe elevene med \u00e5 utvikle forst\u00e5elsen for tallrekka, spesielt hvordan tallene relaterer seg til hverandre n\u00e5r de \u00f8ker eller minker med \u00e9n. Elevene f\u00e5r muligheten til \u00e5 praktisere ferdigheter innen tallforst\u00e5else, som er grunnleggende for \u00e5 jobbe med tall&hellip;","jetpack_sharing_enabled":true,"_links":{"self":[{"href":"https:\/\/nordicteacher.no\/en\/wp-json\/wp\/v2\/product\/4201","targetHints":{"allow":["GET"]}}],"collection":[{"href":"https:\/\/nordicteacher.no\/en\/wp-json\/wp\/v2\/product"}],"about":[{"href":"https:\/\/nordicteacher.no\/en\/wp-json\/wp\/v2\/types\/product"}],"replies":[{"embeddable":true,"href":"https:\/\/nordicteacher.no\/en\/wp-json\/wp\/v2\/comments?post=4201"}],"wp:featuredmedia":[{"embeddable":true,"href":"https:\/\/nordicteacher.no\/en\/wp-json\/wp\/v2\/media\/4202"}],"wp:attachment":[{"href":"https:\/\/nordicteacher.no\/en\/wp-json\/wp\/v2\/media?parent=4201"}],"wp:term":[{"taxonomy":"product_brand","embeddable":true,"href":"https:\/\/nordicteacher.no\/en\/wp-json\/wp\/v2\/product_brand?post=4201"},{"taxonomy":"product_cat","embeddable":true,"href":"https:\/\/nordicteacher.no\/en\/wp-json\/wp\/v2\/product_cat?post=4201"},{"taxonomy":"product_tag","embeddable":true,"href":"https:\/\/nordicteacher.no\/en\/wp-json\/wp\/v2\/product_tag?post=4201"}],"curies":[{"name":"wp","href":"https:\/\/api.w.org\/{rel}","templated":true}]}}