{"id":4196,"date":"2024-10-06T15:54:25","date_gmt":"2024-10-06T15:54:25","guid":{"rendered":"https:\/\/nordicteacher.no\/?post_type=product&#038;p=4196"},"modified":"2024-10-06T15:54:25","modified_gmt":"2024-10-06T15:54:25","slug":"fill-in-the-100-grid-fyll-inn-100-rutenettet","status":"publish","type":"product","link":"https:\/\/nordicteacher.no\/en\/product\/fill-in-the-100-grid-fyll-inn-100-rutenettet\/","title":{"rendered":"Fill in the 100-grid  \/ Fyll inn 100-rutenettet"},"content":{"rendered":"<p><span class=\"OYPEnA font-feature-liga-off font-feature-clig-off font-feature-calt-off text-decoration-none text-strikethrough-none\">The activity &laquo;Fill in 100 grid&raquo; involves the students filling in the missing numbers in a grid consisting of the numbers from 1 to 100. This helps the students to repeat and automate their understanding of the number order and patterns in the number series.<\/span><\/p>\n<p>&nbsp;<\/p>\n<p><span class=\"OYPEnA font-feature-liga-off font-feature-clig-off font-feature-calt-off text-decoration-none text-strikethrough-none\">Aktiviteten &laquo;Fyll inn 100-rutenett&raquo; g\u00e5r ut p\u00e5 at elevene skal fylle inn de manglende tallene i et rutenett som best\u00e5r av tallene fra 1 til 100. Dette hjelper elevene med \u00e5 repetere og automatisere sin forst\u00e5else av tallrekkef\u00f8lgen og m\u00f8nstre i tallrekken.<\/span><\/p>","protected":false},"excerpt":{"rendered":"<p>The activity &laquo;Fill in 100 grid&raquo; involves the students filling in the missing numbers in a grid consisting of the numbers from 1 to 100. This helps the students to repeat and automate their understanding of the number order and patterns in the number series. &nbsp; Aktiviteten &laquo;Fyll inn 100-rutenett&raquo; g\u00e5r ut p\u00e5 at elevene [&hellip;]<\/p>","protected":false},"featured_media":4198,"comment_status":"open","ping_status":"closed","template":"","meta":{"_uag_custom_page_level_css":"","site-sidebar-layout":"default","site-content-layout":"","ast-site-content-layout":"default","site-content-style":"default","site-sidebar-style":"default","ast-global-header-display":"","ast-banner-title-visibility":"","ast-main-header-display":"","ast-hfb-above-header-display":"","ast-hfb-below-header-display":"","ast-hfb-mobile-header-display":"","site-post-title":"","ast-breadcrumbs-content":"","ast-featured-img":"","footer-sml-layout":"","theme-transparent-header-meta":"default","adv-header-id-meta":"","stick-header-meta":"","header-above-stick-meta":"","header-main-stick-meta":"","header-below-stick-meta":"","astra-migrate-meta-layouts":"set","ast-page-background-enabled":"default","ast-page-background-meta":{"desktop":{"background-color":"var(--ast-global-color-4)","background-image":"","background-repeat":"repeat","background-position":"center center","background-size":"auto","background-attachment":"scroll","background-type":"","background-media":"","overlay-type":"","overlay-color":"","overlay-opacity":"","overlay-gradient":""},"tablet":{"background-color":"","background-image":"","background-repeat":"repeat","background-position":"center center","background-size":"auto","background-attachment":"scroll","background-type":"","background-media":"","overlay-type":"","overlay-color":"","overlay-opacity":"","overlay-gradient":""},"mobile":{"background-color":"","background-image":"","background-repeat":"repeat","background-position":"center center","background-size":"auto","background-attachment":"scroll","background-type":"","background-media":"","overlay-type":"","overlay-color":"","overlay-opacity":"","overlay-gradient":""}},"ast-content-background-meta":{"desktop":{"background-color":"var(--ast-global-color-5)","background-image":"","background-repeat":"repeat","background-position":"center center","background-size":"auto","background-attachment":"scroll","background-type":"","background-media":"","overlay-type":"","overlay-color":"","overlay-opacity":"","overlay-gradient":""},"tablet":{"background-color":"var(--ast-global-color-5)","background-image":"","background-repeat":"repeat","background-position":"center center","background-size":"auto","background-attachment":"scroll","background-type":"","background-media":"","overlay-type":"","overlay-color":"","overlay-opacity":"","overlay-gradient":""},"mobile":{"background-color":"var(--ast-global-color-5)","background-image":"","background-repeat":"repeat","background-position":"center center","background-size":"auto","background-attachment":"scroll","background-type":"","background-media":"","overlay-type":"","overlay-color":"","overlay-opacity":"","overlay-gradient":""}},"_kadence_starter_templates_imported_post":false},"product_brand":[],"product_cat":[127,157,164,163,162],"product_tag":[269,270,271],"class_list":{"0":"post-4196","1":"product","2":"type-product","3":"status-publish","4":"has-post-thumbnail","6":"product_cat-1-4-trinn","7":"product_cat-matematikk-1-4-trinn-produkter","8":"product_cat-selvstendig-arbeid","9":"product_cat-stasjonsundervisning","10":"product_cat-undervisningstype","11":"product_tag-269","12":"product_tag-grid","13":"product_tag-rutenett","14":"desktop-align-center","15":"tablet-align-left","16":"mobile-align-left","18":"first","19":"instock","20":"downloadable","21":"taxable","22":"shipping-taxable","23":"purchasable","24":"product-type-simple","25":"add-to-wishlist-after_add_to_cart"},"uagb_featured_image_src":{"full":["https:\/\/nordicteacher.no\/wp-content\/uploads\/2024\/10\/Fill-in-the-100-grid.png",1414,2000,false],"thumbnail":["https:\/\/nordicteacher.no\/wp-content\/uploads\/2024\/10\/Fill-in-the-100-grid-150x150.png",150,150,true],"medium":["https:\/\/nordicteacher.no\/wp-content\/uploads\/2024\/10\/Fill-in-the-100-grid-212x300.png",212,300,true],"medium_large":["https:\/\/nordicteacher.no\/wp-content\/uploads\/2024\/10\/Fill-in-the-100-grid-768x1086.png",768,1086,true],"large":["https:\/\/nordicteacher.no\/wp-content\/uploads\/2024\/10\/Fill-in-the-100-grid-724x1024.png",724,1024,true],"1536x1536":["https:\/\/nordicteacher.no\/wp-content\/uploads\/2024\/10\/Fill-in-the-100-grid-1086x1536.png",1086,1536,true],"2048x2048":["https:\/\/nordicteacher.no\/wp-content\/uploads\/2024\/10\/Fill-in-the-100-grid.png",1414,2000,false],"trp-custom-language-flag":["https:\/\/nordicteacher.no\/wp-content\/uploads\/2024\/10\/Fill-in-the-100-grid-8x12.png",8,12,true],"woocommerce_thumbnail":["https:\/\/nordicteacher.no\/wp-content\/uploads\/2024\/10\/Fill-in-the-100-grid-300x424.png",300,424,true],"woocommerce_single":["https:\/\/nordicteacher.no\/wp-content\/uploads\/2024\/10\/Fill-in-the-100-grid-600x849.png",600,849,true],"woocommerce_gallery_thumbnail":["https:\/\/nordicteacher.no\/wp-content\/uploads\/2024\/10\/Fill-in-the-100-grid-100x100.png",100,100,true]},"uagb_author_info":{"display_name":"Nordic Teacher","author_link":"https:\/\/nordicteacher.no\/en\/author\/"},"uagb_comment_info":0,"uagb_excerpt":"The activity &laquo;Fill in 100 grid&raquo; involves the students filling in the missing numbers in a grid consisting of the numbers from 1 to 100. This helps the students to repeat and automate their understanding of the number order and patterns in the number series. &nbsp; Aktiviteten &laquo;Fyll inn 100-rutenett&raquo; g\u00e5r ut p\u00e5 at elevene&hellip;","jetpack_sharing_enabled":true,"_links":{"self":[{"href":"https:\/\/nordicteacher.no\/en\/wp-json\/wp\/v2\/product\/4196","targetHints":{"allow":["GET"]}}],"collection":[{"href":"https:\/\/nordicteacher.no\/en\/wp-json\/wp\/v2\/product"}],"about":[{"href":"https:\/\/nordicteacher.no\/en\/wp-json\/wp\/v2\/types\/product"}],"replies":[{"embeddable":true,"href":"https:\/\/nordicteacher.no\/en\/wp-json\/wp\/v2\/comments?post=4196"}],"wp:featuredmedia":[{"embeddable":true,"href":"https:\/\/nordicteacher.no\/en\/wp-json\/wp\/v2\/media\/4198"}],"wp:attachment":[{"href":"https:\/\/nordicteacher.no\/en\/wp-json\/wp\/v2\/media?parent=4196"}],"wp:term":[{"taxonomy":"product_brand","embeddable":true,"href":"https:\/\/nordicteacher.no\/en\/wp-json\/wp\/v2\/product_brand?post=4196"},{"taxonomy":"product_cat","embeddable":true,"href":"https:\/\/nordicteacher.no\/en\/wp-json\/wp\/v2\/product_cat?post=4196"},{"taxonomy":"product_tag","embeddable":true,"href":"https:\/\/nordicteacher.no\/en\/wp-json\/wp\/v2\/product_tag?post=4196"}],"curies":[{"name":"wp","href":"https:\/\/api.w.org\/{rel}","templated":true}]}}