{"id":4158,"date":"2024-10-06T15:24:45","date_gmt":"2024-10-06T15:24:45","guid":{"rendered":"https:\/\/nordicteacher.no\/?post_type=product&#038;p=4158"},"modified":"2026-02-09T02:34:13","modified_gmt":"2026-02-09T02:34:13","slug":"christmas-symmetry-jul-symmetri","status":"publish","type":"product","link":"https:\/\/nordicteacher.no\/en\/product\/christmas-symmetry-jul-symmetri\/","title":{"rendered":"Christmas symmetry \/ Jul symmetri"},"content":{"rendered":"<p><span class=\"OYPEnA font-feature-liga-off font-feature-clig-off font-feature-calt-off text-decoration-none text-strikethrough-none\">&laquo;Jul Symmetri&raquo; er en morsom og kreativ aktivitet hvor elevene jobber med symmetri gjennom tegning. Oppgaven g\u00e5r ut p\u00e5 \u00e5 fullf\u00f8re symmetriske tegninger ved \u00e5 speile et julemotiv fra \u00e9n side av et rutenett til den andre siden. Dette gir elevene en visuell og praktisk m\u00e5te \u00e5 \u00f8ve p\u00e5 forst\u00e5elsen av symmetri samtidig som de jobber med julerelaterte figurer.<\/span><\/p>\n<p>&nbsp;<\/p>\n<p><span class=\"OYPEnA font-feature-liga-off font-feature-clig-off font-feature-calt-off text-decoration-none text-strikethrough-none\">&laquo;Christmas Symmetry&raquo; is a fun and creative activity where students work with symmetry through drawing. The task is to complete symmetrical drawings by mirroring a Christmas motif from one side of a grid to the other side. This gives students a visual and practical way to practice their understanding of symmetry while working with Christmas-related figures.<\/span><\/p>","protected":false},"excerpt":{"rendered":"<p>&laquo;Jul Symmetri&raquo; er en morsom og kreativ aktivitet hvor elevene jobber med symmetri gjennom tegning. Oppgaven g\u00e5r ut p\u00e5 \u00e5 fullf\u00f8re symmetriske tegninger ved \u00e5 speile et julemotiv fra \u00e9n side av et rutenett til den andre siden. Dette gir elevene en visuell og praktisk m\u00e5te \u00e5 \u00f8ve p\u00e5 forst\u00e5elsen av symmetri samtidig som de [&hellip;]<\/p>","protected":false},"featured_media":4159,"comment_status":"open","ping_status":"closed","template":"","meta":{"_uag_custom_page_level_css":"","site-sidebar-layout":"default","site-content-layout":"","ast-site-content-layout":"default","site-content-style":"default","site-sidebar-style":"default","ast-global-header-display":"","ast-banner-title-visibility":"","ast-main-header-display":"","ast-hfb-above-header-display":"","ast-hfb-below-header-display":"","ast-hfb-mobile-header-display":"","site-post-title":"","ast-breadcrumbs-content":"","ast-featured-img":"","footer-sml-layout":"","theme-transparent-header-meta":"default","adv-header-id-meta":"","stick-header-meta":"","header-above-stick-meta":"","header-main-stick-meta":"","header-below-stick-meta":"","astra-migrate-meta-layouts":"set","ast-page-background-enabled":"default","ast-page-background-meta":{"desktop":{"background-color":"var(--ast-global-color-4)","background-image":"","background-repeat":"repeat","background-position":"center center","background-size":"auto","background-attachment":"scroll","background-type":"","background-media":"","overlay-type":"","overlay-color":"","overlay-opacity":"","overlay-gradient":""},"tablet":{"background-color":"","background-image":"","background-repeat":"repeat","background-position":"center center","background-size":"auto","background-attachment":"scroll","background-type":"","background-media":"","overlay-type":"","overlay-color":"","overlay-opacity":"","overlay-gradient":""},"mobile":{"background-color":"","background-image":"","background-repeat":"repeat","background-position":"center center","background-size":"auto","background-attachment":"scroll","background-type":"","background-media":"","overlay-type":"","overlay-color":"","overlay-opacity":"","overlay-gradient":""}},"ast-content-background-meta":{"desktop":{"background-color":"var(--ast-global-color-5)","background-image":"","background-repeat":"repeat","background-position":"center center","background-size":"auto","background-attachment":"scroll","background-type":"","background-media":"","overlay-type":"","overlay-color":"","overlay-opacity":"","overlay-gradient":""},"tablet":{"background-color":"var(--ast-global-color-5)","background-image":"","background-repeat":"repeat","background-position":"center center","background-size":"auto","background-attachment":"scroll","background-type":"","background-media":"","overlay-type":"","overlay-color":"","overlay-opacity":"","overlay-gradient":""},"mobile":{"background-color":"var(--ast-global-color-5)","background-image":"","background-repeat":"repeat","background-position":"center center","background-size":"auto","background-attachment":"scroll","background-type":"","background-media":"","overlay-type":"","overlay-color":"","overlay-opacity":"","overlay-gradient":""}},"_kadence_starter_templates_imported_post":false},"product_brand":[],"product_cat":[127,132,158,157,164,163],"product_tag":[264,207,263,261,262,208],"class_list":{"0":"post-4158","1":"product","2":"type-product","3":"status-publish","4":"has-post-thumbnail","6":"product_cat-1-4-trinn","7":"product_cat-jul","8":"product_cat-kunst-handverk-1-4-trinn-produkter","9":"product_cat-matematikk-1-4-trinn-produkter","10":"product_cat-selvstendig-arbeid","11":"product_cat-stasjonsundervisning","12":"product_tag-christmas","13":"product_tag-drawing","14":"product_tag-jul","15":"product_tag-symmetri","16":"product_tag-symmetry","17":"product_tag-tegning","18":"desktop-align-center","19":"tablet-align-left","20":"mobile-align-left","22":"first","23":"instock","24":"downloadable","25":"taxable","26":"shipping-taxable","27":"purchasable","28":"product-type-simple","29":"add-to-wishlist-after_add_to_cart"},"uagb_featured_image_src":{"full":["https:\/\/nordicteacher.no\/wp-content\/uploads\/2024\/10\/JUL-SYMMETRI-Norsk-1.png",1414,2000,false],"thumbnail":["https:\/\/nordicteacher.no\/wp-content\/uploads\/2024\/10\/JUL-SYMMETRI-Norsk-1-150x150.png",150,150,true],"medium":["https:\/\/nordicteacher.no\/wp-content\/uploads\/2024\/10\/JUL-SYMMETRI-Norsk-1-212x300.png",212,300,true],"medium_large":["https:\/\/nordicteacher.no\/wp-content\/uploads\/2024\/10\/JUL-SYMMETRI-Norsk-1-768x1086.png",768,1086,true],"large":["https:\/\/nordicteacher.no\/wp-content\/uploads\/2024\/10\/JUL-SYMMETRI-Norsk-1-724x1024.png",724,1024,true],"1536x1536":["https:\/\/nordicteacher.no\/wp-content\/uploads\/2024\/10\/JUL-SYMMETRI-Norsk-1-1086x1536.png",1086,1536,true],"2048x2048":["https:\/\/nordicteacher.no\/wp-content\/uploads\/2024\/10\/JUL-SYMMETRI-Norsk-1.png",1414,2000,false],"trp-custom-language-flag":["https:\/\/nordicteacher.no\/wp-content\/uploads\/2024\/10\/JUL-SYMMETRI-Norsk-1-8x12.png",8,12,true],"woocommerce_thumbnail":["https:\/\/nordicteacher.no\/wp-content\/uploads\/2024\/10\/JUL-SYMMETRI-Norsk-1-300x424.png",300,424,true],"woocommerce_single":["https:\/\/nordicteacher.no\/wp-content\/uploads\/2024\/10\/JUL-SYMMETRI-Norsk-1-600x849.png",600,849,true],"woocommerce_gallery_thumbnail":["https:\/\/nordicteacher.no\/wp-content\/uploads\/2024\/10\/JUL-SYMMETRI-Norsk-1-100x100.png",100,100,true]},"uagb_author_info":{"display_name":"Nordic Teacher","author_link":"https:\/\/nordicteacher.no\/en\/author\/"},"uagb_comment_info":2,"uagb_excerpt":"&laquo;Jul Symmetri&raquo; er en morsom og kreativ aktivitet hvor elevene jobber med symmetri gjennom tegning. Oppgaven g\u00e5r ut p\u00e5 \u00e5 fullf\u00f8re symmetriske tegninger ved \u00e5 speile et julemotiv fra \u00e9n side av et rutenett til den andre siden. Dette gir elevene en visuell og praktisk m\u00e5te \u00e5 \u00f8ve p\u00e5 forst\u00e5elsen av symmetri samtidig som de&hellip;","jetpack_sharing_enabled":true,"_links":{"self":[{"href":"https:\/\/nordicteacher.no\/en\/wp-json\/wp\/v2\/product\/4158","targetHints":{"allow":["GET"]}}],"collection":[{"href":"https:\/\/nordicteacher.no\/en\/wp-json\/wp\/v2\/product"}],"about":[{"href":"https:\/\/nordicteacher.no\/en\/wp-json\/wp\/v2\/types\/product"}],"replies":[{"embeddable":true,"href":"https:\/\/nordicteacher.no\/en\/wp-json\/wp\/v2\/comments?post=4158"}],"wp:featuredmedia":[{"embeddable":true,"href":"https:\/\/nordicteacher.no\/en\/wp-json\/wp\/v2\/media\/4159"}],"wp:attachment":[{"href":"https:\/\/nordicteacher.no\/en\/wp-json\/wp\/v2\/media?parent=4158"}],"wp:term":[{"taxonomy":"product_brand","embeddable":true,"href":"https:\/\/nordicteacher.no\/en\/wp-json\/wp\/v2\/product_brand?post=4158"},{"taxonomy":"product_cat","embeddable":true,"href":"https:\/\/nordicteacher.no\/en\/wp-json\/wp\/v2\/product_cat?post=4158"},{"taxonomy":"product_tag","embeddable":true,"href":"https:\/\/nordicteacher.no\/en\/wp-json\/wp\/v2\/product_tag?post=4158"}],"curies":[{"name":"wp","href":"https:\/\/api.w.org\/{rel}","templated":true}]}}