{"id":4131,"date":"2024-10-06T14:31:21","date_gmt":"2024-10-06T14:31:21","guid":{"rendered":"https:\/\/nordicteacher.no\/?post_type=product&#038;p=4131"},"modified":"2024-10-06T14:31:22","modified_gmt":"2024-10-06T14:31:22","slug":"kode-ordet-code-word-halloween","status":"publish","type":"product","link":"https:\/\/nordicteacher.no\/en\/product\/kode-ordet-code-word-halloween\/","title":{"rendered":"Kode ordet \/ Code word (HALLOWEEN)"},"content":{"rendered":"<p><span class=\"OYPEnA font-feature-liga-off font-feature-clig-off font-feature-calt-off text-decoration-none text-strikethrough-none\">Aktiviteten &laquo;Kode ordet (Halloween)&raquo; handler om \u00e5 l\u00f8se en kode ved \u00e5 finne et skjult ord relatert til Halloween. Elevene bruker en oversikt som viser hvilken bokstav som h\u00f8rer til hvert bilde for \u00e5 dekode ordet.<\/span><\/p>\n<p><span class=\"OYPEnA font-feature-liga-off font-feature-clig-off font-feature-calt-off text-decoration-none text-strikethrough-none\">The activity &laquo;Code the word (Halloween)&raquo; is about solving a code by finding a hidden word related to Halloween. Students use an overview that shows which letter belongs to each picture to decode the word.<\/span><\/p>\n<p>&nbsp;<\/p>","protected":false},"excerpt":{"rendered":"<p>Aktiviteten &laquo;Kode ordet (Halloween)&raquo; handler om \u00e5 l\u00f8se en kode ved \u00e5 finne et skjult ord relatert til Halloween. Elevene bruker en oversikt som viser hvilken bokstav som h\u00f8rer til hvert bilde for \u00e5 dekode ordet. The activity &laquo;Code the word (Halloween)&raquo; is about solving a code by finding a hidden word related to Halloween. [&hellip;]<\/p>","protected":false},"featured_media":4134,"comment_status":"open","ping_status":"closed","template":"","meta":{"_uag_custom_page_level_css":"","site-sidebar-layout":"default","site-content-layout":"","ast-site-content-layout":"default","site-content-style":"default","site-sidebar-style":"default","ast-global-header-display":"","ast-banner-title-visibility":"","ast-main-header-display":"","ast-hfb-above-header-display":"","ast-hfb-below-header-display":"","ast-hfb-mobile-header-display":"","site-post-title":"","ast-breadcrumbs-content":"","ast-featured-img":"","footer-sml-layout":"","theme-transparent-header-meta":"default","adv-header-id-meta":"","stick-header-meta":"","header-above-stick-meta":"","header-main-stick-meta":"","header-below-stick-meta":"","astra-migrate-meta-layouts":"set","ast-page-background-enabled":"default","ast-page-background-meta":{"desktop":{"background-color":"var(--ast-global-color-4)","background-image":"","background-repeat":"repeat","background-position":"center center","background-size":"auto","background-attachment":"scroll","background-type":"","background-media":"","overlay-type":"","overlay-color":"","overlay-opacity":"","overlay-gradient":""},"tablet":{"background-color":"","background-image":"","background-repeat":"repeat","background-position":"center center","background-size":"auto","background-attachment":"scroll","background-type":"","background-media":"","overlay-type":"","overlay-color":"","overlay-opacity":"","overlay-gradient":""},"mobile":{"background-color":"","background-image":"","background-repeat":"repeat","background-position":"center center","background-size":"auto","background-attachment":"scroll","background-type":"","background-media":"","overlay-type":"","overlay-color":"","overlay-opacity":"","overlay-gradient":""}},"ast-content-background-meta":{"desktop":{"background-color":"var(--ast-global-color-5)","background-image":"","background-repeat":"repeat","background-position":"center center","background-size":"auto","background-attachment":"scroll","background-type":"","background-media":"","overlay-type":"","overlay-color":"","overlay-opacity":"","overlay-gradient":""},"tablet":{"background-color":"var(--ast-global-color-5)","background-image":"","background-repeat":"repeat","background-position":"center center","background-size":"auto","background-attachment":"scroll","background-type":"","background-media":"","overlay-type":"","overlay-color":"","overlay-opacity":"","overlay-gradient":""},"mobile":{"background-color":"var(--ast-global-color-5)","background-image":"","background-repeat":"repeat","background-position":"center center","background-size":"auto","background-attachment":"scroll","background-type":"","background-media":"","overlay-type":"","overlay-color":"","overlay-opacity":"","overlay-gradient":""}},"_kadence_starter_templates_imported_post":false},"product_brand":[],"product_cat":[127,161,133,154],"product_tag":[257,258,256],"class_list":{"0":"post-4131","1":"product","2":"type-product","3":"status-publish","4":"has-post-thumbnail","6":"product_cat-1-4-trinn","7":"product_cat-engelsk-1-4-trinn","8":"product_cat-halloween","9":"product_cat-norsk-1-4-trinn-produkter","10":"product_tag-fonem","11":"product_tag-grafem","12":"product_tag-halloween","13":"desktop-align-center","14":"tablet-align-left","15":"mobile-align-left","17":"first","18":"instock","19":"downloadable","20":"taxable","21":"shipping-taxable","22":"purchasable","23":"product-type-simple","24":"add-to-wishlist-after_add_to_cart"},"uagb_featured_image_src":{"full":["https:\/\/nordicteacher.no\/wp-content\/uploads\/2024\/10\/Code-Word-Halloween.png",1748,1240,false],"thumbnail":["https:\/\/nordicteacher.no\/wp-content\/uploads\/2024\/10\/Code-Word-Halloween-150x150.png",150,150,true],"medium":["https:\/\/nordicteacher.no\/wp-content\/uploads\/2024\/10\/Code-Word-Halloween-300x213.png",300,213,true],"medium_large":["https:\/\/nordicteacher.no\/wp-content\/uploads\/2024\/10\/Code-Word-Halloween-768x545.png",768,545,true],"large":["https:\/\/nordicteacher.no\/wp-content\/uploads\/2024\/10\/Code-Word-Halloween-1024x726.png",1024,726,true],"1536x1536":["https:\/\/nordicteacher.no\/wp-content\/uploads\/2024\/10\/Code-Word-Halloween-1536x1090.png",1536,1090,true],"2048x2048":["https:\/\/nordicteacher.no\/wp-content\/uploads\/2024\/10\/Code-Word-Halloween.png",1748,1240,false],"trp-custom-language-flag":["https:\/\/nordicteacher.no\/wp-content\/uploads\/2024\/10\/Code-Word-Halloween-18x12.png",18,12,true],"woocommerce_thumbnail":["https:\/\/nordicteacher.no\/wp-content\/uploads\/2024\/10\/Code-Word-Halloween-300x213.png",300,213,true],"woocommerce_single":["https:\/\/nordicteacher.no\/wp-content\/uploads\/2024\/10\/Code-Word-Halloween-600x426.png",600,426,true],"woocommerce_gallery_thumbnail":["https:\/\/nordicteacher.no\/wp-content\/uploads\/2024\/10\/Code-Word-Halloween-100x100.png",100,100,true]},"uagb_author_info":{"display_name":"Nordic Teacher","author_link":"https:\/\/nordicteacher.no\/en\/author\/"},"uagb_comment_info":0,"uagb_excerpt":"Aktiviteten &laquo;Kode ordet (Halloween)&raquo; handler om \u00e5 l\u00f8se en kode ved \u00e5 finne et skjult ord relatert til Halloween. Elevene bruker en oversikt som viser hvilken bokstav som h\u00f8rer til hvert bilde for \u00e5 dekode ordet. The activity &laquo;Code the word (Halloween)&raquo; is about solving a code by finding a hidden word related to Halloween.&hellip;","jetpack_sharing_enabled":true,"_links":{"self":[{"href":"https:\/\/nordicteacher.no\/en\/wp-json\/wp\/v2\/product\/4131","targetHints":{"allow":["GET"]}}],"collection":[{"href":"https:\/\/nordicteacher.no\/en\/wp-json\/wp\/v2\/product"}],"about":[{"href":"https:\/\/nordicteacher.no\/en\/wp-json\/wp\/v2\/types\/product"}],"replies":[{"embeddable":true,"href":"https:\/\/nordicteacher.no\/en\/wp-json\/wp\/v2\/comments?post=4131"}],"wp:featuredmedia":[{"embeddable":true,"href":"https:\/\/nordicteacher.no\/en\/wp-json\/wp\/v2\/media\/4134"}],"wp:attachment":[{"href":"https:\/\/nordicteacher.no\/en\/wp-json\/wp\/v2\/media?parent=4131"}],"wp:term":[{"taxonomy":"product_brand","embeddable":true,"href":"https:\/\/nordicteacher.no\/en\/wp-json\/wp\/v2\/product_brand?post=4131"},{"taxonomy":"product_cat","embeddable":true,"href":"https:\/\/nordicteacher.no\/en\/wp-json\/wp\/v2\/product_cat?post=4131"},{"taxonomy":"product_tag","embeddable":true,"href":"https:\/\/nordicteacher.no\/en\/wp-json\/wp\/v2\/product_tag?post=4131"}],"curies":[{"name":"wp","href":"https:\/\/api.w.org\/{rel}","templated":true}]}}