{"id":3971,"date":"2024-07-19T18:34:02","date_gmt":"2024-07-19T18:34:02","guid":{"rendered":"https:\/\/nordicteacher.no\/?post_type=product&#038;p=3971"},"modified":"2024-07-19T18:34:21","modified_gmt":"2024-07-19T18:34:21","slug":"bokstavboker-a-a","status":"publish","type":"product","link":"https:\/\/nordicteacher.no\/en\/product\/bokstavboker-a-a\/","title":{"rendered":"Bokstavb\u00f8ker (A-\u00c5)"},"content":{"rendered":"<p>Aktiviteten handler om \u00e5 l\u00e6re alfabetet.<\/p>\n<h3>Innhold:<\/h3>\n<ul>\n<li><strong>Totalt 30 oppgavehefter:<\/strong>\n<ul>\n<li><strong>Oppgavehefte for hver bokstav i hele alfabetet:<\/strong> Hvert hefte har 16 sider med varierte oppgaver og aktiviteter.<\/li>\n<li><strong>Ekstra hefte &laquo;Jeg kan hele alfabetet&raquo;:<\/strong> Dette inkluderer et diplom for \u00e5 ha fullf\u00f8rt hele alfabetet.<\/li>\n<\/ul>\n<\/li>\n<\/ul>\n<h3>Hensikt:<\/h3>\n<ul>\n<li><strong>L\u00e6re alfabetet:<\/strong> Aktiviteten hjelper elevene med \u00e5 l\u00e6re og gjenkjenne alle bokstavene i alfabetet.<\/li>\n<li><strong>Tilpasning:<\/strong> Oppgavene kan tilpasses ulike l\u00e6ringsstiler og behov. L\u00e6rere kan bruke materialet til helklasseundervisning, stasjonsundervisning eller individuelt arbeid.<\/li>\n<\/ul>","protected":false},"excerpt":{"rendered":"<p>Aktiviteten handler om \u00e5 l\u00e6re alfabetet. Innhold: Totalt 30 oppgavehefter: Oppgavehefte for hver bokstav i hele alfabetet: Hvert hefte har 16 sider med varierte oppgaver og aktiviteter. Ekstra hefte &laquo;Jeg kan hele alfabetet&raquo;: Dette inkluderer et diplom for \u00e5 ha fullf\u00f8rt hele alfabetet. Hensikt: L\u00e6re alfabetet: Aktiviteten hjelper elevene med \u00e5 l\u00e6re og gjenkjenne alle [&hellip;]<\/p>","protected":false},"featured_media":4004,"comment_status":"open","ping_status":"closed","template":"","meta":{"_uag_custom_page_level_css":"","site-sidebar-layout":"default","site-content-layout":"","ast-site-content-layout":"default","site-content-style":"default","site-sidebar-style":"default","ast-global-header-display":"","ast-banner-title-visibility":"","ast-main-header-display":"","ast-hfb-above-header-display":"","ast-hfb-below-header-display":"","ast-hfb-mobile-header-display":"","site-post-title":"","ast-breadcrumbs-content":"","ast-featured-img":"","footer-sml-layout":"","theme-transparent-header-meta":"default","adv-header-id-meta":"","stick-header-meta":"","header-above-stick-meta":"","header-main-stick-meta":"","header-below-stick-meta":"","astra-migrate-meta-layouts":"set","ast-page-background-enabled":"default","ast-page-background-meta":{"desktop":{"background-color":"var(--ast-global-color-4)","background-image":"","background-repeat":"repeat","background-position":"center center","background-size":"auto","background-attachment":"scroll","background-type":"","background-media":"","overlay-type":"","overlay-color":"","overlay-opacity":"","overlay-gradient":""},"tablet":{"background-color":"","background-image":"","background-repeat":"repeat","background-position":"center center","background-size":"auto","background-attachment":"scroll","background-type":"","background-media":"","overlay-type":"","overlay-color":"","overlay-opacity":"","overlay-gradient":""},"mobile":{"background-color":"","background-image":"","background-repeat":"repeat","background-position":"center center","background-size":"auto","background-attachment":"scroll","background-type":"","background-media":"","overlay-type":"","overlay-color":"","overlay-opacity":"","overlay-gradient":""}},"ast-content-background-meta":{"desktop":{"background-color":"var(--ast-global-color-5)","background-image":"","background-repeat":"repeat","background-position":"center center","background-size":"auto","background-attachment":"scroll","background-type":"","background-media":"","overlay-type":"","overlay-color":"","overlay-opacity":"","overlay-gradient":""},"tablet":{"background-color":"var(--ast-global-color-5)","background-image":"","background-repeat":"repeat","background-position":"center center","background-size":"auto","background-attachment":"scroll","background-type":"","background-media":"","overlay-type":"","overlay-color":"","overlay-opacity":"","overlay-gradient":""},"mobile":{"background-color":"var(--ast-global-color-5)","background-image":"","background-repeat":"repeat","background-position":"center center","background-size":"auto","background-attachment":"scroll","background-type":"","background-media":"","overlay-type":"","overlay-color":"","overlay-opacity":"","overlay-gradient":""}},"_kadence_starter_templates_imported_post":false},"product_brand":[],"product_cat":[127,154,164,136,163,166,162],"product_tag":[205,192,236,199,237,175],"class_list":{"0":"post-3971","1":"product","2":"type-product","3":"status-publish","4":"has-post-thumbnail","6":"product_cat-1-4-trinn","7":"product_cat-norsk-1-4-trinn-produkter","8":"product_cat-selvstendig-arbeid","9":"product_cat-skolestart","10":"product_cat-stasjonsundervisning","11":"product_cat-tavleundervisning","12":"product_cat-undervisningstype","13":"product_tag-alfabetet","14":"product_tag-begynneropplaering","15":"product_tag-bokstavbok","16":"product_tag-lesing","17":"product_tag-norsk","18":"product_tag-skriving","19":"desktop-align-center","20":"tablet-align-left","21":"mobile-align-left","23":"first","24":"instock","25":"sale","26":"downloadable","27":"taxable","28":"shipping-taxable","29":"purchasable","30":"product-type-simple","31":"add-to-wishlist-after_add_to_cart"},"uagb_featured_image_src":{"full":["https:\/\/nordicteacher.no\/wp-content\/uploads\/2024\/07\/AAA-Produktbilde.png",1414,2000,false],"thumbnail":["https:\/\/nordicteacher.no\/wp-content\/uploads\/2024\/07\/AAA-Produktbilde-150x150.png",150,150,true],"medium":["https:\/\/nordicteacher.no\/wp-content\/uploads\/2024\/07\/AAA-Produktbilde-212x300.png",212,300,true],"medium_large":["https:\/\/nordicteacher.no\/wp-content\/uploads\/2024\/07\/AAA-Produktbilde-768x1086.png",768,1086,true],"large":["https:\/\/nordicteacher.no\/wp-content\/uploads\/2024\/07\/AAA-Produktbilde-724x1024.png",724,1024,true],"1536x1536":["https:\/\/nordicteacher.no\/wp-content\/uploads\/2024\/07\/AAA-Produktbilde-1086x1536.png",1086,1536,true],"2048x2048":["https:\/\/nordicteacher.no\/wp-content\/uploads\/2024\/07\/AAA-Produktbilde.png",1414,2000,false],"trp-custom-language-flag":["https:\/\/nordicteacher.no\/wp-content\/uploads\/2024\/07\/AAA-Produktbilde-8x12.png",8,12,true],"woocommerce_thumbnail":["https:\/\/nordicteacher.no\/wp-content\/uploads\/2024\/07\/AAA-Produktbilde-300x424.png",300,424,true],"woocommerce_single":["https:\/\/nordicteacher.no\/wp-content\/uploads\/2024\/07\/AAA-Produktbilde-600x849.png",600,849,true],"woocommerce_gallery_thumbnail":["https:\/\/nordicteacher.no\/wp-content\/uploads\/2024\/07\/AAA-Produktbilde-100x100.png",100,100,true]},"uagb_author_info":{"display_name":"Nordic Teacher","author_link":"https:\/\/nordicteacher.no\/en\/author\/"},"uagb_comment_info":0,"uagb_excerpt":"Aktiviteten handler om \u00e5 l\u00e6re alfabetet. Innhold: Totalt 30 oppgavehefter: Oppgavehefte for hver bokstav i hele alfabetet: Hvert hefte har 16 sider med varierte oppgaver og aktiviteter. Ekstra hefte &laquo;Jeg kan hele alfabetet&raquo;: Dette inkluderer et diplom for \u00e5 ha fullf\u00f8rt hele alfabetet. Hensikt: L\u00e6re alfabetet: Aktiviteten hjelper elevene med \u00e5 l\u00e6re og gjenkjenne alle&hellip;","jetpack_sharing_enabled":true,"_links":{"self":[{"href":"https:\/\/nordicteacher.no\/en\/wp-json\/wp\/v2\/product\/3971","targetHints":{"allow":["GET"]}}],"collection":[{"href":"https:\/\/nordicteacher.no\/en\/wp-json\/wp\/v2\/product"}],"about":[{"href":"https:\/\/nordicteacher.no\/en\/wp-json\/wp\/v2\/types\/product"}],"replies":[{"embeddable":true,"href":"https:\/\/nordicteacher.no\/en\/wp-json\/wp\/v2\/comments?post=3971"}],"wp:featuredmedia":[{"embeddable":true,"href":"https:\/\/nordicteacher.no\/en\/wp-json\/wp\/v2\/media\/4004"}],"wp:attachment":[{"href":"https:\/\/nordicteacher.no\/en\/wp-json\/wp\/v2\/media?parent=3971"}],"wp:term":[{"taxonomy":"product_brand","embeddable":true,"href":"https:\/\/nordicteacher.no\/en\/wp-json\/wp\/v2\/product_brand?post=3971"},{"taxonomy":"product_cat","embeddable":true,"href":"https:\/\/nordicteacher.no\/en\/wp-json\/wp\/v2\/product_cat?post=3971"},{"taxonomy":"product_tag","embeddable":true,"href":"https:\/\/nordicteacher.no\/en\/wp-json\/wp\/v2\/product_tag?post=3971"}],"curies":[{"name":"wp","href":"https:\/\/api.w.org\/{rel}","templated":true}]}}