{"id":3936,"date":"2024-07-19T13:52:32","date_gmt":"2024-07-19T13:52:32","guid":{"rendered":"https:\/\/nordicteacher.no\/?post_type=product&#038;p=3936"},"modified":"2024-07-19T13:52:33","modified_gmt":"2024-07-19T13:52:33","slug":"4-adventures-by-4-eventyr-av-asbjornsen-moe","status":"publish","type":"product","link":"https:\/\/nordicteacher.no\/en\/product\/4-adventures-by-4-eventyr-av-asbjornsen-moe\/","title":{"rendered":"4 adventures by \/ 4 eventyr av Asbj\u00f8rnsen &#038; Moe"},"content":{"rendered":"<p class=\"cvGsUA direction-ltr align-start para-style-body\"><strong><span class=\"OYPEnA font-feature-liga-off font-feature-clig-off font-feature-calt-off text-decoration-none text-strikethrough-none\">Hva handler aktiviteten om?<\/span><\/strong><\/p>\n<ul>\n<li><span class=\"OYPEnA font-feature-liga-off font-feature-clig-off font-feature-calt-off text-decoration-none text-strikethrough-none\">Denne aktiviteten handler om \u00e5 utforske fire klassiske eventyr av Asbj\u00f8rnsen og Moe: &laquo;Askeladden som kapp\u00e5t med trollet,&raquo; &laquo;Den syvende far i huset,&raquo; &laquo;Reveenka,&raquo; og &laquo;Pannekaka.&raquo; Hvert eventyr har et tilh\u00f8rende oppgaveark som inneholder forst\u00e5elsessp\u00f8rsm\u00e5l og sant eller usant-sp\u00f8rsm\u00e5l. Disse oppgavene er designet for \u00e5 teste og forbedre elevenes leseforst\u00e5else og evne til \u00e5 hente ut viktig informasjon fra teksten.<\/span><\/li>\n<\/ul>\n<p class=\"cvGsUA direction-ltr align-start para-style-body\"><strong><span class=\"OYPEnA font-feature-liga-off font-feature-clig-off font-feature-calt-off text-decoration-none text-strikethrough-none\">Innholdet i filen<\/span><\/strong><\/p>\n<ul>\n<li><span class=\"OYPEnA font-feature-liga-off font-feature-clig-off font-feature-calt-off text-decoration-none text-strikethrough-none\">Eventyrene:<\/span>\n<ul>\n<li><span class=\"OYPEnA font-feature-liga-off font-feature-clig-off font-feature-calt-off text-decoration-none text-strikethrough-none\">Askeladden som kapp\u00e5t med trollet<\/span><span class=\"OYPEnA font-feature-liga-off font-feature-clig-off font-feature-calt-off text-decoration-none text-strikethrough-none\">: Historien om Askeladden som overlistet trollet ved \u00e5 late som han kunne spise uendelig mye gr\u00f8t.<\/span><\/li>\n<li><span class=\"OYPEnA font-feature-liga-off font-feature-clig-off font-feature-calt-off text-decoration-none text-strikethrough-none\">Den syvende far i huset<\/span><span class=\"OYPEnA font-feature-liga-off font-feature-clig-off font-feature-calt-off text-decoration-none text-strikethrough-none\">: Fortellingen om en mann som reiser og s\u00f8ker husly, men m\u00f8ter flere generasjoner av eldgamle menn f\u00f8r han finner den rette far i huset.<\/span><\/li>\n<li><span class=\"OYPEnA font-feature-liga-off font-feature-clig-off font-feature-calt-off text-decoration-none text-strikethrough-none\">Reveenka<\/span><span class=\"OYPEnA font-feature-liga-off font-feature-clig-off font-feature-calt-off text-decoration-none text-strikethrough-none\">: Eventyret om en reveenka som f\u00e5r bes\u00f8k av flere friere, men avviser dem inntil hun m\u00f8ter en annen rev.<\/span><\/li>\n<li><span class=\"OYPEnA font-feature-liga-off font-feature-clig-off font-feature-calt-off text-decoration-none text-strikethrough-none\">Pannekaka<\/span><span class=\"OYPEnA font-feature-liga-off font-feature-clig-off font-feature-calt-off text-decoration-none text-strikethrough-none\">: Historien om en pannekake som r\u00f8mmer fra familien som laget den, og m\u00f8ter flere dyr p\u00e5 sin ferd f\u00f8r den til slutt blir spist av en gris.<\/span><\/li>\n<\/ul>\n<\/li>\n<li><span class=\"OYPEnA font-feature-liga-off font-feature-clig-off font-feature-calt-off text-decoration-none text-strikethrough-none\">Oppgaveark:<\/span>\n<ul>\n<li><span class=\"OYPEnA font-feature-liga-off font-feature-clig-off font-feature-calt-off text-decoration-none text-strikethrough-none\">Forst\u00e5elsessp\u00f8rsm\u00e5l: Disse sp\u00f8rsm\u00e5lene tester hvor godt elevene har forst\u00e5tt handlingen og detaljene i hvert eventyr.<\/span><\/li>\n<li><span class=\"OYPEnA font-feature-liga-off font-feature-clig-off font-feature-calt-off text-decoration-none text-strikethrough-none\">Sant eller usant-sp\u00f8rsm\u00e5l: Disse sp\u00f8rsm\u00e5lene hjelper elevene \u00e5 identifisere n\u00f8kkelinformasjon og detaljer fra teksten, samt \u00e5 tenke kritisk om innholdet.<\/span><\/li>\n<\/ul>\n<\/li>\n<\/ul>\n<p>&nbsp;<\/p>\n<p>&nbsp;<\/p>\n<p class=\"cvGsUA direction-ltr align-start para-style-body\"><strong><span class=\"OYPEnA font-feature-liga-off font-feature-clig-off font-feature-calt-off text-decoration-none text-strikethrough-none\">What is the activity about?<\/span><\/strong><\/p>\n<ul>\n<li><span class=\"OYPEnA font-feature-liga-off font-feature-clig-off font-feature-calt-off text-decoration-none text-strikethrough-none\">This activity is about exploring four classic fairy tales by Asbj\u00f8rnsen and Moe: &laquo;Cinderella Who Raced the Troll,&raquo; &laquo;The Seventh Father in the House,&raquo; &laquo;The Widow Fox,&raquo; and &laquo;Pannekaka.&raquo; Each adventure has an accompanying worksheet containing comprehension questions and true or false questions. These tasks are designed to test and improve students&#8217; reading comprehension and ability to extract important information from the text.<\/span><\/li>\n<\/ul>\n<p class=\"cvGsUA direction-ltr align-start para-style-body\"><strong><span class=\"OYPEnA font-feature-liga-off font-feature-clig-off font-feature-calt-off text-decoration-none text-strikethrough-none\">The contents of the file<\/span><\/strong><\/p>\n<ul>\n<li><span class=\"OYPEnA font-feature-liga-off font-feature-clig-off font-feature-calt-off text-decoration-none text-strikethrough-none\">The adventures:<\/span>\n<ul>\n<li><span class=\"OYPEnA font-feature-liga-off font-feature-clig-off font-feature-calt-off text-decoration-none text-strikethrough-none\">Cinderella who raced the troll: <\/span><span class=\"OYPEnA font-feature-liga-off font-feature-clig-off font-feature-calt-off text-decoration-none text-strikethrough-none\">The story of Cinderella who outwitted the troll by pretending that he could eat an infinite amount of porridge.<\/span><\/li>\n<li><span class=\"OYPEnA font-feature-liga-off font-feature-clig-off font-feature-calt-off text-decoration-none text-strikethrough-none\">The seventh father in the house: <\/span><span class=\"OYPEnA font-feature-liga-off font-feature-clig-off font-feature-calt-off text-decoration-none text-strikethrough-none\">The story of a man who travels and seeks shelter, but meets several generations of ancient men before he finds the right father in the house.<\/span><\/li>\n<li><span class=\"OYPEnA font-feature-liga-off font-feature-clig-off font-feature-calt-off text-decoration-none text-strikethrough-none\">The Widow Fox: <\/span><span class=\"OYPEnA font-feature-liga-off font-feature-clig-off font-feature-calt-off text-decoration-none text-strikethrough-none\">The adventure of a widow fox who is visited by several suitors, but rejects them until she meets another fox.<\/span><\/li>\n<li><span class=\"OYPEnA font-feature-liga-off font-feature-clig-off font-feature-calt-off text-decoration-none text-strikethrough-none\">Pancake: <\/span><span class=\"OYPEnA font-feature-liga-off font-feature-clig-off font-feature-calt-off text-decoration-none text-strikethrough-none\">The story of a pancake that escapes from the family that made it, and meets several animals on its way before it is finally eaten by a pig.<\/span><\/li>\n<\/ul>\n<\/li>\n<li><span class=\"OYPEnA font-feature-liga-off font-feature-clig-off font-feature-calt-off text-decoration-none text-strikethrough-none\">Task sheet:<\/span>\n<ul>\n<li><span class=\"OYPEnA font-feature-liga-off font-feature-clig-off font-feature-calt-off text-decoration-none text-strikethrough-none\">Comprehension Questions: These questions test how well students have understood the plot and details of each adventure.<\/span><\/li>\n<li><span class=\"OYPEnA font-feature-liga-off font-feature-clig-off font-feature-calt-off text-decoration-none text-strikethrough-none\">True or False Questions: These questions help students identify key information and details from the text, as well as think critically about the content.<\/span><\/li>\n<\/ul>\n<\/li>\n<\/ul>","protected":false},"excerpt":{"rendered":"<p>Hva handler aktiviteten om? Denne aktiviteten handler om \u00e5 utforske fire klassiske eventyr av Asbj\u00f8rnsen og Moe: &laquo;Askeladden som kapp\u00e5t med trollet,&raquo; &laquo;Den syvende far i huset,&raquo; &laquo;Reveenka,&raquo; og &laquo;Pannekaka.&raquo; Hvert eventyr har et tilh\u00f8rende oppgaveark som inneholder forst\u00e5elsessp\u00f8rsm\u00e5l og sant eller usant-sp\u00f8rsm\u00e5l. Disse oppgavene er designet for \u00e5 teste og forbedre elevenes leseforst\u00e5else og [&hellip;]<\/p>","protected":false},"featured_media":3939,"comment_status":"open","ping_status":"closed","template":"","meta":{"_uag_custom_page_level_css":"","site-sidebar-layout":"default","site-content-layout":"","ast-site-content-layout":"default","site-content-style":"default","site-sidebar-style":"default","ast-global-header-display":"","ast-banner-title-visibility":"","ast-main-header-display":"","ast-hfb-above-header-display":"","ast-hfb-below-header-display":"","ast-hfb-mobile-header-display":"","site-post-title":"","ast-breadcrumbs-content":"","ast-featured-img":"","footer-sml-layout":"","theme-transparent-header-meta":"default","adv-header-id-meta":"","stick-header-meta":"","header-above-stick-meta":"","header-main-stick-meta":"","header-below-stick-meta":"","astra-migrate-meta-layouts":"set","ast-page-background-enabled":"default","ast-page-background-meta":{"desktop":{"background-color":"var(--ast-global-color-4)","background-image":"","background-repeat":"repeat","background-position":"center center","background-size":"auto","background-attachment":"scroll","background-type":"","background-media":"","overlay-type":"","overlay-color":"","overlay-opacity":"","overlay-gradient":""},"tablet":{"background-color":"","background-image":"","background-repeat":"repeat","background-position":"center center","background-size":"auto","background-attachment":"scroll","background-type":"","background-media":"","overlay-type":"","overlay-color":"","overlay-opacity":"","overlay-gradient":""},"mobile":{"background-color":"","background-image":"","background-repeat":"repeat","background-position":"center center","background-size":"auto","background-attachment":"scroll","background-type":"","background-media":"","overlay-type":"","overlay-color":"","overlay-opacity":"","overlay-gradient":""}},"ast-content-background-meta":{"desktop":{"background-color":"var(--ast-global-color-5)","background-image":"","background-repeat":"repeat","background-position":"center center","background-size":"auto","background-attachment":"scroll","background-type":"","background-media":"","overlay-type":"","overlay-color":"","overlay-opacity":"","overlay-gradient":""},"tablet":{"background-color":"var(--ast-global-color-5)","background-image":"","background-repeat":"repeat","background-position":"center center","background-size":"auto","background-attachment":"scroll","background-type":"","background-media":"","overlay-type":"","overlay-color":"","overlay-opacity":"","overlay-gradient":""},"mobile":{"background-color":"var(--ast-global-color-5)","background-image":"","background-repeat":"repeat","background-position":"center center","background-size":"auto","background-attachment":"scroll","background-type":"","background-media":"","overlay-type":"","overlay-color":"","overlay-opacity":"","overlay-gradient":""}},"_kadence_starter_templates_imported_post":false},"product_brand":[],"product_cat":[126,152,144,162],"product_tag":[231,232,199,167],"class_list":{"0":"post-3936","1":"product","2":"type-product","3":"status-publish","4":"has-post-thumbnail","6":"product_cat-5-7-trinn","7":"product_cat-engelsk","8":"product_cat-norsk","9":"product_cat-undervisningstype","10":"product_tag-eventyr","11":"product_tag-fairytail","12":"product_tag-lesing","13":"product_tag-reading","14":"desktop-align-center","15":"tablet-align-left","16":"mobile-align-left","18":"first","19":"instock","20":"downloadable","21":"taxable","22":"shipping-taxable","23":"purchasable","24":"product-type-simple","25":"add-to-wishlist-after_add_to_cart"},"uagb_featured_image_src":{"full":["https:\/\/nordicteacher.no\/wp-content\/uploads\/2024\/07\/4-eventyr-av-Asbjornsen-og-Moe1.png",1414,2000,false],"thumbnail":["https:\/\/nordicteacher.no\/wp-content\/uploads\/2024\/07\/4-eventyr-av-Asbjornsen-og-Moe1-150x150.png",150,150,true],"medium":["https:\/\/nordicteacher.no\/wp-content\/uploads\/2024\/07\/4-eventyr-av-Asbjornsen-og-Moe1-212x300.png",212,300,true],"medium_large":["https:\/\/nordicteacher.no\/wp-content\/uploads\/2024\/07\/4-eventyr-av-Asbjornsen-og-Moe1-768x1086.png",768,1086,true],"large":["https:\/\/nordicteacher.no\/wp-content\/uploads\/2024\/07\/4-eventyr-av-Asbjornsen-og-Moe1-724x1024.png",724,1024,true],"1536x1536":["https:\/\/nordicteacher.no\/wp-content\/uploads\/2024\/07\/4-eventyr-av-Asbjornsen-og-Moe1-1086x1536.png",1086,1536,true],"2048x2048":["https:\/\/nordicteacher.no\/wp-content\/uploads\/2024\/07\/4-eventyr-av-Asbjornsen-og-Moe1.png",1414,2000,false],"trp-custom-language-flag":["https:\/\/nordicteacher.no\/wp-content\/uploads\/2024\/07\/4-eventyr-av-Asbjornsen-og-Moe1-8x12.png",8,12,true],"woocommerce_thumbnail":["https:\/\/nordicteacher.no\/wp-content\/uploads\/2024\/07\/4-eventyr-av-Asbjornsen-og-Moe1-300x424.png",300,424,true],"woocommerce_single":["https:\/\/nordicteacher.no\/wp-content\/uploads\/2024\/07\/4-eventyr-av-Asbjornsen-og-Moe1-600x849.png",600,849,true],"woocommerce_gallery_thumbnail":["https:\/\/nordicteacher.no\/wp-content\/uploads\/2024\/07\/4-eventyr-av-Asbjornsen-og-Moe1-100x100.png",100,100,true]},"uagb_author_info":{"display_name":"Nordic Teacher","author_link":"https:\/\/nordicteacher.no\/en\/author\/"},"uagb_comment_info":0,"uagb_excerpt":"Hva handler aktiviteten om? Denne aktiviteten handler om \u00e5 utforske fire klassiske eventyr av Asbj\u00f8rnsen og Moe: &laquo;Askeladden som kapp\u00e5t med trollet,&raquo; &laquo;Den syvende far i huset,&raquo; &laquo;Reveenka,&raquo; og &laquo;Pannekaka.&raquo; Hvert eventyr har et tilh\u00f8rende oppgaveark som inneholder forst\u00e5elsessp\u00f8rsm\u00e5l og sant eller usant-sp\u00f8rsm\u00e5l. Disse oppgavene er designet for \u00e5 teste og forbedre elevenes leseforst\u00e5else og&hellip;","jetpack_sharing_enabled":true,"_links":{"self":[{"href":"https:\/\/nordicteacher.no\/en\/wp-json\/wp\/v2\/product\/3936","targetHints":{"allow":["GET"]}}],"collection":[{"href":"https:\/\/nordicteacher.no\/en\/wp-json\/wp\/v2\/product"}],"about":[{"href":"https:\/\/nordicteacher.no\/en\/wp-json\/wp\/v2\/types\/product"}],"replies":[{"embeddable":true,"href":"https:\/\/nordicteacher.no\/en\/wp-json\/wp\/v2\/comments?post=3936"}],"wp:featuredmedia":[{"embeddable":true,"href":"https:\/\/nordicteacher.no\/en\/wp-json\/wp\/v2\/media\/3939"}],"wp:attachment":[{"href":"https:\/\/nordicteacher.no\/en\/wp-json\/wp\/v2\/media?parent=3936"}],"wp:term":[{"taxonomy":"product_brand","embeddable":true,"href":"https:\/\/nordicteacher.no\/en\/wp-json\/wp\/v2\/product_brand?post=3936"},{"taxonomy":"product_cat","embeddable":true,"href":"https:\/\/nordicteacher.no\/en\/wp-json\/wp\/v2\/product_cat?post=3936"},{"taxonomy":"product_tag","embeddable":true,"href":"https:\/\/nordicteacher.no\/en\/wp-json\/wp\/v2\/product_tag?post=3936"}],"curies":[{"name":"wp","href":"https:\/\/api.w.org\/{rel}","templated":true}]}}