{"id":3902,"date":"2024-07-13T11:33:22","date_gmt":"2024-07-13T11:33:22","guid":{"rendered":"https:\/\/nordicteacher.no\/?post_type=product&#038;p=3902"},"modified":"2024-07-13T11:33:24","modified_gmt":"2024-07-13T11:33:24","slug":"fairy-tales-with-comprehension-activities","status":"publish","type":"product","link":"https:\/\/nordicteacher.no\/en\/product\/fairy-tales-with-comprehension-activities\/","title":{"rendered":"Fairy Tales with comprehension activities"},"content":{"rendered":"<p class=\"cvGsUA direction-ltr align-start para-style-body\"><strong><span class=\"OYPEnA text-decoration-none text-strikethrough-none\">Hva handler aktiviteten om?<\/span><\/strong><\/p>\n<ul>\n<li><span class=\"OYPEnA text-decoration-none text-strikethrough-none\">Aktiviteten fokuserer p\u00e5 lesing og forst\u00e5elses\u00f8velser basert p\u00e5 fire klassiske engelske eventyr. Elevene skal lese eventyrene og fullf\u00f8re tilh\u00f8rende oppgaveark som forsterker deres forst\u00e5else av teksten.<\/span><\/li>\n<\/ul>\n<p class=\"cvGsUA direction-ltr align-start para-style-body\"><strong><span class=\"OYPEnA text-decoration-none text-strikethrough-none\">Innholdet i filen<\/span><\/strong><\/p>\n<ul>\n<li><span class=\"OYPEnA text-decoration-none text-strikethrough-none\">Fire engelske eventyr: &laquo;Rumpelstiltskin,&raquo; &laquo;The Golden Goose,&raquo; &laquo;The Tin Soldier,&raquo; og &laquo;The Emperor&#8217;s New Clothes.&raquo;<\/span><\/li>\n<li><span class=\"OYPEnA text-decoration-none text-strikethrough-none\">Oppgaveark for hvert eventyr, med sp\u00f8rsm\u00e5l for \u00e5 sikre leseforst\u00e5else.<\/span><\/li>\n<\/ul>\n<p>&nbsp;<\/p>\n<p class=\"cvGsUA direction-ltr align-start para-style-body\"><strong><span class=\"OYPEnA text-decoration-none text-strikethrough-none\">About the activity<\/span><\/strong><\/p>\n<ul>\n<li><span class=\"OYPEnA text-decoration-none text-strikethrough-none\">The activity focuses on reading and comprehension exercises based on four classic English fairy tales. Students will read the stories and complete accompanying worksheets that reinforce their understanding of the text.<\/span><\/li>\n<\/ul>\n<p class=\"cvGsUA direction-ltr align-start para-style-body\"><strong><span class=\"OYPEnA text-decoration-none text-strikethrough-none\">The File Contains<\/span><\/strong><\/p>\n<ul>\n<li><span class=\"OYPEnA text-decoration-none text-strikethrough-none\">Four English fairy tales: &laquo;Rumpelstiltskin,&raquo; &laquo;The Golden Goose,&raquo; &laquo;The Tin Soldier,&raquo; and &laquo;The Emperor&#8217;s New Clothes.&raquo;<\/span><\/li>\n<li><span class=\"OYPEnA text-decoration-none text-strikethrough-none\">Comprehension worksheets for each story, with questions to ensure understanding.<\/span><\/li>\n<\/ul>","protected":false},"excerpt":{"rendered":"<p>Hva handler aktiviteten om? Aktiviteten fokuserer p\u00e5 lesing og forst\u00e5elses\u00f8velser basert p\u00e5 fire klassiske engelske eventyr. Elevene skal lese eventyrene og fullf\u00f8re tilh\u00f8rende oppgaveark som forsterker deres forst\u00e5else av teksten. Innholdet i filen Fire engelske eventyr: &laquo;Rumpelstiltskin,&raquo; &laquo;The Golden Goose,&raquo; &laquo;The Tin Soldier,&raquo; og &laquo;The Emperor&#8217;s New Clothes.&raquo; Oppgaveark for hvert eventyr, med sp\u00f8rsm\u00e5l for [&hellip;]<\/p>","protected":false},"featured_media":3904,"comment_status":"open","ping_status":"closed","template":"","meta":{"_uag_custom_page_level_css":"","site-sidebar-layout":"default","site-content-layout":"","ast-site-content-layout":"default","site-content-style":"default","site-sidebar-style":"default","ast-global-header-display":"","ast-banner-title-visibility":"","ast-main-header-display":"","ast-hfb-above-header-display":"","ast-hfb-below-header-display":"","ast-hfb-mobile-header-display":"","site-post-title":"","ast-breadcrumbs-content":"","ast-featured-img":"","footer-sml-layout":"","theme-transparent-header-meta":"default","adv-header-id-meta":"","stick-header-meta":"","header-above-stick-meta":"","header-main-stick-meta":"","header-below-stick-meta":"","astra-migrate-meta-layouts":"set","ast-page-background-enabled":"default","ast-page-background-meta":{"desktop":{"background-color":"var(--ast-global-color-4)","background-image":"","background-repeat":"repeat","background-position":"center center","background-size":"auto","background-attachment":"scroll","background-type":"","background-media":"","overlay-type":"","overlay-color":"","overlay-opacity":"","overlay-gradient":""},"tablet":{"background-color":"","background-image":"","background-repeat":"repeat","background-position":"center center","background-size":"auto","background-attachment":"scroll","background-type":"","background-media":"","overlay-type":"","overlay-color":"","overlay-opacity":"","overlay-gradient":""},"mobile":{"background-color":"","background-image":"","background-repeat":"repeat","background-position":"center center","background-size":"auto","background-attachment":"scroll","background-type":"","background-media":"","overlay-type":"","overlay-color":"","overlay-opacity":"","overlay-gradient":""}},"ast-content-background-meta":{"desktop":{"background-color":"var(--ast-global-color-5)","background-image":"","background-repeat":"repeat","background-position":"center center","background-size":"auto","background-attachment":"scroll","background-type":"","background-media":"","overlay-type":"","overlay-color":"","overlay-opacity":"","overlay-gradient":""},"tablet":{"background-color":"var(--ast-global-color-5)","background-image":"","background-repeat":"repeat","background-position":"center center","background-size":"auto","background-attachment":"scroll","background-type":"","background-media":"","overlay-type":"","overlay-color":"","overlay-opacity":"","overlay-gradient":""},"mobile":{"background-color":"var(--ast-global-color-5)","background-image":"","background-repeat":"repeat","background-position":"center center","background-size":"auto","background-attachment":"scroll","background-type":"","background-media":"","overlay-type":"","overlay-color":"","overlay-opacity":"","overlay-gradient":""}},"_kadence_starter_templates_imported_post":false},"product_brand":[],"product_cat":[126,152,164,166,162],"product_tag":[228,199,167],"class_list":{"0":"post-3902","1":"product","2":"type-product","3":"status-publish","4":"has-post-thumbnail","6":"product_cat-5-7-trinn","7":"product_cat-engelsk","8":"product_cat-selvstendig-arbeid","9":"product_cat-tavleundervisning","10":"product_cat-undervisningstype","11":"product_tag-engelsk","12":"product_tag-lesing","13":"product_tag-reading","14":"desktop-align-center","15":"tablet-align-left","16":"mobile-align-left","18":"first","19":"instock","20":"downloadable","21":"taxable","22":"shipping-taxable","23":"purchasable","24":"product-type-simple","25":"add-to-wishlist-after_add_to_cart"},"uagb_featured_image_src":{"full":["https:\/\/nordicteacher.no\/wp-content\/uploads\/2024\/07\/Fairy-Tales-with-comprehension-activities3.png",1414,2000,false],"thumbnail":["https:\/\/nordicteacher.no\/wp-content\/uploads\/2024\/07\/Fairy-Tales-with-comprehension-activities3-150x150.png",150,150,true],"medium":["https:\/\/nordicteacher.no\/wp-content\/uploads\/2024\/07\/Fairy-Tales-with-comprehension-activities3-212x300.png",212,300,true],"medium_large":["https:\/\/nordicteacher.no\/wp-content\/uploads\/2024\/07\/Fairy-Tales-with-comprehension-activities3-768x1086.png",768,1086,true],"large":["https:\/\/nordicteacher.no\/wp-content\/uploads\/2024\/07\/Fairy-Tales-with-comprehension-activities3-724x1024.png",724,1024,true],"1536x1536":["https:\/\/nordicteacher.no\/wp-content\/uploads\/2024\/07\/Fairy-Tales-with-comprehension-activities3-1086x1536.png",1086,1536,true],"2048x2048":["https:\/\/nordicteacher.no\/wp-content\/uploads\/2024\/07\/Fairy-Tales-with-comprehension-activities3.png",1414,2000,false],"trp-custom-language-flag":["https:\/\/nordicteacher.no\/wp-content\/uploads\/2024\/07\/Fairy-Tales-with-comprehension-activities3-8x12.png",8,12,true],"woocommerce_thumbnail":["https:\/\/nordicteacher.no\/wp-content\/uploads\/2024\/07\/Fairy-Tales-with-comprehension-activities3-300x424.png",300,424,true],"woocommerce_single":["https:\/\/nordicteacher.no\/wp-content\/uploads\/2024\/07\/Fairy-Tales-with-comprehension-activities3-600x849.png",600,849,true],"woocommerce_gallery_thumbnail":["https:\/\/nordicteacher.no\/wp-content\/uploads\/2024\/07\/Fairy-Tales-with-comprehension-activities3-100x100.png",100,100,true]},"uagb_author_info":{"display_name":"Nordic Teacher","author_link":"https:\/\/nordicteacher.no\/en\/author\/"},"uagb_comment_info":0,"uagb_excerpt":"Hva handler aktiviteten om? Aktiviteten fokuserer p\u00e5 lesing og forst\u00e5elses\u00f8velser basert p\u00e5 fire klassiske engelske eventyr. Elevene skal lese eventyrene og fullf\u00f8re tilh\u00f8rende oppgaveark som forsterker deres forst\u00e5else av teksten. Innholdet i filen Fire engelske eventyr: &laquo;Rumpelstiltskin,&raquo; &laquo;The Golden Goose,&raquo; &laquo;The Tin Soldier,&raquo; og &laquo;The Emperor&#8217;s New Clothes.&raquo; Oppgaveark for hvert eventyr, med sp\u00f8rsm\u00e5l for&hellip;","jetpack_sharing_enabled":true,"_links":{"self":[{"href":"https:\/\/nordicteacher.no\/en\/wp-json\/wp\/v2\/product\/3902","targetHints":{"allow":["GET"]}}],"collection":[{"href":"https:\/\/nordicteacher.no\/en\/wp-json\/wp\/v2\/product"}],"about":[{"href":"https:\/\/nordicteacher.no\/en\/wp-json\/wp\/v2\/types\/product"}],"replies":[{"embeddable":true,"href":"https:\/\/nordicteacher.no\/en\/wp-json\/wp\/v2\/comments?post=3902"}],"wp:featuredmedia":[{"embeddable":true,"href":"https:\/\/nordicteacher.no\/en\/wp-json\/wp\/v2\/media\/3904"}],"wp:attachment":[{"href":"https:\/\/nordicteacher.no\/en\/wp-json\/wp\/v2\/media?parent=3902"}],"wp:term":[{"taxonomy":"product_brand","embeddable":true,"href":"https:\/\/nordicteacher.no\/en\/wp-json\/wp\/v2\/product_brand?post=3902"},{"taxonomy":"product_cat","embeddable":true,"href":"https:\/\/nordicteacher.no\/en\/wp-json\/wp\/v2\/product_cat?post=3902"},{"taxonomy":"product_tag","embeddable":true,"href":"https:\/\/nordicteacher.no\/en\/wp-json\/wp\/v2\/product_tag?post=3902"}],"curies":[{"name":"wp","href":"https:\/\/api.w.org\/{rel}","templated":true}]}}