{"id":3885,"date":"2024-07-13T11:12:35","date_gmt":"2024-07-13T11:12:35","guid":{"rendered":"https:\/\/nordicteacher.no\/?post_type=product&#038;p=3885"},"modified":"2024-07-13T11:12:37","modified_gmt":"2024-07-13T11:12:37","slug":"bomb-bomba","status":"publish","type":"product","link":"https:\/\/nordicteacher.no\/en\/product\/bomb-bomba\/","title":{"rendered":"BOMB! \/ BOMBA!"},"content":{"rendered":"<p class=\"cvGsUA direction-ltr align-start para-style-body\"><strong><span class=\"OYPEnA text-decoration-none text-strikethrough-none\">Hva handler spillet om?<\/span><\/strong><\/p>\n<p class=\"cvGsUA direction-ltr align-start para-style-body\"><span class=\"OYPEnA text-decoration-none text-strikethrough-none\">Aktiviteten &laquo;Bomba!&raquo; handler om \u00e5 l\u00e6re om tallinjer og operasjoner med positive og negative tall p\u00e5 en interaktiv og engasjerende m\u00e5te. Elevene plasserer en stor tallinje p\u00e5 gulvet. Gjennom aktiv deltakelse l\u00e6rer de \u00e5 hoppe frem og tilbake langs tallinjen ved \u00e5 l\u00f8se addisjons- og subtraksjonsoppgaver.<\/span><\/p>\n<p class=\"cvGsUA direction-ltr align-start para-style-body\"><strong><span class=\"OYPEnA text-decoration-none text-strikethrough-none\">Innholdet i filen<\/span><\/strong><\/p>\n<ul>\n<li><span class=\"OYPEnA text-decoration-none text-strikethrough-none\">Tallinje-ark: En utskrift av tallene fra -10 til 20 som kan plasseres p\u00e5 gulvet for \u00e5 danne en stor tallinje.<\/span><\/li>\n<li><span class=\"OYPEnA text-decoration-none text-strikethrough-none\">Et ark med bomba.<\/span><\/li>\n<\/ul>\n<p class=\"cvGsUA direction-ltr align-start para-style-body\"><strong><span class=\"OYPEnA text-decoration-none text-strikethrough-none\">Hensikten med aktiviteten<\/span><\/strong><\/p>\n<ul>\n<li><span class=\"OYPEnA text-decoration-none text-strikethrough-none\">L\u00e6ring av tallinjer:<\/span><span class=\"OYPEnA text-decoration-none text-strikethrough-none\"> Elevene f\u00e5r praktisk erfaring med \u00e5 plassere og navigere langs en stor tallinje fra -10 til 20.<\/span><\/li>\n<li><span class=\"OYPEnA text-decoration-none text-strikethrough-none\">Forst\u00e5else av positive og negative tall:<\/span><span class=\"OYPEnA text-decoration-none text-strikethrough-none\"> Aktiviteten introduserer og styrker forst\u00e5elsen av positive tall, negative tall og deres plassering p\u00e5 tallinjen.<\/span><\/li>\n<li><span class=\"OYPEnA text-decoration-none text-strikethrough-none\">Matematisk ferdigheter:<\/span><span class=\"OYPEnA text-decoration-none text-strikethrough-none\"> \u00d8ver p\u00e5 \u00e5 l\u00f8se enkle addisjons- og subtraksjonsoppgaver under trygge og st\u00f8ttende omstendigheter.<\/span><\/li>\n<\/ul>\n<p>&nbsp;<\/p>\n<p class=\"cvGsUA direction-ltr align-start para-style-body\"><strong><span class=\"OYPEnA text-decoration-none text-strikethrough-none\">What is the game about?<\/span><\/strong><\/p>\n<p class=\"cvGsUA direction-ltr align-start para-style-body\"><span class=\"OYPEnA text-decoration-none text-strikethrough-none\">The activity &laquo;Bomb!&raquo; is about learning about number lines and operations with positive and negative numbers in an interactive and engaging way. Students place a large number line on the floor. Through active participation, they learn to jump back and forth along the number line by solving addition and subtraction problems.<\/span><\/p>\n<p class=\"cvGsUA direction-ltr align-start para-style-body\"><strong><span class=\"OYPEnA text-decoration-none text-strikethrough-none\">The contents of the file<\/span><\/strong><\/p>\n<ul>\n<li><span class=\"OYPEnA text-decoration-none text-strikethrough-none\">Number Line Sheet: A printout of the numbers from -10 to 20 that can be placed on the floor to form a large number line.<\/span><\/li>\n<li><span class=\"OYPEnA text-decoration-none text-strikethrough-none\">A sheet of a bomb.<\/span><\/li>\n<\/ul>\n<p class=\"cvGsUA direction-ltr align-start para-style-body\"><strong><span class=\"OYPEnA text-decoration-none text-strikethrough-none\">The purpose of the activity<\/span><\/strong><\/p>\n<ul>\n<li><span class=\"OYPEnA text-decoration-none text-strikethrough-none\">Learning number lines: <\/span><span class=\"OYPEnA text-decoration-none text-strikethrough-none\">Students get practical experience in placing and navigating along a large number line from -10 to 20.<\/span><\/li>\n<li><span class=\"OYPEnA text-decoration-none text-strikethrough-none\">Understanding positive and negative numbers: <\/span><span class=\"OYPEnA text-decoration-none text-strikethrough-none\">The activity introduces and strengthens the understanding of positive numbers, negative numbers and their position on the number line.<\/span><\/li>\n<li><span class=\"OYPEnA text-decoration-none text-strikethrough-none\">Mathematical skills: <\/span><span class=\"OYPEnA text-decoration-none text-strikethrough-none\">Practice solving simple addition and subtraction problems in safe and supportive circumstances.<\/span><\/li>\n<\/ul>","protected":false},"excerpt":{"rendered":"<p>Hva handler spillet om? Aktiviteten &laquo;Bomba!&raquo; handler om \u00e5 l\u00e6re om tallinjer og operasjoner med positive og negative tall p\u00e5 en interaktiv og engasjerende m\u00e5te. Elevene plasserer en stor tallinje p\u00e5 gulvet. Gjennom aktiv deltakelse l\u00e6rer de \u00e5 hoppe frem og tilbake langs tallinjen ved \u00e5 l\u00f8se addisjons- og subtraksjonsoppgaver. Innholdet i filen Tallinje-ark: En [&hellip;]<\/p>","protected":false},"featured_media":3888,"comment_status":"open","ping_status":"closed","template":"","meta":{"_uag_custom_page_level_css":"","site-sidebar-layout":"default","site-content-layout":"","ast-site-content-layout":"default","site-content-style":"default","site-sidebar-style":"default","ast-global-header-display":"","ast-banner-title-visibility":"","ast-main-header-display":"","ast-hfb-above-header-display":"","ast-hfb-below-header-display":"","ast-hfb-mobile-header-display":"","site-post-title":"","ast-breadcrumbs-content":"","ast-featured-img":"","footer-sml-layout":"","theme-transparent-header-meta":"default","adv-header-id-meta":"","stick-header-meta":"","header-above-stick-meta":"","header-main-stick-meta":"","header-below-stick-meta":"","astra-migrate-meta-layouts":"set","ast-page-background-enabled":"default","ast-page-background-meta":{"desktop":{"background-color":"var(--ast-global-color-4)","background-image":"","background-repeat":"repeat","background-position":"center center","background-size":"auto","background-attachment":"scroll","background-type":"","background-media":"","overlay-type":"","overlay-color":"","overlay-opacity":"","overlay-gradient":""},"tablet":{"background-color":"","background-image":"","background-repeat":"repeat","background-position":"center center","background-size":"auto","background-attachment":"scroll","background-type":"","background-media":"","overlay-type":"","overlay-color":"","overlay-opacity":"","overlay-gradient":""},"mobile":{"background-color":"","background-image":"","background-repeat":"repeat","background-position":"center center","background-size":"auto","background-attachment":"scroll","background-type":"","background-media":"","overlay-type":"","overlay-color":"","overlay-opacity":"","overlay-gradient":""}},"ast-content-background-meta":{"desktop":{"background-color":"var(--ast-global-color-5)","background-image":"","background-repeat":"repeat","background-position":"center center","background-size":"auto","background-attachment":"scroll","background-type":"","background-media":"","overlay-type":"","overlay-color":"","overlay-opacity":"","overlay-gradient":""},"tablet":{"background-color":"var(--ast-global-color-5)","background-image":"","background-repeat":"repeat","background-position":"center center","background-size":"auto","background-attachment":"scroll","background-type":"","background-media":"","overlay-type":"","overlay-color":"","overlay-opacity":"","overlay-gradient":""},"mobile":{"background-color":"var(--ast-global-color-5)","background-image":"","background-repeat":"repeat","background-position":"center center","background-size":"auto","background-attachment":"scroll","background-type":"","background-media":"","overlay-type":"","overlay-color":"","overlay-opacity":"","overlay-gradient":""}},"_kadence_starter_templates_imported_post":false},"product_brand":[],"product_cat":[127,165,157,166,162],"product_tag":[221,76,225,224],"class_list":{"0":"post-3885","1":"product","2":"type-product","3":"status-publish","4":"has-post-thumbnail","6":"product_cat-1-4-trinn","7":"product_cat-lek-og-spill","8":"product_cat-matematikk-1-4-trinn-produkter","9":"product_cat-tavleundervisning","10":"product_cat-undervisningstype","11":"product_tag-free","12":"product_tag-gratis","13":"product_tag-matematisk-aktivitet","14":"product_tag-mathematical-activity","15":"desktop-align-center","16":"tablet-align-left","17":"mobile-align-left","19":"first","20":"instock","21":"downloadable","22":"taxable","23":"shipping-taxable","24":"purchasable","25":"product-type-simple","26":"add-to-wishlist-after_add_to_cart"},"uagb_featured_image_src":{"full":["https:\/\/nordicteacher.no\/wp-content\/uploads\/2024\/07\/BOMB.png",1414,2000,false],"thumbnail":["https:\/\/nordicteacher.no\/wp-content\/uploads\/2024\/07\/BOMB-150x150.png",150,150,true],"medium":["https:\/\/nordicteacher.no\/wp-content\/uploads\/2024\/07\/BOMB-212x300.png",212,300,true],"medium_large":["https:\/\/nordicteacher.no\/wp-content\/uploads\/2024\/07\/BOMB-768x1086.png",768,1086,true],"large":["https:\/\/nordicteacher.no\/wp-content\/uploads\/2024\/07\/BOMB-724x1024.png",724,1024,true],"1536x1536":["https:\/\/nordicteacher.no\/wp-content\/uploads\/2024\/07\/BOMB-1086x1536.png",1086,1536,true],"2048x2048":["https:\/\/nordicteacher.no\/wp-content\/uploads\/2024\/07\/BOMB.png",1414,2000,false],"trp-custom-language-flag":["https:\/\/nordicteacher.no\/wp-content\/uploads\/2024\/07\/BOMB-8x12.png",8,12,true],"woocommerce_thumbnail":["https:\/\/nordicteacher.no\/wp-content\/uploads\/2024\/07\/BOMB-300x424.png",300,424,true],"woocommerce_single":["https:\/\/nordicteacher.no\/wp-content\/uploads\/2024\/07\/BOMB-600x849.png",600,849,true],"woocommerce_gallery_thumbnail":["https:\/\/nordicteacher.no\/wp-content\/uploads\/2024\/07\/BOMB-100x100.png",100,100,true]},"uagb_author_info":{"display_name":"Nordic Teacher","author_link":"https:\/\/nordicteacher.no\/en\/author\/"},"uagb_comment_info":0,"uagb_excerpt":"Hva handler spillet om? Aktiviteten &laquo;Bomba!&raquo; handler om \u00e5 l\u00e6re om tallinjer og operasjoner med positive og negative tall p\u00e5 en interaktiv og engasjerende m\u00e5te. Elevene plasserer en stor tallinje p\u00e5 gulvet. Gjennom aktiv deltakelse l\u00e6rer de \u00e5 hoppe frem og tilbake langs tallinjen ved \u00e5 l\u00f8se addisjons- og subtraksjonsoppgaver. Innholdet i filen Tallinje-ark: En&hellip;","jetpack_sharing_enabled":true,"_links":{"self":[{"href":"https:\/\/nordicteacher.no\/en\/wp-json\/wp\/v2\/product\/3885","targetHints":{"allow":["GET"]}}],"collection":[{"href":"https:\/\/nordicteacher.no\/en\/wp-json\/wp\/v2\/product"}],"about":[{"href":"https:\/\/nordicteacher.no\/en\/wp-json\/wp\/v2\/types\/product"}],"replies":[{"embeddable":true,"href":"https:\/\/nordicteacher.no\/en\/wp-json\/wp\/v2\/comments?post=3885"}],"wp:featuredmedia":[{"embeddable":true,"href":"https:\/\/nordicteacher.no\/en\/wp-json\/wp\/v2\/media\/3888"}],"wp:attachment":[{"href":"https:\/\/nordicteacher.no\/en\/wp-json\/wp\/v2\/media?parent=3885"}],"wp:term":[{"taxonomy":"product_brand","embeddable":true,"href":"https:\/\/nordicteacher.no\/en\/wp-json\/wp\/v2\/product_brand?post=3885"},{"taxonomy":"product_cat","embeddable":true,"href":"https:\/\/nordicteacher.no\/en\/wp-json\/wp\/v2\/product_cat?post=3885"},{"taxonomy":"product_tag","embeddable":true,"href":"https:\/\/nordicteacher.no\/en\/wp-json\/wp\/v2\/product_tag?post=3885"}],"curies":[{"name":"wp","href":"https:\/\/api.w.org\/{rel}","templated":true}]}}