{"id":3878,"date":"2024-07-13T11:09:08","date_gmt":"2024-07-13T11:09:08","guid":{"rendered":"https:\/\/nordicteacher.no\/?post_type=product&#038;p=3878"},"modified":"2024-07-13T11:09:09","modified_gmt":"2024-07-13T11:09:09","slug":"100-dagers-fest-100-day-party","status":"publish","type":"product","link":"https:\/\/nordicteacher.no\/en\/product\/100-dagers-fest-100-day-party\/","title":{"rendered":"100-dagers fest \/ 100-day party"},"content":{"rendered":"<p class=\"cvGsUA direction-ltr align-start para-style-body\"><strong><span class=\"OYPEnA text-decoration-none text-strikethrough-none\">Hva handler aktivitetene om?<\/span><\/strong><\/p>\n<ul>\n<li><span class=\"OYPEnA text-decoration-none text-strikethrough-none\">Aktivitetene handler om \u00e5 feire at elevene har g\u00e5tt 100 dager p\u00e5 skolen. Dette er en morsom og pedagogisk feiring hvor elevene oppfordres til \u00e5 kle seg som 100-\u00e5ringer og delta i ulike aktiviteter knyttet til tallet 100.<\/span><\/li>\n<\/ul>\n<p class=\"cvGsUA direction-ltr align-start para-style-body\"><strong><span class=\"OYPEnA text-decoration-none text-strikethrough-none\">Innholdet i filen<\/span><\/strong><\/p>\n<ul>\n<li><span class=\"OYPEnA text-decoration-none text-strikethrough-none\">Invitasjon<\/span><span class=\"OYPEnA text-decoration-none text-strikethrough-none\">: En invitasjon til 100-dagersfesten.<\/span><\/li>\n<li><span class=\"OYPEnA text-decoration-none text-strikethrough-none\">100-dagersdikt<\/span><span class=\"OYPEnA text-decoration-none text-strikethrough-none\">: Et spesielt dikt om 100 dager.<\/span><\/li>\n<li><span class=\"OYPEnA text-decoration-none text-strikethrough-none\">6 oppgaver til diktet<\/span><span class=\"OYPEnA text-decoration-none text-strikethrough-none\">: Engasjerende oppgaver relatert til 100-dagersdiktet.<\/span><\/li>\n<li><span class=\"OYPEnA text-decoration-none text-strikethrough-none\">Non-stop graf<\/span><span class=\"OYPEnA text-decoration-none text-strikethrough-none\">: En aktivitet hvor elevene lager en graf med non-stop (sjokoladedrops) for \u00e5 illustrere 100.<\/span><\/li>\n<li><span class=\"OYPEnA text-decoration-none text-strikethrough-none\">Tegneoppgave med 100-dagersmonsteret<\/span><span class=\"OYPEnA text-decoration-none text-strikethrough-none\">: Elevene tegner et monster som representerer 100 dager.<\/span><\/li>\n<li><span class=\"OYPEnA text-decoration-none text-strikethrough-none\">10 aktiviteter\/\u00f8velser med til sammen 100 repetisjoner<\/span><span class=\"OYPEnA text-decoration-none text-strikethrough-none\">: Fysiske og mentale \u00f8velser hvor summen av repetisjonene blir 100.<\/span><\/li>\n<li><span class=\"OYPEnA text-decoration-none text-strikethrough-none\">Diplom<\/span><span class=\"OYPEnA text-decoration-none text-strikethrough-none\">: Et diplom som elevene f\u00e5r for \u00e5 ha g\u00e5tt 100 dager p\u00e5 skolen.<\/span><\/li>\n<li><span class=\"OYPEnA text-decoration-none text-strikethrough-none\">Mal for \u00e5 legge 10 av samme ting i hver rute<\/span><span class=\"OYPEnA text-decoration-none text-strikethrough-none\">: En aktivitet hvor elevene samler og legger 10 av samme ting i hver rute, slik at det blir 100 ting totalt.<\/span><\/li>\n<li><span class=\"OYPEnA text-decoration-none text-strikethrough-none\">Mal for \u00e5 klippe ut briller til 100-dagersfesten<\/span><span class=\"OYPEnA text-decoration-none text-strikethrough-none\">: En mal som elevene kan bruke til \u00e5 lage briller.<\/span><\/li>\n<li><span class=\"OYPEnA text-decoration-none text-strikethrough-none\">Ark til paradis (hoppeleken)<\/span><span class=\"OYPEnA text-decoration-none text-strikethrough-none\">: Utskrivbare ark til \u00e5 lage et paradis (hoppeleken).<\/span><\/li>\n<\/ul>\n<p>&nbsp;<\/p>\n<p class=\"cvGsUA direction-ltr align-start para-style-body\"><strong><span class=\"OYPEnA text-decoration-none text-strikethrough-none\">What are the activities about?<\/span><\/strong><\/p>\n<ul>\n<li><span class=\"OYPEnA text-decoration-none text-strikethrough-none\">The activities are about celebrating that the pupils have been at school for 100 days. This is a fun and educational celebration where students are encouraged to dress as 100-year-olds and participate in various activities related to the number 100.<\/span><\/li>\n<\/ul>\n<p class=\"cvGsUA direction-ltr align-start para-style-body\"><strong><span class=\"OYPEnA text-decoration-none text-strikethrough-none\">The contents of the file<\/span><\/strong><\/p>\n<ul>\n<li><span class=\"OYPEnA text-decoration-none text-strikethrough-none\">Invitation: <\/span><span class=\"OYPEnA text-decoration-none text-strikethrough-none\">An invitation to the 100-day party.<\/span><\/li>\n<li><span class=\"OYPEnA text-decoration-none text-strikethrough-none\">100-day poem: <\/span><span class=\"OYPEnA text-decoration-none text-strikethrough-none\">A special poem about 100 days.<\/span><\/li>\n<li><span class=\"OYPEnA text-decoration-none text-strikethrough-none\">6 tasks for the poem: <\/span><span class=\"OYPEnA text-decoration-none text-strikethrough-none\">Engaging tasks related to the 100-day poem.<\/span><\/li>\n<li><span class=\"OYPEnA text-decoration-none text-strikethrough-none\">Non-stop graph: <\/span><span class=\"OYPEnA text-decoration-none text-strikethrough-none\">An activity where students make a graph<\/span> <span class=\"OYPEnA text-decoration-none text-strikethrough-none\">with non-stop (chocolate drops) to illustrate 100.<\/span><\/li>\n<li><span class=\"OYPEnA text-decoration-none text-strikethrough-none\">Drawing task with the 100-day monster: <\/span><span class=\"OYPEnA text-decoration-none text-strikethrough-none\">Students draw a monster that represents 100 days.<\/span><\/li>\n<li><span class=\"OYPEnA text-decoration-none text-strikethrough-none\">10 activities\/exercises with a total of 100 repetitions: <\/span><span class=\"OYPEnA text-decoration-none text-strikethrough-none\">Physical and mental exercises where the sum of the repetitions is 100.<\/span><\/li>\n<li><span class=\"OYPEnA text-decoration-none text-strikethrough-none\">Diploma: <\/span><span class=\"OYPEnA text-decoration-none text-strikethrough-none\">A diploma that students receive for having attended 100 days at school.<\/span><\/li>\n<li><span class=\"OYPEnA text-decoration-none text-strikethrough-none\">Template for putting 10 of the same thing in each square: <\/span><span class=\"OYPEnA text-decoration-none text-strikethrough-none\">An activity where students collect and put 10 of the same thing in each square, so that there are 100 things in total.<\/span><\/li>\n<li><span class=\"OYPEnA text-decoration-none text-strikethrough-none\">100 Day Party Glasses Cutout Template: <\/span><span class=\"OYPEnA text-decoration-none text-strikethrough-none\">A template for students to use to make glasses.<\/span><\/li>\n<li><span class=\"OYPEnA text-decoration-none text-strikethrough-none\">Sheets for paradise (jump game): <\/span><span class=\"OYPEnA text-decoration-none text-strikethrough-none\">Printable sheets to make a paradise (jump game).<\/span><\/li>\n<\/ul>","protected":false},"excerpt":{"rendered":"<p>Hva handler aktivitetene om? Aktivitetene handler om \u00e5 feire at elevene har g\u00e5tt 100 dager p\u00e5 skolen. Dette er en morsom og pedagogisk feiring hvor elevene oppfordres til \u00e5 kle seg som 100-\u00e5ringer og delta i ulike aktiviteter knyttet til tallet 100. Innholdet i filen Invitasjon: En invitasjon til 100-dagersfesten. 100-dagersdikt: Et spesielt dikt om [&hellip;]<\/p>","protected":false},"featured_media":3879,"comment_status":"open","ping_status":"closed","template":"","meta":{"_uag_custom_page_level_css":"","site-sidebar-layout":"default","site-content-layout":"","ast-site-content-layout":"default","site-content-style":"default","site-sidebar-style":"default","ast-global-header-display":"","ast-banner-title-visibility":"","ast-main-header-display":"","ast-hfb-above-header-display":"","ast-hfb-below-header-display":"","ast-hfb-mobile-header-display":"","site-post-title":"","ast-breadcrumbs-content":"","ast-featured-img":"","footer-sml-layout":"","theme-transparent-header-meta":"default","adv-header-id-meta":"","stick-header-meta":"","header-above-stick-meta":"","header-main-stick-meta":"","header-below-stick-meta":"","astra-migrate-meta-layouts":"set","ast-page-background-enabled":"default","ast-page-background-meta":{"desktop":{"background-color":"var(--ast-global-color-4)","background-image":"","background-repeat":"repeat","background-position":"center center","background-size":"auto","background-attachment":"scroll","background-type":"","background-media":"","overlay-type":"","overlay-color":"","overlay-opacity":"","overlay-gradient":""},"tablet":{"background-color":"","background-image":"","background-repeat":"repeat","background-position":"center center","background-size":"auto","background-attachment":"scroll","background-type":"","background-media":"","overlay-type":"","overlay-color":"","overlay-opacity":"","overlay-gradient":""},"mobile":{"background-color":"","background-image":"","background-repeat":"repeat","background-position":"center center","background-size":"auto","background-attachment":"scroll","background-type":"","background-media":"","overlay-type":"","overlay-color":"","overlay-opacity":"","overlay-gradient":""}},"ast-content-background-meta":{"desktop":{"background-color":"var(--ast-global-color-5)","background-image":"","background-repeat":"repeat","background-position":"center center","background-size":"auto","background-attachment":"scroll","background-type":"","background-media":"","overlay-type":"","overlay-color":"","overlay-opacity":"","overlay-gradient":""},"tablet":{"background-color":"var(--ast-global-color-5)","background-image":"","background-repeat":"repeat","background-position":"center center","background-size":"auto","background-attachment":"scroll","background-type":"","background-media":"","overlay-type":"","overlay-color":"","overlay-opacity":"","overlay-gradient":""},"mobile":{"background-color":"var(--ast-global-color-5)","background-image":"","background-repeat":"repeat","background-position":"center center","background-size":"auto","background-attachment":"scroll","background-type":"","background-media":"","overlay-type":"","overlay-color":"","overlay-opacity":"","overlay-gradient":""}},"_kadence_starter_templates_imported_post":false},"product_brand":[],"product_cat":[127,124,136],"product_tag":[222,223],"class_list":{"0":"post-3878","1":"product","2":"type-product","3":"status-publish","4":"has-post-thumbnail","6":"product_cat-1-4-trinn","7":"product_cat-annet","8":"product_cat-skolestart","9":"product_tag-100-dagers-fest","10":"product_tag-100-day-party","11":"desktop-align-center","12":"tablet-align-left","13":"mobile-align-left","15":"first","16":"instock","17":"downloadable","18":"taxable","19":"shipping-taxable","20":"purchasable","21":"product-type-simple","22":"add-to-wishlist-after_add_to_cart"},"uagb_featured_image_src":{"full":["https:\/\/nordicteacher.no\/wp-content\/uploads\/2024\/07\/100-dagersfest1.png",1414,2000,false],"thumbnail":["https:\/\/nordicteacher.no\/wp-content\/uploads\/2024\/07\/100-dagersfest1-150x150.png",150,150,true],"medium":["https:\/\/nordicteacher.no\/wp-content\/uploads\/2024\/07\/100-dagersfest1-212x300.png",212,300,true],"medium_large":["https:\/\/nordicteacher.no\/wp-content\/uploads\/2024\/07\/100-dagersfest1-768x1086.png",768,1086,true],"large":["https:\/\/nordicteacher.no\/wp-content\/uploads\/2024\/07\/100-dagersfest1-724x1024.png",724,1024,true],"1536x1536":["https:\/\/nordicteacher.no\/wp-content\/uploads\/2024\/07\/100-dagersfest1-1086x1536.png",1086,1536,true],"2048x2048":["https:\/\/nordicteacher.no\/wp-content\/uploads\/2024\/07\/100-dagersfest1.png",1414,2000,false],"trp-custom-language-flag":["https:\/\/nordicteacher.no\/wp-content\/uploads\/2024\/07\/100-dagersfest1-8x12.png",8,12,true],"woocommerce_thumbnail":["https:\/\/nordicteacher.no\/wp-content\/uploads\/2024\/07\/100-dagersfest1-300x424.png",300,424,true],"woocommerce_single":["https:\/\/nordicteacher.no\/wp-content\/uploads\/2024\/07\/100-dagersfest1-600x849.png",600,849,true],"woocommerce_gallery_thumbnail":["https:\/\/nordicteacher.no\/wp-content\/uploads\/2024\/07\/100-dagersfest1-100x100.png",100,100,true]},"uagb_author_info":{"display_name":"Nordic Teacher","author_link":"https:\/\/nordicteacher.no\/en\/author\/"},"uagb_comment_info":0,"uagb_excerpt":"Hva handler aktivitetene om? Aktivitetene handler om \u00e5 feire at elevene har g\u00e5tt 100 dager p\u00e5 skolen. Dette er en morsom og pedagogisk feiring hvor elevene oppfordres til \u00e5 kle seg som 100-\u00e5ringer og delta i ulike aktiviteter knyttet til tallet 100. Innholdet i filen Invitasjon: En invitasjon til 100-dagersfesten. 100-dagersdikt: Et spesielt dikt om&hellip;","jetpack_sharing_enabled":true,"_links":{"self":[{"href":"https:\/\/nordicteacher.no\/en\/wp-json\/wp\/v2\/product\/3878","targetHints":{"allow":["GET"]}}],"collection":[{"href":"https:\/\/nordicteacher.no\/en\/wp-json\/wp\/v2\/product"}],"about":[{"href":"https:\/\/nordicteacher.no\/en\/wp-json\/wp\/v2\/types\/product"}],"replies":[{"embeddable":true,"href":"https:\/\/nordicteacher.no\/en\/wp-json\/wp\/v2\/comments?post=3878"}],"wp:featuredmedia":[{"embeddable":true,"href":"https:\/\/nordicteacher.no\/en\/wp-json\/wp\/v2\/media\/3879"}],"wp:attachment":[{"href":"https:\/\/nordicteacher.no\/en\/wp-json\/wp\/v2\/media?parent=3878"}],"wp:term":[{"taxonomy":"product_brand","embeddable":true,"href":"https:\/\/nordicteacher.no\/en\/wp-json\/wp\/v2\/product_brand?post=3878"},{"taxonomy":"product_cat","embeddable":true,"href":"https:\/\/nordicteacher.no\/en\/wp-json\/wp\/v2\/product_cat?post=3878"},{"taxonomy":"product_tag","embeddable":true,"href":"https:\/\/nordicteacher.no\/en\/wp-json\/wp\/v2\/product_tag?post=3878"}],"curies":[{"name":"wp","href":"https:\/\/api.w.org\/{rel}","templated":true}]}}