{"id":3854,"date":"2024-07-13T10:52:23","date_gmt":"2024-07-13T10:52:23","guid":{"rendered":"https:\/\/nordicteacher.no\/?post_type=product&#038;p=3854"},"modified":"2024-07-13T10:52:25","modified_gmt":"2024-07-13T10:52:25","slug":"sudoku-1","status":"publish","type":"product","link":"https:\/\/nordicteacher.no\/en\/product\/sudoku-1\/","title":{"rendered":"Sudoku 1"},"content":{"rendered":"<p class=\"cvGsUA direction-ltr align-start para-style-body\"><strong><span class=\"OYPEnA text-decoration-none text-strikethrough-none\">Hva handler spillet om?<\/span><\/strong><\/p>\n<ul>\n<li><span class=\"OYPEnA text-decoration-none text-strikethrough-none\">Sudoku g\u00e5r ut p\u00e5 \u00e5 fylle ut et 9&#215;9 rutenett med tall slik at hver kolonne, hver rad, og hver av de ni 3&#215;3 delrutene inneholder alle tallene fra 1 til 9. Spillet starter med noen tall allerede plassert i rutenettet, og spillerens oppgave er \u00e5 fylle inn de resterende tallene.<\/span><\/li>\n<\/ul>\n<p class=\"cvGsUA direction-ltr align-start para-style-body\"><strong><span class=\"OYPEnA text-decoration-none text-strikethrough-none\">Innholdet i filen<\/span><\/strong><\/p>\n<ul>\n<li><span class=\"OYPEnA text-decoration-none text-strikethrough-none\">Filen inneholder totalt 18 Sudoku-oppgaver fordelt p\u00e5 to vanskelighetsgrader:<\/span>\n<ul>\n<li><span class=\"OYPEnA text-decoration-none text-strikethrough-none\">14 bl\u00e5 oppgaver: Disse er vanlige oppgaver som er ment for alle niv\u00e5er av spillere. De er ideelle for nybegynnere og de som \u00f8nsker en lettere utfordring.<\/span><\/li>\n<li><span class=\"OYPEnA text-decoration-none text-strikethrough-none\">4 r\u00f8de oppgaver: Disse oppgavene er vanskeligere og gir en st\u00f8rre utfordring. De er designet for mer erfarne spillere som \u00f8nsker \u00e5 teste sine ferdigheter ytterligere.<\/span><\/li>\n<\/ul>\n<\/li>\n<\/ul>\n<p>&nbsp;<\/p>\n<p class=\"cvGsUA direction-ltr align-start para-style-body\"><strong><span class=\"OYPEnA text-decoration-none text-strikethrough-none\">What is the game about?<\/span><\/strong><\/p>\n<ul>\n<li><span class=\"OYPEnA text-decoration-none text-strikethrough-none\">Sudoku involves filling in a 9&#215;9 grid with numbers so that each column, each row, and each of the nine 3&#215;3 sub-grids contains all the numbers from 1 to 9. The game starts with some numbers already placed in the grid, and the player&#8217;s task is to fill in the remaining numbers.<\/span><\/li>\n<\/ul>\n<p class=\"cvGsUA direction-ltr align-start para-style-body\"><strong><span class=\"OYPEnA text-decoration-none text-strikethrough-none\">The contents of the file<\/span><\/strong><\/p>\n<ul>\n<li><span class=\"OYPEnA text-decoration-none text-strikethrough-none\">The file contains a total of 18 Sudoku puzzles divided into two levels of difficulty:<\/span>\n<ul>\n<li><span class=\"OYPEnA text-decoration-none text-strikethrough-none\">14 Blue Quests: These are common quests meant for all levels of players. They are ideal for beginners and those who want a lighter challenge.<\/span><\/li>\n<li><span class=\"OYPEnA text-decoration-none text-strikethrough-none\">4 red tasks: These tasks are more difficult and offer a greater challenge. They are designed for more experienced players who want to further test their skills.<\/span><\/li>\n<\/ul>\n<\/li>\n<\/ul>","protected":false},"excerpt":{"rendered":"<p>Hva handler spillet om? Sudoku g\u00e5r ut p\u00e5 \u00e5 fylle ut et 9&#215;9 rutenett med tall slik at hver kolonne, hver rad, og hver av de ni 3&#215;3 delrutene inneholder alle tallene fra 1 til 9. Spillet starter med noen tall allerede plassert i rutenettet, og spillerens oppgave er \u00e5 fylle inn de resterende tallene. [&hellip;]<\/p>","protected":false},"featured_media":3856,"comment_status":"open","ping_status":"closed","template":"","meta":{"_uag_custom_page_level_css":"","site-sidebar-layout":"default","site-content-layout":"","ast-site-content-layout":"default","site-content-style":"default","site-sidebar-style":"default","ast-global-header-display":"","ast-banner-title-visibility":"","ast-main-header-display":"","ast-hfb-above-header-display":"","ast-hfb-below-header-display":"","ast-hfb-mobile-header-display":"","site-post-title":"","ast-breadcrumbs-content":"","ast-featured-img":"","footer-sml-layout":"","theme-transparent-header-meta":"default","adv-header-id-meta":"","stick-header-meta":"","header-above-stick-meta":"","header-main-stick-meta":"","header-below-stick-meta":"","astra-migrate-meta-layouts":"set","ast-page-background-enabled":"default","ast-page-background-meta":{"desktop":{"background-color":"var(--ast-global-color-4)","background-image":"","background-repeat":"repeat","background-position":"center center","background-size":"auto","background-attachment":"scroll","background-type":"","background-media":"","overlay-type":"","overlay-color":"","overlay-opacity":"","overlay-gradient":""},"tablet":{"background-color":"","background-image":"","background-repeat":"repeat","background-position":"center center","background-size":"auto","background-attachment":"scroll","background-type":"","background-media":"","overlay-type":"","overlay-color":"","overlay-opacity":"","overlay-gradient":""},"mobile":{"background-color":"","background-image":"","background-repeat":"repeat","background-position":"center center","background-size":"auto","background-attachment":"scroll","background-type":"","background-media":"","overlay-type":"","overlay-color":"","overlay-opacity":"","overlay-gradient":""}},"ast-content-background-meta":{"desktop":{"background-color":"var(--ast-global-color-5)","background-image":"","background-repeat":"repeat","background-position":"center center","background-size":"auto","background-attachment":"scroll","background-type":"","background-media":"","overlay-type":"","overlay-color":"","overlay-opacity":"","overlay-gradient":""},"tablet":{"background-color":"var(--ast-global-color-5)","background-image":"","background-repeat":"repeat","background-position":"center center","background-size":"auto","background-attachment":"scroll","background-type":"","background-media":"","overlay-type":"","overlay-color":"","overlay-opacity":"","overlay-gradient":""},"mobile":{"background-color":"var(--ast-global-color-5)","background-image":"","background-repeat":"repeat","background-position":"center center","background-size":"auto","background-attachment":"scroll","background-type":"","background-media":"","overlay-type":"","overlay-color":"","overlay-opacity":"","overlay-gradient":""}},"_kadence_starter_templates_imported_post":false},"product_brand":[],"product_cat":[127,126,124,142],"product_tag":[218],"class_list":{"0":"post-3854","1":"product","2":"type-product","3":"status-publish","4":"has-post-thumbnail","6":"product_cat-1-4-trinn","7":"product_cat-5-7-trinn","8":"product_cat-annet","9":"product_cat-spill","10":"product_tag-sudoku","11":"desktop-align-center","12":"tablet-align-left","13":"mobile-align-left","15":"first","16":"instock","17":"downloadable","18":"taxable","19":"shipping-taxable","20":"purchasable","21":"product-type-simple","22":"add-to-wishlist-after_add_to_cart"},"uagb_featured_image_src":{"full":["https:\/\/nordicteacher.no\/wp-content\/uploads\/2024\/07\/Sudoku-1-English1.png",1414,2000,false],"thumbnail":["https:\/\/nordicteacher.no\/wp-content\/uploads\/2024\/07\/Sudoku-1-English1-150x150.png",150,150,true],"medium":["https:\/\/nordicteacher.no\/wp-content\/uploads\/2024\/07\/Sudoku-1-English1-212x300.png",212,300,true],"medium_large":["https:\/\/nordicteacher.no\/wp-content\/uploads\/2024\/07\/Sudoku-1-English1-768x1086.png",768,1086,true],"large":["https:\/\/nordicteacher.no\/wp-content\/uploads\/2024\/07\/Sudoku-1-English1-724x1024.png",724,1024,true],"1536x1536":["https:\/\/nordicteacher.no\/wp-content\/uploads\/2024\/07\/Sudoku-1-English1-1086x1536.png",1086,1536,true],"2048x2048":["https:\/\/nordicteacher.no\/wp-content\/uploads\/2024\/07\/Sudoku-1-English1.png",1414,2000,false],"trp-custom-language-flag":["https:\/\/nordicteacher.no\/wp-content\/uploads\/2024\/07\/Sudoku-1-English1-8x12.png",8,12,true],"woocommerce_thumbnail":["https:\/\/nordicteacher.no\/wp-content\/uploads\/2024\/07\/Sudoku-1-English1-300x424.png",300,424,true],"woocommerce_single":["https:\/\/nordicteacher.no\/wp-content\/uploads\/2024\/07\/Sudoku-1-English1-600x849.png",600,849,true],"woocommerce_gallery_thumbnail":["https:\/\/nordicteacher.no\/wp-content\/uploads\/2024\/07\/Sudoku-1-English1-100x100.png",100,100,true]},"uagb_author_info":{"display_name":"Nordic Teacher","author_link":"https:\/\/nordicteacher.no\/en\/author\/"},"uagb_comment_info":0,"uagb_excerpt":"Hva handler spillet om? Sudoku g\u00e5r ut p\u00e5 \u00e5 fylle ut et 9&#215;9 rutenett med tall slik at hver kolonne, hver rad, og hver av de ni 3&#215;3 delrutene inneholder alle tallene fra 1 til 9. Spillet starter med noen tall allerede plassert i rutenettet, og spillerens oppgave er \u00e5 fylle inn de resterende tallene.&hellip;","jetpack_sharing_enabled":true,"_links":{"self":[{"href":"https:\/\/nordicteacher.no\/en\/wp-json\/wp\/v2\/product\/3854","targetHints":{"allow":["GET"]}}],"collection":[{"href":"https:\/\/nordicteacher.no\/en\/wp-json\/wp\/v2\/product"}],"about":[{"href":"https:\/\/nordicteacher.no\/en\/wp-json\/wp\/v2\/types\/product"}],"replies":[{"embeddable":true,"href":"https:\/\/nordicteacher.no\/en\/wp-json\/wp\/v2\/comments?post=3854"}],"wp:featuredmedia":[{"embeddable":true,"href":"https:\/\/nordicteacher.no\/en\/wp-json\/wp\/v2\/media\/3856"}],"wp:attachment":[{"href":"https:\/\/nordicteacher.no\/en\/wp-json\/wp\/v2\/media?parent=3854"}],"wp:term":[{"taxonomy":"product_brand","embeddable":true,"href":"https:\/\/nordicteacher.no\/en\/wp-json\/wp\/v2\/product_brand?post=3854"},{"taxonomy":"product_cat","embeddable":true,"href":"https:\/\/nordicteacher.no\/en\/wp-json\/wp\/v2\/product_cat?post=3854"},{"taxonomy":"product_tag","embeddable":true,"href":"https:\/\/nordicteacher.no\/en\/wp-json\/wp\/v2\/product_tag?post=3854"}],"curies":[{"name":"wp","href":"https:\/\/api.w.org\/{rel}","templated":true}]}}