{"id":3851,"date":"2024-07-13T10:46:17","date_gmt":"2024-07-13T10:46:17","guid":{"rendered":"https:\/\/nordicteacher.no\/?post_type=product&#038;p=3851"},"modified":"2024-07-13T10:46:19","modified_gmt":"2024-07-13T10:46:19","slug":"boka-mi-om-tall-1-10-my-book-about-numbers-1-10","status":"publish","type":"product","link":"https:\/\/nordicteacher.no\/en\/product\/boka-mi-om-tall-1-10-my-book-about-numbers-1-10\/","title":{"rendered":"Boka mi om tall 1-10 \/ My book about numbers 1-10"},"content":{"rendered":"<p class=\"cvGsUA direction-ltr align-start para-style-body\"><strong><span class=\"OYPEnA text-decoration-none text-strikethrough-none\">Hva handler aktiviteten om?<\/span><\/strong><\/p>\n<ul>\n<li><span class=\"OYPEnA text-decoration-none text-strikethrough-none\">Aktiviteten &laquo;Boka mi om tall&raquo; er en interaktiv og engasjerende m\u00e5te for barn \u00e5 l\u00e6re om tallene 1-10. Elevene lager sine egne minib\u00f8ker som hjelper dem med \u00e5 forst\u00e5 og \u00f8ve p\u00e5 tallsymboler, mengder og representasjoner av tallene.<\/span><\/li>\n<\/ul>\n<p class=\"cvGsUA direction-ltr align-start para-style-body\"><strong><span class=\"OYPEnA text-decoration-none text-strikethrough-none\">Inneholder<\/span><\/strong><\/p>\n<ul>\n<li><span class=\"OYPEnA text-decoration-none text-strikethrough-none\">10 minib\u00f8ker i A5-format: En minibok for hvert av tallene 1-10.<\/span><\/li>\n<li><span class=\"OYPEnA text-decoration-none text-strikethrough-none\">8 oppgavesider i hver bok: Oppgaver som gir \u00f8velse med tallsymboler, mengde og representasjon av tall.<\/span>\n<ul>\n<li><span class=\"OYPEnA text-decoration-none text-strikethrough-none\">Skrive tallet med bokstaver.<\/span><\/li>\n<li><span class=\"OYPEnA text-decoration-none text-strikethrough-none\">Skrive tallsymbolet.<\/span><\/li>\n<li><span class=\"OYPEnA text-decoration-none text-strikethrough-none\">Fargelegge partall bl\u00e5 og oddetall r\u00f8d.<\/span><\/li>\n<li><span class=\"OYPEnA text-decoration-none text-strikethrough-none\">Finne og gjenkjenne tallsymbolet blant andre tall.<\/span><\/li>\n<li><span class=\"OYPEnA text-decoration-none text-strikethrough-none\">Fargelegge rett antall.<\/span><\/li>\n<li><span class=\"OYPEnA text-decoration-none text-strikethrough-none\">Tegne rett antall.<\/span><\/li>\n<li><span class=\"OYPEnA text-decoration-none text-strikethrough-none\">Plassere p\u00e5 tallinjen.<\/span><\/li>\n<li><span class=\"OYPEnA text-decoration-none text-strikethrough-none\">Representere tallet p\u00e5 terning, i tierramme, med tellestreker.<\/span><\/li>\n<\/ul>\n<\/li>\n<\/ul>\n<p>&nbsp;<\/p>\n<p class=\"cvGsUA direction-ltr align-start para-style-body\"><strong><span class=\"OYPEnA text-decoration-none text-strikethrough-none\">What is the activity about?<\/span><\/strong><\/p>\n<ul>\n<li><span class=\"OYPEnA text-decoration-none text-strikethrough-none\">The activity &laquo;Boka mi om talll&raquo; is an interactive and engaging way for children to learn about the numbers 1-10. Students create their own mini-books that help them understand and practice number symbols, quantities and representations of the numbers.<\/span><\/li>\n<\/ul>\n<p class=\"cvGsUA direction-ltr align-start para-style-body\"><strong><span class=\"OYPEnA text-decoration-none text-strikethrough-none\">Contains<\/span><\/strong><\/p>\n<ul>\n<li><span class=\"OYPEnA text-decoration-none text-strikethrough-none\">10 mini-books in A5 format: A mini-book for each of the numbers 1-10.<\/span><\/li>\n<li><span class=\"OYPEnA text-decoration-none text-strikethrough-none\">8 problem pages in each book: Problems that provide practice with number symbols, quantity and representation of numbers.<\/span>\n<ul>\n<li><span class=\"OYPEnA text-decoration-none text-strikethrough-none\">Write the number with letters.<\/span><\/li>\n<li><span class=\"OYPEnA text-decoration-none text-strikethrough-none\">Write the number symbol.<\/span><\/li>\n<li><span class=\"OYPEnA text-decoration-none text-strikethrough-none\">Color even numbers blue and odd numbers red.<\/span><\/li>\n<li><span class=\"OYPEnA text-decoration-none text-strikethrough-none\">Find and recognize the number symbol among other numbers.<\/span><\/li>\n<li><span class=\"OYPEnA text-decoration-none text-strikethrough-none\">Color the right number.<\/span><\/li>\n<li><span class=\"OYPEnA text-decoration-none text-strikethrough-none\">Draw the correct number.<\/span><\/li>\n<li><span class=\"OYPEnA text-decoration-none text-strikethrough-none\">Place on the number line.<\/span><\/li>\n<li><span class=\"OYPEnA text-decoration-none text-strikethrough-none\">Represent the number on a cube, in a ten frame, with counting lines.<\/span><\/li>\n<\/ul>\n<\/li>\n<\/ul>","protected":false},"excerpt":{"rendered":"<p>Hva handler aktiviteten om? Aktiviteten &laquo;Boka mi om tall&raquo; er en interaktiv og engasjerende m\u00e5te for barn \u00e5 l\u00e6re om tallene 1-10. Elevene lager sine egne minib\u00f8ker som hjelper dem med \u00e5 forst\u00e5 og \u00f8ve p\u00e5 tallsymboler, mengder og representasjoner av tallene. Inneholder 10 minib\u00f8ker i A5-format: En minibok for hvert av tallene 1-10. 8 [&hellip;]<\/p>","protected":false},"featured_media":3853,"comment_status":"open","ping_status":"closed","template":"","meta":{"_uag_custom_page_level_css":"","site-sidebar-layout":"default","site-content-layout":"","ast-site-content-layout":"default","site-content-style":"default","site-sidebar-style":"default","ast-global-header-display":"","ast-banner-title-visibility":"","ast-main-header-display":"","ast-hfb-above-header-display":"","ast-hfb-below-header-display":"","ast-hfb-mobile-header-display":"","site-post-title":"","ast-breadcrumbs-content":"","ast-featured-img":"","footer-sml-layout":"","theme-transparent-header-meta":"default","adv-header-id-meta":"","stick-header-meta":"","header-above-stick-meta":"","header-main-stick-meta":"","header-below-stick-meta":"","astra-migrate-meta-layouts":"set","ast-page-background-enabled":"default","ast-page-background-meta":{"desktop":{"background-color":"var(--ast-global-color-4)","background-image":"","background-repeat":"repeat","background-position":"center center","background-size":"auto","background-attachment":"scroll","background-type":"","background-media":"","overlay-type":"","overlay-color":"","overlay-opacity":"","overlay-gradient":""},"tablet":{"background-color":"","background-image":"","background-repeat":"repeat","background-position":"center center","background-size":"auto","background-attachment":"scroll","background-type":"","background-media":"","overlay-type":"","overlay-color":"","overlay-opacity":"","overlay-gradient":""},"mobile":{"background-color":"","background-image":"","background-repeat":"repeat","background-position":"center center","background-size":"auto","background-attachment":"scroll","background-type":"","background-media":"","overlay-type":"","overlay-color":"","overlay-opacity":"","overlay-gradient":""}},"ast-content-background-meta":{"desktop":{"background-color":"var(--ast-global-color-5)","background-image":"","background-repeat":"repeat","background-position":"center center","background-size":"auto","background-attachment":"scroll","background-type":"","background-media":"","overlay-type":"","overlay-color":"","overlay-opacity":"","overlay-gradient":""},"tablet":{"background-color":"var(--ast-global-color-5)","background-image":"","background-repeat":"repeat","background-position":"center center","background-size":"auto","background-attachment":"scroll","background-type":"","background-media":"","overlay-type":"","overlay-color":"","overlay-opacity":"","overlay-gradient":""},"mobile":{"background-color":"var(--ast-global-color-5)","background-image":"","background-repeat":"repeat","background-position":"center center","background-size":"auto","background-attachment":"scroll","background-type":"","background-media":"","overlay-type":"","overlay-color":"","overlay-opacity":"","overlay-gradient":""}},"_kadence_starter_templates_imported_post":false},"product_brand":[],"product_cat":[127,157,164,163,162],"product_tag":[77,70,213,214],"class_list":{"0":"post-3851","1":"product","2":"type-product","3":"status-publish","4":"has-post-thumbnail","6":"product_cat-1-4-trinn","7":"product_cat-matematikk-1-4-trinn-produkter","8":"product_cat-selvstendig-arbeid","9":"product_cat-stasjonsundervisning","10":"product_cat-undervisningstype","11":"product_tag-math","12":"product_tag-matte","13":"product_tag-numbers","14":"product_tag-tall","15":"desktop-align-center","16":"tablet-align-left","17":"mobile-align-left","19":"first","20":"instock","21":"sale","22":"downloadable","23":"taxable","24":"shipping-taxable","25":"purchasable","26":"product-type-simple","27":"add-to-wishlist-after_add_to_cart"},"uagb_featured_image_src":{"full":["https:\/\/nordicteacher.no\/wp-content\/uploads\/2024\/07\/My-book-about-numbers-1-10.png",1748,1240,false],"thumbnail":["https:\/\/nordicteacher.no\/wp-content\/uploads\/2024\/07\/My-book-about-numbers-1-10-150x150.png",150,150,true],"medium":["https:\/\/nordicteacher.no\/wp-content\/uploads\/2024\/07\/My-book-about-numbers-1-10-300x213.png",300,213,true],"medium_large":["https:\/\/nordicteacher.no\/wp-content\/uploads\/2024\/07\/My-book-about-numbers-1-10-768x545.png",768,545,true],"large":["https:\/\/nordicteacher.no\/wp-content\/uploads\/2024\/07\/My-book-about-numbers-1-10-1024x726.png",1024,726,true],"1536x1536":["https:\/\/nordicteacher.no\/wp-content\/uploads\/2024\/07\/My-book-about-numbers-1-10-1536x1090.png",1536,1090,true],"2048x2048":["https:\/\/nordicteacher.no\/wp-content\/uploads\/2024\/07\/My-book-about-numbers-1-10.png",1748,1240,false],"trp-custom-language-flag":["https:\/\/nordicteacher.no\/wp-content\/uploads\/2024\/07\/My-book-about-numbers-1-10-18x12.png",18,12,true],"woocommerce_thumbnail":["https:\/\/nordicteacher.no\/wp-content\/uploads\/2024\/07\/My-book-about-numbers-1-10-300x213.png",300,213,true],"woocommerce_single":["https:\/\/nordicteacher.no\/wp-content\/uploads\/2024\/07\/My-book-about-numbers-1-10-600x426.png",600,426,true],"woocommerce_gallery_thumbnail":["https:\/\/nordicteacher.no\/wp-content\/uploads\/2024\/07\/My-book-about-numbers-1-10-100x100.png",100,100,true]},"uagb_author_info":{"display_name":"Nordic Teacher","author_link":"https:\/\/nordicteacher.no\/en\/author\/"},"uagb_comment_info":0,"uagb_excerpt":"Hva handler aktiviteten om? Aktiviteten &laquo;Boka mi om tall&raquo; er en interaktiv og engasjerende m\u00e5te for barn \u00e5 l\u00e6re om tallene 1-10. Elevene lager sine egne minib\u00f8ker som hjelper dem med \u00e5 forst\u00e5 og \u00f8ve p\u00e5 tallsymboler, mengder og representasjoner av tallene. Inneholder 10 minib\u00f8ker i A5-format: En minibok for hvert av tallene 1-10. 8&hellip;","jetpack_sharing_enabled":true,"_links":{"self":[{"href":"https:\/\/nordicteacher.no\/en\/wp-json\/wp\/v2\/product\/3851","targetHints":{"allow":["GET"]}}],"collection":[{"href":"https:\/\/nordicteacher.no\/en\/wp-json\/wp\/v2\/product"}],"about":[{"href":"https:\/\/nordicteacher.no\/en\/wp-json\/wp\/v2\/types\/product"}],"replies":[{"embeddable":true,"href":"https:\/\/nordicteacher.no\/en\/wp-json\/wp\/v2\/comments?post=3851"}],"wp:featuredmedia":[{"embeddable":true,"href":"https:\/\/nordicteacher.no\/en\/wp-json\/wp\/v2\/media\/3853"}],"wp:attachment":[{"href":"https:\/\/nordicteacher.no\/en\/wp-json\/wp\/v2\/media?parent=3851"}],"wp:term":[{"taxonomy":"product_brand","embeddable":true,"href":"https:\/\/nordicteacher.no\/en\/wp-json\/wp\/v2\/product_brand?post=3851"},{"taxonomy":"product_cat","embeddable":true,"href":"https:\/\/nordicteacher.no\/en\/wp-json\/wp\/v2\/product_cat?post=3851"},{"taxonomy":"product_tag","embeddable":true,"href":"https:\/\/nordicteacher.no\/en\/wp-json\/wp\/v2\/product_tag?post=3851"}],"curies":[{"name":"wp","href":"https:\/\/api.w.org\/{rel}","templated":true}]}}