{"id":3822,"date":"2024-07-07T09:46:28","date_gmt":"2024-07-07T09:46:28","guid":{"rendered":"https:\/\/nordicteacher.no\/?post_type=product&#038;p=3822"},"modified":"2024-07-07T09:46:29","modified_gmt":"2024-07-07T09:46:29","slug":"hilseplakater-1-greeting-posters-1","status":"publish","type":"product","link":"https:\/\/nordicteacher.no\/en\/product\/hilseplakater-1-greeting-posters-1\/","title":{"rendered":"Hilseplakater 1 \/ Greeting posters 1"},"content":{"rendered":"<p class=\"cvGsUA direction-ltr align-start para-style-body\"><strong><span class=\"OYPEnA text-decoration-none text-strikethrough-none\">Hva handler det om?<\/span><\/strong><\/p>\n<ul>\n<li><span class=\"OYPEnA text-decoration-none text-strikethrough-none\">&laquo;Hilseplakater&raquo; handler om \u00e5 gj\u00f8re morgenm\u00f8tet eller m\u00f8tet med en ny l\u00e6rer til en hyggelig og inkluderende start p\u00e5 dagen. Elevene kan velge hvordan de vil hilse p\u00e5 l\u00e6reren ved \u00e5 peke p\u00e5 en av de fem hilsem\u00e5tene p\u00e5 plakaten: high five, klem, knoke, h\u00e5ndtrykk eller vinke.<\/span><\/li>\n<\/ul>\n<p class=\"cvGsUA direction-ltr align-start para-style-body\"><strong><span class=\"OYPEnA text-decoration-none text-strikethrough-none\">Filen inneholder<\/span><\/strong><\/p>\n<ul>\n<li><span class=\"OYPEnA text-decoration-none text-strikethrough-none\">Plakater med bilder og tekst som viser de fem ulike hilsem\u00e5tene: high five, klem, knoke, h\u00e5ndtrykk og vinke.<\/span><\/li>\n<\/ul>\n<p>&nbsp;<\/p>\n<p class=\"cvGsUA direction-ltr align-start para-style-body\"><strong><span class=\"OYPEnA text-decoration-none text-strikethrough-none\">What is it?<\/span><\/strong><\/p>\n<ul>\n<li><span class=\"OYPEnA text-decoration-none text-strikethrough-none\">&laquo;Greeting posters&raquo; are about making the morning meeting or the meeting with a new teacher a pleasant and inclusive start to the day. The pupils can choose how they want to greet the teacher by pointing to one of the five ways of greeting on the poster: high five, hug, knuckle, handshake or wave.<\/span><\/li>\n<\/ul>\n<p class=\"cvGsUA direction-ltr align-start para-style-body\"><strong><span class=\"OYPEnA text-decoration-none text-strikethrough-none\">The file contains<\/span><\/strong><\/p>\n<ul>\n<li><span class=\"OYPEnA text-decoration-none text-strikethrough-none\">Posters with pictures and text showing the five different greetings: high five, hug, knuckle, handshake and wave.<\/span><\/li>\n<\/ul>","protected":false},"excerpt":{"rendered":"<p>Hva handler det om? &laquo;Hilseplakater&raquo; handler om \u00e5 gj\u00f8re morgenm\u00f8tet eller m\u00f8tet med en ny l\u00e6rer til en hyggelig og inkluderende start p\u00e5 dagen. Elevene kan velge hvordan de vil hilse p\u00e5 l\u00e6reren ved \u00e5 peke p\u00e5 en av de fem hilsem\u00e5tene p\u00e5 plakaten: high five, klem, knoke, h\u00e5ndtrykk eller vinke. Filen inneholder Plakater med [&hellip;]<\/p>","protected":false},"featured_media":3825,"comment_status":"open","ping_status":"closed","template":"","meta":{"_uag_custom_page_level_css":"","site-sidebar-layout":"default","site-content-layout":"","ast-site-content-layout":"default","site-content-style":"default","site-sidebar-style":"default","ast-global-header-display":"","ast-banner-title-visibility":"","ast-main-header-display":"","ast-hfb-above-header-display":"","ast-hfb-below-header-display":"","ast-hfb-mobile-header-display":"","site-post-title":"","ast-breadcrumbs-content":"","ast-featured-img":"","footer-sml-layout":"","theme-transparent-header-meta":"default","adv-header-id-meta":"","stick-header-meta":"","header-above-stick-meta":"","header-main-stick-meta":"","header-below-stick-meta":"","astra-migrate-meta-layouts":"set","ast-page-background-enabled":"default","ast-page-background-meta":{"desktop":{"background-color":"var(--ast-global-color-4)","background-image":"","background-repeat":"repeat","background-position":"center center","background-size":"auto","background-attachment":"scroll","background-type":"","background-media":"","overlay-type":"","overlay-color":"","overlay-opacity":"","overlay-gradient":""},"tablet":{"background-color":"","background-image":"","background-repeat":"repeat","background-position":"center center","background-size":"auto","background-attachment":"scroll","background-type":"","background-media":"","overlay-type":"","overlay-color":"","overlay-opacity":"","overlay-gradient":""},"mobile":{"background-color":"","background-image":"","background-repeat":"repeat","background-position":"center center","background-size":"auto","background-attachment":"scroll","background-type":"","background-media":"","overlay-type":"","overlay-color":"","overlay-opacity":"","overlay-gradient":""}},"ast-content-background-meta":{"desktop":{"background-color":"var(--ast-global-color-5)","background-image":"","background-repeat":"repeat","background-position":"center center","background-size":"auto","background-attachment":"scroll","background-type":"","background-media":"","overlay-type":"","overlay-color":"","overlay-opacity":"","overlay-gradient":""},"tablet":{"background-color":"var(--ast-global-color-5)","background-image":"","background-repeat":"repeat","background-position":"center center","background-size":"auto","background-attachment":"scroll","background-type":"","background-media":"","overlay-type":"","overlay-color":"","overlay-opacity":"","overlay-gradient":""},"mobile":{"background-color":"var(--ast-global-color-5)","background-image":"","background-repeat":"repeat","background-position":"center center","background-size":"auto","background-attachment":"scroll","background-type":"","background-media":"","overlay-type":"","overlay-color":"","overlay-opacity":"","overlay-gradient":""}},"_kadence_starter_templates_imported_post":false},"product_brand":[],"product_cat":[127,126,124,130],"product_tag":[210,209],"class_list":{"0":"post-3822","1":"product","2":"type-product","3":"status-publish","4":"has-post-thumbnail","6":"product_cat-1-4-trinn","7":"product_cat-5-7-trinn","8":"product_cat-annet","9":"product_cat-for-klasserommet","10":"product_tag-greetings","11":"product_tag-hilseplakater","12":"desktop-align-center","13":"tablet-align-left","14":"mobile-align-left","16":"first","17":"instock","18":"downloadable","19":"taxable","20":"shipping-taxable","21":"purchasable","22":"product-type-simple","23":"add-to-wishlist-after_add_to_cart"},"uagb_featured_image_src":{"full":["https:\/\/nordicteacher.no\/wp-content\/uploads\/2024\/07\/Greeting-posters-1.png",1414,2000,false],"thumbnail":["https:\/\/nordicteacher.no\/wp-content\/uploads\/2024\/07\/Greeting-posters-1-150x150.png",150,150,true],"medium":["https:\/\/nordicteacher.no\/wp-content\/uploads\/2024\/07\/Greeting-posters-1-212x300.png",212,300,true],"medium_large":["https:\/\/nordicteacher.no\/wp-content\/uploads\/2024\/07\/Greeting-posters-1-768x1086.png",768,1086,true],"large":["https:\/\/nordicteacher.no\/wp-content\/uploads\/2024\/07\/Greeting-posters-1-724x1024.png",724,1024,true],"1536x1536":["https:\/\/nordicteacher.no\/wp-content\/uploads\/2024\/07\/Greeting-posters-1-1086x1536.png",1086,1536,true],"2048x2048":["https:\/\/nordicteacher.no\/wp-content\/uploads\/2024\/07\/Greeting-posters-1.png",1414,2000,false],"trp-custom-language-flag":["https:\/\/nordicteacher.no\/wp-content\/uploads\/2024\/07\/Greeting-posters-1-8x12.png",8,12,true],"woocommerce_thumbnail":["https:\/\/nordicteacher.no\/wp-content\/uploads\/2024\/07\/Greeting-posters-1-300x424.png",300,424,true],"woocommerce_single":["https:\/\/nordicteacher.no\/wp-content\/uploads\/2024\/07\/Greeting-posters-1-600x849.png",600,849,true],"woocommerce_gallery_thumbnail":["https:\/\/nordicteacher.no\/wp-content\/uploads\/2024\/07\/Greeting-posters-1-100x100.png",100,100,true]},"uagb_author_info":{"display_name":"Nordic Teacher","author_link":"https:\/\/nordicteacher.no\/en\/author\/"},"uagb_comment_info":0,"uagb_excerpt":"Hva handler det om? &laquo;Hilseplakater&raquo; handler om \u00e5 gj\u00f8re morgenm\u00f8tet eller m\u00f8tet med en ny l\u00e6rer til en hyggelig og inkluderende start p\u00e5 dagen. Elevene kan velge hvordan de vil hilse p\u00e5 l\u00e6reren ved \u00e5 peke p\u00e5 en av de fem hilsem\u00e5tene p\u00e5 plakaten: high five, klem, knoke, h\u00e5ndtrykk eller vinke. Filen inneholder Plakater med&hellip;","jetpack_sharing_enabled":true,"_links":{"self":[{"href":"https:\/\/nordicteacher.no\/en\/wp-json\/wp\/v2\/product\/3822","targetHints":{"allow":["GET"]}}],"collection":[{"href":"https:\/\/nordicteacher.no\/en\/wp-json\/wp\/v2\/product"}],"about":[{"href":"https:\/\/nordicteacher.no\/en\/wp-json\/wp\/v2\/types\/product"}],"replies":[{"embeddable":true,"href":"https:\/\/nordicteacher.no\/en\/wp-json\/wp\/v2\/comments?post=3822"}],"wp:featuredmedia":[{"embeddable":true,"href":"https:\/\/nordicteacher.no\/en\/wp-json\/wp\/v2\/media\/3825"}],"wp:attachment":[{"href":"https:\/\/nordicteacher.no\/en\/wp-json\/wp\/v2\/media?parent=3822"}],"wp:term":[{"taxonomy":"product_brand","embeddable":true,"href":"https:\/\/nordicteacher.no\/en\/wp-json\/wp\/v2\/product_brand?post=3822"},{"taxonomy":"product_cat","embeddable":true,"href":"https:\/\/nordicteacher.no\/en\/wp-json\/wp\/v2\/product_cat?post=3822"},{"taxonomy":"product_tag","embeddable":true,"href":"https:\/\/nordicteacher.no\/en\/wp-json\/wp\/v2\/product_tag?post=3822"}],"curies":[{"name":"wp","href":"https:\/\/api.w.org\/{rel}","templated":true}]}}