{"id":3808,"date":"2024-07-07T09:35:00","date_gmt":"2024-07-07T09:35:00","guid":{"rendered":"https:\/\/nordicteacher.no\/?post_type=product&#038;p=3808"},"modified":"2024-07-21T16:01:34","modified_gmt":"2024-07-21T16:01:34","slug":"alfabetet-oppgaveark-1-the-alphabet-task-sheet-1","status":"publish","type":"product","link":"https:\/\/nordicteacher.no\/en\/product\/alfabetet-oppgaveark-1-the-alphabet-task-sheet-1\/","title":{"rendered":"Alfabetet: Oppgaveark 1 \/ The alphabet: Task sheet 1"},"content":{"rendered":"<p class=\"cvGsUA direction-ltr align-start para-style-body\"><strong><span class=\"OYPEnA text-decoration-none text-strikethrough-none\">Hva handler aktiviteten om?<\/span><\/strong><\/p>\n<ul>\n<li><span class=\"OYPEnA text-decoration-none text-strikethrough-none\">Aktiviteten handler om \u00e5 gi elever en strukturert og variert tiln\u00e6rming til \u00e5 l\u00e6re bokstavene i alfabetet. Hver bokstav har sitt eget oppgaveark med fem forskjellige oppgaver som utforsker ulike aspekter av bokstaven. Dette inkluderer \u00e5 spore bokstaven, fargelegge vokaler og konsonanter, fargelegge bilder av ord som inneholder bokstaven, og skrive ordet som svarer til bildet.<\/span><\/li>\n<\/ul>\n<p class=\"cvGsUA direction-ltr align-start para-style-body\"><strong><span class=\"OYPEnA text-decoration-none text-strikethrough-none\">Filen inneholder<\/span><\/strong><\/p>\n<ul>\n<li><span class=\"OYPEnA text-decoration-none text-strikethrough-none\">Et oppgaveark for hver av de 29 bokstavene i alfabetet.<\/span><\/li>\n<li><span class=\"OYPEnA text-decoration-none text-strikethrough-none\">Hvert ark har fem oppgaver. Alts\u00e5 145 oppgaver til sammen.<\/span><\/li>\n<\/ul>\n<p>&nbsp;<\/p>\n<p class=\"cvGsUA direction-ltr align-start para-style-body\"><strong><span class=\"OYPEnA text-decoration-none text-strikethrough-none\">What is the activity about?<\/span><\/strong><\/p>\n<p class=\"cvGsUA direction-ltr align-start para-style-body\"><span class=\"OYPEnA text-decoration-none text-strikethrough-none\">The activity is about giving pupils a structured and varied approach to learning the letters of the alphabet. Each letter has its own worksheet with five different tasks that explore different aspects of the letter. This includes tracing the letter, coloring vowels and consonants, coloring pictures of words containing the letter, and writing the word that matches the picture.<\/span><\/p>\n<p class=\"cvGsUA direction-ltr align-start para-style-body\"><strong><span class=\"OYPEnA text-decoration-none text-strikethrough-none\">The file contains<\/span><\/strong><\/p>\n<ul>\n<li><span class=\"OYPEnA text-decoration-none text-strikethrough-none\">A worksheet for each of the 29 letters of the alphabet.<\/span><\/li>\n<li><span class=\"OYPEnA text-decoration-none text-strikethrough-none\">Each sheet has five tasks. So 145 tasks in total.<\/span><\/li>\n<\/ul>","protected":false},"excerpt":{"rendered":"<p>Hva handler aktiviteten om? Aktiviteten handler om \u00e5 gi elever en strukturert og variert tiln\u00e6rming til \u00e5 l\u00e6re bokstavene i alfabetet. Hver bokstav har sitt eget oppgaveark med fem forskjellige oppgaver som utforsker ulike aspekter av bokstaven. Dette inkluderer \u00e5 spore bokstaven, fargelegge vokaler og konsonanter, fargelegge bilder av ord som inneholder bokstaven, og skrive [&hellip;]<\/p>","protected":false},"featured_media":3809,"comment_status":"open","ping_status":"closed","template":"","meta":{"_uag_custom_page_level_css":"","site-sidebar-layout":"default","site-content-layout":"","ast-site-content-layout":"default","site-content-style":"default","site-sidebar-style":"default","ast-global-header-display":"","ast-banner-title-visibility":"","ast-main-header-display":"","ast-hfb-above-header-display":"","ast-hfb-below-header-display":"","ast-hfb-mobile-header-display":"","site-post-title":"","ast-breadcrumbs-content":"","ast-featured-img":"","footer-sml-layout":"","theme-transparent-header-meta":"default","adv-header-id-meta":"","stick-header-meta":"","header-above-stick-meta":"","header-main-stick-meta":"","header-below-stick-meta":"","astra-migrate-meta-layouts":"set","ast-page-background-enabled":"default","ast-page-background-meta":{"desktop":{"background-color":"var(--ast-global-color-4)","background-image":"","background-repeat":"repeat","background-position":"center center","background-size":"auto","background-attachment":"scroll","background-type":"","background-media":"","overlay-type":"","overlay-color":"","overlay-opacity":"","overlay-gradient":""},"tablet":{"background-color":"","background-image":"","background-repeat":"repeat","background-position":"center center","background-size":"auto","background-attachment":"scroll","background-type":"","background-media":"","overlay-type":"","overlay-color":"","overlay-opacity":"","overlay-gradient":""},"mobile":{"background-color":"","background-image":"","background-repeat":"repeat","background-position":"center center","background-size":"auto","background-attachment":"scroll","background-type":"","background-media":"","overlay-type":"","overlay-color":"","overlay-opacity":"","overlay-gradient":""}},"ast-content-background-meta":{"desktop":{"background-color":"var(--ast-global-color-5)","background-image":"","background-repeat":"repeat","background-position":"center center","background-size":"auto","background-attachment":"scroll","background-type":"","background-media":"","overlay-type":"","overlay-color":"","overlay-opacity":"","overlay-gradient":""},"tablet":{"background-color":"var(--ast-global-color-5)","background-image":"","background-repeat":"repeat","background-position":"center center","background-size":"auto","background-attachment":"scroll","background-type":"","background-media":"","overlay-type":"","overlay-color":"","overlay-opacity":"","overlay-gradient":""},"mobile":{"background-color":"var(--ast-global-color-5)","background-image":"","background-repeat":"repeat","background-position":"center center","background-size":"auto","background-attachment":"scroll","background-type":"","background-media":"","overlay-type":"","overlay-color":"","overlay-opacity":"","overlay-gradient":""}},"_kadence_starter_templates_imported_post":false},"product_brand":[],"product_cat":[127,154,164,136,163,162],"product_tag":[205,206,192],"class_list":{"0":"post-3808","1":"product","2":"type-product","3":"status-publish","4":"has-post-thumbnail","6":"product_cat-1-4-trinn","7":"product_cat-norsk-1-4-trinn-produkter","8":"product_cat-selvstendig-arbeid","9":"product_cat-skolestart","10":"product_cat-stasjonsundervisning","11":"product_cat-undervisningstype","12":"product_tag-alfabetet","13":"product_tag-alphabet","14":"product_tag-begynneropplaering","15":"desktop-align-center","16":"tablet-align-left","17":"mobile-align-left","19":"first","20":"instock","21":"sale","22":"downloadable","23":"taxable","24":"shipping-taxable","25":"purchasable","26":"product-type-simple","27":"add-to-wishlist-after_add_to_cart"},"uagb_featured_image_src":{"full":["https:\/\/nordicteacher.no\/wp-content\/uploads\/2024\/07\/The-alphabet-Task-sheet-1-1.png",1414,2000,false],"thumbnail":["https:\/\/nordicteacher.no\/wp-content\/uploads\/2024\/07\/The-alphabet-Task-sheet-1-1-150x150.png",150,150,true],"medium":["https:\/\/nordicteacher.no\/wp-content\/uploads\/2024\/07\/The-alphabet-Task-sheet-1-1-212x300.png",212,300,true],"medium_large":["https:\/\/nordicteacher.no\/wp-content\/uploads\/2024\/07\/The-alphabet-Task-sheet-1-1-768x1086.png",768,1086,true],"large":["https:\/\/nordicteacher.no\/wp-content\/uploads\/2024\/07\/The-alphabet-Task-sheet-1-1-724x1024.png",724,1024,true],"1536x1536":["https:\/\/nordicteacher.no\/wp-content\/uploads\/2024\/07\/The-alphabet-Task-sheet-1-1-1086x1536.png",1086,1536,true],"2048x2048":["https:\/\/nordicteacher.no\/wp-content\/uploads\/2024\/07\/The-alphabet-Task-sheet-1-1.png",1414,2000,false],"trp-custom-language-flag":["https:\/\/nordicteacher.no\/wp-content\/uploads\/2024\/07\/The-alphabet-Task-sheet-1-1-8x12.png",8,12,true],"woocommerce_thumbnail":["https:\/\/nordicteacher.no\/wp-content\/uploads\/2024\/07\/The-alphabet-Task-sheet-1-1-300x424.png",300,424,true],"woocommerce_single":["https:\/\/nordicteacher.no\/wp-content\/uploads\/2024\/07\/The-alphabet-Task-sheet-1-1-600x849.png",600,849,true],"woocommerce_gallery_thumbnail":["https:\/\/nordicteacher.no\/wp-content\/uploads\/2024\/07\/The-alphabet-Task-sheet-1-1-100x100.png",100,100,true]},"uagb_author_info":{"display_name":"Nordic Teacher","author_link":"https:\/\/nordicteacher.no\/en\/author\/"},"uagb_comment_info":0,"uagb_excerpt":"Hva handler aktiviteten om? Aktiviteten handler om \u00e5 gi elever en strukturert og variert tiln\u00e6rming til \u00e5 l\u00e6re bokstavene i alfabetet. Hver bokstav har sitt eget oppgaveark med fem forskjellige oppgaver som utforsker ulike aspekter av bokstaven. Dette inkluderer \u00e5 spore bokstaven, fargelegge vokaler og konsonanter, fargelegge bilder av ord som inneholder bokstaven, og skrive&hellip;","jetpack_sharing_enabled":true,"_links":{"self":[{"href":"https:\/\/nordicteacher.no\/en\/wp-json\/wp\/v2\/product\/3808","targetHints":{"allow":["GET"]}}],"collection":[{"href":"https:\/\/nordicteacher.no\/en\/wp-json\/wp\/v2\/product"}],"about":[{"href":"https:\/\/nordicteacher.no\/en\/wp-json\/wp\/v2\/types\/product"}],"replies":[{"embeddable":true,"href":"https:\/\/nordicteacher.no\/en\/wp-json\/wp\/v2\/comments?post=3808"}],"wp:featuredmedia":[{"embeddable":true,"href":"https:\/\/nordicteacher.no\/en\/wp-json\/wp\/v2\/media\/3809"}],"wp:attachment":[{"href":"https:\/\/nordicteacher.no\/en\/wp-json\/wp\/v2\/media?parent=3808"}],"wp:term":[{"taxonomy":"product_brand","embeddable":true,"href":"https:\/\/nordicteacher.no\/en\/wp-json\/wp\/v2\/product_brand?post=3808"},{"taxonomy":"product_cat","embeddable":true,"href":"https:\/\/nordicteacher.no\/en\/wp-json\/wp\/v2\/product_cat?post=3808"},{"taxonomy":"product_tag","embeddable":true,"href":"https:\/\/nordicteacher.no\/en\/wp-json\/wp\/v2\/product_tag?post=3808"}],"curies":[{"name":"wp","href":"https:\/\/api.w.org\/{rel}","templated":true}]}}