{"id":3794,"date":"2024-07-07T09:16:53","date_gmt":"2024-07-07T09:16:53","guid":{"rendered":"https:\/\/nordicteacher.no\/?post_type=product&#038;p=3794"},"modified":"2024-07-07T09:16:55","modified_gmt":"2024-07-07T09:16:55","slug":"uno","status":"publish","type":"product","link":"https:\/\/nordicteacher.no\/en\/product\/uno\/","title":{"rendered":"UNO"},"content":{"rendered":"<p class=\"cvGsUA direction-ltr align-start para-style-body\"><strong><span class=\"OYPEnA text-decoration-none text-strikethrough-none\">Hva handler UNO om?<\/span><\/strong><\/p>\n<ul>\n<li><span class=\"OYPEnA text-decoration-none text-strikethrough-none\">UNO er et morsomt og engasjerende kortspill som er lett \u00e5 l\u00e6re og perfekt for spillere i alle aldre. Det fremmer strategisk tenkning, fargegjenkjenning, og tallegenskaper. N\u00e5 kan du lage ditt eget UNO-spill ved \u00e5 skrive ut, klippe ut, og laminere kortene. Dette gj\u00f8r spillet mer holdbart og klar til bruk i enhver spillestund.<\/span><\/li>\n<\/ul>\n<p class=\"cvGsUA direction-ltr align-start para-style-body\"><strong><span class=\"OYPEnA text-decoration-none text-strikethrough-none\">Filen inneholder<\/span><\/strong><\/p>\n<ul>\n<li><span class=\"OYPEnA text-decoration-none text-strikethrough-none\">UNO-kort:<\/span>\n<ul>\n<li><span class=\"OYPEnA text-decoration-none text-strikethrough-none\">Kort i fire farger (r\u00f8d, gul, gr\u00f8nn, bl\u00e5), med tall fra 0 til 9.<\/span><\/li>\n<li><span class=\"OYPEnA text-decoration-none text-strikethrough-none\">Spesialkort som inkluderer:<\/span>\n<ul>\n<li><span class=\"OYPEnA text-decoration-none text-strikethrough-none\">&laquo;Bytt retning&raquo; (Reverse) i hver farge.<\/span><\/li>\n<li><span class=\"OYPEnA text-decoration-none text-strikethrough-none\">&laquo;Trekk to&raquo; (Draw Two) i hver farge.<\/span><\/li>\n<li><span class=\"OYPEnA text-decoration-none text-strikethrough-none\">&laquo;Hopp over&raquo; (Skip) i hver farge.<\/span><\/li>\n<li><span class=\"OYPEnA text-decoration-none text-strikethrough-none\">&laquo;Vilk\u00e5rlig farge&raquo; (Wild) kort.<\/span><\/li>\n<li><span class=\"OYPEnA text-decoration-none text-strikethrough-none\">&laquo;Vilk\u00e5rlig farge trekk fire&raquo; (Wild Draw Four) kort.<\/span><\/li>\n<\/ul>\n<\/li>\n<\/ul>\n<\/li>\n<\/ul>\n<p>&nbsp;<\/p>\n<p class=\"cvGsUA direction-ltr align-start para-style-body\"><strong><span class=\"OYPEnA text-decoration-none text-strikethrough-none\">What is UNO about?<\/span><\/strong><\/p>\n<ul>\n<li><span class=\"OYPEnA text-decoration-none text-strikethrough-none\">UNO is a fun and engaging card game that is easy to learn and perfect for players of all ages. It promotes strategic thinking, color recognition, and number skills. Now you can make your own UNO game by printing, cutting and laminating the cards. This makes the game more durable and ready for use at any game time.<\/span><\/li>\n<\/ul>\n<p class=\"cvGsUA direction-ltr align-start para-style-body\"><strong><span class=\"OYPEnA text-decoration-none text-strikethrough-none\">The file contains<\/span><\/strong><\/p>\n<ul>\n<li><span class=\"OYPEnA text-decoration-none text-strikethrough-none\">UNO cards:<\/span>\n<ul>\n<li><span class=\"OYPEnA text-decoration-none text-strikethrough-none\">Cards in four colors (red, yellow, green, blue), with numbers from 0 to 9.<\/span><\/li>\n<li><span class=\"OYPEnA text-decoration-none text-strikethrough-none\">Special card that includes:<\/span>\n<ul>\n<li><span class=\"OYPEnA text-decoration-none text-strikethrough-none\">&laquo;Change direction&raquo; (Reverse) in each color.<\/span><\/li>\n<li><span class=\"OYPEnA text-decoration-none text-strikethrough-none\">&laquo;Draw Two&raquo; (Draw Two) in each color.<\/span><\/li>\n<li><span class=\"OYPEnA text-decoration-none text-strikethrough-none\">&laquo;Skip&raquo; (Skip) in each color.<\/span><\/li>\n<li><span class=\"OYPEnA text-decoration-none text-strikethrough-none\">&laquo;Random suit&raquo; (Wild) cards.<\/span><\/li>\n<li><span class=\"OYPEnA text-decoration-none text-strikethrough-none\">&laquo;Wild Draw Four&raquo; cards.<\/span><\/li>\n<\/ul>\n<\/li>\n<\/ul>\n<\/li>\n<\/ul>","protected":false},"excerpt":{"rendered":"<p>Hva handler UNO om? UNO er et morsomt og engasjerende kortspill som er lett \u00e5 l\u00e6re og perfekt for spillere i alle aldre. Det fremmer strategisk tenkning, fargegjenkjenning, og tallegenskaper. N\u00e5 kan du lage ditt eget UNO-spill ved \u00e5 skrive ut, klippe ut, og laminere kortene. Dette gj\u00f8r spillet mer holdbart og klar til bruk [&hellip;]<\/p>","protected":false},"featured_media":3795,"comment_status":"open","ping_status":"closed","template":"","meta":{"_uag_custom_page_level_css":"","site-sidebar-layout":"default","site-content-layout":"","ast-site-content-layout":"default","site-content-style":"default","site-sidebar-style":"default","ast-global-header-display":"","ast-banner-title-visibility":"","ast-main-header-display":"","ast-hfb-above-header-display":"","ast-hfb-below-header-display":"","ast-hfb-mobile-header-display":"","site-post-title":"","ast-breadcrumbs-content":"","ast-featured-img":"","footer-sml-layout":"","theme-transparent-header-meta":"default","adv-header-id-meta":"","stick-header-meta":"","header-above-stick-meta":"","header-main-stick-meta":"","header-below-stick-meta":"","astra-migrate-meta-layouts":"set","ast-page-background-enabled":"default","ast-page-background-meta":{"desktop":{"background-color":"var(--ast-global-color-4)","background-image":"","background-repeat":"repeat","background-position":"center center","background-size":"auto","background-attachment":"scroll","background-type":"","background-media":"","overlay-type":"","overlay-color":"","overlay-opacity":"","overlay-gradient":""},"tablet":{"background-color":"","background-image":"","background-repeat":"repeat","background-position":"center center","background-size":"auto","background-attachment":"scroll","background-type":"","background-media":"","overlay-type":"","overlay-color":"","overlay-opacity":"","overlay-gradient":""},"mobile":{"background-color":"","background-image":"","background-repeat":"repeat","background-position":"center center","background-size":"auto","background-attachment":"scroll","background-type":"","background-media":"","overlay-type":"","overlay-color":"","overlay-opacity":"","overlay-gradient":""}},"ast-content-background-meta":{"desktop":{"background-color":"var(--ast-global-color-5)","background-image":"","background-repeat":"repeat","background-position":"center center","background-size":"auto","background-attachment":"scroll","background-type":"","background-media":"","overlay-type":"","overlay-color":"","overlay-opacity":"","overlay-gradient":""},"tablet":{"background-color":"var(--ast-global-color-5)","background-image":"","background-repeat":"repeat","background-position":"center center","background-size":"auto","background-attachment":"scroll","background-type":"","background-media":"","overlay-type":"","overlay-color":"","overlay-opacity":"","overlay-gradient":""},"mobile":{"background-color":"var(--ast-global-color-5)","background-image":"","background-repeat":"repeat","background-position":"center center","background-size":"auto","background-attachment":"scroll","background-type":"","background-media":"","overlay-type":"","overlay-color":"","overlay-opacity":"","overlay-gradient":""}},"_kadence_starter_templates_imported_post":false},"product_brand":[],"product_cat":[127,126,124,165,135,142],"product_tag":[204,75,203],"class_list":{"0":"post-3794","1":"product","2":"type-product","3":"status-publish","4":"has-post-thumbnail","6":"product_cat-1-4-trinn","7":"product_cat-5-7-trinn","8":"product_cat-annet","9":"product_cat-lek-og-spill","10":"product_cat-sommerferie","11":"product_cat-spill","12":"product_tag-card-game","13":"product_tag-kortspill","14":"product_tag-uno","15":"desktop-align-center","16":"tablet-align-left","17":"mobile-align-left","19":"first","20":"instock","21":"downloadable","22":"taxable","23":"shipping-taxable","24":"purchasable","25":"product-type-simple","26":"add-to-wishlist-after_add_to_cart"},"uagb_featured_image_src":{"full":["https:\/\/nordicteacher.no\/wp-content\/uploads\/2024\/07\/UNO-Engelsk-1.png",1414,2000,false],"thumbnail":["https:\/\/nordicteacher.no\/wp-content\/uploads\/2024\/07\/UNO-Engelsk-1-150x150.png",150,150,true],"medium":["https:\/\/nordicteacher.no\/wp-content\/uploads\/2024\/07\/UNO-Engelsk-1-212x300.png",212,300,true],"medium_large":["https:\/\/nordicteacher.no\/wp-content\/uploads\/2024\/07\/UNO-Engelsk-1-768x1086.png",768,1086,true],"large":["https:\/\/nordicteacher.no\/wp-content\/uploads\/2024\/07\/UNO-Engelsk-1-724x1024.png",724,1024,true],"1536x1536":["https:\/\/nordicteacher.no\/wp-content\/uploads\/2024\/07\/UNO-Engelsk-1-1086x1536.png",1086,1536,true],"2048x2048":["https:\/\/nordicteacher.no\/wp-content\/uploads\/2024\/07\/UNO-Engelsk-1.png",1414,2000,false],"trp-custom-language-flag":["https:\/\/nordicteacher.no\/wp-content\/uploads\/2024\/07\/UNO-Engelsk-1-8x12.png",8,12,true],"woocommerce_thumbnail":["https:\/\/nordicteacher.no\/wp-content\/uploads\/2024\/07\/UNO-Engelsk-1-300x424.png",300,424,true],"woocommerce_single":["https:\/\/nordicteacher.no\/wp-content\/uploads\/2024\/07\/UNO-Engelsk-1-600x849.png",600,849,true],"woocommerce_gallery_thumbnail":["https:\/\/nordicteacher.no\/wp-content\/uploads\/2024\/07\/UNO-Engelsk-1-100x100.png",100,100,true]},"uagb_author_info":{"display_name":"Nordic Teacher","author_link":"https:\/\/nordicteacher.no\/en\/author\/"},"uagb_comment_info":0,"uagb_excerpt":"Hva handler UNO om? UNO er et morsomt og engasjerende kortspill som er lett \u00e5 l\u00e6re og perfekt for spillere i alle aldre. Det fremmer strategisk tenkning, fargegjenkjenning, og tallegenskaper. N\u00e5 kan du lage ditt eget UNO-spill ved \u00e5 skrive ut, klippe ut, og laminere kortene. Dette gj\u00f8r spillet mer holdbart og klar til bruk&hellip;","jetpack_sharing_enabled":true,"_links":{"self":[{"href":"https:\/\/nordicteacher.no\/en\/wp-json\/wp\/v2\/product\/3794","targetHints":{"allow":["GET"]}}],"collection":[{"href":"https:\/\/nordicteacher.no\/en\/wp-json\/wp\/v2\/product"}],"about":[{"href":"https:\/\/nordicteacher.no\/en\/wp-json\/wp\/v2\/types\/product"}],"replies":[{"embeddable":true,"href":"https:\/\/nordicteacher.no\/en\/wp-json\/wp\/v2\/comments?post=3794"}],"wp:featuredmedia":[{"embeddable":true,"href":"https:\/\/nordicteacher.no\/en\/wp-json\/wp\/v2\/media\/3795"}],"wp:attachment":[{"href":"https:\/\/nordicteacher.no\/en\/wp-json\/wp\/v2\/media?parent=3794"}],"wp:term":[{"taxonomy":"product_brand","embeddable":true,"href":"https:\/\/nordicteacher.no\/en\/wp-json\/wp\/v2\/product_brand?post=3794"},{"taxonomy":"product_cat","embeddable":true,"href":"https:\/\/nordicteacher.no\/en\/wp-json\/wp\/v2\/product_cat?post=3794"},{"taxonomy":"product_tag","embeddable":true,"href":"https:\/\/nordicteacher.no\/en\/wp-json\/wp\/v2\/product_tag?post=3794"}],"curies":[{"name":"wp","href":"https:\/\/api.w.org\/{rel}","templated":true}]}}