{"id":3753,"date":"2024-06-26T13:46:43","date_gmt":"2024-06-26T13:46:43","guid":{"rendered":"https:\/\/nordicteacher.no\/?post_type=product&#038;p=3753"},"modified":"2024-06-26T13:46:45","modified_gmt":"2024-06-26T13:46:45","slug":"mini-sustainability-1-mini-baerekraft-1","status":"publish","type":"product","link":"https:\/\/nordicteacher.no\/en\/product\/mini-sustainability-1-mini-baerekraft-1\/","title":{"rendered":"Mini Sustainability 1 \/ Mini B\u00e6rekraft 1"},"content":{"rendered":"<p class=\"cvGsUA direction-ltr align-start para-style-body\"><strong><span class=\"OYPEnA text-decoration-none text-strikethrough-none\">Innhold i Undervisningsopplegget:<\/span><\/strong><\/p>\n<p class=\"cvGsUA direction-ltr align-start para-style-body\"><strong><span class=\"OYPEnA text-decoration-none text-strikethrough-none\">1. <\/span><span class=\"OYPEnA text-decoration-none text-strikethrough-none\">Turhefte<\/span><span class=\"OYPEnA text-decoration-none text-strikethrough-none\">:<\/span><\/strong><\/p>\n<ul>\n<li><span class=\"OYPEnA text-decoration-none text-strikethrough-none\">Beskrivelse: Informasjon om dyr og ting i skogen, en liten quiz, og faktabokser med svar p\u00e5 sp\u00f8rsm\u00e5lene.<\/span><\/li>\n<li><span class=\"OYPEnA text-decoration-none text-strikethrough-none\">Bruk: Skriv ut i A4-format og brett to ganger slik at det blir et hefte.<\/span><\/li>\n<\/ul>\n<p class=\"cvGsUA direction-ltr align-start para-style-body\"><strong><span class=\"OYPEnA text-decoration-none text-strikethrough-none\">2. <\/span><span class=\"OYPEnA text-decoration-none text-strikethrough-none\">Turbingo<\/span><span class=\"OYPEnA text-decoration-none text-strikethrough-none\">:<\/span><\/strong><\/p>\n<ul>\n<li><span class=\"OYPEnA text-decoration-none text-strikethrough-none\">Beskrivelse: En bingo hvor elevene krysser av det de finner i skogen. Man f\u00e5r bingo n\u00e5r man har fem p\u00e5 rad.<\/span><\/li>\n<li><span class=\"OYPEnA text-decoration-none text-strikethrough-none\">Bruk: Kan skrives ut i A4-format og v\u00e6re b\u00e5 baksiden av arket for turheftet (Da m\u00e5 man brette opp turheftet igjen for \u00e5 finne bingoen).<\/span><\/li>\n<\/ul>\n<p class=\"cvGsUA direction-ltr align-start para-style-body\"><strong><span class=\"OYPEnA text-decoration-none text-strikethrough-none\">3. <\/span><span class=\"OYPEnA text-decoration-none text-strikethrough-none\">Plakat<\/span><span class=\"OYPEnA text-decoration-none text-strikethrough-none\">:<\/span><\/strong><\/p>\n<ul>\n<li><span class=\"OYPEnA text-decoration-none text-strikethrough-none\">Beskrivelse: Viser hvordan man bretter melkekartonger, ideelt for de man drikker p\u00e5 skolen.<\/span><\/li>\n<li><span class=\"OYPEnA text-decoration-none text-strikethrough-none\">Bruk: Skriv ut i A3-format.<\/span><\/li>\n<\/ul>\n<p class=\"cvGsUA direction-ltr align-start para-style-body\"><strong><span class=\"OYPEnA text-decoration-none text-strikethrough-none\">4. <\/span><span class=\"OYPEnA text-decoration-none text-strikethrough-none\">Brettspill<\/span><span class=\"OYPEnA text-decoration-none text-strikethrough-none\">:<\/span><\/strong><\/p>\n<ul>\n<li><span class=\"OYPEnA text-decoration-none text-strikethrough-none\">Beskrivelse:<\/span>\n<ul>\n<li><span class=\"OYPEnA text-decoration-none text-strikethrough-none\">Spillebrikker: Et ark med brikker som kan klippes ut og limes p\u00e5 melkekorker.<\/span><\/li>\n<li><span class=\"OYPEnA text-decoration-none text-strikethrough-none\">Spillkort: Ark med kort som klippes ut og lamineres for holdbarhet. Gule kort er sp\u00f8rsm\u00e5lskort, og rosa er sjansekort.<\/span><\/li>\n<li><span class=\"OYPEnA text-decoration-none text-strikethrough-none\">Spillbrett: Best\u00e5r av to A4-ark som skrives ut, lamineres og teipes sammen.<\/span><\/li>\n<\/ul>\n<\/li>\n<li><span class=\"OYPEnA text-decoration-none text-strikethrough-none\">Regelhefte: Inkluderer alle spilleregler.<\/span><\/li>\n<\/ul>\n<p>&nbsp;<\/p>\n<p class=\"cvGsUA direction-ltr align-start para-style-body\"><strong><span class=\"OYPEnA text-decoration-none text-strikethrough-none\">Contents of the Teaching Plan:<\/span><\/strong><\/p>\n<p class=\"cvGsUA direction-ltr align-start para-style-body\"><strong><span class=\"OYPEnA text-decoration-none text-strikethrough-none\">1. Nature booklet:<\/span><\/strong><\/p>\n<ul>\n<li><span class=\"OYPEnA text-decoration-none text-strikethrough-none\">Description: Information about animals and things in the forest, a small quiz, and fact boxes with answers to the questions.<\/span><\/li>\n<li><span class=\"OYPEnA text-decoration-none text-strikethrough-none\">Use: Print in A4 format and fold twice to make a booklet.<\/span><\/li>\n<\/ul>\n<p class=\"cvGsUA direction-ltr align-start para-style-body\"><strong><span class=\"OYPEnA text-decoration-none text-strikethrough-none\">2. Nature walk bingo:<\/span><\/strong><\/p>\n<ul>\n<li><span class=\"OYPEnA text-decoration-none text-strikethrough-none\">Description: A bingo where students cross off what they find in the forest. You get bingo when you have five in a row.<\/span><\/li>\n<li><span class=\"OYPEnA text-decoration-none text-strikethrough-none\">Use: Can be printed in A4 format and used as the back of the sheet for the nature booklet (Then you have to fold the tour booklet again to find the bingo).<\/span><\/li>\n<\/ul>\n<p class=\"cvGsUA direction-ltr align-start para-style-body\"><strong><span class=\"OYPEnA text-decoration-none text-strikethrough-none\">3. Poster:<\/span><\/strong><\/p>\n<ul>\n<li><span class=\"OYPEnA text-decoration-none text-strikethrough-none\">Description: Shows how to fold milk cartons, ideal for those who drink at school.<\/span><\/li>\n<li><span class=\"OYPEnA text-decoration-none text-strikethrough-none\">Use: Print in A3 format.<\/span><\/li>\n<\/ul>\n<p class=\"cvGsUA direction-ltr align-start para-style-body\"><strong><span class=\"OYPEnA text-decoration-none text-strikethrough-none\">4. Board games:<\/span><\/strong><\/p>\n<ul>\n<li><span class=\"OYPEnA text-decoration-none text-strikethrough-none\">Description:<\/span>\n<ul>\n<li><span class=\"OYPEnA text-decoration-none text-strikethrough-none\">Playing pieces: A sheet of pieces that can be cut out and glued to milk caps.<\/span><\/li>\n<li><span class=\"OYPEnA text-decoration-none text-strikethrough-none\">Playing Cards: Sheets of cards that are cut out and laminated for durability. Yellow cards are question cards, and pink are chance cards.<\/span><\/li>\n<li><span class=\"OYPEnA text-decoration-none text-strikethrough-none\">Game board: Consists of two A4 sheets that are printed, laminated and taped together.<\/span><\/li>\n<\/ul>\n<\/li>\n<li><span class=\"OYPEnA text-decoration-none text-strikethrough-none\">Rulebook: Includes all game rules.<\/span><\/li>\n<\/ul>","protected":false},"excerpt":{"rendered":"<p>Innhold i Undervisningsopplegget: 1. Turhefte: Beskrivelse: Informasjon om dyr og ting i skogen, en liten quiz, og faktabokser med svar p\u00e5 sp\u00f8rsm\u00e5lene. Bruk: Skriv ut i A4-format og brett to ganger slik at det blir et hefte. 2. Turbingo: Beskrivelse: En bingo hvor elevene krysser av det de finner i skogen. Man f\u00e5r bingo n\u00e5r [&hellip;]<\/p>","protected":false},"featured_media":3757,"comment_status":"open","ping_status":"closed","template":"","meta":{"_uag_custom_page_level_css":"","site-sidebar-layout":"default","site-content-layout":"","ast-site-content-layout":"default","site-content-style":"default","site-sidebar-style":"default","ast-global-header-display":"","ast-banner-title-visibility":"","ast-main-header-display":"","ast-hfb-above-header-display":"","ast-hfb-below-header-display":"","ast-hfb-mobile-header-display":"","site-post-title":"","ast-breadcrumbs-content":"","ast-featured-img":"","footer-sml-layout":"","theme-transparent-header-meta":"default","adv-header-id-meta":"","stick-header-meta":"","header-above-stick-meta":"","header-main-stick-meta":"","header-below-stick-meta":"","astra-migrate-meta-layouts":"set","ast-page-background-enabled":"default","ast-page-background-meta":{"desktop":{"background-color":"var(--ast-global-color-4)","background-image":"","background-repeat":"repeat","background-position":"center center","background-size":"auto","background-attachment":"scroll","background-type":"","background-media":"","overlay-type":"","overlay-color":"","overlay-opacity":"","overlay-gradient":""},"tablet":{"background-color":"","background-image":"","background-repeat":"repeat","background-position":"center center","background-size":"auto","background-attachment":"scroll","background-type":"","background-media":"","overlay-type":"","overlay-color":"","overlay-opacity":"","overlay-gradient":""},"mobile":{"background-color":"","background-image":"","background-repeat":"repeat","background-position":"center center","background-size":"auto","background-attachment":"scroll","background-type":"","background-media":"","overlay-type":"","overlay-color":"","overlay-opacity":"","overlay-gradient":""}},"ast-content-background-meta":{"desktop":{"background-color":"var(--ast-global-color-5)","background-image":"","background-repeat":"repeat","background-position":"center center","background-size":"auto","background-attachment":"scroll","background-type":"","background-media":"","overlay-type":"","overlay-color":"","overlay-opacity":"","overlay-gradient":""},"tablet":{"background-color":"var(--ast-global-color-5)","background-image":"","background-repeat":"repeat","background-position":"center center","background-size":"auto","background-attachment":"scroll","background-type":"","background-media":"","overlay-type":"","overlay-color":"","overlay-opacity":"","overlay-gradient":""},"mobile":{"background-color":"var(--ast-global-color-5)","background-image":"","background-repeat":"repeat","background-position":"center center","background-size":"auto","background-attachment":"scroll","background-type":"","background-media":"","overlay-type":"","overlay-color":"","overlay-opacity":"","overlay-gradient":""}},"_kadence_starter_templates_imported_post":false},"product_brand":[],"product_cat":[127,126,145,155,128],"product_tag":[185,184],"class_list":{"0":"post-3753","1":"product","2":"type-product","3":"status-publish","4":"has-post-thumbnail","6":"product_cat-1-4-trinn","7":"product_cat-5-7-trinn","8":"product_cat-naturfag","9":"product_cat-naturfag-1-4-trinn-produkter","10":"product_cat-uteskole","11":"product_tag-baerekraft","12":"product_tag-sustainability","13":"desktop-align-center","14":"tablet-align-left","15":"mobile-align-left","17":"first","18":"instock","19":"downloadable","20":"taxable","21":"shipping-taxable","22":"purchasable","23":"product-type-simple","24":"add-to-wishlist-after_add_to_cart"},"uagb_featured_image_src":{"full":["https:\/\/nordicteacher.no\/wp-content\/uploads\/2024\/06\/Mini-Sustainability-13.png",1414,2000,false],"thumbnail":["https:\/\/nordicteacher.no\/wp-content\/uploads\/2024\/06\/Mini-Sustainability-13-150x150.png",150,150,true],"medium":["https:\/\/nordicteacher.no\/wp-content\/uploads\/2024\/06\/Mini-Sustainability-13-212x300.png",212,300,true],"medium_large":["https:\/\/nordicteacher.no\/wp-content\/uploads\/2024\/06\/Mini-Sustainability-13-768x1086.png",768,1086,true],"large":["https:\/\/nordicteacher.no\/wp-content\/uploads\/2024\/06\/Mini-Sustainability-13-724x1024.png",724,1024,true],"1536x1536":["https:\/\/nordicteacher.no\/wp-content\/uploads\/2024\/06\/Mini-Sustainability-13-1086x1536.png",1086,1536,true],"2048x2048":["https:\/\/nordicteacher.no\/wp-content\/uploads\/2024\/06\/Mini-Sustainability-13.png",1414,2000,false],"trp-custom-language-flag":["https:\/\/nordicteacher.no\/wp-content\/uploads\/2024\/06\/Mini-Sustainability-13-8x12.png",8,12,true],"woocommerce_thumbnail":["https:\/\/nordicteacher.no\/wp-content\/uploads\/2024\/06\/Mini-Sustainability-13-300x424.png",300,424,true],"woocommerce_single":["https:\/\/nordicteacher.no\/wp-content\/uploads\/2024\/06\/Mini-Sustainability-13-600x849.png",600,849,true],"woocommerce_gallery_thumbnail":["https:\/\/nordicteacher.no\/wp-content\/uploads\/2024\/06\/Mini-Sustainability-13-100x100.png",100,100,true]},"uagb_author_info":{"display_name":"Nordic Teacher","author_link":"https:\/\/nordicteacher.no\/en\/author\/"},"uagb_comment_info":0,"uagb_excerpt":"Innhold i Undervisningsopplegget: 1. Turhefte: Beskrivelse: Informasjon om dyr og ting i skogen, en liten quiz, og faktabokser med svar p\u00e5 sp\u00f8rsm\u00e5lene. Bruk: Skriv ut i A4-format og brett to ganger slik at det blir et hefte. 2. Turbingo: Beskrivelse: En bingo hvor elevene krysser av det de finner i skogen. Man f\u00e5r bingo n\u00e5r&hellip;","jetpack_sharing_enabled":true,"_links":{"self":[{"href":"https:\/\/nordicteacher.no\/en\/wp-json\/wp\/v2\/product\/3753","targetHints":{"allow":["GET"]}}],"collection":[{"href":"https:\/\/nordicteacher.no\/en\/wp-json\/wp\/v2\/product"}],"about":[{"href":"https:\/\/nordicteacher.no\/en\/wp-json\/wp\/v2\/types\/product"}],"replies":[{"embeddable":true,"href":"https:\/\/nordicteacher.no\/en\/wp-json\/wp\/v2\/comments?post=3753"}],"wp:featuredmedia":[{"embeddable":true,"href":"https:\/\/nordicteacher.no\/en\/wp-json\/wp\/v2\/media\/3757"}],"wp:attachment":[{"href":"https:\/\/nordicteacher.no\/en\/wp-json\/wp\/v2\/media?parent=3753"}],"wp:term":[{"taxonomy":"product_brand","embeddable":true,"href":"https:\/\/nordicteacher.no\/en\/wp-json\/wp\/v2\/product_brand?post=3753"},{"taxonomy":"product_cat","embeddable":true,"href":"https:\/\/nordicteacher.no\/en\/wp-json\/wp\/v2\/product_cat?post=3753"},{"taxonomy":"product_tag","embeddable":true,"href":"https:\/\/nordicteacher.no\/en\/wp-json\/wp\/v2\/product_tag?post=3753"}],"curies":[{"name":"wp","href":"https:\/\/api.w.org\/{rel}","templated":true}]}}