{"id":3736,"date":"2024-06-26T13:26:59","date_gmt":"2024-06-26T13:26:59","guid":{"rendered":"https:\/\/nordicteacher.no\/?post_type=product&#038;p=3736"},"modified":"2024-06-26T13:27:00","modified_gmt":"2024-06-26T13:27:00","slug":"subject-labels-skoledagen-etiketter","status":"publish","type":"product","link":"https:\/\/nordicteacher.no\/en\/product\/subject-labels-skoledagen-etiketter\/","title":{"rendered":"Subject  labels \/ Skoledagen Etiketter"},"content":{"rendered":"<p><strong>Product Description:<\/strong><\/p>\n<p>I have developed <strong>subject labels<\/strong> that can be hung up in the classroom to illustrate the daily schedule for the students. These labels are designed in a consistent style to create a cohesive and aesthetically pleasing visual structure in the classroom. Additionally, I have created date labels so that dates can be illustrated in the same manner.<\/p>\n<p>To support students with special needs, I have also developed smaller labels in the same style. These smaller labels can be used to provide individualized visual support for students who need personalized illustrations throughout the day. This can include individual schedules, reminders, or specific instructions tailored to the needs of each student.<\/p>\n<p><strong>Contents:<\/strong><\/p>\n<ul>\n<li>Subject labels for various school subjects<\/li>\n<li>Date labels<\/li>\n<li>Smaller labels for individual accommodation<\/li>\n<\/ul>\n<p>&nbsp;<\/p>\n<p><strong>Produktbeskrivelse:<\/strong><\/p>\n<p>Jeg har utviklet s\u00e5kalte <strong>subject labels<\/strong>, eller fagetiketter, som kan henges opp i klasserommet for \u00e5 illustrere den aktuelle skoledagen for elevene. Disse etikettene er laget i en sammenhengende stil for \u00e5 skape en enhetlig og estetisk tiltalende visuell struktur i klasserommet. I tillegg har jeg laget etiketter med datoer slik at datoene kan illustreres p\u00e5 samme m\u00e5te.<\/p>\n<p>For \u00e5 st\u00f8tte elever med spesielle behov har jeg ogs\u00e5 utviklet mindre etiketter i samme stil. Disse mindre etikettene kan brukes til \u00e5 tilrettelegge for enkelte elever som trenger personlig visuell st\u00f8tte gjennom dagen. Dette kan inkludere individuelle timeplaner, p\u00e5minnelser eller spesifikke instruksjoner som er tilpasset den enkelte elevs behov.<\/p>\n<p><strong>Innhold:<\/strong><\/p>\n<ul>\n<li>Fagetiketter for ulike skolefag<\/li>\n<li>Datoetiketter<\/li>\n<li>Mindre etiketter for individuell tilrettelegging<\/li>\n<\/ul>","protected":false},"excerpt":{"rendered":"<p>Product Description: I have developed subject labels that can be hung up in the classroom to illustrate the daily schedule for the students. These labels are designed in a consistent style to create a cohesive and aesthetically pleasing visual structure in the classroom. Additionally, I have created date labels so that dates can be illustrated [&hellip;]<\/p>","protected":false},"featured_media":3739,"comment_status":"open","ping_status":"closed","template":"","meta":{"_uag_custom_page_level_css":"","site-sidebar-layout":"default","site-content-layout":"","ast-site-content-layout":"default","site-content-style":"default","site-sidebar-style":"default","ast-global-header-display":"","ast-banner-title-visibility":"","ast-main-header-display":"","ast-hfb-above-header-display":"","ast-hfb-below-header-display":"","ast-hfb-mobile-header-display":"","site-post-title":"","ast-breadcrumbs-content":"","ast-featured-img":"","footer-sml-layout":"","theme-transparent-header-meta":"default","adv-header-id-meta":"","stick-header-meta":"","header-above-stick-meta":"","header-main-stick-meta":"","header-below-stick-meta":"","astra-migrate-meta-layouts":"set","ast-page-background-enabled":"default","ast-page-background-meta":{"desktop":{"background-color":"var(--ast-global-color-4)","background-image":"","background-repeat":"repeat","background-position":"center center","background-size":"auto","background-attachment":"scroll","background-type":"","background-media":"","overlay-type":"","overlay-color":"","overlay-opacity":"","overlay-gradient":""},"tablet":{"background-color":"","background-image":"","background-repeat":"repeat","background-position":"center center","background-size":"auto","background-attachment":"scroll","background-type":"","background-media":"","overlay-type":"","overlay-color":"","overlay-opacity":"","overlay-gradient":""},"mobile":{"background-color":"","background-image":"","background-repeat":"repeat","background-position":"center center","background-size":"auto","background-attachment":"scroll","background-type":"","background-media":"","overlay-type":"","overlay-color":"","overlay-opacity":"","overlay-gradient":""}},"ast-content-background-meta":{"desktop":{"background-color":"var(--ast-global-color-5)","background-image":"","background-repeat":"repeat","background-position":"center center","background-size":"auto","background-attachment":"scroll","background-type":"","background-media":"","overlay-type":"","overlay-color":"","overlay-opacity":"","overlay-gradient":""},"tablet":{"background-color":"var(--ast-global-color-5)","background-image":"","background-repeat":"repeat","background-position":"center center","background-size":"auto","background-attachment":"scroll","background-type":"","background-media":"","overlay-type":"","overlay-color":"","overlay-opacity":"","overlay-gradient":""},"mobile":{"background-color":"var(--ast-global-color-5)","background-image":"","background-repeat":"repeat","background-position":"center center","background-size":"auto","background-attachment":"scroll","background-type":"","background-media":"","overlay-type":"","overlay-color":"","overlay-opacity":"","overlay-gradient":""}},"_kadence_starter_templates_imported_post":false},"product_brand":[],"product_cat":[124,130,136],"product_tag":[179,182,178,180,181,183],"class_list":{"0":"post-3736","1":"product","2":"type-product","3":"status-publish","4":"has-post-thumbnail","6":"product_cat-annet","7":"product_cat-for-klasserommet","8":"product_cat-skolestart","9":"product_tag-etiketter","10":"product_tag-fag","11":"product_tag-labels","12":"product_tag-plakat","13":"product_tag-poster","14":"product_tag-subject","15":"desktop-align-center","16":"tablet-align-left","17":"mobile-align-left","19":"first","20":"instock","21":"downloadable","22":"taxable","23":"shipping-taxable","24":"purchasable","25":"product-type-simple","26":"add-to-wishlist-after_add_to_cart"},"uagb_featured_image_src":{"full":["https:\/\/nordicteacher.no\/wp-content\/uploads\/2024\/06\/Classroom1.png",1545,2000,false],"thumbnail":["https:\/\/nordicteacher.no\/wp-content\/uploads\/2024\/06\/Classroom1-150x150.png",150,150,true],"medium":["https:\/\/nordicteacher.no\/wp-content\/uploads\/2024\/06\/Classroom1-232x300.png",232,300,true],"medium_large":["https:\/\/nordicteacher.no\/wp-content\/uploads\/2024\/06\/Classroom1-768x994.png",768,994,true],"large":["https:\/\/nordicteacher.no\/wp-content\/uploads\/2024\/06\/Classroom1-791x1024.png",791,1024,true],"1536x1536":["https:\/\/nordicteacher.no\/wp-content\/uploads\/2024\/06\/Classroom1-1187x1536.png",1187,1536,true],"2048x2048":["https:\/\/nordicteacher.no\/wp-content\/uploads\/2024\/06\/Classroom1.png",1545,2000,false],"trp-custom-language-flag":["https:\/\/nordicteacher.no\/wp-content\/uploads\/2024\/06\/Classroom1-9x12.png",9,12,true],"woocommerce_thumbnail":["https:\/\/nordicteacher.no\/wp-content\/uploads\/2024\/06\/Classroom1-300x388.png",300,388,true],"woocommerce_single":["https:\/\/nordicteacher.no\/wp-content\/uploads\/2024\/06\/Classroom1-600x777.png",600,777,true],"woocommerce_gallery_thumbnail":["https:\/\/nordicteacher.no\/wp-content\/uploads\/2024\/06\/Classroom1-100x100.png",100,100,true]},"uagb_author_info":{"display_name":"Nordic Teacher","author_link":"https:\/\/nordicteacher.no\/en\/author\/"},"uagb_comment_info":0,"uagb_excerpt":"Product Description: I have developed subject labels that can be hung up in the classroom to illustrate the daily schedule for the students. These labels are designed in a consistent style to create a cohesive and aesthetically pleasing visual structure in the classroom. Additionally, I have created date labels so that dates can be illustrated&hellip;","jetpack_sharing_enabled":true,"_links":{"self":[{"href":"https:\/\/nordicteacher.no\/en\/wp-json\/wp\/v2\/product\/3736","targetHints":{"allow":["GET"]}}],"collection":[{"href":"https:\/\/nordicteacher.no\/en\/wp-json\/wp\/v2\/product"}],"about":[{"href":"https:\/\/nordicteacher.no\/en\/wp-json\/wp\/v2\/types\/product"}],"replies":[{"embeddable":true,"href":"https:\/\/nordicteacher.no\/en\/wp-json\/wp\/v2\/comments?post=3736"}],"wp:featuredmedia":[{"embeddable":true,"href":"https:\/\/nordicteacher.no\/en\/wp-json\/wp\/v2\/media\/3739"}],"wp:attachment":[{"href":"https:\/\/nordicteacher.no\/en\/wp-json\/wp\/v2\/media?parent=3736"}],"wp:term":[{"taxonomy":"product_brand","embeddable":true,"href":"https:\/\/nordicteacher.no\/en\/wp-json\/wp\/v2\/product_brand?post=3736"},{"taxonomy":"product_cat","embeddable":true,"href":"https:\/\/nordicteacher.no\/en\/wp-json\/wp\/v2\/product_cat?post=3736"},{"taxonomy":"product_tag","embeddable":true,"href":"https:\/\/nordicteacher.no\/en\/wp-json\/wp\/v2\/product_tag?post=3736"}],"curies":[{"name":"wp","href":"https:\/\/api.w.org\/{rel}","templated":true}]}}