{"id":3731,"date":"2024-06-24T11:44:48","date_gmt":"2024-06-24T11:44:48","guid":{"rendered":"https:\/\/nordicteacher.no\/?post_type=product&#038;p=3731"},"modified":"2024-06-24T11:44:50","modified_gmt":"2024-06-24T11:44:50","slug":"jeg-kan-skrive-kvk-ord-i-can-write-cvc-words","status":"publish","type":"product","link":"https:\/\/nordicteacher.no\/en\/product\/jeg-kan-skrive-kvk-ord-i-can-write-cvc-words\/","title":{"rendered":"Jeg kan skrive KVK ord \/ I can write CVC words"},"content":{"rendered":"<p class=\"cvGsUA direction-ltr align-start para-style-body\"><strong><span class=\"OYPEnA text-decoration-none text-strikethrough-none\">Beskrivelse av aktiviteten:<\/span><\/strong><\/p>\n<ul>\n<li><span class=\"OYPEnA text-decoration-none text-strikethrough-none\">Aktiviteten &laquo;Skriv KVK-ordet&raquo; er en l\u00e6ringsressurs som hjelper elever med \u00e5 \u00f8ve p\u00e5 \u00e5 skrive KVK-ord (konsonant-vokal-konsonant). Gjennom denne aktiviteten styrker elevene sine lese- og skriveferdigheter ved \u00e5 identifisere og stave enkle ord som f\u00f8lger KVK-m\u00f8nsteret.<\/span><\/li>\n<\/ul>\n<p class=\"cvGsUA direction-ltr align-start para-style-body\"><strong><span class=\"OYPEnA text-decoration-none text-strikethrough-none\">Innhold i filen<\/span><\/strong><\/p>\n<ul>\n<li><span class=\"OYPEnA text-decoration-none text-strikethrough-none\">14 ark, hver med 6 ulike KVK-ord.<\/span><\/li>\n<li><span class=\"OYPEnA text-decoration-none text-strikethrough-none\">Totalt 84 forskjellige KVK-ord.<\/span><\/li>\n<\/ul>\n<p class=\"cvGsUA direction-ltr align-start para-style-body\"><strong><span class=\"OYPEnA text-decoration-none text-strikethrough-none\">Hensikten med aktiviteten<\/span><\/strong><\/p>\n<ul>\n<li><span class=\"OYPEnA text-decoration-none text-strikethrough-none\">Forbedre elevenes evne til \u00e5 identifisere og skrive enkle KVK-ord.<\/span><\/li>\n<li><span class=\"OYPEnA text-decoration-none text-strikethrough-none\">Styrke leseferdigheter ved \u00e5 knytte sammen bokstaver og lyder.<\/span><\/li>\n<li><span class=\"OYPEnA text-decoration-none text-strikethrough-none\">\u00d8ve p\u00e5 stavem\u00e5ter og forbedre skriveferdigheter.<\/span><\/li>\n<li><span class=\"OYPEnA text-decoration-none text-strikethrough-none\">Perfekt innslag til stasjonsundervisningen!<\/span><\/li>\n<\/ul>\n<p>&nbsp;<\/p>\n<p>&nbsp;<\/p>\n<p class=\"cvGsUA direction-ltr align-start para-style-body\"><strong><span class=\"OYPEnA text-decoration-none text-strikethrough-none\">Description of the activity:<\/span><\/strong><\/p>\n<ul>\n<li><span class=\"OYPEnA text-decoration-none text-strikethrough-none\">The activity &laquo;Write the CVC word&raquo; is a learning resource that helps students practice writing CVC words (consonant-vowel-consonant). Through this activity, students strengthen their reading and writing skills by identifying and spelling simple words that follow the CVC pattern.<\/span><\/li>\n<\/ul>\n<p class=\"cvGsUA direction-ltr align-start para-style-body\"><strong><span class=\"OYPEnA text-decoration-none text-strikethrough-none\">Contents of the file<\/span><\/strong><\/p>\n<ul>\n<li><span class=\"OYPEnA text-decoration-none text-strikethrough-none\">14 sheets, each with 6 different CVC words.<\/span><\/li>\n<li><span class=\"OYPEnA text-decoration-none text-strikethrough-none\">A total of 84 different CVC words.<\/span><\/li>\n<\/ul>\n<p class=\"cvGsUA direction-ltr align-start para-style-body\"><strong><span class=\"OYPEnA text-decoration-none text-strikethrough-none\">The purpose of the activity<\/span><\/strong><\/p>\n<ul>\n<li><span class=\"OYPEnA text-decoration-none text-strikethrough-none\">Improve students&#8217; ability to identify and write simple CVC words.<\/span><\/li>\n<li><span class=\"OYPEnA text-decoration-none text-strikethrough-none\">Strengthen reading skills by connecting letters and sounds.<\/span><\/li>\n<li><span class=\"OYPEnA text-decoration-none text-strikethrough-none\">Practice spelling and improve writing skills.<\/span><\/li>\n<li><span class=\"OYPEnA text-decoration-none text-strikethrough-none\">Perfect addition to the station teaching!<\/span><\/li>\n<\/ul>","protected":false},"excerpt":{"rendered":"<p>Beskrivelse av aktiviteten: Aktiviteten &laquo;Skriv KVK-ordet&raquo; er en l\u00e6ringsressurs som hjelper elever med \u00e5 \u00f8ve p\u00e5 \u00e5 skrive KVK-ord (konsonant-vokal-konsonant). Gjennom denne aktiviteten styrker elevene sine lese- og skriveferdigheter ved \u00e5 identifisere og stave enkle ord som f\u00f8lger KVK-m\u00f8nsteret. Innhold i filen 14 ark, hver med 6 ulike KVK-ord. Totalt 84 forskjellige KVK-ord. Hensikten med [&hellip;]<\/p>","protected":false},"featured_media":3732,"comment_status":"open","ping_status":"closed","template":"","meta":{"_uag_custom_page_level_css":"","site-sidebar-layout":"default","site-content-layout":"","ast-site-content-layout":"default","site-content-style":"default","site-sidebar-style":"default","ast-global-header-display":"","ast-banner-title-visibility":"","ast-main-header-display":"","ast-hfb-above-header-display":"","ast-hfb-below-header-display":"","ast-hfb-mobile-header-display":"","site-post-title":"","ast-breadcrumbs-content":"","ast-featured-img":"","footer-sml-layout":"","theme-transparent-header-meta":"default","adv-header-id-meta":"","stick-header-meta":"","header-above-stick-meta":"","header-main-stick-meta":"","header-below-stick-meta":"","astra-migrate-meta-layouts":"set","ast-page-background-enabled":"default","ast-page-background-meta":{"desktop":{"background-color":"var(--ast-global-color-4)","background-image":"","background-repeat":"repeat","background-position":"center center","background-size":"auto","background-attachment":"scroll","background-type":"","background-media":"","overlay-type":"","overlay-color":"","overlay-opacity":"","overlay-gradient":""},"tablet":{"background-color":"","background-image":"","background-repeat":"repeat","background-position":"center center","background-size":"auto","background-attachment":"scroll","background-type":"","background-media":"","overlay-type":"","overlay-color":"","overlay-opacity":"","overlay-gradient":""},"mobile":{"background-color":"","background-image":"","background-repeat":"repeat","background-position":"center center","background-size":"auto","background-attachment":"scroll","background-type":"","background-media":"","overlay-type":"","overlay-color":"","overlay-opacity":"","overlay-gradient":""}},"ast-content-background-meta":{"desktop":{"background-color":"var(--ast-global-color-5)","background-image":"","background-repeat":"repeat","background-position":"center center","background-size":"auto","background-attachment":"scroll","background-type":"","background-media":"","overlay-type":"","overlay-color":"","overlay-opacity":"","overlay-gradient":""},"tablet":{"background-color":"var(--ast-global-color-5)","background-image":"","background-repeat":"repeat","background-position":"center center","background-size":"auto","background-attachment":"scroll","background-type":"","background-media":"","overlay-type":"","overlay-color":"","overlay-opacity":"","overlay-gradient":""},"mobile":{"background-color":"var(--ast-global-color-5)","background-image":"","background-repeat":"repeat","background-position":"center center","background-size":"auto","background-attachment":"scroll","background-type":"","background-media":"","overlay-type":"","overlay-color":"","overlay-opacity":"","overlay-gradient":""}},"_kadence_starter_templates_imported_post":false},"product_brand":[],"product_cat":[127,161,154,164,163],"product_tag":[176,177,175,174],"class_list":{"0":"post-3731","1":"product","2":"type-product","3":"status-publish","4":"has-post-thumbnail","6":"product_cat-1-4-trinn","7":"product_cat-engelsk-1-4-trinn","8":"product_cat-norsk-1-4-trinn-produkter","9":"product_cat-selvstendig-arbeid","10":"product_cat-stasjonsundervisning","11":"product_tag-cvc","12":"product_tag-kvk","13":"product_tag-skriving","14":"product_tag-writing","15":"desktop-align-center","16":"tablet-align-left","17":"mobile-align-left","19":"first","20":"instock","21":"sale","22":"downloadable","23":"taxable","24":"shipping-taxable","25":"purchasable","26":"product-type-simple","27":"add-to-wishlist-after_add_to_cart"},"uagb_featured_image_src":{"full":["https:\/\/nordicteacher.no\/wp-content\/uploads\/2024\/06\/I-can-write-CVC-words-1.png",1414,2000,false],"thumbnail":["https:\/\/nordicteacher.no\/wp-content\/uploads\/2024\/06\/I-can-write-CVC-words-1-150x150.png",150,150,true],"medium":["https:\/\/nordicteacher.no\/wp-content\/uploads\/2024\/06\/I-can-write-CVC-words-1-212x300.png",212,300,true],"medium_large":["https:\/\/nordicteacher.no\/wp-content\/uploads\/2024\/06\/I-can-write-CVC-words-1-768x1086.png",768,1086,true],"large":["https:\/\/nordicteacher.no\/wp-content\/uploads\/2024\/06\/I-can-write-CVC-words-1-724x1024.png",724,1024,true],"1536x1536":["https:\/\/nordicteacher.no\/wp-content\/uploads\/2024\/06\/I-can-write-CVC-words-1-1086x1536.png",1086,1536,true],"2048x2048":["https:\/\/nordicteacher.no\/wp-content\/uploads\/2024\/06\/I-can-write-CVC-words-1.png",1414,2000,false],"trp-custom-language-flag":["https:\/\/nordicteacher.no\/wp-content\/uploads\/2024\/06\/I-can-write-CVC-words-1-8x12.png",8,12,true],"woocommerce_thumbnail":["https:\/\/nordicteacher.no\/wp-content\/uploads\/2024\/06\/I-can-write-CVC-words-1-300x424.png",300,424,true],"woocommerce_single":["https:\/\/nordicteacher.no\/wp-content\/uploads\/2024\/06\/I-can-write-CVC-words-1-600x849.png",600,849,true],"woocommerce_gallery_thumbnail":["https:\/\/nordicteacher.no\/wp-content\/uploads\/2024\/06\/I-can-write-CVC-words-1-100x100.png",100,100,true]},"uagb_author_info":{"display_name":"Nordic Teacher","author_link":"https:\/\/nordicteacher.no\/en\/author\/"},"uagb_comment_info":0,"uagb_excerpt":"Beskrivelse av aktiviteten: Aktiviteten &laquo;Skriv KVK-ordet&raquo; er en l\u00e6ringsressurs som hjelper elever med \u00e5 \u00f8ve p\u00e5 \u00e5 skrive KVK-ord (konsonant-vokal-konsonant). Gjennom denne aktiviteten styrker elevene sine lese- og skriveferdigheter ved \u00e5 identifisere og stave enkle ord som f\u00f8lger KVK-m\u00f8nsteret. Innhold i filen 14 ark, hver med 6 ulike KVK-ord. Totalt 84 forskjellige KVK-ord. Hensikten med&hellip;","jetpack_sharing_enabled":true,"_links":{"self":[{"href":"https:\/\/nordicteacher.no\/en\/wp-json\/wp\/v2\/product\/3731","targetHints":{"allow":["GET"]}}],"collection":[{"href":"https:\/\/nordicteacher.no\/en\/wp-json\/wp\/v2\/product"}],"about":[{"href":"https:\/\/nordicteacher.no\/en\/wp-json\/wp\/v2\/types\/product"}],"replies":[{"embeddable":true,"href":"https:\/\/nordicteacher.no\/en\/wp-json\/wp\/v2\/comments?post=3731"}],"wp:featuredmedia":[{"embeddable":true,"href":"https:\/\/nordicteacher.no\/en\/wp-json\/wp\/v2\/media\/3732"}],"wp:attachment":[{"href":"https:\/\/nordicteacher.no\/en\/wp-json\/wp\/v2\/media?parent=3731"}],"wp:term":[{"taxonomy":"product_brand","embeddable":true,"href":"https:\/\/nordicteacher.no\/en\/wp-json\/wp\/v2\/product_brand?post=3731"},{"taxonomy":"product_cat","embeddable":true,"href":"https:\/\/nordicteacher.no\/en\/wp-json\/wp\/v2\/product_cat?post=3731"},{"taxonomy":"product_tag","embeddable":true,"href":"https:\/\/nordicteacher.no\/en\/wp-json\/wp\/v2\/product_tag?post=3731"}],"curies":[{"name":"wp","href":"https:\/\/api.w.org\/{rel}","templated":true}]}}