{"id":3710,"date":"2024-06-23T08:21:28","date_gmt":"2024-06-23T08:21:28","guid":{"rendered":"https:\/\/nordicteacher.no\/?post_type=product&#038;p=3710"},"modified":"2024-06-23T08:21:29","modified_gmt":"2024-06-23T08:21:29","slug":"i-see-cvc-words-1-jeg-ser-kvk-ord-1","status":"publish","type":"product","link":"https:\/\/nordicteacher.no\/en\/product\/i-see-cvc-words-1-jeg-ser-kvk-ord-1\/","title":{"rendered":"I see CVC words 1 \/ Jeg ser KVK ord 1"},"content":{"rendered":"<p class=\"cvGsUA direction-ltr align-start para-style-body\"><strong><span class=\"OYPEnA text-decoration-none text-strikethrough-none\">Hva handler aktiviteten om?<\/span><\/strong><\/p>\n<ul>\n<li><span class=\"OYPEnA text-decoration-none text-strikethrough-none\">Aktiviteten &laquo;Jeg ser KVK-ord&raquo; er utformet for \u00e5 hjelpe barn med \u00e5 identifisere og gjenkjenne ord som f\u00f8lger m\u00f8nsteret konsonant-vokal-konsonant (KVK). Den best\u00e5r av fire ulike ark som hver inneholder 16 forskjellige KVK-ord. Hvert ord har en tilh\u00f8rende illustrasjon i svart og hvitt. Barnet skal lese et ord, finne den riktige illustrasjonen og fargelegge den. N\u00e5r illustrasjonen er fargelagt, skal barnet huke av boksen ved siden av ordet. Dette gjentas for alle KVK-ordene p\u00e5 arket. N\u00e5r alle ordene er funnet og fargelagt, vil det v\u00e6re igjen noen illustrasjoner som ikke er fargelagt, da de ikke representerer KVK-ord.<\/span><\/li>\n<\/ul>\n<p class=\"cvGsUA direction-ltr align-start para-style-body\"><strong><span class=\"OYPEnA text-decoration-none text-strikethrough-none\">Innehold i filen<\/span><\/strong><\/p>\n<ul>\n<li><span class=\"OYPEnA text-decoration-none text-strikethrough-none\">4 ark med 16 ulike KVK-ord p\u00e5 hvert ark.<\/span><\/li>\n<\/ul>\n<p class=\"cvGsUA direction-ltr align-start para-style-body\"><strong><span class=\"OYPEnA text-decoration-none text-strikethrough-none\">Hensikten med aktiviteten<\/span><\/strong><\/p>\n<ul>\n<li><span class=\"OYPEnA text-decoration-none text-strikethrough-none\">Styrke barns leseferdigheter ved \u00e5 \u00f8ve p\u00e5 \u00e5 identifisere og gjenkjenne KVK-ord.<\/span><\/li>\n<li><span class=\"OYPEnA text-decoration-none text-strikethrough-none\">\u00d8ve p\u00e5 \u00e5 matche bilde og ord.<\/span><\/li>\n<li><span class=\"OYPEnA text-decoration-none text-strikethrough-none\">Gj\u00f8re l\u00e6ringen morsom og engasjerende ved \u00e5 inkludere fargeleggingsaktiviteter.<\/span><\/li>\n<\/ul>\n<p>&nbsp;<\/p>\n<p>&nbsp;<\/p>\n<p class=\"cvGsUA direction-ltr align-start para-style-body\"><strong><span class=\"OYPEnA text-decoration-none text-strikethrough-none\">What is the activity about?<\/span><\/strong><\/p>\n<ul>\n<li><span class=\"OYPEnA text-decoration-none text-strikethrough-none\">The activity &laquo;I see KVK words&raquo; is designed to help children identify and recognize words that follow the consonant-vowel-consonant (KVK) pattern. It consists of four different sheets, each containing 16 different KVK words. Each word has a corresponding illustration in black and white. The child must read a word, find the correct illustration and color it. When the illustration has been coloured, the child must tick off the box next to the word. This is repeated for all the KVK words on the sheet. When all the words have been found and coloured, there will be some illustrations left which are not coloured, as they do not represent KVK words.<\/span><\/li>\n<\/ul>\n<p class=\"cvGsUA direction-ltr align-start para-style-body\"><strong><span class=\"OYPEnA text-decoration-none text-strikethrough-none\">Contents of the file<\/span><\/strong><\/p>\n<ul>\n<li><span class=\"OYPEnA text-decoration-none text-strikethrough-none\">4 sheets with 16 different KVK words on each sheet.<\/span><\/li>\n<\/ul>\n<p class=\"cvGsUA direction-ltr align-start para-style-body\"><strong><span class=\"OYPEnA text-decoration-none text-strikethrough-none\">The purpose of the activity<\/span><\/strong><\/p>\n<ul>\n<li><span class=\"OYPEnA text-decoration-none text-strikethrough-none\">Strengthen children&#8217;s reading skills by practicing identifying and recognizing KVK words.<\/span><\/li>\n<li><span class=\"OYPEnA text-decoration-none text-strikethrough-none\">Practice matching pictures and words.<\/span><\/li>\n<li><span class=\"OYPEnA text-decoration-none text-strikethrough-none\">Make learning fun and engaging by including coloring activities.<\/span><\/li>\n<\/ul>","protected":false},"excerpt":{"rendered":"<p>Hva handler aktiviteten om? Aktiviteten &laquo;Jeg ser KVK-ord&raquo; er utformet for \u00e5 hjelpe barn med \u00e5 identifisere og gjenkjenne ord som f\u00f8lger m\u00f8nsteret konsonant-vokal-konsonant (KVK). Den best\u00e5r av fire ulike ark som hver inneholder 16 forskjellige KVK-ord. Hvert ord har en tilh\u00f8rende illustrasjon i svart og hvitt. Barnet skal lese et ord, finne den riktige [&hellip;]<\/p>","protected":false},"featured_media":3714,"comment_status":"open","ping_status":"closed","template":"","meta":{"_uag_custom_page_level_css":"","site-sidebar-layout":"default","site-content-layout":"","ast-site-content-layout":"default","site-content-style":"default","site-sidebar-style":"default","ast-global-header-display":"","ast-banner-title-visibility":"","ast-main-header-display":"","ast-hfb-above-header-display":"","ast-hfb-below-header-display":"","ast-hfb-mobile-header-display":"","site-post-title":"","ast-breadcrumbs-content":"","ast-featured-img":"","footer-sml-layout":"","theme-transparent-header-meta":"default","adv-header-id-meta":"","stick-header-meta":"","header-above-stick-meta":"","header-main-stick-meta":"","header-below-stick-meta":"","astra-migrate-meta-layouts":"set","ast-page-background-enabled":"default","ast-page-background-meta":{"desktop":{"background-color":"var(--ast-global-color-4)","background-image":"","background-repeat":"repeat","background-position":"center center","background-size":"auto","background-attachment":"scroll","background-type":"","background-media":"","overlay-type":"","overlay-color":"","overlay-opacity":"","overlay-gradient":""},"tablet":{"background-color":"","background-image":"","background-repeat":"repeat","background-position":"center center","background-size":"auto","background-attachment":"scroll","background-type":"","background-media":"","overlay-type":"","overlay-color":"","overlay-opacity":"","overlay-gradient":""},"mobile":{"background-color":"","background-image":"","background-repeat":"repeat","background-position":"center center","background-size":"auto","background-attachment":"scroll","background-type":"","background-media":"","overlay-type":"","overlay-color":"","overlay-opacity":"","overlay-gradient":""}},"ast-content-background-meta":{"desktop":{"background-color":"var(--ast-global-color-5)","background-image":"","background-repeat":"repeat","background-position":"center center","background-size":"auto","background-attachment":"scroll","background-type":"","background-media":"","overlay-type":"","overlay-color":"","overlay-opacity":"","overlay-gradient":""},"tablet":{"background-color":"var(--ast-global-color-5)","background-image":"","background-repeat":"repeat","background-position":"center center","background-size":"auto","background-attachment":"scroll","background-type":"","background-media":"","overlay-type":"","overlay-color":"","overlay-opacity":"","overlay-gradient":""},"mobile":{"background-color":"var(--ast-global-color-5)","background-image":"","background-repeat":"repeat","background-position":"center center","background-size":"auto","background-attachment":"scroll","background-type":"","background-media":"","overlay-type":"","overlay-color":"","overlay-opacity":"","overlay-gradient":""}},"_kadence_starter_templates_imported_post":false},"product_brand":[],"product_cat":[127,161,154,164,163],"product_tag":[],"class_list":{"0":"post-3710","1":"product","2":"type-product","3":"status-publish","4":"has-post-thumbnail","6":"product_cat-1-4-trinn","7":"product_cat-engelsk-1-4-trinn","8":"product_cat-norsk-1-4-trinn-produkter","9":"product_cat-selvstendig-arbeid","10":"product_cat-stasjonsundervisning","11":"desktop-align-center","12":"tablet-align-left","13":"mobile-align-left","15":"first","16":"instock","17":"sale","18":"downloadable","19":"taxable","20":"shipping-taxable","21":"purchasable","22":"product-type-simple","23":"add-to-wishlist-after_add_to_cart"},"uagb_featured_image_src":{"full":["https:\/\/nordicteacher.no\/wp-content\/uploads\/2024\/06\/I-see-CVC-words-1.png",1414,2000,false],"thumbnail":["https:\/\/nordicteacher.no\/wp-content\/uploads\/2024\/06\/I-see-CVC-words-1-150x150.png",150,150,true],"medium":["https:\/\/nordicteacher.no\/wp-content\/uploads\/2024\/06\/I-see-CVC-words-1-212x300.png",212,300,true],"medium_large":["https:\/\/nordicteacher.no\/wp-content\/uploads\/2024\/06\/I-see-CVC-words-1-768x1086.png",768,1086,true],"large":["https:\/\/nordicteacher.no\/wp-content\/uploads\/2024\/06\/I-see-CVC-words-1-724x1024.png",724,1024,true],"1536x1536":["https:\/\/nordicteacher.no\/wp-content\/uploads\/2024\/06\/I-see-CVC-words-1-1086x1536.png",1086,1536,true],"2048x2048":["https:\/\/nordicteacher.no\/wp-content\/uploads\/2024\/06\/I-see-CVC-words-1.png",1414,2000,false],"trp-custom-language-flag":["https:\/\/nordicteacher.no\/wp-content\/uploads\/2024\/06\/I-see-CVC-words-1-8x12.png",8,12,true],"woocommerce_thumbnail":["https:\/\/nordicteacher.no\/wp-content\/uploads\/2024\/06\/I-see-CVC-words-1-300x424.png",300,424,true],"woocommerce_single":["https:\/\/nordicteacher.no\/wp-content\/uploads\/2024\/06\/I-see-CVC-words-1-600x849.png",600,849,true],"woocommerce_gallery_thumbnail":["https:\/\/nordicteacher.no\/wp-content\/uploads\/2024\/06\/I-see-CVC-words-1-100x100.png",100,100,true]},"uagb_author_info":{"display_name":"Nordic Teacher","author_link":"https:\/\/nordicteacher.no\/en\/author\/"},"uagb_comment_info":0,"uagb_excerpt":"Hva handler aktiviteten om? Aktiviteten &laquo;Jeg ser KVK-ord&raquo; er utformet for \u00e5 hjelpe barn med \u00e5 identifisere og gjenkjenne ord som f\u00f8lger m\u00f8nsteret konsonant-vokal-konsonant (KVK). Den best\u00e5r av fire ulike ark som hver inneholder 16 forskjellige KVK-ord. Hvert ord har en tilh\u00f8rende illustrasjon i svart og hvitt. Barnet skal lese et ord, finne den riktige&hellip;","jetpack_sharing_enabled":true,"_links":{"self":[{"href":"https:\/\/nordicteacher.no\/en\/wp-json\/wp\/v2\/product\/3710","targetHints":{"allow":["GET"]}}],"collection":[{"href":"https:\/\/nordicteacher.no\/en\/wp-json\/wp\/v2\/product"}],"about":[{"href":"https:\/\/nordicteacher.no\/en\/wp-json\/wp\/v2\/types\/product"}],"replies":[{"embeddable":true,"href":"https:\/\/nordicteacher.no\/en\/wp-json\/wp\/v2\/comments?post=3710"}],"wp:featuredmedia":[{"embeddable":true,"href":"https:\/\/nordicteacher.no\/en\/wp-json\/wp\/v2\/media\/3714"}],"wp:attachment":[{"href":"https:\/\/nordicteacher.no\/en\/wp-json\/wp\/v2\/media?parent=3710"}],"wp:term":[{"taxonomy":"product_brand","embeddable":true,"href":"https:\/\/nordicteacher.no\/en\/wp-json\/wp\/v2\/product_brand?post=3710"},{"taxonomy":"product_cat","embeddable":true,"href":"https:\/\/nordicteacher.no\/en\/wp-json\/wp\/v2\/product_cat?post=3710"},{"taxonomy":"product_tag","embeddable":true,"href":"https:\/\/nordicteacher.no\/en\/wp-json\/wp\/v2\/product_tag?post=3710"}],"curies":[{"name":"wp","href":"https:\/\/api.w.org\/{rel}","templated":true}]}}