{"id":3641,"date":"2024-06-19T10:56:00","date_gmt":"2024-06-19T10:56:00","guid":{"rendered":"https:\/\/nordicteacher.no\/?post_type=product&#038;p=3641"},"modified":"2024-06-19T10:56:02","modified_gmt":"2024-06-19T10:56:02","slug":"kryssord-blandet-dyr-mat-crossword-summer-animals-food","status":"publish","type":"product","link":"https:\/\/nordicteacher.no\/en\/product\/kryssord-blandet-dyr-mat-crossword-summer-animals-food\/","title":{"rendered":"Kryssord (Blandet, dyr, mat) \/ Crossword (Summer, animals, food)"},"content":{"rendered":"<p class=\"cvGsUA direction-ltr align-start para-style-body\"><strong><span class=\"OYPEnA text-decoration-none text-strikethrough-none\">Hva handler aktiviteten om?<\/span><\/strong><\/p>\n<ul>\n<li><span class=\"OYPEnA text-decoration-none text-strikethrough-none\">Denne aktiviteten inneb\u00e6rer \u00e5 l\u00f8se tre forskjellige kryssord, hver sentrert rundt et spesifikt tema: blandet, dyr og mat. Kryssordene er utformet for elever p\u00e5 barneskolen for \u00e5 hjelpe dem med \u00e5 l\u00e6re og styrke ordforr\u00e5det knyttet til disse temaene p\u00e5 en engasjerende og interaktiv m\u00e5te.<\/span><\/li>\n<\/ul>\n<p class=\"cvGsUA direction-ltr align-start para-style-body\"><strong><span class=\"OYPEnA text-decoration-none text-strikethrough-none\">Filen inneholder<\/span><\/strong><\/p>\n<p class=\"cvGsUA direction-ltr align-start para-style-body\"><span class=\"OYPEnA text-decoration-none text-strikethrough-none\">Filen inneholder tre kryssord sammen med deres fasit:<\/span><\/p>\n<ul>\n<li><span class=\"OYPEnA text-decoration-none text-strikethrough-none\">Et blandet-tema kryssord<\/span><\/li>\n<li><span class=\"OYPEnA text-decoration-none text-strikethrough-none\">Et dyr-tema kryssord<\/span><\/li>\n<li><span class=\"OYPEnA text-decoration-none text-strikethrough-none\">Et mat-tema kryssord<\/span><\/li>\n<\/ul>\n<p class=\"cvGsUA direction-ltr align-start para-style-body\"><strong><span class=\"OYPEnA text-decoration-none text-strikethrough-none\">Hensikten med aktiviteten<\/span><\/strong><\/p>\n<p class=\"cvGsUA direction-ltr align-start para-style-body\"><span class=\"OYPEnA text-decoration-none text-strikethrough-none\">Form\u00e5let med denne aktiviteten er \u00e5 tilby en morsom og pedagogisk \u00f8velse for elevene. Den har som m\u00e5l \u00e5:<\/span><\/p>\n<ul>\n<li><span class=\"OYPEnA text-decoration-none text-strikethrough-none\">Forbedre ordforr\u00e5d og staveferdigheter<\/span><\/li>\n<li><span class=\"OYPEnA text-decoration-none text-strikethrough-none\">\u00d8ke evnen til probleml\u00f8sning<\/span><\/li>\n<li><span class=\"OYPEnA text-decoration-none text-strikethrough-none\">\u00d8ke kunnskapen og forst\u00e5elsen av ulike temaer<\/span><\/li>\n<li><span class=\"OYPEnA text-decoration-none text-strikethrough-none\">Gi en morsom og stimulerende mental utfordring<\/span><\/li>\n<\/ul>\n<p>&nbsp;<\/p>\n<p class=\"cvGsUA direction-ltr align-start para-style-body\"><strong><span class=\"OYPEnA text-decoration-none text-strikethrough-none\">What the activity is about?<\/span><\/strong><\/p>\n<ul>\n<li><span class=\"OYPEnA text-decoration-none text-strikethrough-none\">This activity involves solving three different crossword puzzles, each centered around a specific theme: summer, animals, and food. The puzzles are designed for elementary school students to help them learn and reinforce vocabulary related to these themes in an engaging and interactive manner<\/span><span class=\"OYPEnA text-decoration-none text-strikethrough-none\">.<\/span><\/li>\n<\/ul>\n<p class=\"cvGsUA direction-ltr align-start para-style-body\"><strong><span class=\"OYPEnA text-decoration-none text-strikethrough-none\">Content of the file<\/span><\/strong><\/p>\n<p class=\"cvGsUA direction-ltr align-start para-style-body\"><span class=\"OYPEnA text-decoration-none text-strikethrough-none\">The file contains three crossword puzzles along with their respective answer keys:<\/span><\/p>\n<ul>\n<li><span class=\"OYPEnA text-decoration-none text-strikethrough-none\">A summer-themed crossword<\/span><\/li>\n<li><span class=\"OYPEnA text-decoration-none text-strikethrough-none\">An animals-themed crossword<\/span><\/li>\n<li><span class=\"OYPEnA text-decoration-none text-strikethrough-none\">A food-themed crossword<\/span><\/li>\n<\/ul>\n<p class=\"cvGsUA direction-ltr align-start para-style-body\"><strong><span class=\"OYPEnA text-decoration-none text-strikethrough-none\">Purpose of the activity<\/span><\/strong><\/p>\n<p class=\"cvGsUA direction-ltr align-start para-style-body\"><span class=\"OYPEnA text-decoration-none text-strikethrough-none\">The purpose of this activity is to provide an enjoyable and educational exercise for students. It aims to:<\/span><\/p>\n<ul>\n<li><span class=\"OYPEnA text-decoration-none text-strikethrough-none\">Enhance vocabulary and spelling skills<\/span><\/li>\n<li><span class=\"OYPEnA text-decoration-none text-strikethrough-none\">Improve problem-solving abilities<\/span><\/li>\n<li><span class=\"OYPEnA text-decoration-none text-strikethrough-none\">Increase knowledge and understanding of different themes<\/span><\/li>\n<li><span class=\"OYPEnA text-decoration-none text-strikethrough-none\">Provide a fun and stimulating mental challenge<\/span><\/li>\n<\/ul>","protected":false},"excerpt":{"rendered":"<p>Hva handler aktiviteten om? Denne aktiviteten inneb\u00e6rer \u00e5 l\u00f8se tre forskjellige kryssord, hver sentrert rundt et spesifikt tema: blandet, dyr og mat. Kryssordene er utformet for elever p\u00e5 barneskolen for \u00e5 hjelpe dem med \u00e5 l\u00e6re og styrke ordforr\u00e5det knyttet til disse temaene p\u00e5 en engasjerende og interaktiv m\u00e5te. Filen inneholder Filen inneholder tre kryssord [&hellip;]<\/p>","protected":false},"featured_media":3642,"comment_status":"open","ping_status":"closed","template":"","meta":{"_uag_custom_page_level_css":"","site-sidebar-layout":"default","site-content-layout":"","ast-site-content-layout":"default","site-content-style":"default","site-sidebar-style":"default","ast-global-header-display":"","ast-banner-title-visibility":"","ast-main-header-display":"","ast-hfb-above-header-display":"","ast-hfb-below-header-display":"","ast-hfb-mobile-header-display":"","site-post-title":"","ast-breadcrumbs-content":"","ast-featured-img":"","footer-sml-layout":"","theme-transparent-header-meta":"default","adv-header-id-meta":"","stick-header-meta":"","header-above-stick-meta":"","header-main-stick-meta":"","header-below-stick-meta":"","astra-migrate-meta-layouts":"set","ast-page-background-enabled":"default","ast-page-background-meta":{"desktop":{"background-color":"var(--ast-global-color-4)","background-image":"","background-repeat":"repeat","background-position":"center center","background-size":"auto","background-attachment":"scroll","background-type":"","background-media":"","overlay-type":"","overlay-color":"","overlay-opacity":"","overlay-gradient":""},"tablet":{"background-color":"","background-image":"","background-repeat":"repeat","background-position":"center center","background-size":"auto","background-attachment":"scroll","background-type":"","background-media":"","overlay-type":"","overlay-color":"","overlay-opacity":"","overlay-gradient":""},"mobile":{"background-color":"","background-image":"","background-repeat":"repeat","background-position":"center center","background-size":"auto","background-attachment":"scroll","background-type":"","background-media":"","overlay-type":"","overlay-color":"","overlay-opacity":"","overlay-gradient":""}},"ast-content-background-meta":{"desktop":{"background-color":"var(--ast-global-color-5)","background-image":"","background-repeat":"repeat","background-position":"center center","background-size":"auto","background-attachment":"scroll","background-type":"","background-media":"","overlay-type":"","overlay-color":"","overlay-opacity":"","overlay-gradient":""},"tablet":{"background-color":"var(--ast-global-color-5)","background-image":"","background-repeat":"repeat","background-position":"center center","background-size":"auto","background-attachment":"scroll","background-type":"","background-media":"","overlay-type":"","overlay-color":"","overlay-opacity":"","overlay-gradient":""},"mobile":{"background-color":"var(--ast-global-color-5)","background-image":"","background-repeat":"repeat","background-position":"center center","background-size":"auto","background-attachment":"scroll","background-type":"","background-media":"","overlay-type":"","overlay-color":"","overlay-opacity":"","overlay-gradient":""}},"_kadence_starter_templates_imported_post":false},"product_brand":[],"product_cat":[127,126,152,161,154,144,164,163,162],"product_tag":[169,168],"class_list":{"0":"post-3641","1":"product","2":"type-product","3":"status-publish","4":"has-post-thumbnail","6":"product_cat-1-4-trinn","7":"product_cat-5-7-trinn","8":"product_cat-engelsk","9":"product_cat-engelsk-1-4-trinn","10":"product_cat-norsk-1-4-trinn-produkter","11":"product_cat-norsk","12":"product_cat-selvstendig-arbeid","13":"product_cat-stasjonsundervisning","14":"product_cat-undervisningstype","15":"product_tag-crossword","16":"product_tag-kryssord","17":"desktop-align-center","18":"tablet-align-left","19":"mobile-align-left","21":"first","22":"instock","23":"sale","24":"downloadable","25":"taxable","26":"shipping-taxable","27":"purchasable","28":"product-type-simple","29":"add-to-wishlist-after_add_to_cart"},"uagb_featured_image_src":{"full":["https:\/\/nordicteacher.no\/wp-content\/uploads\/2024\/06\/Crossword.png",2475,3500,false],"thumbnail":["https:\/\/nordicteacher.no\/wp-content\/uploads\/2024\/06\/Crossword-150x150.png",150,150,true],"medium":["https:\/\/nordicteacher.no\/wp-content\/uploads\/2024\/06\/Crossword-212x300.png",212,300,true],"medium_large":["https:\/\/nordicteacher.no\/wp-content\/uploads\/2024\/06\/Crossword-768x1086.png",768,1086,true],"large":["https:\/\/nordicteacher.no\/wp-content\/uploads\/2024\/06\/Crossword-724x1024.png",724,1024,true],"1536x1536":["https:\/\/nordicteacher.no\/wp-content\/uploads\/2024\/06\/Crossword-1086x1536.png",1086,1536,true],"2048x2048":["https:\/\/nordicteacher.no\/wp-content\/uploads\/2024\/06\/Crossword-1448x2048.png",1448,2048,true],"trp-custom-language-flag":["https:\/\/nordicteacher.no\/wp-content\/uploads\/2024\/06\/Crossword-8x12.png",8,12,true],"woocommerce_thumbnail":["https:\/\/nordicteacher.no\/wp-content\/uploads\/2024\/06\/Crossword-300x424.png",300,424,true],"woocommerce_single":["https:\/\/nordicteacher.no\/wp-content\/uploads\/2024\/06\/Crossword-600x848.png",600,848,true],"woocommerce_gallery_thumbnail":["https:\/\/nordicteacher.no\/wp-content\/uploads\/2024\/06\/Crossword-100x100.png",100,100,true]},"uagb_author_info":{"display_name":"Nordic Teacher","author_link":"https:\/\/nordicteacher.no\/en\/author\/"},"uagb_comment_info":0,"uagb_excerpt":"Hva handler aktiviteten om? Denne aktiviteten inneb\u00e6rer \u00e5 l\u00f8se tre forskjellige kryssord, hver sentrert rundt et spesifikt tema: blandet, dyr og mat. Kryssordene er utformet for elever p\u00e5 barneskolen for \u00e5 hjelpe dem med \u00e5 l\u00e6re og styrke ordforr\u00e5det knyttet til disse temaene p\u00e5 en engasjerende og interaktiv m\u00e5te. Filen inneholder Filen inneholder tre kryssord&hellip;","jetpack_sharing_enabled":true,"_links":{"self":[{"href":"https:\/\/nordicteacher.no\/en\/wp-json\/wp\/v2\/product\/3641","targetHints":{"allow":["GET"]}}],"collection":[{"href":"https:\/\/nordicteacher.no\/en\/wp-json\/wp\/v2\/product"}],"about":[{"href":"https:\/\/nordicteacher.no\/en\/wp-json\/wp\/v2\/types\/product"}],"replies":[{"embeddable":true,"href":"https:\/\/nordicteacher.no\/en\/wp-json\/wp\/v2\/comments?post=3641"}],"wp:featuredmedia":[{"embeddable":true,"href":"https:\/\/nordicteacher.no\/en\/wp-json\/wp\/v2\/media\/3642"}],"wp:attachment":[{"href":"https:\/\/nordicteacher.no\/en\/wp-json\/wp\/v2\/media?parent=3641"}],"wp:term":[{"taxonomy":"product_brand","embeddable":true,"href":"https:\/\/nordicteacher.no\/en\/wp-json\/wp\/v2\/product_brand?post=3641"},{"taxonomy":"product_cat","embeddable":true,"href":"https:\/\/nordicteacher.no\/en\/wp-json\/wp\/v2\/product_cat?post=3641"},{"taxonomy":"product_tag","embeddable":true,"href":"https:\/\/nordicteacher.no\/en\/wp-json\/wp\/v2\/product_tag?post=3641"}],"curies":[{"name":"wp","href":"https:\/\/api.w.org\/{rel}","templated":true}]}}