{"id":3633,"date":"2024-06-19T10:18:31","date_gmt":"2024-06-19T10:18:31","guid":{"rendered":"https:\/\/nordicteacher.no\/?post_type=product&#038;p=3633"},"modified":"2024-06-19T10:18:33","modified_gmt":"2024-06-19T10:18:33","slug":"bucket-list","status":"publish","type":"product","link":"https:\/\/nordicteacher.no\/en\/product\/bucket-list\/","title":{"rendered":"Bucket List"},"content":{"rendered":"<p class=\"cvGsUA direction-ltr align-start para-style-body\"><strong><span class=\"OYPEnA text-decoration-none text-strikethrough-none\">Hva handler aktiviteten om?<\/span><\/strong><\/p>\n<ul>\n<li><span class=\"OYPEnA text-decoration-none text-strikethrough-none\">Denne aktiviteten handler om \u00e5 lage bucketlister for sommeren og skole\u00e5ret. Elevene skal lage lister over ting de \u00f8nsker \u00e5 gj\u00f8re og oppn\u00e5 i l\u00f8pet av sommeren og det kommende skole\u00e5ret. I tillegg f\u00e5r de to ulike st\u00f8rrelser av en b\u00f8tte som de kan klippe ut, fargelegge og bruke til \u00e5 tegne det de gj\u00f8r som st\u00e5r p\u00e5 bucketlistene.<\/span><\/li>\n<\/ul>\n<p class=\"cvGsUA direction-ltr align-start para-style-body\"><strong><span class=\"OYPEnA text-decoration-none text-strikethrough-none\">Inneholdet i filen<\/span><\/strong><\/p>\n<ul>\n<li><span class=\"OYPEnA text-decoration-none text-strikethrough-none\">En bucketliste for sommeren med tre forslag til aktiviteter<\/span><\/li>\n<li><span class=\"OYPEnA text-decoration-none text-strikethrough-none\">En bucketliste for skole\u00e5ret med tre forslag til m\u00e5l og aktiviteter<\/span><\/li>\n<li><span class=\"OYPEnA text-decoration-none text-strikethrough-none\">To st\u00f8rrelser av en b\u00f8tte som kan klippes ut og fargelegges<\/span><\/li>\n<\/ul>\n<p class=\"cvGsUA direction-ltr align-start para-style-body\"><strong><span class=\"OYPEnA text-decoration-none text-strikethrough-none\">Hensikten med aktiviteten<\/span><\/strong><\/p>\n<ul>\n<li><span class=\"OYPEnA text-decoration-none text-strikethrough-none\">Oppmuntre elevene til \u00e5 planlegge og sette m\u00e5l for hva de \u00f8nsker \u00e5 gj\u00f8re i sommerferien og det kommende skole\u00e5ret<\/span><\/li>\n<li><span class=\"OYPEnA text-decoration-none text-strikethrough-none\">Styrke elevenes kreative ferdigheter gjennom klipping, fargelegging og tegning<\/span><\/li>\n<li><span class=\"OYPEnA text-decoration-none text-strikethrough-none\">Enkel skrivetrening.<\/span><\/li>\n<\/ul>\n<p>&nbsp;<\/p>\n<p class=\"cvGsUA direction-ltr align-start para-style-body\"><strong><span class=\"OYPEnA text-decoration-none text-strikethrough-none\">What is the activity about?<\/span><\/strong><\/p>\n<ul>\n<li><span class=\"OYPEnA text-decoration-none text-strikethrough-none\">This activity is about making bucket lists for the summer and the school year. The students must make lists of things they want to do and achieve during the summer and the coming school year. In addition, they get two different sizes of a bucket that they can cut out, color and use to draw what they do that is on their bucket lists.<\/span><\/li>\n<\/ul>\n<p class=\"cvGsUA direction-ltr align-start para-style-body\"><strong><span class=\"OYPEnA text-decoration-none text-strikethrough-none\">The contents of the file<\/span><\/strong><\/p>\n<ul>\n<li><span class=\"OYPEnA text-decoration-none text-strikethrough-none\">A bucket list for the summer with three suggestions for activities<\/span><\/li>\n<li><span class=\"OYPEnA text-decoration-none text-strikethrough-none\">A bucket list for the school year with three suggestions for goals and activities<\/span><\/li>\n<li><span class=\"OYPEnA text-decoration-none text-strikethrough-none\">Two sizes of a bucket that can be cut out and colored<\/span><\/li>\n<\/ul>\n<p class=\"cvGsUA direction-ltr align-start para-style-body\"><strong><span class=\"OYPEnA text-decoration-none text-strikethrough-none\">The purpose of the activity<\/span><\/strong><\/p>\n<ul>\n<li><span class=\"OYPEnA text-decoration-none text-strikethrough-none\">Encourage students to plan and set goals for what they want to do during the summer holidays and the upcoming school year<\/span><\/li>\n<li><span class=\"OYPEnA text-decoration-none text-strikethrough-none\">Strengthen students&#8217; creative skills through cutting, coloring and drawing<\/span><\/li>\n<li><span class=\"OYPEnA text-decoration-none text-strikethrough-none\">Simple writing practice.<\/span><\/li>\n<\/ul>","protected":false},"excerpt":{"rendered":"<p>Hva handler aktiviteten om? Denne aktiviteten handler om \u00e5 lage bucketlister for sommeren og skole\u00e5ret. Elevene skal lage lister over ting de \u00f8nsker \u00e5 gj\u00f8re og oppn\u00e5 i l\u00f8pet av sommeren og det kommende skole\u00e5ret. I tillegg f\u00e5r de to ulike st\u00f8rrelser av en b\u00f8tte som de kan klippe ut, fargelegge og bruke til \u00e5 [&hellip;]<\/p>","protected":false},"featured_media":3635,"comment_status":"open","ping_status":"closed","template":"","meta":{"_uag_custom_page_level_css":"","site-sidebar-layout":"default","site-content-layout":"","ast-site-content-layout":"default","site-content-style":"default","site-sidebar-style":"default","ast-global-header-display":"","ast-banner-title-visibility":"","ast-main-header-display":"","ast-hfb-above-header-display":"","ast-hfb-below-header-display":"","ast-hfb-mobile-header-display":"","site-post-title":"","ast-breadcrumbs-content":"","ast-featured-img":"","footer-sml-layout":"","theme-transparent-header-meta":"default","adv-header-id-meta":"","stick-header-meta":"","header-above-stick-meta":"","header-main-stick-meta":"","header-below-stick-meta":"","astra-migrate-meta-layouts":"set","ast-page-background-enabled":"default","ast-page-background-meta":{"desktop":{"background-color":"var(--ast-global-color-4)","background-image":"","background-repeat":"repeat","background-position":"center center","background-size":"auto","background-attachment":"scroll","background-type":"","background-media":"","overlay-type":"","overlay-color":"","overlay-opacity":"","overlay-gradient":""},"tablet":{"background-color":"","background-image":"","background-repeat":"repeat","background-position":"center center","background-size":"auto","background-attachment":"scroll","background-type":"","background-media":"","overlay-type":"","overlay-color":"","overlay-opacity":"","overlay-gradient":""},"mobile":{"background-color":"","background-image":"","background-repeat":"repeat","background-position":"center center","background-size":"auto","background-attachment":"scroll","background-type":"","background-media":"","overlay-type":"","overlay-color":"","overlay-opacity":"","overlay-gradient":""}},"ast-content-background-meta":{"desktop":{"background-color":"var(--ast-global-color-5)","background-image":"","background-repeat":"repeat","background-position":"center center","background-size":"auto","background-attachment":"scroll","background-type":"","background-media":"","overlay-type":"","overlay-color":"","overlay-opacity":"","overlay-gradient":""},"tablet":{"background-color":"var(--ast-global-color-5)","background-image":"","background-repeat":"repeat","background-position":"center center","background-size":"auto","background-attachment":"scroll","background-type":"","background-media":"","overlay-type":"","overlay-color":"","overlay-opacity":"","overlay-gradient":""},"mobile":{"background-color":"var(--ast-global-color-5)","background-image":"","background-repeat":"repeat","background-position":"center center","background-size":"auto","background-attachment":"scroll","background-type":"","background-media":"","overlay-type":"","overlay-color":"","overlay-opacity":"","overlay-gradient":""}},"_kadence_starter_templates_imported_post":false},"product_brand":[],"product_cat":[127,161,154,136,139],"product_tag":[],"class_list":{"0":"post-3633","1":"product","2":"type-product","3":"status-publish","4":"has-post-thumbnail","6":"product_cat-1-4-trinn","7":"product_cat-engelsk-1-4-trinn","8":"product_cat-norsk-1-4-trinn-produkter","9":"product_cat-skolestart","10":"product_cat-sommer","11":"desktop-align-center","12":"tablet-align-left","13":"mobile-align-left","15":"first","16":"instock","17":"downloadable","18":"taxable","19":"shipping-taxable","20":"purchasable","21":"product-type-simple","22":"add-to-wishlist-after_add_to_cart"},"uagb_featured_image_src":{"full":["https:\/\/nordicteacher.no\/wp-content\/uploads\/2024\/06\/Bucket-List-English.png",2475,3500,false],"thumbnail":["https:\/\/nordicteacher.no\/wp-content\/uploads\/2024\/06\/Bucket-List-English-150x150.png",150,150,true],"medium":["https:\/\/nordicteacher.no\/wp-content\/uploads\/2024\/06\/Bucket-List-English-212x300.png",212,300,true],"medium_large":["https:\/\/nordicteacher.no\/wp-content\/uploads\/2024\/06\/Bucket-List-English-768x1086.png",768,1086,true],"large":["https:\/\/nordicteacher.no\/wp-content\/uploads\/2024\/06\/Bucket-List-English-724x1024.png",724,1024,true],"1536x1536":["https:\/\/nordicteacher.no\/wp-content\/uploads\/2024\/06\/Bucket-List-English-1086x1536.png",1086,1536,true],"2048x2048":["https:\/\/nordicteacher.no\/wp-content\/uploads\/2024\/06\/Bucket-List-English-1448x2048.png",1448,2048,true],"trp-custom-language-flag":["https:\/\/nordicteacher.no\/wp-content\/uploads\/2024\/06\/Bucket-List-English-8x12.png",8,12,true],"woocommerce_thumbnail":["https:\/\/nordicteacher.no\/wp-content\/uploads\/2024\/06\/Bucket-List-English-300x424.png",300,424,true],"woocommerce_single":["https:\/\/nordicteacher.no\/wp-content\/uploads\/2024\/06\/Bucket-List-English-600x848.png",600,848,true],"woocommerce_gallery_thumbnail":["https:\/\/nordicteacher.no\/wp-content\/uploads\/2024\/06\/Bucket-List-English-100x100.png",100,100,true]},"uagb_author_info":{"display_name":"Nordic Teacher","author_link":"https:\/\/nordicteacher.no\/en\/author\/"},"uagb_comment_info":0,"uagb_excerpt":"Hva handler aktiviteten om? Denne aktiviteten handler om \u00e5 lage bucketlister for sommeren og skole\u00e5ret. Elevene skal lage lister over ting de \u00f8nsker \u00e5 gj\u00f8re og oppn\u00e5 i l\u00f8pet av sommeren og det kommende skole\u00e5ret. I tillegg f\u00e5r de to ulike st\u00f8rrelser av en b\u00f8tte som de kan klippe ut, fargelegge og bruke til \u00e5&hellip;","jetpack_sharing_enabled":true,"_links":{"self":[{"href":"https:\/\/nordicteacher.no\/en\/wp-json\/wp\/v2\/product\/3633","targetHints":{"allow":["GET"]}}],"collection":[{"href":"https:\/\/nordicteacher.no\/en\/wp-json\/wp\/v2\/product"}],"about":[{"href":"https:\/\/nordicteacher.no\/en\/wp-json\/wp\/v2\/types\/product"}],"replies":[{"embeddable":true,"href":"https:\/\/nordicteacher.no\/en\/wp-json\/wp\/v2\/comments?post=3633"}],"wp:featuredmedia":[{"embeddable":true,"href":"https:\/\/nordicteacher.no\/en\/wp-json\/wp\/v2\/media\/3635"}],"wp:attachment":[{"href":"https:\/\/nordicteacher.no\/en\/wp-json\/wp\/v2\/media?parent=3633"}],"wp:term":[{"taxonomy":"product_brand","embeddable":true,"href":"https:\/\/nordicteacher.no\/en\/wp-json\/wp\/v2\/product_brand?post=3633"},{"taxonomy":"product_cat","embeddable":true,"href":"https:\/\/nordicteacher.no\/en\/wp-json\/wp\/v2\/product_cat?post=3633"},{"taxonomy":"product_tag","embeddable":true,"href":"https:\/\/nordicteacher.no\/en\/wp-json\/wp\/v2\/product_tag?post=3633"}],"curies":[{"name":"wp","href":"https:\/\/api.w.org\/{rel}","templated":true}]}}