{"id":3604,"date":"2024-06-13T09:43:11","date_gmt":"2024-06-13T09:43:11","guid":{"rendered":"https:\/\/nordicteacher.no\/?post_type=product&#038;p=3604"},"modified":"2024-06-13T09:43:14","modified_gmt":"2024-06-13T09:43:14","slug":"begrepslaering-1-concept-learning-1","status":"publish","type":"product","link":"https:\/\/nordicteacher.no\/en\/product\/begrepslaering-1-concept-learning-1\/","title":{"rendered":"Begrepsl\u00e6ring 1 \/ Concept learning 1"},"content":{"rendered":"<p class=\"cvGsUA direction-ltr align-start para-style-body\"><strong><span class=\"OYPEnA text-decoration-none text-strikethrough-none\">Hva handler aktiviteten om?<\/span><\/strong><\/p>\n<ul>\n<li><span class=\"OYPEnA text-decoration-none text-strikethrough-none\">Aktiviteten handler om \u00e5 kombinere riktige ord og bilder for \u00e5 styrke elevenes ordforr\u00e5d og leseferdigheter. Elevene jobber med \u00e5 matche ord til de tilsvarende bildene, som representerer ulike kategorier som dyr, m\u00f8bler, redskaper, kl\u00e6r, kroppsdeler, fremkomstmidler og mat.<\/span><\/li>\n<\/ul>\n<p class=\"cvGsUA direction-ltr align-start para-style-body\"><strong><span class=\"OYPEnA text-decoration-none text-strikethrough-none\">Utstyrsliste<\/span><\/strong><\/p>\n<ul>\n<li><span class=\"OYPEnA text-decoration-none text-strikethrough-none\">Utskrift av kort med ord og bilder<\/span><\/li>\n<li><span class=\"OYPEnA text-decoration-none text-strikethrough-none\">Lamineringsmaskin og lamineringsark<\/span><\/li>\n<li><span class=\"OYPEnA text-decoration-none text-strikethrough-none\">Saks<\/span><\/li>\n<li><span class=\"OYPEnA text-decoration-none text-strikethrough-none\">Oppbevaringsbokser eller poser for de ulike kategoriene med kort<\/span><\/li>\n<\/ul>\n<p class=\"cvGsUA direction-ltr align-start para-style-body\"><strong><span class=\"OYPEnA text-decoration-none text-strikethrough-none\">Inneholder 117 kort<\/span><\/strong><\/p>\n<ul>\n<li><span class=\"OYPEnA text-decoration-none text-strikethrough-none\">27 kort med dyr<\/span><\/li>\n<li><span class=\"OYPEnA text-decoration-none text-strikethrough-none\">18 kort med m\u00f8bler og redskaper<\/span><\/li>\n<li><span class=\"OYPEnA text-decoration-none text-strikethrough-none\">27 kort med mat<\/span><\/li>\n<li><span class=\"OYPEnA text-decoration-none text-strikethrough-none\">18 kort med kl\u00e6r<\/span><\/li>\n<li><span class=\"OYPEnA text-decoration-none text-strikethrough-none\">18 kort med kroppsdeler<\/span><\/li>\n<li><span class=\"OYPEnA text-decoration-none text-strikethrough-none\">9 kort med fremkomstmidler<\/span><\/li>\n<\/ul>\n<p class=\"cvGsUA direction-ltr align-start para-style-body\"><strong><span class=\"OYPEnA text-decoration-none text-strikethrough-none\">Hensikten med aktiviteten \/ l\u00e6ringsm\u00e5l<\/span><\/strong><\/p>\n<ul>\n<li><span class=\"OYPEnA text-decoration-none text-strikethrough-none\">Hensikten er \u00e5 utvikle elevenes spr\u00e5kkunnskaper gjennom \u00e5 assosiere ord med visuelle representasjoner. Aktiviteten fremmer ogs\u00e5 samarbeid, leseforst\u00e5else og kan tilpasses ulike ferdighetsniv\u00e5er.<\/span><\/li>\n<\/ul>\n<p>&nbsp;<\/p>\n<p class=\"cvGsUA direction-ltr align-start para-style-body\"><strong><span class=\"OYPEnA text-decoration-none text-strikethrough-none\">What is the activity about?<\/span><\/strong><\/p>\n<p class=\"cvGsUA direction-ltr align-start para-style-body\"><span class=\"OYPEnA text-decoration-none text-strikethrough-none\">The activity is about combining the right words and pictures to strengthen the students&#8217; vocabulary and reading skills. The students work on matching words to the corresponding pictures, which represent different categories such as animals, furniture, tools, clothes, body parts, means of getting around and food.<\/span><\/p>\n<p class=\"cvGsUA direction-ltr align-start para-style-body\"><strong><span class=\"OYPEnA text-decoration-none text-strikethrough-none\">Equipment list<\/span><\/strong><\/p>\n<ul>\n<li><span class=\"OYPEnA text-decoration-none text-strikethrough-none\">Printing of cards with words and pictures<\/span><\/li>\n<li><span class=\"OYPEnA text-decoration-none text-strikethrough-none\">Laminating machine and laminating sheets<\/span><\/li>\n<li><span class=\"OYPEnA text-decoration-none text-strikethrough-none\">Saks<\/span><\/li>\n<li><span class=\"OYPEnA text-decoration-none text-strikethrough-none\">Storage boxes or bags for the different categories of cards<\/span><\/li>\n<\/ul>\n<p class=\"cvGsUA direction-ltr align-start para-style-body\"><strong><span class=\"OYPEnA text-decoration-none text-strikethrough-none\">Contains 117 cards<\/span><\/strong><\/p>\n<ul>\n<li class=\"cvGsUA direction-ltr align-start para-style-body\"><span class=\"OYPEnA text-decoration-none text-strikethrough-none\">27 cards with animals<\/span><\/li>\n<li><span class=\"OYPEnA text-decoration-none text-strikethrough-none\">18 cards with furniture and utensils<\/span><\/li>\n<li><span class=\"OYPEnA text-decoration-none text-strikethrough-none\">27 cards with food<\/span><\/li>\n<li><span class=\"OYPEnA text-decoration-none text-strikethrough-none\">18 cards with clothes<\/span><\/li>\n<li><span class=\"OYPEnA text-decoration-none text-strikethrough-none\">18 cards with body parts<\/span><\/li>\n<li><span class=\"OYPEnA text-decoration-none text-strikethrough-none\">9 cards with resources<\/span><\/li>\n<\/ul>\n<p class=\"cvGsUA direction-ltr align-start para-style-body\"><strong><span class=\"OYPEnA text-decoration-none text-strikethrough-none\">The purpose of the activity \/ learning objectives<\/span><\/strong><\/p>\n<p class=\"cvGsUA direction-ltr align-start para-style-body\"><span class=\"OYPEnA text-decoration-none text-strikethrough-none\">The purpose is to develop the students&#8217; language skills by associating words with visual representations. The activity also promotes collaboration, reading comprehension and can be adapted to different skill levels.<\/span><\/p>","protected":false},"excerpt":{"rendered":"<p><span class=\"OYPEnA text-decoration-none text-strikethrough-none\">Kombinere riktige ord og bilder for \u00e5 styrke elevenes ordforr\u00e5d.<\/span><\/p>\n<p><span class=\"OYPEnA text-decoration-none text-strikethrough-none\">Combining the right words and pictures to strengthen the students&#8217; vocabulary.<\/span><\/p>","protected":false},"featured_media":3606,"comment_status":"open","ping_status":"closed","template":"","meta":{"_uag_custom_page_level_css":"","site-sidebar-layout":"default","site-content-layout":"","ast-site-content-layout":"default","site-content-style":"default","site-sidebar-style":"default","ast-global-header-display":"","ast-banner-title-visibility":"","ast-main-header-display":"","ast-hfb-above-header-display":"","ast-hfb-below-header-display":"","ast-hfb-mobile-header-display":"","site-post-title":"","ast-breadcrumbs-content":"","ast-featured-img":"","footer-sml-layout":"","theme-transparent-header-meta":"default","adv-header-id-meta":"","stick-header-meta":"","header-above-stick-meta":"","header-main-stick-meta":"","header-below-stick-meta":"","astra-migrate-meta-layouts":"set","ast-page-background-enabled":"default","ast-page-background-meta":{"desktop":{"background-color":"var(--ast-global-color-4)","background-image":"","background-repeat":"repeat","background-position":"center center","background-size":"auto","background-attachment":"scroll","background-type":"","background-media":"","overlay-type":"","overlay-color":"","overlay-opacity":"","overlay-gradient":""},"tablet":{"background-color":"","background-image":"","background-repeat":"repeat","background-position":"center center","background-size":"auto","background-attachment":"scroll","background-type":"","background-media":"","overlay-type":"","overlay-color":"","overlay-opacity":"","overlay-gradient":""},"mobile":{"background-color":"","background-image":"","background-repeat":"repeat","background-position":"center center","background-size":"auto","background-attachment":"scroll","background-type":"","background-media":"","overlay-type":"","overlay-color":"","overlay-opacity":"","overlay-gradient":""}},"ast-content-background-meta":{"desktop":{"background-color":"var(--ast-global-color-5)","background-image":"","background-repeat":"repeat","background-position":"center center","background-size":"auto","background-attachment":"scroll","background-type":"","background-media":"","overlay-type":"","overlay-color":"","overlay-opacity":"","overlay-gradient":""},"tablet":{"background-color":"var(--ast-global-color-5)","background-image":"","background-repeat":"repeat","background-position":"center center","background-size":"auto","background-attachment":"scroll","background-type":"","background-media":"","overlay-type":"","overlay-color":"","overlay-opacity":"","overlay-gradient":""},"mobile":{"background-color":"var(--ast-global-color-5)","background-image":"","background-repeat":"repeat","background-position":"center center","background-size":"auto","background-attachment":"scroll","background-type":"","background-media":"","overlay-type":"","overlay-color":"","overlay-opacity":"","overlay-gradient":""}},"_kadence_starter_templates_imported_post":false},"product_brand":[],"product_cat":[127,161,154,164,163],"product_tag":[],"class_list":{"0":"post-3604","1":"product","2":"type-product","3":"status-publish","4":"has-post-thumbnail","6":"product_cat-1-4-trinn","7":"product_cat-engelsk-1-4-trinn","8":"product_cat-norsk-1-4-trinn-produkter","9":"product_cat-selvstendig-arbeid","10":"product_cat-stasjonsundervisning","11":"desktop-align-center","12":"tablet-align-left","13":"mobile-align-left","15":"first","16":"instock","17":"sale","18":"downloadable","19":"taxable","20":"shipping-taxable","21":"purchasable","22":"product-type-simple","23":"add-to-wishlist-after_add_to_cart"},"uagb_featured_image_src":{"full":["https:\/\/nordicteacher.no\/wp-content\/uploads\/2024\/06\/Begrepslaering-1-.png",2475,3500,false],"thumbnail":["https:\/\/nordicteacher.no\/wp-content\/uploads\/2024\/06\/Begrepslaering-1--150x150.png",150,150,true],"medium":["https:\/\/nordicteacher.no\/wp-content\/uploads\/2024\/06\/Begrepslaering-1--212x300.png",212,300,true],"medium_large":["https:\/\/nordicteacher.no\/wp-content\/uploads\/2024\/06\/Begrepslaering-1--768x1086.png",768,1086,true],"large":["https:\/\/nordicteacher.no\/wp-content\/uploads\/2024\/06\/Begrepslaering-1--724x1024.png",724,1024,true],"1536x1536":["https:\/\/nordicteacher.no\/wp-content\/uploads\/2024\/06\/Begrepslaering-1--1086x1536.png",1086,1536,true],"2048x2048":["https:\/\/nordicteacher.no\/wp-content\/uploads\/2024\/06\/Begrepslaering-1--1448x2048.png",1448,2048,true],"trp-custom-language-flag":["https:\/\/nordicteacher.no\/wp-content\/uploads\/2024\/06\/Begrepslaering-1--8x12.png",8,12,true],"woocommerce_thumbnail":["https:\/\/nordicteacher.no\/wp-content\/uploads\/2024\/06\/Begrepslaering-1--300x424.png",300,424,true],"woocommerce_single":["https:\/\/nordicteacher.no\/wp-content\/uploads\/2024\/06\/Begrepslaering-1--600x848.png",600,848,true],"woocommerce_gallery_thumbnail":["https:\/\/nordicteacher.no\/wp-content\/uploads\/2024\/06\/Begrepslaering-1--100x100.png",100,100,true]},"uagb_author_info":{"display_name":"Nordic Teacher","author_link":"https:\/\/nordicteacher.no\/en\/author\/"},"uagb_comment_info":0,"uagb_excerpt":"Kombinere riktige ord og bilder for \u00e5 styrke elevenes ordforr\u00e5d. Combining the right words and pictures to strengthen the students' vocabulary.","jetpack_sharing_enabled":true,"_links":{"self":[{"href":"https:\/\/nordicteacher.no\/en\/wp-json\/wp\/v2\/product\/3604","targetHints":{"allow":["GET"]}}],"collection":[{"href":"https:\/\/nordicteacher.no\/en\/wp-json\/wp\/v2\/product"}],"about":[{"href":"https:\/\/nordicteacher.no\/en\/wp-json\/wp\/v2\/types\/product"}],"replies":[{"embeddable":true,"href":"https:\/\/nordicteacher.no\/en\/wp-json\/wp\/v2\/comments?post=3604"}],"wp:featuredmedia":[{"embeddable":true,"href":"https:\/\/nordicteacher.no\/en\/wp-json\/wp\/v2\/media\/3606"}],"wp:attachment":[{"href":"https:\/\/nordicteacher.no\/en\/wp-json\/wp\/v2\/media?parent=3604"}],"wp:term":[{"taxonomy":"product_brand","embeddable":true,"href":"https:\/\/nordicteacher.no\/en\/wp-json\/wp\/v2\/product_brand?post=3604"},{"taxonomy":"product_cat","embeddable":true,"href":"https:\/\/nordicteacher.no\/en\/wp-json\/wp\/v2\/product_cat?post=3604"},{"taxonomy":"product_tag","embeddable":true,"href":"https:\/\/nordicteacher.no\/en\/wp-json\/wp\/v2\/product_tag?post=3604"}],"curies":[{"name":"wp","href":"https:\/\/api.w.org\/{rel}","templated":true}]}}