{"id":3588,"date":"2024-06-12T10:40:34","date_gmt":"2024-06-12T10:40:34","guid":{"rendered":"https:\/\/nordicteacher.no\/?post_type=product&#038;p=3588"},"modified":"2024-06-12T10:40:35","modified_gmt":"2024-06-12T10:40:35","slug":"multiplikasjon-automatisering-multiplication-automation","status":"publish","type":"product","link":"https:\/\/nordicteacher.no\/en\/product\/multiplikasjon-automatisering-multiplication-automation\/","title":{"rendered":"Multiplikasjon: Automatisering \/ Multiplication: Automation"},"content":{"rendered":"<p class=\"cvGsUA direction-ltr align-start para-style-body\"><strong><span class=\"OYPEnA text-decoration-none text-strikethrough-none\">Hva handler aktiviteten om?<\/span><\/strong><\/p>\n<ul>\n<li><span class=\"OYPEnA text-decoration-none text-strikethrough-none\">Aktiviteten handler om \u00e5 kombinere matematikk og spill for \u00e5 gj\u00f8re l\u00e6ring av multiplikasjon morsom og interaktiv. Elevene skal snurre en binders, utf\u00f8re multiplikasjonsstykket der bindersen stopper, og finne produktet p\u00e5 et spillbrett for \u00e5 lage en sti fra en kanin til en gulrot.<\/span><\/li>\n<\/ul>\n<p class=\"cvGsUA direction-ltr align-start para-style-body\"><strong><span class=\"OYPEnA text-decoration-none text-strikethrough-none\">Inneholder spillbrett for<\/span><\/strong><\/p>\n<ul>\n<li><span class=\"OYPEnA text-decoration-none text-strikethrough-none\">1 og 2 gangen<\/span><\/li>\n<li><span class=\"OYPEnA text-decoration-none text-strikethrough-none\">3 og 4 gangen<\/span><\/li>\n<li><span class=\"OYPEnA text-decoration-none text-strikethrough-none\">5 og 6 gangen<\/span><\/li>\n<li><span class=\"OYPEnA text-decoration-none text-strikethrough-none\">7 og 8 gangen<\/span><\/li>\n<li><span class=\"OYPEnA text-decoration-none text-strikethrough-none\">9 og 10 gangen<\/span><\/li>\n<\/ul>\n<p class=\"cvGsUA direction-ltr align-start para-style-body\"><strong><span class=\"OYPEnA text-decoration-none text-strikethrough-none\">Hensikten med aktiviteten \/ l\u00e6ringsm\u00e5l<\/span><\/strong><\/p>\n<ul>\n<li><span class=\"OYPEnA text-decoration-none text-strikethrough-none\">Hensikten er \u00e5 \u00f8ve p\u00e5 multiplikasjon p\u00e5 en engasjerende og interaktiv m\u00e5te, samtidig som man fremmer logisk tenkning og strategi ved \u00e5 navigere kaninen til gulrota.<\/span><\/li>\n<\/ul>\n<div>\n<p>&nbsp;<\/p>\n<p class=\"cvGsUA direction-ltr align-start para-style-body\"><strong><span class=\"OYPEnA text-decoration-none text-strikethrough-none\">What is the activity about?<\/span><\/strong><\/p>\n<p class=\"cvGsUA direction-ltr align-start para-style-body\"><span class=\"OYPEnA text-decoration-none text-strikethrough-none\">The activity is about combining maths and games to make learning multiplication fun and interactive. Students will spin a paper clip, perform the multiplication piece where the paper clip stops, and find the product on a game board to create a path from a rabbit to a carrot.<\/span><\/p>\n<p class=\"cvGsUA direction-ltr align-start para-style-body\"><strong><span class=\"OYPEnA text-decoration-none text-strikethrough-none\">Contains game board for<\/span><\/strong><\/p>\n<ul>\n<li><span class=\"OYPEnA text-decoration-none text-strikethrough-none\">The 1 and 2 times table<\/span><\/li>\n<li><span class=\"OYPEnA text-decoration-none text-strikethrough-none\">The 3 and 4 times table<\/span><\/li>\n<li><span class=\"OYPEnA text-decoration-none text-strikethrough-none\">The 5 and 6 times table<\/span><\/li>\n<li><span class=\"OYPEnA text-decoration-none text-strikethrough-none\">The 7 and 8 times table<\/span><\/li>\n<li><span class=\"OYPEnA text-decoration-none text-strikethrough-none\">The 9 and 10 times table<\/span><\/li>\n<\/ul>\n<p class=\"cvGsUA direction-ltr align-start para-style-body\"><strong><span class=\"OYPEnA text-decoration-none text-strikethrough-none\">The purpose of the activity \/ learning objectives<\/span><\/strong><\/p>\n<p class=\"cvGsUA direction-ltr align-start para-style-body\"><span class=\"OYPEnA text-decoration-none text-strikethrough-none\">The purpose is to practice multiplication in an engaging and interactive way, while promoting logical thinking and strategy by navigating the rabbit to the carrot.<\/span><\/p>\n<\/div>","protected":false},"excerpt":{"rendered":"<p>Hva handler aktiviteten om? Aktiviteten handler om \u00e5 kombinere matematikk og spill for \u00e5 gj\u00f8re l\u00e6ring av multiplikasjon morsom og interaktiv. Elevene skal snurre en binders, utf\u00f8re multiplikasjonsstykket der bindersen stopper, og finne produktet p\u00e5 et spillbrett for \u00e5 lage en sti fra en kanin til en gulrot. Inneholder spillbrett for 1 og 2 gangen [&hellip;]<\/p>","protected":false},"featured_media":3594,"comment_status":"open","ping_status":"closed","template":"","meta":{"_uag_custom_page_level_css":"","site-sidebar-layout":"default","site-content-layout":"","ast-site-content-layout":"default","site-content-style":"default","site-sidebar-style":"default","ast-global-header-display":"","ast-banner-title-visibility":"","ast-main-header-display":"","ast-hfb-above-header-display":"","ast-hfb-below-header-display":"","ast-hfb-mobile-header-display":"","site-post-title":"","ast-breadcrumbs-content":"","ast-featured-img":"","footer-sml-layout":"","theme-transparent-header-meta":"default","adv-header-id-meta":"","stick-header-meta":"","header-above-stick-meta":"","header-main-stick-meta":"","header-below-stick-meta":"","astra-migrate-meta-layouts":"set","ast-page-background-enabled":"default","ast-page-background-meta":{"desktop":{"background-color":"var(--ast-global-color-4)","background-image":"","background-repeat":"repeat","background-position":"center center","background-size":"auto","background-attachment":"scroll","background-type":"","background-media":"","overlay-type":"","overlay-color":"","overlay-opacity":"","overlay-gradient":""},"tablet":{"background-color":"","background-image":"","background-repeat":"repeat","background-position":"center center","background-size":"auto","background-attachment":"scroll","background-type":"","background-media":"","overlay-type":"","overlay-color":"","overlay-opacity":"","overlay-gradient":""},"mobile":{"background-color":"","background-image":"","background-repeat":"repeat","background-position":"center center","background-size":"auto","background-attachment":"scroll","background-type":"","background-media":"","overlay-type":"","overlay-color":"","overlay-opacity":"","overlay-gradient":""}},"ast-content-background-meta":{"desktop":{"background-color":"var(--ast-global-color-5)","background-image":"","background-repeat":"repeat","background-position":"center center","background-size":"auto","background-attachment":"scroll","background-type":"","background-media":"","overlay-type":"","overlay-color":"","overlay-opacity":"","overlay-gradient":""},"tablet":{"background-color":"var(--ast-global-color-5)","background-image":"","background-repeat":"repeat","background-position":"center center","background-size":"auto","background-attachment":"scroll","background-type":"","background-media":"","overlay-type":"","overlay-color":"","overlay-opacity":"","overlay-gradient":""},"mobile":{"background-color":"var(--ast-global-color-5)","background-image":"","background-repeat":"repeat","background-position":"center center","background-size":"auto","background-attachment":"scroll","background-type":"","background-media":"","overlay-type":"","overlay-color":"","overlay-opacity":"","overlay-gradient":""}},"_kadence_starter_templates_imported_post":false},"product_brand":[],"product_cat":[127,165,157,163,162],"product_tag":[],"class_list":{"0":"post-3588","1":"product","2":"type-product","3":"status-publish","4":"has-post-thumbnail","6":"product_cat-1-4-trinn","7":"product_cat-lek-og-spill","8":"product_cat-matematikk-1-4-trinn-produkter","9":"product_cat-stasjonsundervisning","10":"product_cat-undervisningstype","11":"desktop-align-center","12":"tablet-align-left","13":"mobile-align-left","15":"first","16":"instock","17":"sale","18":"downloadable","19":"taxable","20":"shipping-taxable","21":"purchasable","22":"product-type-simple","23":"add-to-wishlist-after_add_to_cart"},"uagb_featured_image_src":{"full":["https:\/\/nordicteacher.no\/wp-content\/uploads\/2024\/06\/Multiplikajson-Automatisering.png",1414,2000,false],"thumbnail":["https:\/\/nordicteacher.no\/wp-content\/uploads\/2024\/06\/Multiplikajson-Automatisering-150x150.png",150,150,true],"medium":["https:\/\/nordicteacher.no\/wp-content\/uploads\/2024\/06\/Multiplikajson-Automatisering-212x300.png",212,300,true],"medium_large":["https:\/\/nordicteacher.no\/wp-content\/uploads\/2024\/06\/Multiplikajson-Automatisering-768x1086.png",768,1086,true],"large":["https:\/\/nordicteacher.no\/wp-content\/uploads\/2024\/06\/Multiplikajson-Automatisering-724x1024.png",724,1024,true],"1536x1536":["https:\/\/nordicteacher.no\/wp-content\/uploads\/2024\/06\/Multiplikajson-Automatisering-1086x1536.png",1086,1536,true],"2048x2048":["https:\/\/nordicteacher.no\/wp-content\/uploads\/2024\/06\/Multiplikajson-Automatisering.png",1414,2000,false],"trp-custom-language-flag":["https:\/\/nordicteacher.no\/wp-content\/uploads\/2024\/06\/Multiplikajson-Automatisering-8x12.png",8,12,true],"woocommerce_thumbnail":["https:\/\/nordicteacher.no\/wp-content\/uploads\/2024\/06\/Multiplikajson-Automatisering-300x424.png",300,424,true],"woocommerce_single":["https:\/\/nordicteacher.no\/wp-content\/uploads\/2024\/06\/Multiplikajson-Automatisering-600x849.png",600,849,true],"woocommerce_gallery_thumbnail":["https:\/\/nordicteacher.no\/wp-content\/uploads\/2024\/06\/Multiplikajson-Automatisering-100x100.png",100,100,true]},"uagb_author_info":{"display_name":"Nordic Teacher","author_link":"https:\/\/nordicteacher.no\/en\/author\/"},"uagb_comment_info":0,"uagb_excerpt":"Hva handler aktiviteten om? Aktiviteten handler om \u00e5 kombinere matematikk og spill for \u00e5 gj\u00f8re l\u00e6ring av multiplikasjon morsom og interaktiv. Elevene skal snurre en binders, utf\u00f8re multiplikasjonsstykket der bindersen stopper, og finne produktet p\u00e5 et spillbrett for \u00e5 lage en sti fra en kanin til en gulrot. Inneholder spillbrett for 1 og 2 gangen&hellip;","jetpack_sharing_enabled":true,"_links":{"self":[{"href":"https:\/\/nordicteacher.no\/en\/wp-json\/wp\/v2\/product\/3588","targetHints":{"allow":["GET"]}}],"collection":[{"href":"https:\/\/nordicteacher.no\/en\/wp-json\/wp\/v2\/product"}],"about":[{"href":"https:\/\/nordicteacher.no\/en\/wp-json\/wp\/v2\/types\/product"}],"replies":[{"embeddable":true,"href":"https:\/\/nordicteacher.no\/en\/wp-json\/wp\/v2\/comments?post=3588"}],"wp:featuredmedia":[{"embeddable":true,"href":"https:\/\/nordicteacher.no\/en\/wp-json\/wp\/v2\/media\/3594"}],"wp:attachment":[{"href":"https:\/\/nordicteacher.no\/en\/wp-json\/wp\/v2\/media?parent=3588"}],"wp:term":[{"taxonomy":"product_brand","embeddable":true,"href":"https:\/\/nordicteacher.no\/en\/wp-json\/wp\/v2\/product_brand?post=3588"},{"taxonomy":"product_cat","embeddable":true,"href":"https:\/\/nordicteacher.no\/en\/wp-json\/wp\/v2\/product_cat?post=3588"},{"taxonomy":"product_tag","embeddable":true,"href":"https:\/\/nordicteacher.no\/en\/wp-json\/wp\/v2\/product_tag?post=3588"}],"curies":[{"name":"wp","href":"https:\/\/api.w.org\/{rel}","templated":true}]}}