{"id":3480,"date":"2024-05-12T15:59:36","date_gmt":"2024-05-12T15:59:36","guid":{"rendered":"https:\/\/okt.anj.mybluehost.me\/?post_type=product&#038;p=3480"},"modified":"2024-05-12T15:59:37","modified_gmt":"2024-05-12T15:59:37","slug":"terningspill-siffer-og-strategi-dice-game-digits-and-strategy","status":"publish","type":"product","link":"https:\/\/nordicteacher.no\/en\/product\/terningspill-siffer-og-strategi-dice-game-digits-and-strategy\/","title":{"rendered":"Terningspill: Siffer og strategi \/ Dice game: Digits and strategy"},"content":{"rendered":"<p class=\"cvGsUA direction-ltr align-start para-style-body\"><span class=\"OYPEnA text-decoration-none text-strikethrough-none\">Hva handler spillet om?<\/span><\/p>\n<ul>\n<li><span class=\"OYPEnA text-decoration-none text-strikethrough-none\">Spillet passer for 2 spillere. Spillerne deler p\u00e5 et spillbrett, og bytter p\u00e5 \u00e5 kaste terningene. Terningene bestemmer sifrene i tallet, tallet man setter sammen av sifrene skal plasseres i en av rutene p\u00e5 spillbrettet. Her er det viktig \u00e5 tenke strategisk: \u201cEr det stor sjanse for at det neste kastet mitt kan danne et st\u00f8rre eller mindre tall\u201d. Disse vurderingene m\u00e5 avgj\u00f8re om du velger \u00e5 plassere tallet h\u00f8yt eller lavt. Spillerne kaster annenhver gang, om man ikke f\u00e5r til \u00e5 danne et tall som passer i en rute er det nestemann sin tur (Eksempelvis om man allerede har et tall i nederste rute og ikke klarer \u00e5 lage et st\u00f8rre tall med terningene).<\/span><\/li>\n<\/ul>\n<p>&nbsp;<\/p>\n<p class=\"cvGsUA direction-ltr align-start para-style-body\"><span class=\"OYPEnA text-decoration-none text-strikethrough-none\">What is the game about?<\/span><\/p>\n<ul>\n<li><span class=\"OYPEnA text-decoration-none text-strikethrough-none\">The game is designed for 2 players. Players share a game board and take turns rolling the dice. The dice determine the digits in the number, and the number formed from the digits should be placed in one of the boxes on the game board. Here, it&#8217;s important to think strategically: &laquo;Is there a high chance that my next roll can create a larger or smaller number?&raquo; These considerations should determine whether you choose to place the number high or low. Players take turns rolling the dice, and if they can&#8217;t create a number that fits in a box, it&#8217;s the next player&#8217;s turn (for example, if you already have a number in the bottom box and can&#8217;t create a larger number with the dice).<\/span><\/li>\n<\/ul>","protected":false},"excerpt":{"rendered":"<p>Hva handler spillet om? Spillet passer for 2 spillere. Spillerne deler p\u00e5 et spillbrett, og bytter p\u00e5 \u00e5 kaste terningene. Terningene bestemmer sifrene i tallet, tallet man setter sammen av sifrene skal plasseres i en av rutene p\u00e5 spillbrettet. Her er det viktig \u00e5 tenke strategisk: \u201cEr det stor sjanse for at det neste kastet [&hellip;]<\/p>","protected":false},"featured_media":3483,"comment_status":"open","ping_status":"closed","template":"","meta":{"_uag_custom_page_level_css":"","site-sidebar-layout":"default","site-content-layout":"","ast-site-content-layout":"default","site-content-style":"default","site-sidebar-style":"default","ast-global-header-display":"","ast-banner-title-visibility":"","ast-main-header-display":"","ast-hfb-above-header-display":"","ast-hfb-below-header-display":"","ast-hfb-mobile-header-display":"","site-post-title":"","ast-breadcrumbs-content":"","ast-featured-img":"","footer-sml-layout":"","theme-transparent-header-meta":"default","adv-header-id-meta":"","stick-header-meta":"","header-above-stick-meta":"","header-main-stick-meta":"","header-below-stick-meta":"","astra-migrate-meta-layouts":"set","ast-page-background-enabled":"default","ast-page-background-meta":{"desktop":{"background-color":"var(--ast-global-color-4)","background-image":"","background-repeat":"repeat","background-position":"center center","background-size":"auto","background-attachment":"scroll","background-type":"","background-media":"","overlay-type":"","overlay-color":"","overlay-opacity":"","overlay-gradient":""},"tablet":{"background-color":"","background-image":"","background-repeat":"repeat","background-position":"center center","background-size":"auto","background-attachment":"scroll","background-type":"","background-media":"","overlay-type":"","overlay-color":"","overlay-opacity":"","overlay-gradient":""},"mobile":{"background-color":"","background-image":"","background-repeat":"repeat","background-position":"center center","background-size":"auto","background-attachment":"scroll","background-type":"","background-media":"","overlay-type":"","overlay-color":"","overlay-opacity":"","overlay-gradient":""}},"ast-content-background-meta":{"desktop":{"background-color":"var(--ast-global-color-5)","background-image":"","background-repeat":"repeat","background-position":"center center","background-size":"auto","background-attachment":"scroll","background-type":"","background-media":"","overlay-type":"","overlay-color":"","overlay-opacity":"","overlay-gradient":""},"tablet":{"background-color":"var(--ast-global-color-5)","background-image":"","background-repeat":"repeat","background-position":"center center","background-size":"auto","background-attachment":"scroll","background-type":"","background-media":"","overlay-type":"","overlay-color":"","overlay-opacity":"","overlay-gradient":""},"mobile":{"background-color":"var(--ast-global-color-5)","background-image":"","background-repeat":"repeat","background-position":"center center","background-size":"auto","background-attachment":"scroll","background-type":"","background-media":"","overlay-type":"","overlay-color":"","overlay-opacity":"","overlay-gradient":""}},"_kadence_starter_templates_imported_post":false},"product_brand":[],"product_cat":[127,165,157,163,162],"product_tag":[],"class_list":{"0":"post-3480","1":"product","2":"type-product","3":"status-publish","4":"has-post-thumbnail","6":"product_cat-1-4-trinn","7":"product_cat-lek-og-spill","8":"product_cat-matematikk-1-4-trinn-produkter","9":"product_cat-stasjonsundervisning","10":"product_cat-undervisningstype","11":"desktop-align-center","12":"tablet-align-left","13":"mobile-align-left","15":"first","16":"instock","17":"sale","18":"downloadable","19":"taxable","20":"shipping-taxable","21":"purchasable","22":"product-type-simple","23":"add-to-wishlist-after_add_to_cart"},"uagb_featured_image_src":{"full":["https:\/\/nordicteacher.no\/wp-content\/uploads\/2024\/05\/Terningspill-Siffer-og-strategi.png",1414,2000,false],"thumbnail":["https:\/\/nordicteacher.no\/wp-content\/uploads\/2024\/05\/Terningspill-Siffer-og-strategi-150x150.png",150,150,true],"medium":["https:\/\/nordicteacher.no\/wp-content\/uploads\/2024\/05\/Terningspill-Siffer-og-strategi-212x300.png",212,300,true],"medium_large":["https:\/\/nordicteacher.no\/wp-content\/uploads\/2024\/05\/Terningspill-Siffer-og-strategi-768x1086.png",768,1086,true],"large":["https:\/\/nordicteacher.no\/wp-content\/uploads\/2024\/05\/Terningspill-Siffer-og-strategi-724x1024.png",724,1024,true],"1536x1536":["https:\/\/nordicteacher.no\/wp-content\/uploads\/2024\/05\/Terningspill-Siffer-og-strategi-1086x1536.png",1086,1536,true],"2048x2048":["https:\/\/nordicteacher.no\/wp-content\/uploads\/2024\/05\/Terningspill-Siffer-og-strategi.png",1414,2000,false],"trp-custom-language-flag":["https:\/\/nordicteacher.no\/wp-content\/uploads\/2024\/05\/Terningspill-Siffer-og-strategi-8x12.png",8,12,true],"woocommerce_thumbnail":["https:\/\/nordicteacher.no\/wp-content\/uploads\/2024\/05\/Terningspill-Siffer-og-strategi-300x424.png",300,424,true],"woocommerce_single":["https:\/\/nordicteacher.no\/wp-content\/uploads\/2024\/05\/Terningspill-Siffer-og-strategi-600x849.png",600,849,true],"woocommerce_gallery_thumbnail":["https:\/\/nordicteacher.no\/wp-content\/uploads\/2024\/05\/Terningspill-Siffer-og-strategi-100x100.png",100,100,true]},"uagb_author_info":{"display_name":"Nordic Teacher","author_link":"https:\/\/nordicteacher.no\/en\/author\/"},"uagb_comment_info":0,"uagb_excerpt":"Hva handler spillet om? Spillet passer for 2 spillere. Spillerne deler p\u00e5 et spillbrett, og bytter p\u00e5 \u00e5 kaste terningene. Terningene bestemmer sifrene i tallet, tallet man setter sammen av sifrene skal plasseres i en av rutene p\u00e5 spillbrettet. Her er det viktig \u00e5 tenke strategisk: \u201cEr det stor sjanse for at det neste kastet&hellip;","jetpack_sharing_enabled":true,"_links":{"self":[{"href":"https:\/\/nordicteacher.no\/en\/wp-json\/wp\/v2\/product\/3480","targetHints":{"allow":["GET"]}}],"collection":[{"href":"https:\/\/nordicteacher.no\/en\/wp-json\/wp\/v2\/product"}],"about":[{"href":"https:\/\/nordicteacher.no\/en\/wp-json\/wp\/v2\/types\/product"}],"replies":[{"embeddable":true,"href":"https:\/\/nordicteacher.no\/en\/wp-json\/wp\/v2\/comments?post=3480"}],"wp:featuredmedia":[{"embeddable":true,"href":"https:\/\/nordicteacher.no\/en\/wp-json\/wp\/v2\/media\/3483"}],"wp:attachment":[{"href":"https:\/\/nordicteacher.no\/en\/wp-json\/wp\/v2\/media?parent=3480"}],"wp:term":[{"taxonomy":"product_brand","embeddable":true,"href":"https:\/\/nordicteacher.no\/en\/wp-json\/wp\/v2\/product_brand?post=3480"},{"taxonomy":"product_cat","embeddable":true,"href":"https:\/\/nordicteacher.no\/en\/wp-json\/wp\/v2\/product_cat?post=3480"},{"taxonomy":"product_tag","embeddable":true,"href":"https:\/\/nordicteacher.no\/en\/wp-json\/wp\/v2\/product_tag?post=3480"}],"curies":[{"name":"wp","href":"https:\/\/api.w.org\/{rel}","templated":true}]}}