{"id":3469,"date":"2024-05-11T15:35:42","date_gmt":"2024-05-11T15:35:42","guid":{"rendered":"https:\/\/okt.anj.mybluehost.me\/?post_type=product&#038;p=3469"},"modified":"2024-05-11T15:35:44","modified_gmt":"2024-05-11T15:35:44","slug":"addisjon-distributiv-egenskap-addition-distributive-property","status":"publish","type":"product","link":"https:\/\/nordicteacher.no\/en\/product\/addisjon-distributiv-egenskap-addition-distributive-property\/","title":{"rendered":"Addisjon: Distributiv egenskap \/ Addition: Distributive property"},"content":{"rendered":"<p class=\"cvGsUA direction-ltr align-start para-style-body\"><span class=\"OYPEnA text-decoration-none text-strikethrough-none\">Hva handler opplegget om?<\/span><\/p>\n<ul>\n<li><span class=\"OYPEnA text-decoration-none text-strikethrough-none\">Dette undervisningsopplegget handler om \u00e5 l\u00e6re elevene den distributive egenskapen i addisjon, som er en viktig del av matematikkundervisningen. Denne filen inneholder 72 addisjonsoppgaver i ulike vanskelighetsgrader for \u00e5 praktisere denne metoden.<\/span><\/li>\n<\/ul>\n<p class=\"cvGsUA direction-ltr align-start para-style-body\"><span class=\"OYPEnA text-decoration-none text-strikethrough-none\">Hensikten med aktiviteten\/l\u00e6ringsm\u00e5l<\/span><\/p>\n<ul>\n<li><span class=\"OYPEnA text-decoration-none text-strikethrough-none\">L\u00e6ringsm\u00e5let med denne aktiviteten er \u00e5 hjelpe elevene med \u00e5 forst\u00e5 og anvende den distributive egenskapen i addisjon. De vil praktisere \u00e5 dele opp st\u00f8rre tall i mindre enheter, legge sammen disse delene og til slutt legge sammen resultatene. Dette er en viktig hoderegningsstrategi som vil hjelpe elevene med \u00e5 utvikle ferdigheter i hoderegning og forst\u00e5elsen av hvordan addisjon fungerer.<\/span><\/li>\n<\/ul>\n<p>&nbsp;<\/p>\n<p>&nbsp;<\/p>\n<p class=\"cvGsUA direction-ltr align-start para-style-body\"><span class=\"OYPEnA text-decoration-none text-strikethrough-none\">What is the activity about?<\/span><\/p>\n<ul>\n<li><span class=\"OYPEnA text-decoration-none text-strikethrough-none\">This teaching activity is focused on teaching students the distributive property in addition, which is a crucial part of mathematics education. This file contains 72 addition problems of varying difficulty levels to practice this method.<\/span><\/li>\n<\/ul>\n<p class=\"cvGsUA direction-ltr align-start para-style-body\"><span class=\"OYPEnA text-decoration-none text-strikethrough-none\">Purpose of the activity<\/span><\/p>\n<ul>\n<li><span class=\"OYPEnA text-decoration-none text-strikethrough-none\">The learning objective of this activity is to help students understand and apply the distributive property in addition. They will practice breaking down larger numbers into smaller units, adding these parts, and, in the end, adding the results. This is an essential mental math strategy that will assist students in developing mental calculation skills and understanding how addition works.<\/span><\/li>\n<\/ul>","protected":false},"excerpt":{"rendered":"<p>Hva handler opplegget om? Dette undervisningsopplegget handler om \u00e5 l\u00e6re elevene den distributive egenskapen i addisjon, som er en viktig del av matematikkundervisningen. Denne filen inneholder 72 addisjonsoppgaver i ulike vanskelighetsgrader for \u00e5 praktisere denne metoden. Hensikten med aktiviteten\/l\u00e6ringsm\u00e5l L\u00e6ringsm\u00e5let med denne aktiviteten er \u00e5 hjelpe elevene med \u00e5 forst\u00e5 og anvende den distributive egenskapen [&hellip;]<\/p>","protected":false},"featured_media":3471,"comment_status":"open","ping_status":"closed","template":"","meta":{"_uag_custom_page_level_css":"","site-sidebar-layout":"default","site-content-layout":"","ast-site-content-layout":"default","site-content-style":"default","site-sidebar-style":"default","ast-global-header-display":"","ast-banner-title-visibility":"","ast-main-header-display":"","ast-hfb-above-header-display":"","ast-hfb-below-header-display":"","ast-hfb-mobile-header-display":"","site-post-title":"","ast-breadcrumbs-content":"","ast-featured-img":"","footer-sml-layout":"","theme-transparent-header-meta":"default","adv-header-id-meta":"","stick-header-meta":"","header-above-stick-meta":"","header-main-stick-meta":"","header-below-stick-meta":"","astra-migrate-meta-layouts":"set","ast-page-background-enabled":"default","ast-page-background-meta":{"desktop":{"background-color":"var(--ast-global-color-4)","background-image":"","background-repeat":"repeat","background-position":"center center","background-size":"auto","background-attachment":"scroll","background-type":"","background-media":"","overlay-type":"","overlay-color":"","overlay-opacity":"","overlay-gradient":""},"tablet":{"background-color":"","background-image":"","background-repeat":"repeat","background-position":"center center","background-size":"auto","background-attachment":"scroll","background-type":"","background-media":"","overlay-type":"","overlay-color":"","overlay-opacity":"","overlay-gradient":""},"mobile":{"background-color":"","background-image":"","background-repeat":"repeat","background-position":"center center","background-size":"auto","background-attachment":"scroll","background-type":"","background-media":"","overlay-type":"","overlay-color":"","overlay-opacity":"","overlay-gradient":""}},"ast-content-background-meta":{"desktop":{"background-color":"var(--ast-global-color-5)","background-image":"","background-repeat":"repeat","background-position":"center center","background-size":"auto","background-attachment":"scroll","background-type":"","background-media":"","overlay-type":"","overlay-color":"","overlay-opacity":"","overlay-gradient":""},"tablet":{"background-color":"var(--ast-global-color-5)","background-image":"","background-repeat":"repeat","background-position":"center center","background-size":"auto","background-attachment":"scroll","background-type":"","background-media":"","overlay-type":"","overlay-color":"","overlay-opacity":"","overlay-gradient":""},"mobile":{"background-color":"var(--ast-global-color-5)","background-image":"","background-repeat":"repeat","background-position":"center center","background-size":"auto","background-attachment":"scroll","background-type":"","background-media":"","overlay-type":"","overlay-color":"","overlay-opacity":"","overlay-gradient":""}},"_kadence_starter_templates_imported_post":false},"product_brand":[],"product_cat":[127,126,157,148,164,162],"product_tag":[],"class_list":{"0":"post-3469","1":"product","2":"type-product","3":"status-publish","4":"has-post-thumbnail","6":"product_cat-1-4-trinn","7":"product_cat-5-7-trinn","8":"product_cat-matematikk-1-4-trinn-produkter","9":"product_cat-matematikk","10":"product_cat-selvstendig-arbeid","11":"product_cat-undervisningstype","12":"desktop-align-center","13":"tablet-align-left","14":"mobile-align-left","16":"first","17":"instock","18":"sale","19":"downloadable","20":"taxable","21":"shipping-taxable","22":"purchasable","23":"product-type-simple","24":"add-to-wishlist-after_add_to_cart"},"uagb_featured_image_src":{"full":["https:\/\/nordicteacher.no\/wp-content\/uploads\/2024\/05\/Addisjonsstrategi-Dele-opp.png",1414,2000,false],"thumbnail":["https:\/\/nordicteacher.no\/wp-content\/uploads\/2024\/05\/Addisjonsstrategi-Dele-opp-150x150.png",150,150,true],"medium":["https:\/\/nordicteacher.no\/wp-content\/uploads\/2024\/05\/Addisjonsstrategi-Dele-opp-212x300.png",212,300,true],"medium_large":["https:\/\/nordicteacher.no\/wp-content\/uploads\/2024\/05\/Addisjonsstrategi-Dele-opp-768x1086.png",768,1086,true],"large":["https:\/\/nordicteacher.no\/wp-content\/uploads\/2024\/05\/Addisjonsstrategi-Dele-opp-724x1024.png",724,1024,true],"1536x1536":["https:\/\/nordicteacher.no\/wp-content\/uploads\/2024\/05\/Addisjonsstrategi-Dele-opp-1086x1536.png",1086,1536,true],"2048x2048":["https:\/\/nordicteacher.no\/wp-content\/uploads\/2024\/05\/Addisjonsstrategi-Dele-opp.png",1414,2000,false],"trp-custom-language-flag":["https:\/\/nordicteacher.no\/wp-content\/uploads\/2024\/05\/Addisjonsstrategi-Dele-opp-8x12.png",8,12,true],"woocommerce_thumbnail":["https:\/\/nordicteacher.no\/wp-content\/uploads\/2024\/05\/Addisjonsstrategi-Dele-opp-300x424.png",300,424,true],"woocommerce_single":["https:\/\/nordicteacher.no\/wp-content\/uploads\/2024\/05\/Addisjonsstrategi-Dele-opp-600x849.png",600,849,true],"woocommerce_gallery_thumbnail":["https:\/\/nordicteacher.no\/wp-content\/uploads\/2024\/05\/Addisjonsstrategi-Dele-opp-100x100.png",100,100,true]},"uagb_author_info":{"display_name":"Nordic Teacher","author_link":"https:\/\/nordicteacher.no\/en\/author\/"},"uagb_comment_info":0,"uagb_excerpt":"Hva handler opplegget om? Dette undervisningsopplegget handler om \u00e5 l\u00e6re elevene den distributive egenskapen i addisjon, som er en viktig del av matematikkundervisningen. Denne filen inneholder 72 addisjonsoppgaver i ulike vanskelighetsgrader for \u00e5 praktisere denne metoden. Hensikten med aktiviteten\/l\u00e6ringsm\u00e5l L\u00e6ringsm\u00e5let med denne aktiviteten er \u00e5 hjelpe elevene med \u00e5 forst\u00e5 og anvende den distributive egenskapen&hellip;","jetpack_sharing_enabled":true,"_links":{"self":[{"href":"https:\/\/nordicteacher.no\/en\/wp-json\/wp\/v2\/product\/3469","targetHints":{"allow":["GET"]}}],"collection":[{"href":"https:\/\/nordicteacher.no\/en\/wp-json\/wp\/v2\/product"}],"about":[{"href":"https:\/\/nordicteacher.no\/en\/wp-json\/wp\/v2\/types\/product"}],"replies":[{"embeddable":true,"href":"https:\/\/nordicteacher.no\/en\/wp-json\/wp\/v2\/comments?post=3469"}],"wp:featuredmedia":[{"embeddable":true,"href":"https:\/\/nordicteacher.no\/en\/wp-json\/wp\/v2\/media\/3471"}],"wp:attachment":[{"href":"https:\/\/nordicteacher.no\/en\/wp-json\/wp\/v2\/media?parent=3469"}],"wp:term":[{"taxonomy":"product_brand","embeddable":true,"href":"https:\/\/nordicteacher.no\/en\/wp-json\/wp\/v2\/product_brand?post=3469"},{"taxonomy":"product_cat","embeddable":true,"href":"https:\/\/nordicteacher.no\/en\/wp-json\/wp\/v2\/product_cat?post=3469"},{"taxonomy":"product_tag","embeddable":true,"href":"https:\/\/nordicteacher.no\/en\/wp-json\/wp\/v2\/product_tag?post=3469"}],"curies":[{"name":"wp","href":"https:\/\/api.w.org\/{rel}","templated":true}]}}