{"id":3429,"date":"2024-05-11T14:42:27","date_gmt":"2024-05-11T14:42:27","guid":{"rendered":"https:\/\/okt.anj.mybluehost.me\/?post_type=product&#038;p=3429"},"modified":"2024-05-11T14:42:28","modified_gmt":"2024-05-11T14:42:28","slug":"arealmodellspillet-area-model-game","status":"publish","type":"product","link":"https:\/\/nordicteacher.no\/en\/product\/arealmodellspillet-area-model-game\/","title":{"rendered":"Arealmodellspillet \/ Area Model Game"},"content":{"rendered":"<p class=\"cvGsUA direction-ltr align-start para-style-body\"><span class=\"OYPEnA text-decoration-none text-strikethrough-none\">Hva handler spillet om:<\/span><\/p>\n<ul>\n<li><span class=\"OYPEnA text-decoration-none text-strikethrough-none\">Spillet passer for 2 spillere. Spillerne har et ark med rutenett mellom seg, bytter p\u00e5 \u00e5 kaste to terninger. Terningene bestemmer antall ruter pr side p\u00e5 arealmodellen, og deretter er det bare \u00e5 regne ut antall ruter i arealet.<\/span><\/li>\n<\/ul>\n<p class=\"cvGsUA direction-ltr align-start para-style-body\"><span class=\"OYPEnA text-decoration-none text-strikethrough-none\">Hensikten med spillet:<\/span><\/p>\n<ul>\n<li><span class=\"OYPEnA text-decoration-none text-strikethrough-none\">Hensikten med spillet er \u00e5 p\u00e5 en g\u00f8y og engasjerende m\u00e5te f\u00e5 \u00f8vd seg p\u00e5 multiplikasjonsregning med fokus p\u00e5 arealmodell. Fint arbeid som avbrekk, stasjonsarbeid eller bonus p\u00e5 slutten av timen.<\/span><\/li>\n<\/ul>\n<p>&nbsp;<\/p>\n<p class=\"cvGsUA direction-ltr align-start para-style-body\"><span class=\"OYPEnA text-decoration-none text-strikethrough-none\">What the game is about:<\/span><\/p>\n<ul>\n<li><span class=\"OYPEnA text-decoration-none text-strikethrough-none\">The game is suitable for 2 players. The players have a grid sheet between them, take turns rolling two dice. The dice determine the number of squares per side on the area model, and then you just have to calculate the number of squares in the area.<\/span><\/li>\n<\/ul>\n<p class=\"cvGsUA direction-ltr align-start para-style-body\"><span class=\"OYPEnA text-decoration-none text-strikethrough-none\">The purpose of the game:<\/span><\/p>\n<ul>\n<li><span class=\"OYPEnA text-decoration-none text-strikethrough-none\">The purpose of the game is to practice multiplication calculations with a focus on the area model in a fun and engaging way. Nice work as a break, station work or bonus at the end of class.<\/span><\/li>\n<\/ul>","protected":false},"excerpt":{"rendered":"<p>Hva handler spillet om: Spillet passer for 2 spillere. Spillerne har et ark med rutenett mellom seg, bytter p\u00e5 \u00e5 kaste to terninger. Terningene bestemmer antall ruter pr side p\u00e5 arealmodellen, og deretter er det bare \u00e5 regne ut antall ruter i arealet. Hensikten med spillet: Hensikten med spillet er \u00e5 p\u00e5 en g\u00f8y og [&hellip;]<\/p>","protected":false},"featured_media":3432,"comment_status":"open","ping_status":"closed","template":"","meta":{"_uag_custom_page_level_css":"","site-sidebar-layout":"default","site-content-layout":"","ast-site-content-layout":"default","site-content-style":"default","site-sidebar-style":"default","ast-global-header-display":"","ast-banner-title-visibility":"","ast-main-header-display":"","ast-hfb-above-header-display":"","ast-hfb-below-header-display":"","ast-hfb-mobile-header-display":"","site-post-title":"","ast-breadcrumbs-content":"","ast-featured-img":"","footer-sml-layout":"","theme-transparent-header-meta":"default","adv-header-id-meta":"","stick-header-meta":"","header-above-stick-meta":"","header-main-stick-meta":"","header-below-stick-meta":"","astra-migrate-meta-layouts":"set","ast-page-background-enabled":"default","ast-page-background-meta":{"desktop":{"background-color":"var(--ast-global-color-4)","background-image":"","background-repeat":"repeat","background-position":"center center","background-size":"auto","background-attachment":"scroll","background-type":"","background-media":"","overlay-type":"","overlay-color":"","overlay-opacity":"","overlay-gradient":""},"tablet":{"background-color":"","background-image":"","background-repeat":"repeat","background-position":"center center","background-size":"auto","background-attachment":"scroll","background-type":"","background-media":"","overlay-type":"","overlay-color":"","overlay-opacity":"","overlay-gradient":""},"mobile":{"background-color":"","background-image":"","background-repeat":"repeat","background-position":"center center","background-size":"auto","background-attachment":"scroll","background-type":"","background-media":"","overlay-type":"","overlay-color":"","overlay-opacity":"","overlay-gradient":""}},"ast-content-background-meta":{"desktop":{"background-color":"var(--ast-global-color-5)","background-image":"","background-repeat":"repeat","background-position":"center center","background-size":"auto","background-attachment":"scroll","background-type":"","background-media":"","overlay-type":"","overlay-color":"","overlay-opacity":"","overlay-gradient":""},"tablet":{"background-color":"var(--ast-global-color-5)","background-image":"","background-repeat":"repeat","background-position":"center center","background-size":"auto","background-attachment":"scroll","background-type":"","background-media":"","overlay-type":"","overlay-color":"","overlay-opacity":"","overlay-gradient":""},"mobile":{"background-color":"var(--ast-global-color-5)","background-image":"","background-repeat":"repeat","background-position":"center center","background-size":"auto","background-attachment":"scroll","background-type":"","background-media":"","overlay-type":"","overlay-color":"","overlay-opacity":"","overlay-gradient":""}},"_kadence_starter_templates_imported_post":false},"product_brand":[],"product_cat":[127,126,165,157,148,163,162],"product_tag":[],"class_list":{"0":"post-3429","1":"product","2":"type-product","3":"status-publish","4":"has-post-thumbnail","6":"product_cat-1-4-trinn","7":"product_cat-5-7-trinn","8":"product_cat-lek-og-spill","9":"product_cat-matematikk-1-4-trinn-produkter","10":"product_cat-matematikk","11":"product_cat-stasjonsundervisning","12":"product_cat-undervisningstype","13":"desktop-align-center","14":"tablet-align-left","15":"mobile-align-left","17":"first","18":"instock","19":"sale","20":"downloadable","21":"taxable","22":"shipping-taxable","23":"purchasable","24":"product-type-simple","25":"add-to-wishlist-after_add_to_cart"},"uagb_featured_image_src":{"full":["https:\/\/nordicteacher.no\/wp-content\/uploads\/2024\/05\/Area-Model-Game.png",1414,2000,false],"thumbnail":["https:\/\/nordicteacher.no\/wp-content\/uploads\/2024\/05\/Area-Model-Game-150x150.png",150,150,true],"medium":["https:\/\/nordicteacher.no\/wp-content\/uploads\/2024\/05\/Area-Model-Game-212x300.png",212,300,true],"medium_large":["https:\/\/nordicteacher.no\/wp-content\/uploads\/2024\/05\/Area-Model-Game-768x1086.png",768,1086,true],"large":["https:\/\/nordicteacher.no\/wp-content\/uploads\/2024\/05\/Area-Model-Game-724x1024.png",724,1024,true],"1536x1536":["https:\/\/nordicteacher.no\/wp-content\/uploads\/2024\/05\/Area-Model-Game-1086x1536.png",1086,1536,true],"2048x2048":["https:\/\/nordicteacher.no\/wp-content\/uploads\/2024\/05\/Area-Model-Game.png",1414,2000,false],"trp-custom-language-flag":["https:\/\/nordicteacher.no\/wp-content\/uploads\/2024\/05\/Area-Model-Game-8x12.png",8,12,true],"woocommerce_thumbnail":["https:\/\/nordicteacher.no\/wp-content\/uploads\/2024\/05\/Area-Model-Game-300x424.png",300,424,true],"woocommerce_single":["https:\/\/nordicteacher.no\/wp-content\/uploads\/2024\/05\/Area-Model-Game-600x849.png",600,849,true],"woocommerce_gallery_thumbnail":["https:\/\/nordicteacher.no\/wp-content\/uploads\/2024\/05\/Area-Model-Game-100x100.png",100,100,true]},"uagb_author_info":{"display_name":"Nordic Teacher","author_link":"https:\/\/nordicteacher.no\/en\/author\/"},"uagb_comment_info":0,"uagb_excerpt":"Hva handler spillet om: Spillet passer for 2 spillere. Spillerne har et ark med rutenett mellom seg, bytter p\u00e5 \u00e5 kaste to terninger. Terningene bestemmer antall ruter pr side p\u00e5 arealmodellen, og deretter er det bare \u00e5 regne ut antall ruter i arealet. Hensikten med spillet: Hensikten med spillet er \u00e5 p\u00e5 en g\u00f8y og&hellip;","jetpack_sharing_enabled":true,"_links":{"self":[{"href":"https:\/\/nordicteacher.no\/en\/wp-json\/wp\/v2\/product\/3429","targetHints":{"allow":["GET"]}}],"collection":[{"href":"https:\/\/nordicteacher.no\/en\/wp-json\/wp\/v2\/product"}],"about":[{"href":"https:\/\/nordicteacher.no\/en\/wp-json\/wp\/v2\/types\/product"}],"replies":[{"embeddable":true,"href":"https:\/\/nordicteacher.no\/en\/wp-json\/wp\/v2\/comments?post=3429"}],"wp:featuredmedia":[{"embeddable":true,"href":"https:\/\/nordicteacher.no\/en\/wp-json\/wp\/v2\/media\/3432"}],"wp:attachment":[{"href":"https:\/\/nordicteacher.no\/en\/wp-json\/wp\/v2\/media?parent=3429"}],"wp:term":[{"taxonomy":"product_brand","embeddable":true,"href":"https:\/\/nordicteacher.no\/en\/wp-json\/wp\/v2\/product_brand?post=3429"},{"taxonomy":"product_cat","embeddable":true,"href":"https:\/\/nordicteacher.no\/en\/wp-json\/wp\/v2\/product_cat?post=3429"},{"taxonomy":"product_tag","embeddable":true,"href":"https:\/\/nordicteacher.no\/en\/wp-json\/wp\/v2\/product_tag?post=3429"}],"curies":[{"name":"wp","href":"https:\/\/api.w.org\/{rel}","templated":true}]}}