{"id":3410,"date":"2024-05-11T14:18:42","date_gmt":"2024-05-11T14:18:42","guid":{"rendered":"https:\/\/okt.anj.mybluehost.me\/?post_type=product&#038;p=3410"},"modified":"2024-05-11T14:18:43","modified_gmt":"2024-05-11T14:18:43","slug":"geometrispill-kortskalle-geometry-game-heads-up","status":"publish","type":"product","link":"https:\/\/nordicteacher.no\/en\/product\/geometrispill-kortskalle-geometry-game-heads-up\/","title":{"rendered":"Geometrispill Kortskalle \/ Geometry game Heads up"},"content":{"rendered":"<p class=\"cvGsUA direction-ltr align-start para-style-body\"><span class=\"OYPEnA text-decoration-none text-strikethrough-none\">Hva handler spillet om:<\/span><\/p>\n<ul>\n<li><span class=\"OYPEnA text-decoration-none text-strikethrough-none\">Spillet minner om et brettspill kalt \u00abkortskalle\u00bb. Det g\u00e5r ut p\u00e5 at man fester et geometrikort i pannen ved hjelp av et strikk, for deretter \u00e5 finne ut hvilken figur man har i pannen ved \u00e5 stille ja\/nei-sp\u00f8rsm\u00e5l til motspillerne sine. Geometrikortet viser navnet og bildet av en figur.<\/span><\/li>\n<\/ul>\n<p class=\"cvGsUA direction-ltr align-start para-style-body\"><span class=\"OYPEnA text-decoration-none text-strikethrough-none\">Hensikten med spillet:<\/span><\/p>\n<ul>\n<li><span class=\"OYPEnA text-decoration-none text-strikethrough-none\">Hensikten med dette spillet er \u00e5 rette fokuset mot egenskapene til geometriske figurer fremfor et visuelt fokus. Om man stiller sp\u00f8rsm\u00e5l som baserer seg p\u00e5 figurenes utseende vil man bare kunne luke ut \u00e9n og \u00e9n figur, om man stiller sp\u00f8rsm\u00e5l som baserer seg p\u00e5 egenskapene til figurene vil man derimot kunne luke ut flere figurer. Det vil si at om man stiller sp\u00f8rsm\u00e5l basert p\u00e5 egenskaper beh\u00f8ver man \u00e5 stille f\u00e6rre sp\u00f8rsm\u00e5l f\u00f8r man kan gjette.<\/span><\/li>\n<\/ul>\n<p>&nbsp;<\/p>\n<p class=\"cvGsUA direction-ltr align-start para-style-body\"><span class=\"OYPEnA text-decoration-none text-strikethrough-none\">What the game is about:<\/span><\/p>\n<ul>\n<li><span class=\"OYPEnA text-decoration-none text-strikethrough-none\">The game is reminiscent of a board game called &laquo;heads up!&raquo;. It involves attaching a geometry card to your forehead with a rubber band, and then finding out which shape you have on your forehead by asking yes\/no questions to your opponents. The geometry card shows the name and image of a figure.<\/span><\/li>\n<\/ul>\n<p class=\"cvGsUA direction-ltr align-start para-style-body\"><span class=\"OYPEnA text-decoration-none text-strikethrough-none\">The purpose of the game:<\/span><\/p>\n<ul>\n<li><span class=\"OYPEnA text-decoration-none text-strikethrough-none\">The purpose of this game is to focus on the properties of geometric figures rather than a visual focus. If you ask questions that are based on the appearance of the figures, you will only be able to select one figure at a time, if you ask questions that are based on the characteristics of the figures, you will, on the other hand, be able to select several figures. This means that if you ask questions based on characteristics, you need to ask fewer questions before you can guess.<\/span><\/li>\n<\/ul>","protected":false},"excerpt":{"rendered":"<p>Hva handler spillet om: Spillet minner om et brettspill kalt \u00abkortskalle\u00bb. Det g\u00e5r ut p\u00e5 at man fester et geometrikort i pannen ved hjelp av et strikk, for deretter \u00e5 finne ut hvilken figur man har i pannen ved \u00e5 stille ja\/nei-sp\u00f8rsm\u00e5l til motspillerne sine. Geometrikortet viser navnet og bildet av en figur. Hensikten med [&hellip;]<\/p>","protected":false},"featured_media":3414,"comment_status":"open","ping_status":"closed","template":"","meta":{"_uag_custom_page_level_css":"","site-sidebar-layout":"default","site-content-layout":"","ast-site-content-layout":"default","site-content-style":"default","site-sidebar-style":"default","ast-global-header-display":"","ast-banner-title-visibility":"","ast-main-header-display":"","ast-hfb-above-header-display":"","ast-hfb-below-header-display":"","ast-hfb-mobile-header-display":"","site-post-title":"","ast-breadcrumbs-content":"","ast-featured-img":"","footer-sml-layout":"","theme-transparent-header-meta":"default","adv-header-id-meta":"","stick-header-meta":"","header-above-stick-meta":"","header-main-stick-meta":"","header-below-stick-meta":"","astra-migrate-meta-layouts":"set","ast-page-background-enabled":"default","ast-page-background-meta":{"desktop":{"background-color":"var(--ast-global-color-4)","background-image":"","background-repeat":"repeat","background-position":"center center","background-size":"auto","background-attachment":"scroll","background-type":"","background-media":"","overlay-type":"","overlay-color":"","overlay-opacity":"","overlay-gradient":""},"tablet":{"background-color":"","background-image":"","background-repeat":"repeat","background-position":"center center","background-size":"auto","background-attachment":"scroll","background-type":"","background-media":"","overlay-type":"","overlay-color":"","overlay-opacity":"","overlay-gradient":""},"mobile":{"background-color":"","background-image":"","background-repeat":"repeat","background-position":"center center","background-size":"auto","background-attachment":"scroll","background-type":"","background-media":"","overlay-type":"","overlay-color":"","overlay-opacity":"","overlay-gradient":""}},"ast-content-background-meta":{"desktop":{"background-color":"var(--ast-global-color-5)","background-image":"","background-repeat":"repeat","background-position":"center center","background-size":"auto","background-attachment":"scroll","background-type":"","background-media":"","overlay-type":"","overlay-color":"","overlay-opacity":"","overlay-gradient":""},"tablet":{"background-color":"var(--ast-global-color-5)","background-image":"","background-repeat":"repeat","background-position":"center center","background-size":"auto","background-attachment":"scroll","background-type":"","background-media":"","overlay-type":"","overlay-color":"","overlay-opacity":"","overlay-gradient":""},"mobile":{"background-color":"var(--ast-global-color-5)","background-image":"","background-repeat":"repeat","background-position":"center center","background-size":"auto","background-attachment":"scroll","background-type":"","background-media":"","overlay-type":"","overlay-color":"","overlay-opacity":"","overlay-gradient":""}},"_kadence_starter_templates_imported_post":false},"product_brand":[],"product_cat":[127,126,165,157,148,166,162],"product_tag":[],"class_list":{"0":"post-3410","1":"product","2":"type-product","3":"status-publish","4":"has-post-thumbnail","6":"product_cat-1-4-trinn","7":"product_cat-5-7-trinn","8":"product_cat-lek-og-spill","9":"product_cat-matematikk-1-4-trinn-produkter","10":"product_cat-matematikk","11":"product_cat-tavleundervisning","12":"product_cat-undervisningstype","13":"desktop-align-center","14":"tablet-align-left","15":"mobile-align-left","17":"first","18":"instock","19":"sale","20":"downloadable","21":"taxable","22":"shipping-taxable","23":"purchasable","24":"product-type-simple","25":"add-to-wishlist-after_add_to_cart"},"uagb_featured_image_src":{"full":["https:\/\/nordicteacher.no\/wp-content\/uploads\/2024\/05\/Geometry-Game-Heads-up-1.png",1414,2000,false],"thumbnail":["https:\/\/nordicteacher.no\/wp-content\/uploads\/2024\/05\/Geometry-Game-Heads-up-1-150x150.png",150,150,true],"medium":["https:\/\/nordicteacher.no\/wp-content\/uploads\/2024\/05\/Geometry-Game-Heads-up-1-212x300.png",212,300,true],"medium_large":["https:\/\/nordicteacher.no\/wp-content\/uploads\/2024\/05\/Geometry-Game-Heads-up-1-768x1086.png",768,1086,true],"large":["https:\/\/nordicteacher.no\/wp-content\/uploads\/2024\/05\/Geometry-Game-Heads-up-1-724x1024.png",724,1024,true],"1536x1536":["https:\/\/nordicteacher.no\/wp-content\/uploads\/2024\/05\/Geometry-Game-Heads-up-1-1086x1536.png",1086,1536,true],"2048x2048":["https:\/\/nordicteacher.no\/wp-content\/uploads\/2024\/05\/Geometry-Game-Heads-up-1.png",1414,2000,false],"trp-custom-language-flag":["https:\/\/nordicteacher.no\/wp-content\/uploads\/2024\/05\/Geometry-Game-Heads-up-1-8x12.png",8,12,true],"woocommerce_thumbnail":["https:\/\/nordicteacher.no\/wp-content\/uploads\/2024\/05\/Geometry-Game-Heads-up-1-300x424.png",300,424,true],"woocommerce_single":["https:\/\/nordicteacher.no\/wp-content\/uploads\/2024\/05\/Geometry-Game-Heads-up-1-600x849.png",600,849,true],"woocommerce_gallery_thumbnail":["https:\/\/nordicteacher.no\/wp-content\/uploads\/2024\/05\/Geometry-Game-Heads-up-1-100x100.png",100,100,true]},"uagb_author_info":{"display_name":"Nordic Teacher","author_link":"https:\/\/nordicteacher.no\/en\/author\/"},"uagb_comment_info":0,"uagb_excerpt":"Hva handler spillet om: Spillet minner om et brettspill kalt \u00abkortskalle\u00bb. Det g\u00e5r ut p\u00e5 at man fester et geometrikort i pannen ved hjelp av et strikk, for deretter \u00e5 finne ut hvilken figur man har i pannen ved \u00e5 stille ja\/nei-sp\u00f8rsm\u00e5l til motspillerne sine. Geometrikortet viser navnet og bildet av en figur. Hensikten med&hellip;","jetpack_sharing_enabled":true,"_links":{"self":[{"href":"https:\/\/nordicteacher.no\/en\/wp-json\/wp\/v2\/product\/3410","targetHints":{"allow":["GET"]}}],"collection":[{"href":"https:\/\/nordicteacher.no\/en\/wp-json\/wp\/v2\/product"}],"about":[{"href":"https:\/\/nordicteacher.no\/en\/wp-json\/wp\/v2\/types\/product"}],"replies":[{"embeddable":true,"href":"https:\/\/nordicteacher.no\/en\/wp-json\/wp\/v2\/comments?post=3410"}],"wp:featuredmedia":[{"embeddable":true,"href":"https:\/\/nordicteacher.no\/en\/wp-json\/wp\/v2\/media\/3414"}],"wp:attachment":[{"href":"https:\/\/nordicteacher.no\/en\/wp-json\/wp\/v2\/media?parent=3410"}],"wp:term":[{"taxonomy":"product_brand","embeddable":true,"href":"https:\/\/nordicteacher.no\/en\/wp-json\/wp\/v2\/product_brand?post=3410"},{"taxonomy":"product_cat","embeddable":true,"href":"https:\/\/nordicteacher.no\/en\/wp-json\/wp\/v2\/product_cat?post=3410"},{"taxonomy":"product_tag","embeddable":true,"href":"https:\/\/nordicteacher.no\/en\/wp-json\/wp\/v2\/product_tag?post=3410"}],"curies":[{"name":"wp","href":"https:\/\/api.w.org\/{rel}","templated":true}]}}