{"id":3324,"date":"2024-05-09T14:12:13","date_gmt":"2024-05-09T14:12:13","guid":{"rendered":"https:\/\/okt.anj.mybluehost.me\/?post_type=product&#038;p=3324"},"modified":"2024-05-09T14:12:14","modified_gmt":"2024-05-09T14:12:14","slug":"etterlysningsplakat-wanted-poster","status":"publish","type":"product","link":"https:\/\/nordicteacher.no\/en\/product\/etterlysningsplakat-wanted-poster\/","title":{"rendered":"Etterlysningsplakat \/ Wanted poster"},"content":{"rendered":"<p class=\"cvGsUA direction-ltr align-start para-style-body\"><span class=\"OYPEnA text-decoration-none text-strikethrough-none\">Hva g\u00e5r skrive\u00f8kten ut p\u00e5?<\/span><\/p>\n<ul>\n<li><span class=\"OYPEnA text-decoration-none text-strikethrough-none\">Skrive\u00f8kten g\u00e5r ut p\u00e5 \u00e5 skape rom for meningsfull skriving hvor b\u00e5de innhold, form og mottaker er veldig tydelig for eleven.<\/span>\n<ul>\n<li><span class=\"OYPEnA text-decoration-none text-strikethrough-none\">Innhold:<\/span> <span class=\"OYPEnA text-decoration-none text-strikethrough-none\">Beskrivelse av hendelse og\/eller person.<\/span><\/li>\n<li><span class=\"OYPEnA text-decoration-none text-strikethrough-none\">Form:<\/span> <span class=\"OYPEnA text-decoration-none text-strikethrough-none\">Etterlysningsplakat som mal og skriveramme.<\/span><\/li>\n<li><span class=\"OYPEnA text-decoration-none text-strikethrough-none\">Mottaker:<\/span> <span class=\"OYPEnA text-decoration-none text-strikethrough-none\">Resten av skolen, ferdig resultat kan eksempelvis henges opp i b\u00e5de klasserom, garderobe og litt rundt om p\u00e5 skolen.<\/span><\/li>\n<\/ul>\n<\/li>\n<li><span class=\"OYPEnA text-decoration-none text-strikethrough-none\">Her kan du velge \u00e5 bruke opplegget som inspirasjon eller f\u00f8lge opplegget akkurat slik det beskrives nedenfor.<\/span><\/li>\n<\/ul>\n<p>&nbsp;<\/p>\n<p class=\"cvGsUA direction-ltr align-start para-style-body\"><span class=\"OYPEnA text-decoration-none text-strikethrough-none\">What is the purpose of the writing session?<\/span><\/p>\n<ul>\n<li><span class=\"OYPEnA text-decoration-none text-strikethrough-none\">The purpose of the writing session is to create space for meaningful writing where the content, form, and audience are very clear to the students.<\/span>\n<ul>\n<li><span class=\"OYPEnA text-decoration-none text-strikethrough-none\">Content:<\/span> <span class=\"OYPEnA text-decoration-none text-strikethrough-none\">Description of an event and\/or person.<\/span><\/li>\n<li><span class=\"OYPEnA text-decoration-none text-strikethrough-none\">Form:<\/span> <span class=\"OYPEnA text-decoration-none text-strikethrough-none\">Missing person poster as a template and writing framework.<\/span><\/li>\n<li><span class=\"OYPEnA text-decoration-none text-strikethrough-none\">Audience:<\/span> <span class=\"OYPEnA text-decoration-none text-strikethrough-none\">The rest of the school; the finished result can be<\/span> <span class=\"OYPEnA text-decoration-none text-strikethrough-none\">hung in classrooms, the locker room, and various places<\/span> <span class=\"OYPEnA text-decoration-none text-strikethrough-none\">around the school.<\/span><\/li>\n<\/ul>\n<\/li>\n<li><span class=\"OYPEnA text-decoration-none text-strikethrough-none\">You can choose to use this activity as inspiration or follow it exactly as described below.<\/span><\/li>\n<\/ul>","protected":false},"excerpt":{"rendered":"<p>Hva g\u00e5r skrive\u00f8kten ut p\u00e5? Skrive\u00f8kten g\u00e5r ut p\u00e5 \u00e5 skape rom for meningsfull skriving hvor b\u00e5de innhold, form og mottaker er veldig tydelig for eleven. Innhold: Beskrivelse av hendelse og\/eller person. Form: Etterlysningsplakat som mal og skriveramme. Mottaker: Resten av skolen, ferdig resultat kan eksempelvis henges opp i b\u00e5de klasserom, garderobe og litt rundt [&hellip;]<\/p>","protected":false},"featured_media":3321,"comment_status":"open","ping_status":"closed","template":"","meta":{"_uag_custom_page_level_css":"","site-sidebar-layout":"default","site-content-layout":"","ast-site-content-layout":"default","site-content-style":"default","site-sidebar-style":"default","ast-global-header-display":"","ast-banner-title-visibility":"","ast-main-header-display":"","ast-hfb-above-header-display":"","ast-hfb-below-header-display":"","ast-hfb-mobile-header-display":"","site-post-title":"","ast-breadcrumbs-content":"","ast-featured-img":"","footer-sml-layout":"","theme-transparent-header-meta":"default","adv-header-id-meta":"","stick-header-meta":"","header-above-stick-meta":"","header-main-stick-meta":"","header-below-stick-meta":"","astra-migrate-meta-layouts":"set","ast-page-background-enabled":"default","ast-page-background-meta":{"desktop":{"background-color":"var(--ast-global-color-4)","background-image":"","background-repeat":"repeat","background-position":"center center","background-size":"auto","background-attachment":"scroll","background-type":"","background-media":"","overlay-type":"","overlay-color":"","overlay-opacity":"","overlay-gradient":""},"tablet":{"background-color":"","background-image":"","background-repeat":"repeat","background-position":"center center","background-size":"auto","background-attachment":"scroll","background-type":"","background-media":"","overlay-type":"","overlay-color":"","overlay-opacity":"","overlay-gradient":""},"mobile":{"background-color":"","background-image":"","background-repeat":"repeat","background-position":"center center","background-size":"auto","background-attachment":"scroll","background-type":"","background-media":"","overlay-type":"","overlay-color":"","overlay-opacity":"","overlay-gradient":""}},"ast-content-background-meta":{"desktop":{"background-color":"var(--ast-global-color-5)","background-image":"","background-repeat":"repeat","background-position":"center center","background-size":"auto","background-attachment":"scroll","background-type":"","background-media":"","overlay-type":"","overlay-color":"","overlay-opacity":"","overlay-gradient":""},"tablet":{"background-color":"var(--ast-global-color-5)","background-image":"","background-repeat":"repeat","background-position":"center center","background-size":"auto","background-attachment":"scroll","background-type":"","background-media":"","overlay-type":"","overlay-color":"","overlay-opacity":"","overlay-gradient":""},"mobile":{"background-color":"var(--ast-global-color-5)","background-image":"","background-repeat":"repeat","background-position":"center center","background-size":"auto","background-attachment":"scroll","background-type":"","background-media":"","overlay-type":"","overlay-color":"","overlay-opacity":"","overlay-gradient":""}},"_kadence_starter_templates_imported_post":false},"product_brand":[],"product_cat":[127,154,166,162],"product_tag":[],"class_list":{"0":"post-3324","1":"product","2":"type-product","3":"status-publish","4":"has-post-thumbnail","6":"product_cat-1-4-trinn","7":"product_cat-norsk-1-4-trinn-produkter","8":"product_cat-tavleundervisning","9":"product_cat-undervisningstype","10":"desktop-align-center","11":"tablet-align-left","12":"mobile-align-left","14":"first","15":"instock","16":"sale","17":"downloadable","18":"taxable","19":"shipping-taxable","20":"purchasable","21":"product-type-simple","22":"add-to-wishlist-after_add_to_cart"},"uagb_featured_image_src":{"full":["https:\/\/nordicteacher.no\/wp-content\/uploads\/2024\/05\/Etterlysningsplakat.png",1414,2000,false],"thumbnail":["https:\/\/nordicteacher.no\/wp-content\/uploads\/2024\/05\/Etterlysningsplakat-150x150.png",150,150,true],"medium":["https:\/\/nordicteacher.no\/wp-content\/uploads\/2024\/05\/Etterlysningsplakat-212x300.png",212,300,true],"medium_large":["https:\/\/nordicteacher.no\/wp-content\/uploads\/2024\/05\/Etterlysningsplakat-768x1086.png",768,1086,true],"large":["https:\/\/nordicteacher.no\/wp-content\/uploads\/2024\/05\/Etterlysningsplakat-724x1024.png",724,1024,true],"1536x1536":["https:\/\/nordicteacher.no\/wp-content\/uploads\/2024\/05\/Etterlysningsplakat-1086x1536.png",1086,1536,true],"2048x2048":["https:\/\/nordicteacher.no\/wp-content\/uploads\/2024\/05\/Etterlysningsplakat.png",1414,2000,false],"trp-custom-language-flag":["https:\/\/nordicteacher.no\/wp-content\/uploads\/2024\/05\/Etterlysningsplakat-8x12.png",8,12,true],"woocommerce_thumbnail":["https:\/\/nordicteacher.no\/wp-content\/uploads\/2024\/05\/Etterlysningsplakat-300x424.png",300,424,true],"woocommerce_single":["https:\/\/nordicteacher.no\/wp-content\/uploads\/2024\/05\/Etterlysningsplakat-600x849.png",600,849,true],"woocommerce_gallery_thumbnail":["https:\/\/nordicteacher.no\/wp-content\/uploads\/2024\/05\/Etterlysningsplakat-100x100.png",100,100,true]},"uagb_author_info":{"display_name":"Nordic Teacher","author_link":"https:\/\/nordicteacher.no\/en\/author\/"},"uagb_comment_info":0,"uagb_excerpt":"Hva g\u00e5r skrive\u00f8kten ut p\u00e5? Skrive\u00f8kten g\u00e5r ut p\u00e5 \u00e5 skape rom for meningsfull skriving hvor b\u00e5de innhold, form og mottaker er veldig tydelig for eleven. Innhold: Beskrivelse av hendelse og\/eller person. Form: Etterlysningsplakat som mal og skriveramme. Mottaker: Resten av skolen, ferdig resultat kan eksempelvis henges opp i b\u00e5de klasserom, garderobe og litt rundt&hellip;","jetpack_sharing_enabled":true,"_links":{"self":[{"href":"https:\/\/nordicteacher.no\/en\/wp-json\/wp\/v2\/product\/3324","targetHints":{"allow":["GET"]}}],"collection":[{"href":"https:\/\/nordicteacher.no\/en\/wp-json\/wp\/v2\/product"}],"about":[{"href":"https:\/\/nordicteacher.no\/en\/wp-json\/wp\/v2\/types\/product"}],"replies":[{"embeddable":true,"href":"https:\/\/nordicteacher.no\/en\/wp-json\/wp\/v2\/comments?post=3324"}],"wp:featuredmedia":[{"embeddable":true,"href":"https:\/\/nordicteacher.no\/en\/wp-json\/wp\/v2\/media\/3321"}],"wp:attachment":[{"href":"https:\/\/nordicteacher.no\/en\/wp-json\/wp\/v2\/media?parent=3324"}],"wp:term":[{"taxonomy":"product_brand","embeddable":true,"href":"https:\/\/nordicteacher.no\/en\/wp-json\/wp\/v2\/product_brand?post=3324"},{"taxonomy":"product_cat","embeddable":true,"href":"https:\/\/nordicteacher.no\/en\/wp-json\/wp\/v2\/product_cat?post=3324"},{"taxonomy":"product_tag","embeddable":true,"href":"https:\/\/nordicteacher.no\/en\/wp-json\/wp\/v2\/product_tag?post=3324"}],"curies":[{"name":"wp","href":"https:\/\/api.w.org\/{rel}","templated":true}]}}