{"id":3314,"date":"2024-06-23T16:14:56","date_gmt":"2024-06-23T16:14:56","guid":{"rendered":"https:\/\/okt.anj.mybluehost.me\/?post_type=product&#038;p=3314"},"modified":"2024-06-23T16:14:57","modified_gmt":"2024-06-23T16:14:57","slug":"sykehusleken-the-hospital-game","status":"publish","type":"product","link":"https:\/\/nordicteacher.no\/en\/product\/sykehusleken-the-hospital-game\/","title":{"rendered":"Sykehusleken \/ The hospital game"},"content":{"rendered":"<p class=\"cvGsUA direction-ltr align-start para-style-body\"><span class=\"OYPEnA text-decoration-none text-strikethrough-none\">Hva g\u00e5r sykehusleken ut p\u00e5?<\/span><\/p>\n<p class=\"cvGsUA direction-ltr align-start para-style-body\"><span class=\"OYPEnA text-decoration-none text-strikethrough-none\">Sykehusleken er et tverrfaglig undervisningsopplegg for elever p\u00e5 1. til 3. trinn, designet for \u00e5 kombinere l\u00e6ring og lek i to \u00f8kter. Gjennom rollespill inntar elevene ulike roller i en simulert sykehusinnstilling, inkludert pasienter, farmas\u00f8yter, bankarbeidere og leger. Opplegget har som m\u00e5l \u00e5 styrke elevenes grunnleggende ferdigheter i lesing, skriving, regning og muntlig kommunikasjon ved \u00e5 engasjere dem i praktiske oppgaver som \u00e5 trekke sammen bokstavlyder til ord, h\u00e5ndtere tall gjennom &laquo;\u00f8konomiske transaksjoner&raquo;, og anvende spr\u00e5k i sosiale interaksjoner.<\/span><\/p>\n<p class=\"cvGsUA direction-ltr align-start para-style-body\"><span class=\"OYPEnA text-decoration-none text-strikethrough-none\">Generell informasjon:<\/span><\/p>\n<ul>\n<li><span class=\"OYPEnA text-decoration-none text-strikethrough-none\">Fag: Norsk (Tverrfaglig)<\/span><\/li>\n<li><span class=\"OYPEnA text-decoration-none text-strikethrough-none\">Trinn: 1. \u2013 3. trinn<\/span><\/li>\n<li><span class=\"OYPEnA text-decoration-none text-strikethrough-none\">Antall \u00f8kter: 2 \u00f8kter (90-120 min hver + friminutt)<\/span><\/li>\n<\/ul>\n<p class=\"cvGsUA direction-ltr align-start para-style-body\"><span class=\"OYPEnA text-decoration-none text-strikethrough-none\">L\u00e6ringsm\u00e5l:<\/span><\/p>\n<ul>\n<li><span class=\"OYPEnA text-decoration-none text-strikethrough-none\">Trekke sammen bokstavlyder til ord under lesing og skriving.<\/span><\/li>\n<li><span class=\"OYPEnA text-decoration-none text-strikethrough-none\">Arbeide med tall.<\/span><\/li>\n<li><span class=\"OYPEnA text-decoration-none text-strikethrough-none\">\u00d8ve grunnleggende ferdigheter i lesing, skriving, regning og muntlig presentasjon.<\/span><\/li>\n<\/ul>\n<p class=\"cvGsUA direction-ltr align-start para-style-body\"><span class=\"OYPEnA text-decoration-none text-strikethrough-none\">Lekens pedagogiske verdi:<\/span><\/p>\n<ul>\n<li><span class=\"OYPEnA text-decoration-none text-strikethrough-none\">Stimulerer l\u00e6relyst gjennom bevegelse og lek.<\/span><\/li>\n<li><span class=\"OYPEnA text-decoration-none text-strikethrough-none\">Utvikler spr\u00e5kferdigheter og regneferdigheter gjennom rollespill.<\/span><\/li>\n<\/ul>\n<p>&nbsp;<\/p>\n<p class=\"cvGsUA direction-ltr align-start para-style-body\"><span class=\"OYPEnA text-decoration-none text-strikethrough-none\">What is the hospital game about?<\/span><\/p>\n<p class=\"cvGsUA direction-ltr align-start para-style-body\"><span class=\"OYPEnA text-decoration-none text-strikethrough-none\">Hospital play is an interdisciplinary teaching program for students in grades 1 to 3, designed to combine learning and play in two sessions. Through role play, students take on different roles in a simulated hospital setting, including patients, pharmacists, bank workers and doctors. The scheme aims to strengthen the pupils&#8217; basic skills in reading, writing, arithmetic and oral communication by engaging them in practical tasks such as combining letter sounds into words, handling numbers through &laquo;financial transactions&raquo;, and using language in social interactions.<\/span><\/p>\n<p class=\"cvGsUA direction-ltr align-start para-style-body\"><span class=\"OYPEnA text-decoration-none text-strikethrough-none\">General information:<\/span><\/p>\n<ul>\n<li><span class=\"OYPEnA text-decoration-none text-strikethrough-none\">Subject: Norwegian (Interdisciplinary)<\/span><\/li>\n<li><span class=\"OYPEnA text-decoration-none text-strikethrough-none\">Stage: 1st \u2013 3rd stage<\/span><\/li>\n<li><span class=\"OYPEnA text-decoration-none text-strikethrough-none\">Number of sessions: 2 sessions (90-120 min each + break)<\/span><\/li>\n<\/ul>\n<p class=\"cvGsUA direction-ltr align-start para-style-body\"><span class=\"OYPEnA text-decoration-none text-strikethrough-none\">Learning Objectives:<\/span><\/p>\n<ul>\n<li><span class=\"OYPEnA text-decoration-none text-strikethrough-none\">Pull together letter sounds to form words during reading and writing.<\/span><\/li>\n<li><span class=\"OYPEnA text-decoration-none text-strikethrough-none\">Working with numbers.<\/span><\/li>\n<li><span class=\"OYPEnA text-decoration-none text-strikethrough-none\">Practice basic skills in reading, writing, arithmetic and oral presentation.<\/span><\/li>\n<\/ul>\n<p class=\"cvGsUA direction-ltr align-start para-style-body\"><span class=\"OYPEnA text-decoration-none text-strikethrough-none\">The game&#8217;s educational value:<\/span><\/p>\n<ul>\n<li><span class=\"OYPEnA text-decoration-none text-strikethrough-none\">Stimulates a desire to learn through movement and play.<\/span><\/li>\n<li><span class=\"OYPEnA text-decoration-none text-strikethrough-none\">Develops language and numeracy skills through role-playing.<\/span><\/li>\n<\/ul>","protected":false},"excerpt":{"rendered":"<p>Hva g\u00e5r sykehusleken ut p\u00e5? Sykehusleken er et tverrfaglig undervisningsopplegg for elever p\u00e5 1. til 3. trinn, designet for \u00e5 kombinere l\u00e6ring og lek i to \u00f8kter. Gjennom rollespill inntar elevene ulike roller i en simulert sykehusinnstilling, inkludert pasienter, farmas\u00f8yter, bankarbeidere og leger. Opplegget har som m\u00e5l \u00e5 styrke elevenes grunnleggende ferdigheter i lesing, skriving, [&hellip;]<\/p>","protected":false},"featured_media":3720,"comment_status":"open","ping_status":"closed","template":"","meta":{"_uag_custom_page_level_css":"","site-sidebar-layout":"default","site-content-layout":"","ast-site-content-layout":"default","site-content-style":"default","site-sidebar-style":"default","ast-global-header-display":"","ast-banner-title-visibility":"","ast-main-header-display":"","ast-hfb-above-header-display":"","ast-hfb-below-header-display":"","ast-hfb-mobile-header-display":"","site-post-title":"","ast-breadcrumbs-content":"","ast-featured-img":"","footer-sml-layout":"","theme-transparent-header-meta":"default","adv-header-id-meta":"","stick-header-meta":"","header-above-stick-meta":"","header-main-stick-meta":"","header-below-stick-meta":"","astra-migrate-meta-layouts":"set","ast-page-background-enabled":"default","ast-page-background-meta":{"desktop":{"background-color":"var(--ast-global-color-4)","background-image":"","background-repeat":"repeat","background-position":"center center","background-size":"auto","background-attachment":"scroll","background-type":"","background-media":"","overlay-type":"","overlay-color":"","overlay-opacity":"","overlay-gradient":""},"tablet":{"background-color":"","background-image":"","background-repeat":"repeat","background-position":"center center","background-size":"auto","background-attachment":"scroll","background-type":"","background-media":"","overlay-type":"","overlay-color":"","overlay-opacity":"","overlay-gradient":""},"mobile":{"background-color":"","background-image":"","background-repeat":"repeat","background-position":"center center","background-size":"auto","background-attachment":"scroll","background-type":"","background-media":"","overlay-type":"","overlay-color":"","overlay-opacity":"","overlay-gradient":""}},"ast-content-background-meta":{"desktop":{"background-color":"var(--ast-global-color-5)","background-image":"","background-repeat":"repeat","background-position":"center center","background-size":"auto","background-attachment":"scroll","background-type":"","background-media":"","overlay-type":"","overlay-color":"","overlay-opacity":"","overlay-gradient":""},"tablet":{"background-color":"var(--ast-global-color-5)","background-image":"","background-repeat":"repeat","background-position":"center center","background-size":"auto","background-attachment":"scroll","background-type":"","background-media":"","overlay-type":"","overlay-color":"","overlay-opacity":"","overlay-gradient":""},"mobile":{"background-color":"var(--ast-global-color-5)","background-image":"","background-repeat":"repeat","background-position":"center center","background-size":"auto","background-attachment":"scroll","background-type":"","background-media":"","overlay-type":"","overlay-color":"","overlay-opacity":"","overlay-gradient":""}},"_kadence_starter_templates_imported_post":false},"product_brand":[],"product_cat":[127,165,157,154],"product_tag":[173,172,170,171],"class_list":{"0":"post-3314","1":"product","2":"type-product","3":"status-publish","4":"has-post-thumbnail","6":"product_cat-1-4-trinn","7":"product_cat-lek-og-spill","8":"product_cat-matematikk-1-4-trinn-produkter","9":"product_cat-norsk-1-4-trinn-produkter","10":"product_tag-roleplay","11":"product_tag-rollespill","12":"product_tag-sykehusleken","13":"product_tag-the-hospital-game","14":"desktop-align-center","15":"tablet-align-left","16":"mobile-align-left","18":"first","19":"instock","20":"sale","21":"downloadable","22":"taxable","23":"shipping-taxable","24":"purchasable","25":"product-type-simple","26":"add-to-wishlist-after_add_to_cart"},"uagb_featured_image_src":{"full":["https:\/\/nordicteacher.no\/wp-content\/uploads\/2024\/06\/Sykehusleken-1.png",1414,2000,false],"thumbnail":["https:\/\/nordicteacher.no\/wp-content\/uploads\/2024\/06\/Sykehusleken-1-150x150.png",150,150,true],"medium":["https:\/\/nordicteacher.no\/wp-content\/uploads\/2024\/06\/Sykehusleken-1-212x300.png",212,300,true],"medium_large":["https:\/\/nordicteacher.no\/wp-content\/uploads\/2024\/06\/Sykehusleken-1-768x1086.png",768,1086,true],"large":["https:\/\/nordicteacher.no\/wp-content\/uploads\/2024\/06\/Sykehusleken-1-724x1024.png",724,1024,true],"1536x1536":["https:\/\/nordicteacher.no\/wp-content\/uploads\/2024\/06\/Sykehusleken-1-1086x1536.png",1086,1536,true],"2048x2048":["https:\/\/nordicteacher.no\/wp-content\/uploads\/2024\/06\/Sykehusleken-1.png",1414,2000,false],"trp-custom-language-flag":["https:\/\/nordicteacher.no\/wp-content\/uploads\/2024\/06\/Sykehusleken-1-8x12.png",8,12,true],"woocommerce_thumbnail":["https:\/\/nordicteacher.no\/wp-content\/uploads\/2024\/06\/Sykehusleken-1-300x424.png",300,424,true],"woocommerce_single":["https:\/\/nordicteacher.no\/wp-content\/uploads\/2024\/06\/Sykehusleken-1-600x849.png",600,849,true],"woocommerce_gallery_thumbnail":["https:\/\/nordicteacher.no\/wp-content\/uploads\/2024\/06\/Sykehusleken-1-100x100.png",100,100,true]},"uagb_author_info":{"display_name":"Nordic Teacher","author_link":"https:\/\/nordicteacher.no\/en\/author\/"},"uagb_comment_info":0,"uagb_excerpt":"Hva g\u00e5r sykehusleken ut p\u00e5? Sykehusleken er et tverrfaglig undervisningsopplegg for elever p\u00e5 1. til 3. trinn, designet for \u00e5 kombinere l\u00e6ring og lek i to \u00f8kter. Gjennom rollespill inntar elevene ulike roller i en simulert sykehusinnstilling, inkludert pasienter, farmas\u00f8yter, bankarbeidere og leger. Opplegget har som m\u00e5l \u00e5 styrke elevenes grunnleggende ferdigheter i lesing, skriving,&hellip;","jetpack_sharing_enabled":true,"_links":{"self":[{"href":"https:\/\/nordicteacher.no\/en\/wp-json\/wp\/v2\/product\/3314","targetHints":{"allow":["GET"]}}],"collection":[{"href":"https:\/\/nordicteacher.no\/en\/wp-json\/wp\/v2\/product"}],"about":[{"href":"https:\/\/nordicteacher.no\/en\/wp-json\/wp\/v2\/types\/product"}],"replies":[{"embeddable":true,"href":"https:\/\/nordicteacher.no\/en\/wp-json\/wp\/v2\/comments?post=3314"}],"wp:featuredmedia":[{"embeddable":true,"href":"https:\/\/nordicteacher.no\/en\/wp-json\/wp\/v2\/media\/3720"}],"wp:attachment":[{"href":"https:\/\/nordicteacher.no\/en\/wp-json\/wp\/v2\/media?parent=3314"}],"wp:term":[{"taxonomy":"product_brand","embeddable":true,"href":"https:\/\/nordicteacher.no\/en\/wp-json\/wp\/v2\/product_brand?post=3314"},{"taxonomy":"product_cat","embeddable":true,"href":"https:\/\/nordicteacher.no\/en\/wp-json\/wp\/v2\/product_cat?post=3314"},{"taxonomy":"product_tag","embeddable":true,"href":"https:\/\/nordicteacher.no\/en\/wp-json\/wp\/v2\/product_tag?post=3314"}],"curies":[{"name":"wp","href":"https:\/\/api.w.org\/{rel}","templated":true}]}}