{"id":3300,"date":"2024-05-09T13:15:52","date_gmt":"2024-05-09T13:15:52","guid":{"rendered":"https:\/\/okt.anj.mybluehost.me\/?post_type=product&#038;p=3300"},"modified":"2024-05-09T13:15:54","modified_gmt":"2024-05-09T13:15:54","slug":"argumenterende-skriving-stolene-slutter-argumentative-writing-the-chairs-are-quitting","status":"publish","type":"product","link":"https:\/\/nordicteacher.no\/en\/product\/argumenterende-skriving-stolene-slutter-argumentative-writing-the-chairs-are-quitting\/","title":{"rendered":"Argumenterende skriving (stolene slutter) \/ Argumentative writing (the chairs are quitting)"},"content":{"rendered":"<p class=\"cvGsUA direction-ltr align-start para-style-body\"><span class=\"OYPEnA text-decoration-none text-strikethrough-none\">Hva handler aktiviteten om?<\/span><\/p>\n<p class=\"cvGsUA direction-ltr align-start para-style-body\"><span class=\"OYPEnA text-decoration-none text-strikethrough-none\">Kort forklart g\u00e5r skrive\u00f8kten ut p\u00e5 at l\u00e6reren samler <\/span><span class=\"OYPEnA text-decoration-none text-strikethrough-none\">alle stolene i hj\u00f8rnet av klasserommet og henger opp <\/span><span class=\"OYPEnA text-decoration-none text-strikethrough-none\">noen ark hvor det st\u00e5r at stolene av flere grunner har <\/span><span class=\"OYPEnA text-decoration-none text-strikethrough-none\">sluttet og g\u00e5tt ut i streik. Elevenes oppgave er \u00e5 skrive <\/span><span class=\"OYPEnA text-decoration-none text-strikethrough-none\">en argumenterende tekst om hvorfor stolene enten <\/span><span class=\"OYPEnA text-decoration-none text-strikethrough-none\">burde eller ikke burde komme tilbake.<\/span><\/p>\n<p class=\"cvGsUA direction-ltr align-start para-style-body\"><span class=\"OYPEnA text-decoration-none text-strikethrough-none\">Hensikten med spillet<\/span><\/p>\n<ul>\n<li><span class=\"OYPEnA text-decoration-none text-strikethrough-none\">Hensikten med spillet er \u00e5 gi elevene motivasjon og en grunn til \u00e5 skrive argumenterende tekst. Dette er et opplegg som kan motivere mange om ikke alle elevene, og saken om \u00e5 f\u00e5 stolen sin tilbake ang\u00e5r hver og en elev noe som gj\u00f8r at alle kan gj\u00f8re seg opp en mening om saken.<\/span><\/li>\n<li><span class=\"OYPEnA text-decoration-none text-strikethrough-none\">Ved \u00e5 la elevene presentere etterp\u00e5 vil de ikke bare f\u00e5 \u00f8vd seg p\u00e5 ferdigheter innenfor skriving, men ogs\u00e5 ferdigheter innenfor muntlighet.<\/span><\/li>\n<\/ul>\n<p>&nbsp;<\/p>\n<p class=\"cvGsUA direction-ltr align-start para-style-body\"><span class=\"OYPEnA text-decoration-none text-strikethrough-none\">What is the activity about?<\/span><\/p>\n<p class=\"cvGsUA direction-ltr align-start para-style-body\"><span class=\"OYPEnA text-decoration-none text-strikethrough-none\">Briefly explained, the writing session involves the teacher collecting all the chairs in the corner of the classroom and hanging up some sheets of paper stating that the chairs have quit and gone on strike for several reasons. The students&#8217; task is to write an argumentative text about why the chairs either should or should not return.<\/span><\/p>\n<p class=\"cvGsUA direction-ltr align-start para-style-body\"><span class=\"OYPEnA text-decoration-none text-strikethrough-none\">The purpose of the game<\/span><\/p>\n<ul>\n<li><span class=\"OYPEnA text-decoration-none text-strikethrough-none\">The purpose of the game is to give students motivation and a reason to write an argumentative text. This is a scheme that can motivate many, if not all, students, and the issue of getting their chair back concerns each and every student, which means that everyone can make up their own mind about the matter.<\/span><\/li>\n<li><span class=\"OYPEnA text-decoration-none text-strikethrough-none\">By letting the students present afterwards, they will not only practice their writing skills, but also their oral skills.<\/span><\/li>\n<\/ul>","protected":false},"excerpt":{"rendered":"<p>Hva handler aktiviteten om? Kort forklart g\u00e5r skrive\u00f8kten ut p\u00e5 at l\u00e6reren samler alle stolene i hj\u00f8rnet av klasserommet og henger opp noen ark hvor det st\u00e5r at stolene av flere grunner har sluttet og g\u00e5tt ut i streik. Elevenes oppgave er \u00e5 skrive en argumenterende tekst om hvorfor stolene enten burde eller ikke burde [&hellip;]<\/p>","protected":false},"featured_media":3307,"comment_status":"open","ping_status":"closed","template":"","meta":{"_uag_custom_page_level_css":"","site-sidebar-layout":"default","site-content-layout":"","ast-site-content-layout":"default","site-content-style":"default","site-sidebar-style":"default","ast-global-header-display":"","ast-banner-title-visibility":"","ast-main-header-display":"","ast-hfb-above-header-display":"","ast-hfb-below-header-display":"","ast-hfb-mobile-header-display":"","site-post-title":"","ast-breadcrumbs-content":"","ast-featured-img":"","footer-sml-layout":"","theme-transparent-header-meta":"default","adv-header-id-meta":"","stick-header-meta":"","header-above-stick-meta":"","header-main-stick-meta":"","header-below-stick-meta":"","astra-migrate-meta-layouts":"set","ast-page-background-enabled":"default","ast-page-background-meta":{"desktop":{"background-color":"var(--ast-global-color-4)","background-image":"","background-repeat":"repeat","background-position":"center center","background-size":"auto","background-attachment":"scroll","background-type":"","background-media":"","overlay-type":"","overlay-color":"","overlay-opacity":"","overlay-gradient":""},"tablet":{"background-color":"","background-image":"","background-repeat":"repeat","background-position":"center center","background-size":"auto","background-attachment":"scroll","background-type":"","background-media":"","overlay-type":"","overlay-color":"","overlay-opacity":"","overlay-gradient":""},"mobile":{"background-color":"","background-image":"","background-repeat":"repeat","background-position":"center center","background-size":"auto","background-attachment":"scroll","background-type":"","background-media":"","overlay-type":"","overlay-color":"","overlay-opacity":"","overlay-gradient":""}},"ast-content-background-meta":{"desktop":{"background-color":"var(--ast-global-color-5)","background-image":"","background-repeat":"repeat","background-position":"center center","background-size":"auto","background-attachment":"scroll","background-type":"","background-media":"","overlay-type":"","overlay-color":"","overlay-opacity":"","overlay-gradient":""},"tablet":{"background-color":"var(--ast-global-color-5)","background-image":"","background-repeat":"repeat","background-position":"center center","background-size":"auto","background-attachment":"scroll","background-type":"","background-media":"","overlay-type":"","overlay-color":"","overlay-opacity":"","overlay-gradient":""},"mobile":{"background-color":"var(--ast-global-color-5)","background-image":"","background-repeat":"repeat","background-position":"center center","background-size":"auto","background-attachment":"scroll","background-type":"","background-media":"","overlay-type":"","overlay-color":"","overlay-opacity":"","overlay-gradient":""}},"_kadence_starter_templates_imported_post":false},"product_brand":[],"product_cat":[127,154,164,166],"product_tag":[],"class_list":{"0":"post-3300","1":"product","2":"type-product","3":"status-publish","4":"has-post-thumbnail","6":"product_cat-1-4-trinn","7":"product_cat-norsk-1-4-trinn-produkter","8":"product_cat-selvstendig-arbeid","9":"product_cat-tavleundervisning","10":"desktop-align-center","11":"tablet-align-left","12":"mobile-align-left","14":"first","15":"instock","16":"sale","17":"downloadable","18":"taxable","19":"shipping-taxable","20":"purchasable","21":"product-type-simple","22":"add-to-wishlist-after_add_to_cart"},"uagb_featured_image_src":{"full":["https:\/\/nordicteacher.no\/wp-content\/uploads\/2024\/05\/Argumenterende-skriving-Stolene-slutter.png",1414,2000,false],"thumbnail":["https:\/\/nordicteacher.no\/wp-content\/uploads\/2024\/05\/Argumenterende-skriving-Stolene-slutter-150x150.png",150,150,true],"medium":["https:\/\/nordicteacher.no\/wp-content\/uploads\/2024\/05\/Argumenterende-skriving-Stolene-slutter-212x300.png",212,300,true],"medium_large":["https:\/\/nordicteacher.no\/wp-content\/uploads\/2024\/05\/Argumenterende-skriving-Stolene-slutter-768x1086.png",768,1086,true],"large":["https:\/\/nordicteacher.no\/wp-content\/uploads\/2024\/05\/Argumenterende-skriving-Stolene-slutter-724x1024.png",724,1024,true],"1536x1536":["https:\/\/nordicteacher.no\/wp-content\/uploads\/2024\/05\/Argumenterende-skriving-Stolene-slutter-1086x1536.png",1086,1536,true],"2048x2048":["https:\/\/nordicteacher.no\/wp-content\/uploads\/2024\/05\/Argumenterende-skriving-Stolene-slutter.png",1414,2000,false],"trp-custom-language-flag":["https:\/\/nordicteacher.no\/wp-content\/uploads\/2024\/05\/Argumenterende-skriving-Stolene-slutter-8x12.png",8,12,true],"woocommerce_thumbnail":["https:\/\/nordicteacher.no\/wp-content\/uploads\/2024\/05\/Argumenterende-skriving-Stolene-slutter-300x424.png",300,424,true],"woocommerce_single":["https:\/\/nordicteacher.no\/wp-content\/uploads\/2024\/05\/Argumenterende-skriving-Stolene-slutter-600x849.png",600,849,true],"woocommerce_gallery_thumbnail":["https:\/\/nordicteacher.no\/wp-content\/uploads\/2024\/05\/Argumenterende-skriving-Stolene-slutter-100x100.png",100,100,true]},"uagb_author_info":{"display_name":"Nordic Teacher","author_link":"https:\/\/nordicteacher.no\/en\/author\/"},"uagb_comment_info":0,"uagb_excerpt":"Hva handler aktiviteten om? Kort forklart g\u00e5r skrive\u00f8kten ut p\u00e5 at l\u00e6reren samler alle stolene i hj\u00f8rnet av klasserommet og henger opp noen ark hvor det st\u00e5r at stolene av flere grunner har sluttet og g\u00e5tt ut i streik. Elevenes oppgave er \u00e5 skrive en argumenterende tekst om hvorfor stolene enten burde eller ikke burde&hellip;","jetpack_sharing_enabled":true,"_links":{"self":[{"href":"https:\/\/nordicteacher.no\/en\/wp-json\/wp\/v2\/product\/3300","targetHints":{"allow":["GET"]}}],"collection":[{"href":"https:\/\/nordicteacher.no\/en\/wp-json\/wp\/v2\/product"}],"about":[{"href":"https:\/\/nordicteacher.no\/en\/wp-json\/wp\/v2\/types\/product"}],"replies":[{"embeddable":true,"href":"https:\/\/nordicteacher.no\/en\/wp-json\/wp\/v2\/comments?post=3300"}],"wp:featuredmedia":[{"embeddable":true,"href":"https:\/\/nordicteacher.no\/en\/wp-json\/wp\/v2\/media\/3307"}],"wp:attachment":[{"href":"https:\/\/nordicteacher.no\/en\/wp-json\/wp\/v2\/media?parent=3300"}],"wp:term":[{"taxonomy":"product_brand","embeddable":true,"href":"https:\/\/nordicteacher.no\/en\/wp-json\/wp\/v2\/product_brand?post=3300"},{"taxonomy":"product_cat","embeddable":true,"href":"https:\/\/nordicteacher.no\/en\/wp-json\/wp\/v2\/product_cat?post=3300"},{"taxonomy":"product_tag","embeddable":true,"href":"https:\/\/nordicteacher.no\/en\/wp-json\/wp\/v2\/product_tag?post=3300"}],"curies":[{"name":"wp","href":"https:\/\/api.w.org\/{rel}","templated":true}]}}